{"id":5239,"date":"2016-05-17T10:57:43","date_gmt":"2016-05-17T13:57:43","guid":{"rendered":"https:\/\/www.infraestruturameioambiente.sp.gov.br\/pgibt\/?page_id=5239"},"modified":"2019-09-27T10:53:12","modified_gmt":"2019-09-27T13:53:12","slug":"2015-karina-goncalves-da-silva","status":"publish","type":"page","link":"https:\/\/www.infraestruturameioambiente.sp.gov.br\/pgibt\/dissertacoesteses\/2015-karina-goncalves-da-silva\/","title":{"rendered":"Karina Gon\u00e7alves da Silva MS"},"content":{"rendered":"<h2 style=\"text-align: center\"><a href=\"https:\/\/smastr16.blob.core.windows.net\/pgibt\/2015\/02\/faixapos6.jpg\"><img decoding=\"async\" loading=\"lazy\" class=\"aligncenter size-full wp-image-3777\" style=\"border: 0px\" src=\"https:\/\/smastr16.blob.core.windows.net\/pgibt\/2015\/02\/faixapos6.jpg\" alt=\"faixapos6\" width=\"950\" height=\"163\" srcset=\"https:\/\/smastr16.blob.core.windows.net\/pgibt\/2015\/02\/faixapos6.jpg 950w, https:\/\/smastr16.blob.core.windows.net\/pgibt\/2015\/02\/faixapos6-768x131.jpg 768w\" sizes=\"(max-width: 950px) 100vw, 950px\" \/><\/a><\/h2>\n<hr align=\"center\" noshade=\"noshade\" size=\"1\" width=\"100%\" \/>\n<h2 style=\"text-align: center\"><span style=\"color: #003300\">Karina Gon\u00e7alves Da Silva <\/span><\/h2>\n<hr align=\"center\" noshade=\"noshade\" size=\"1\" width=\"100%\" \/>\n<p style=\"text-align: center\">A aluna da P\u00f3s-Gradua\u00e7\u00e3o em Biodiversidade Vegetal e Meio Ambiente do Instituto de Bot\u00e2nica de S\u00e3o Paulo (IBt) Karina Gon\u00e7alves Da Silva (Bolsista CNPq), defendeu a disserta\u00e7\u00e3o de Mestrado intitulada<br \/>\n\u201cCrescimento e funcionalidade do sistema radicular de brom\u00e9lias ep\u00edfitas ornamentais submetidas a concentra\u00e7\u00f5es de nitrog\u00eanio e regimes h\u00eddricos\u201d,<br \/>\nem 30 de Abril de 2015, no anfiteatro do Instituto de Bot\u00e2nica de S\u00e3o Paulo (IBt).<br \/>\nA banca examinadora foi composta pelo Dr. Armando Reis Tavares (orientador\/IBt), Dr. Jo\u00e3o Domingos Rodrigues (UNESP\/Botucatu)<br \/>\ne Dr. Marco Aur\u00e9lio Silva Tin\u00e9 (IBt).<\/p>\n<hr align=\"center\" noshade=\"noshade\" size=\"1\" width=\"100%\" \/>\n<h3 style=\"text-align: center\">Crescimento e funcionalidade do sistema radicular de brom\u00e9lias ep\u00edfitas ornamentais submetidas a concentra\u00e7\u00f5es de nitrog\u00eanio e regimes h\u00eddricos<\/h3>\n<hr align=\"center\" noshade=\"noshade\" size=\"1\" width=\"100%\" \/>\n<h4 style=\"text-align: center\"><strong>RESUMO<\/strong><\/h4>\n<p style=\"text-align: justify\">O objetivo do estudo foi analisar as respostas dos \u00f3rg\u00e3os vegetativos (tanque ou raiz), na manuten\u00e7\u00e3o do crescimento das variedades ep\u00edfitas de brom\u00e9lias ornamentais <em>Guzmania lingulata<\/em> e <em>Vriesea<\/em> `Harmony\u00b4, submetidas a diferentes regimes h\u00eddricos e aduba\u00e7\u00e3o nitrogenada. Forma realizados dois experimentos: o primeiro submetendo as plantas aos regimes de regas Controle (aplica\u00e7\u00e3o de \u00e1gua nos dois \u00f3rg\u00e3os vegetativos), Tanque (regas no Tanque), Raiz (regas no substrato), Seca (imposi\u00e7\u00e3o de suspens\u00e3o h\u00eddrica durante os 90 dias de experimento) e Reidrata\u00e7\u00e3o (retorno de regas ap\u00f3s 60 dias de suspens\u00e3o h\u00eddrica) e o segundo as plantas foram submetidas \u00e0s aduba\u00e7\u00f5es exclusivas no Tanque ou na Raiz com diferentes concentra\u00e7\u00f5es de nitrog\u00eanio aplicadas na forma de ureia. O primeiro experimento mostrou que a rega apenas no sistema radicular foi eficiente para manter o status h\u00eddrico das plantas assemelhando-se aos tratamentos Controle e Tanque. As plantas sob d\u00e9ficit h\u00eddrico apresentaram ac\u00famulo noturno de \u00e1cidos org\u00e2nicos, que associado as outras caracter\u00edsticas indicam a ades\u00e3o ao modo fotossint\u00e9tico CAM-cycling, estrat\u00e9gia que confere vantagens frente ao d\u00e9ficit h\u00eddrico. No segundo experimento a aduba\u00e7\u00e3o apenas no substrato foi eficaz para assegurar a manuten\u00e7\u00e3o das respostas fotossint\u00e9ticas (efici\u00eancia qu\u00e2ntica potencial do PSII, teores de pigmentos fotossint\u00e9ticos e assimila\u00e7\u00e3o l\u00edquida de carbono), a absor\u00e7\u00e3o de nitrog\u00eanio, o crescimento e ac\u00famulo de biomassa. Os resultados demonstram a funcionalidade do sistema radicular das brom\u00e9lias ep\u00edfitas <em>Guzmania lingulata<\/em> e <em>Vriesea<\/em> `Harmony\u00b4 na manuten\u00e7\u00e3o do status h\u00eddrico e nutricional do nitrog\u00eanio, promovendo o crescimento e desenvolvimento das plantas com a mesma efici\u00eancia do Tanque.<\/p>\n<p style=\"text-align: justify\"><strong>Palavras chave:<\/strong> Bromeliaceae, nitrog\u00eanio, d\u00e9ficit h\u00eddrico, <em>Guzmania<\/em>, <em>Vriesea<\/em>, ra\u00edzes.<\/p>\n<p style=\"text-align: justify\"><img decoding=\"async\" loading=\"lazy\" class=\"aligncenter wp-image-5240 size-medium\" src=\"https:\/\/smastr16.blob.core.windows.net\/pgibt\/2016\/05\/karina_goncalves-300x234.jpg\" alt=\"karina_goncalves\" width=\"300\" height=\"234\" \/><\/p>\n<hr align=\"center\" noshade=\"noshade\" size=\"1\" width=\"100%\" \/>\n<p style=\"text-align: center\"><a href=\"https:\/\/smastr16.blob.core.windows.net\/pgibt\/2016\/05\/Karina_Goncalves_Da_Silva_MS.pdf\"><img decoding=\"async\" loading=\"lazy\" class=\"aligncenter wp-image-2313 size-full\" style=\"border: 0px\" src=\"https:\/\/smastr16.blob.core.windows.net\/pgibt\/2013\/09\/pdf_grande.gif\" alt=\"pdf_grande\" width=\"60\" height=\"60\" \/><\/a><a href=\"https:\/\/smastr16.blob.core.windows.net\/pgibt\/2016\/05\/Karina_Goncalves_Da_Silva_MS.pdf\" target=\"_blank\" rel=\"noopener noreferrer\">Karina Gon\u00e7alves Da Silva<br \/>\nCrescimento e funcionalidade do sistema radicular de brom\u00e9lias ep\u00edfitas ornamentais submetidas a concentra\u00e7\u00f5es de nitrog\u00eanio e regimes h\u00eddricos<\/a><\/p>\n<hr align=\"center\" noshade=\"noshade\" size=\"1\" width=\"100%\" \/>\n<p style=\"text-align: center\"><strong>\u00a0<a href=\"https:\/\/www.infraestruturameioambiente.sp.gov.br\/pgibt\/dissertacoesteses\/\">VOLTAR AS DISSERTA\u00c7\u00d5ES E TESES<\/a><\/strong><\/p>\n<hr align=\"center\" noshade=\"noshade\" size=\"1\" width=\"100%\" \/>\n","protected":false},"excerpt":{"rendered":"<p>Karina Gon\u00e7alves Da Silva A aluna da P\u00f3s-Gradua\u00e7\u00e3o em Biodiversidade Vegetal e Meio Ambiente do Instituto de Bot\u00e2nica de S\u00e3o Paulo (IBt) Karina Gon\u00e7alves Da Silva (Bolsista CNPq), defendeu a disserta\u00e7\u00e3o de Mestrado intitulada \u201cCrescimento e funcionalidade do sistema radicular de brom\u00e9lias ep\u00edfitas ornamentais submetidas a concentra\u00e7\u00f5es de nitrog\u00eanio e regimes h\u00eddricos\u201d, em 30 de [&hellip;]<\/p>\n","protected":false},"author":1,"featured_media":0,"parent":249,"menu_order":0,"comment_status":"closed","ping_status":"closed","template":"","meta":[],"_links":{"self":[{"href":"https:\/\/www.infraestruturameioambiente.sp.gov.br\/pgibt\/wp-json\/wp\/v2\/pages\/5239"}],"collection":[{"href":"https:\/\/www.infraestruturameioambiente.sp.gov.br\/pgibt\/wp-json\/wp\/v2\/pages"}],"about":[{"href":"https:\/\/www.infraestruturameioambiente.sp.gov.br\/pgibt\/wp-json\/wp\/v2\/types\/page"}],"author":[{"embeddable":true,"href":"https:\/\/www.infraestruturameioambiente.sp.gov.br\/pgibt\/wp-json\/wp\/v2\/users\/1"}],"replies":[{"embeddable":true,"href":"https:\/\/www.infraestruturameioambiente.sp.gov.br\/pgibt\/wp-json\/wp\/v2\/comments?post=5239"}],"version-history":[{"count":2,"href":"https:\/\/www.infraestruturameioambiente.sp.gov.br\/pgibt\/wp-json\/wp\/v2\/pages\/5239\/revisions"}],"predecessor-version":[{"id":7155,"href":"https:\/\/www.infraestruturameioambiente.sp.gov.br\/pgibt\/wp-json\/wp\/v2\/pages\/5239\/revisions\/7155"}],"up":[{"embeddable":true,"href":"https:\/\/www.infraestruturameioambiente.sp.gov.br\/pgibt\/wp-json\/wp\/v2\/pages\/249"}],"wp:attachment":[{"href":"https:\/\/www.infraestruturameioambiente.sp.gov.br\/pgibt\/wp-json\/wp\/v2\/media?parent=5239"}],"curies":[{"name":"wp","href":"https:\/\/api.w.org\/{rel}","templated":true}]}}