{"id":5228,"date":"2016-05-06T10:21:39","date_gmt":"2016-05-06T13:21:39","guid":{"rendered":"https:\/\/www.infraestruturameioambiente.sp.gov.br\/pgibt\/?page_id=5228"},"modified":"2018-06-06T11:48:48","modified_gmt":"2018-06-06T14:48:48","slug":"2015-evandro-alves-vieira","status":"publish","type":"page","link":"https:\/\/www.infraestruturameioambiente.sp.gov.br\/pgibt\/dissertacoesteses\/2015-evandro-alves-vieira\/","title":{"rendered":"Evandro Alves Vieira DR"},"content":{"rendered":"<h2 style=\"text-align: center\"><a href=\"https:\/\/smastr16.blob.core.windows.net\/pgibt\/2015\/02\/faixapos6.jpg\"><img decoding=\"async\" loading=\"lazy\" class=\"aligncenter size-full wp-image-3777\" style=\"border: 0px\" src=\"https:\/\/smastr16.blob.core.windows.net\/pgibt\/2015\/02\/faixapos6.jpg\" alt=\"faixapos6\" width=\"950\" height=\"163\" srcset=\"https:\/\/smastr16.blob.core.windows.net\/pgibt\/2015\/02\/faixapos6.jpg 950w, https:\/\/smastr16.blob.core.windows.net\/pgibt\/2015\/02\/faixapos6-768x131.jpg 768w\" sizes=\"(max-width: 950px) 100vw, 950px\" \/><\/a><\/h2>\n<hr align=\"center\" noshade=\"noshade\" size=\"1\" width=\"100%\" \/>\n<h2 style=\"text-align: center\"><span style=\"color: #003300\">Evandro Alves Vieira<\/span><\/h2>\n<hr align=\"center\" noshade=\"noshade\" size=\"1\" width=\"100%\" \/>\n<p style=\"text-align: center\" align=\"center\">Em 28 de Setembro de 2015, foi realizada a banca de defesa de tese do\u00a0aluno de doutorado Evandro Alves Vieira<br \/>\ndo programa de P\u00f3s-Gradua\u00e7\u00e3o em Biodiversidade Vegetal e Meio Ambiente do Instituto de Bot\u00e2nica. O trabalho intitulado<br \/>\n\u201cMecanismos de inativa\u00e7\u00e3o e recupera\u00e7\u00e3o fisiol\u00f3gica envolvidos na toler\u00e2ncia \u00e0 desseca\u00e7\u00e3o de<br \/>\n<em>Pitcairnia lanuginosa<\/em> Ruiz &amp; Pav. (Bromeliaceae)&#8221;<br \/>\ncontou com apoio financeiro da FAPESP.<br \/>\n<!--[endif]--><\/p>\n<p style=\"text-align: center\" align=\"center\">A banca examinadora foi presidida pela Dra. Marcia Regina Braga, do N\u00facleo de Pesquisa em Fisiologia e Bioqu\u00edmica (IBt) e<br \/>\ncontou com a participa\u00e7\u00e3o da Dra. Helenice Mercier (USP), do Dr. S\u00e9rgio Tadeu Meirelles (USP),<br \/>\nda Dra. Catarina Carvalho Ni\u00e9vola (IBt) e da Dra. Regina Maria de Moraes (IBt).<\/p>\n<p style=\"text-align: center\" align=\"center\">O tema da tese vem agregar novas informa\u00e7\u00f5es sobre os efeitos do d\u00e9ficit h\u00eddrico em esp\u00e9cies nativas e principalmente auxiliar ao entendimento dos mecanismos de toler\u00e2ncia \u00e0 desseca\u00e7\u00e3o de esp\u00e9cies Sul-americanas, que s\u00e3o escassos. Al\u00e9m disso, essas informa\u00e7\u00f5es servir\u00e3o de subs\u00eddios para estudos futuros que poder\u00e3o propiciar avan\u00e7os relacionados a biologia molecular de esp\u00e9cies revivescentes.<\/p>\n<hr align=\"center\" noshade=\"noshade\" size=\"1\" width=\"100%\" \/>\n<h3 style=\"text-align: center\">Mecanismos de inativa\u00e7\u00e3o e recupera\u00e7\u00e3o fisiol\u00f3gica envolvidos na toler\u00e2ncia \u00e0 desseca\u00e7\u00e3o de<br \/>\n<em>Pitcairnia lanuginosa<\/em>\u00a0Ruiz &amp; Pav. (Bromeliaceae)\u00a0.<\/h3>\n<hr align=\"center\" noshade=\"noshade\" size=\"1\" width=\"100%\" \/>\n<h4 style=\"text-align: center\"><strong>RESUMO<\/strong><\/h4>\n<p style=\"text-align: justify\"><em>Pitcairnia lanuginosa<\/em> Ruiz &amp; Pav. \u00e9 uma esp\u00e9cie de Bromeliaceae encontrada nos afloramentos rochosos do cerrado brasileiro, tolerando desidrata\u00e7\u00e3o protoplasm\u00e1tica severa e recuperando o metabolismo celular dentro de um curto per\u00edodo ap\u00f3s a reidrata\u00e7\u00e3o. Neste estudo, foram avaliadas as rela\u00e7\u00f5es h\u00eddricas, trocas gasosas, teores de carboidratos, conte\u00fado de ABA end\u00f3geno e altera\u00e7\u00f5es morfol\u00f3gicas durante os processos de desseca\u00e7\u00e3o e recupera\u00e7\u00e3o ap\u00f3s a reidrata\u00e7\u00e3o. Os mecanismos de toler\u00e2ncia foram mais evidentes em est\u00e1gios avan\u00e7ados de d\u00e9ficit h\u00eddrico, indicando a presen\u00e7a de alta capacidade de prote\u00e7\u00e3o e reestrutura\u00e7\u00e3o metab\u00f3lica ap\u00f3s a reidrata\u00e7\u00e3o. Este estudo relata a ocorr\u00eancia de toler\u00e2ncia \u00e0 desseca\u00e7\u00e3o vegetativa em uma Bromeliaceae, indicando tratar-se de uma esp\u00e9cie revivescente. Sugere ainda que a presen\u00e7a do rizoma na esp\u00e9cie pode ser uma estrat\u00e9gia adicional de toler\u00e2ncia \u00e0 desseca\u00e7\u00e3o, que contribui para o comportamento observado.<\/p>\n<p style=\"text-align: justify\"><strong>Palavras-chave:<\/strong> D\u00e9ficit h\u00eddrico, Fotoss\u00edntese, Carboidratos, ABA, Parede Celular, Reidrata\u00e7\u00e3o.<\/p>\n<hr align=\"center\" noshade=\"noshade\" size=\"1\" width=\"100%\" \/>\n<p style=\"text-align: center\"><a href=\"https:\/\/smastr16.blob.core.windows.net\/pgibt\/2013\/09\/pdf_grande.gif\"><img decoding=\"async\" loading=\"lazy\" class=\"aligncenter size-full wp-image-2313\" style=\"border: 0px\" src=\"https:\/\/smastr16.blob.core.windows.net\/pgibt\/2013\/09\/pdf_grande.gif\" alt=\"pdf_grande\" width=\"60\" height=\"60\" \/><br \/>\n<\/a><a href=\"https:\/\/smastr16.blob.core.windows.net\/pgibt\/2016\/05\/Evandro_Alves_Vieira_DR.pdf\" target=\"_blank\" rel=\"noopener\">Evandro Alves Vieira<br \/>\nMecanismos de inativa\u00e7\u00e3o e recupera\u00e7\u00e3o fisiol\u00f3gica envolvidos na toler\u00e2ncia \u00e0 desseca\u00e7\u00e3o de <em>Pitcairnia lanuginosa<\/em> Ruiz &amp; Pav. (Bromeliaceae)<\/a><\/p>\n<hr align=\"center\" noshade=\"noshade\" size=\"1\" width=\"100%\" \/>\n<p style=\"text-align: center\"><strong>\u00a0<a href=\"https:\/\/www.infraestruturameioambiente.sp.gov.br\/pgibt\/dissertacoesteses\/\">VOLTAR AS DISSERTA\u00c7\u00d5ES E TESES<\/a><\/strong><\/p>\n<hr align=\"center\" noshade=\"noshade\" size=\"1\" width=\"100%\" \/>\n","protected":false},"excerpt":{"rendered":"<p>Evandro Alves Vieira Em 28 de Setembro de 2015, foi realizada a banca de defesa de tese do\u00a0aluno de doutorado Evandro Alves Vieira do programa de P\u00f3s-Gradua\u00e7\u00e3o em Biodiversidade Vegetal e Meio Ambiente do Instituto de Bot\u00e2nica. O trabalho intitulado \u201cMecanismos de inativa\u00e7\u00e3o e recupera\u00e7\u00e3o fisiol\u00f3gica envolvidos na toler\u00e2ncia \u00e0 desseca\u00e7\u00e3o de Pitcairnia lanuginosa Ruiz [&hellip;]<\/p>\n","protected":false},"author":1,"featured_media":0,"parent":249,"menu_order":0,"comment_status":"closed","ping_status":"open","template":"","meta":[],"_links":{"self":[{"href":"https:\/\/www.infraestruturameioambiente.sp.gov.br\/pgibt\/wp-json\/wp\/v2\/pages\/5228"}],"collection":[{"href":"https:\/\/www.infraestruturameioambiente.sp.gov.br\/pgibt\/wp-json\/wp\/v2\/pages"}],"about":[{"href":"https:\/\/www.infraestruturameioambiente.sp.gov.br\/pgibt\/wp-json\/wp\/v2\/types\/page"}],"author":[{"embeddable":true,"href":"https:\/\/www.infraestruturameioambiente.sp.gov.br\/pgibt\/wp-json\/wp\/v2\/users\/1"}],"replies":[{"embeddable":true,"href":"https:\/\/www.infraestruturameioambiente.sp.gov.br\/pgibt\/wp-json\/wp\/v2\/comments?post=5228"}],"version-history":[{"count":3,"href":"https:\/\/www.infraestruturameioambiente.sp.gov.br\/pgibt\/wp-json\/wp\/v2\/pages\/5228\/revisions"}],"predecessor-version":[{"id":6482,"href":"https:\/\/www.infraestruturameioambiente.sp.gov.br\/pgibt\/wp-json\/wp\/v2\/pages\/5228\/revisions\/6482"}],"up":[{"embeddable":true,"href":"https:\/\/www.infraestruturameioambiente.sp.gov.br\/pgibt\/wp-json\/wp\/v2\/pages\/249"}],"wp:attachment":[{"href":"https:\/\/www.infraestruturameioambiente.sp.gov.br\/pgibt\/wp-json\/wp\/v2\/media?parent=5228"}],"curies":[{"name":"wp","href":"https:\/\/api.w.org\/{rel}","templated":true}]}}