{"id":520,"date":"2013-09-16T10:25:41","date_gmt":"2013-09-16T13:25:41","guid":{"rendered":"https:\/\/www.infraestruturameioambiente.sp.gov.br\/pgibt\/?page_id=520"},"modified":"2013-09-16T10:25:41","modified_gmt":"2013-09-16T13:25:41","slug":"2005-giovanna-bezerra","status":"publish","type":"page","link":"https:\/\/www.infraestruturameioambiente.sp.gov.br\/pgibt\/dissertacoesteses\/2005-giovanna-bezerra\/","title":{"rendered":"Giovanna Bezerra da Silva MS"},"content":{"rendered":"<h2 style=\"text-align: center\"><a href=\"https:\/\/smastr16.blob.core.windows.net\/pgibt\/2015\/02\/faixapos6.jpg\"><img decoding=\"async\" loading=\"lazy\" class=\"aligncenter size-full wp-image-3777\" style=\"border: 0px\" alt=\"faixapos6\" src=\"https:\/\/smastr16.blob.core.windows.net\/pgibt\/2015\/02\/faixapos6.jpg\" width=\"950\" height=\"163\" srcset=\"https:\/\/smastr16.blob.core.windows.net\/pgibt\/2015\/02\/faixapos6.jpg 950w, https:\/\/smastr16.blob.core.windows.net\/pgibt\/2015\/02\/faixapos6-768x131.jpg 768w\" sizes=\"(max-width: 950px) 100vw, 950px\" \/><\/a><\/h2>\n<hr align=\"center\" noshade=\"noshade\" size=\"1\" width=\"100%\" \/>\n<h2 style=\"text-align: center\">Giovanna Bezerra da Silva<\/h2>\n<hr align=\"center\" noshade=\"noshade\" size=\"1\" width=\"100%\" \/>\n<p style=\"text-align: center\">A aluna de p\u00f3s gradua\u00e7\u00e3o em Biodiversidade Vegetal e Meio Ambiente do Instituto de Bot\u00e2nica de S\u00e3o Paulo, bolsista Fapesp, Giovanna Bezerra da Silva,<br \/>\ndefendeu no dia 21 de mar\u00e7o\/2005 sua disserta\u00e7\u00e3o de mestrado com o t\u00edtulo:<\/p>\n<p style=\"text-align: center\">&#8221; A parede celular vegetal na filogenia e evolu\u00e7\u00e3o de\u00a0Pteridophytae&#8221;.<\/p>\n<p style=\"text-align: center\">A banca examinadora foi composta por seu orientador Dr. Marcos Silveira Buckeridge (Instituto de Bot\u00e2nica),<br \/>\nDr.\u00aa M\u00e1rcia Regina Braga (Instituto de Bot\u00e2nica) e Dr. Paulo Labiak.<\/p>\n<hr align=\"center\" noshade=\"noshade\" size=\"1\" width=\"100%\" \/>\n<h2 style=\"text-align: center\"><strong>A parede celular vegetal na filogenia e evolu\u00e7\u00e3o de Pteridophytae<\/strong><\/h2>\n<hr align=\"center\" noshade=\"noshade\" size=\"1\" width=\"100%\" \/>\n<h4 style=\"text-align: center\"><strong>RESUMO<\/strong><\/h4>\n<p>Todas as c\u00e9lulas vegetais possuem uma parede celular, a caracteriza\u00e7\u00e3o dos pol\u00edmeros de parede celular mostra que suas estruturas s\u00e3o conservadas em\u00a0<em>Gimnospermae<\/em>\u00a0e\u00a0<em>Angiospermae<\/em>. O objetivo deste trabalho \u00e9 caracterizar a composi\u00e7\u00e3o das paredes celulares de\u00a0Pteridophytae, visando determinar se elas apresentam a estrutura encontrada nas demais plantas vasculares e se tal estrutura corrobora a filogenia j\u00e1 proposta para o grupo.<\/p>\n<p>Foram coletadas frondes est\u00e9reis de\u00a0<em>Adiantum raddianum C. Presl, Anemia phyllitidis (L.) Sw., Blechnum polypodioides Raddi, Cyathea atrovirens (Langsd.&amp; Fisch), Dicksonia sellowiana Hook., Dicranopteris flexuosa (Schrad.) Undew., Microgramma squamulosa (Kaulf.), Salvinia auriculata Aubl., Selaginella flexuosa Spring<\/em>, o caule de\u00a0<em>Equisetum giganteum L.<\/em>, do Parque Estadual Fontes do Ipiranga, SP, e\u00a0<em>Marattia laevis J. Sm<\/em>, na Reserva Biol\u00f3gica do Alto da Serra de Paranapiacaba. Deste material foi obtido 500 mg de p\u00f3 que foram extra\u00eddos com etanol, oxalato de am\u00f4nio, NaOH 0,1M, 1M, 4M e 8M. As fra\u00e7\u00f5es obtidas foram hidrolisadas com \u00e1cido sulf\u00farico e a composi\u00e7\u00e3o de monossacar\u00eddeos determinada por HPLC (DIONEX).<\/p>\n<p>Foi feita uma dosagem de \u00e1cidos ur\u00f4nicos com os sobrenadantes das fra\u00e7\u00f5es oxalato e NaOH 0,1M. A presen\u00e7a de \u00e1cidos ur\u00f4nicos foi baixa quando comparada ao que geralmente ocorre em Angiospermae. A fra\u00e7\u00e3o de pectina mostrou-se rica em galactose e arabinose, provavelmente formando cadeias laterais de pectinas ligadas \u00e0 ramnose do ramnogalacturonano.<\/p>\n<p>Na fra\u00e7\u00e3o de hemicelulose, a quantidade de galactose e manose \u00e9 alta. Verificou-se que a manose apareceu em quantidades significativas em todas as fra\u00e7\u00f5es, sugerindo que talvez a principal hemicelulose desse grupo seja um manano. Em\u00a0<em>Dicksonia sellowiana<\/em>\u00a0h\u00e1 alta propor\u00e7\u00e3o de xilose, que sugere a presen\u00e7a de um xilano. A partir dos resultados de monossacar\u00eddeos obtidos em HPLC, foram feitos tr\u00eas diagramas de similaridade.<\/p>\n<p>Os dados de um dos diagramas sugerem uma tend\u00eancia geral de maior ac\u00famulo de galactomananos em esp\u00e9cies de\u00a0Pteridophytae\u00a0mais derivadas. Os dados de monossacar\u00eddeos obtidos n\u00e3o corroboram a filogenia proposta para o grupo e isto pode ser devido ao fato de certas varia\u00e7\u00f5es terem ocorrido v\u00e1rias vezes durante a evolu\u00e7\u00e3o.<\/p>\n<p>A parede celular vegetal na filogenia e evolu\u00e7\u00e3o de Pteridophytae<\/p>\n<hr align=\"center\" noshade=\"noshade\" size=\"1\" width=\"100%\" \/>\n<p><a href=\"https:\/\/smastr16.blob.core.windows.net\/pgibt\/2013\/09\/pdf_grande.gif\"><img decoding=\"async\" loading=\"lazy\" class=\"aligncenter size-full wp-image-2313\" style=\"border: 0px\" alt=\"pdf_grande\" src=\"https:\/\/smastr16.blob.core.windows.net\/pgibt\/2013\/09\/pdf_grande.gif\" width=\"60\" height=\"60\" \/><\/a><\/p>\n<p style=\"text-align: center\"><a target=\"_blank\">Giovanna Bezerra da Silva<br \/>\nA parede celular vegetal na filogenia e evolu\u00e7\u00e3o de Pteridophytae<\/a><\/p>\n<hr align=\"center\" noshade=\"noshade\" size=\"1\" width=\"100%\" \/>\n<p style=\"text-align: center\"><strong>\u00a0<a href=\"https:\/\/www.infraestruturameioambiente.sp.gov.br\/pgibt\/dissertacoesteses\/\">VOLTAR AS DISSERTA\u00c7\u00d5ES E TESES<\/a><\/strong><\/p>\n<hr align=\"center\" noshade=\"noshade\" size=\"1\" width=\"100%\" \/>\n<h1 style=\"text-align: center\"><\/h1>\n","protected":false},"excerpt":{"rendered":"<p>Giovanna Bezerra da Silva A aluna de p\u00f3s gradua\u00e7\u00e3o em Biodiversidade Vegetal e Meio Ambiente do Instituto de Bot\u00e2nica de S\u00e3o Paulo, bolsista Fapesp, Giovanna Bezerra da Silva, defendeu no dia 21 de mar\u00e7o\/2005 sua disserta\u00e7\u00e3o de mestrado com o t\u00edtulo: &#8221; A parede celular vegetal na filogenia e evolu\u00e7\u00e3o de\u00a0Pteridophytae&#8221;. A banca examinadora foi [&hellip;]<\/p>\n","protected":false},"author":1,"featured_media":0,"parent":249,"menu_order":0,"comment_status":"closed","ping_status":"open","template":"fullpage.php","meta":[],"_links":{"self":[{"href":"https:\/\/www.infraestruturameioambiente.sp.gov.br\/pgibt\/wp-json\/wp\/v2\/pages\/520"}],"collection":[{"href":"https:\/\/www.infraestruturameioambiente.sp.gov.br\/pgibt\/wp-json\/wp\/v2\/pages"}],"about":[{"href":"https:\/\/www.infraestruturameioambiente.sp.gov.br\/pgibt\/wp-json\/wp\/v2\/types\/page"}],"author":[{"embeddable":true,"href":"https:\/\/www.infraestruturameioambiente.sp.gov.br\/pgibt\/wp-json\/wp\/v2\/users\/1"}],"replies":[{"embeddable":true,"href":"https:\/\/www.infraestruturameioambiente.sp.gov.br\/pgibt\/wp-json\/wp\/v2\/comments?post=520"}],"version-history":[{"count":0,"href":"https:\/\/www.infraestruturameioambiente.sp.gov.br\/pgibt\/wp-json\/wp\/v2\/pages\/520\/revisions"}],"up":[{"embeddable":true,"href":"https:\/\/www.infraestruturameioambiente.sp.gov.br\/pgibt\/wp-json\/wp\/v2\/pages\/249"}],"wp:attachment":[{"href":"https:\/\/www.infraestruturameioambiente.sp.gov.br\/pgibt\/wp-json\/wp\/v2\/media?parent=520"}],"curies":[{"name":"wp","href":"https:\/\/api.w.org\/{rel}","templated":true}]}}