{"id":519,"date":"2013-09-16T10:29:40","date_gmt":"2013-09-16T13:29:40","guid":{"rendered":"https:\/\/www.infraestruturameioambiente.sp.gov.br\/pgibt\/?page_id=519"},"modified":"2013-09-16T10:29:40","modified_gmt":"2013-09-16T13:29:40","slug":"2012-berta-villagra","status":"publish","type":"page","link":"https:\/\/www.infraestruturameioambiente.sp.gov.br\/pgibt\/dissertacoesteses\/2012-berta-villagra\/","title":{"rendered":"Berta L\u00facia Pereira Villagra DR"},"content":{"rendered":"<h2 style=\"text-align: center\"><a href=\"https:\/\/smastr16.blob.core.windows.net\/pgibt\/2015\/02\/faixapos6.jpg\"><img decoding=\"async\" loading=\"lazy\" class=\"aligncenter size-full wp-image-3777\" style=\"border: 0px\" alt=\"faixapos6\" src=\"https:\/\/smastr16.blob.core.windows.net\/pgibt\/2015\/02\/faixapos6.jpg\" width=\"950\" height=\"163\" srcset=\"https:\/\/smastr16.blob.core.windows.net\/pgibt\/2015\/02\/faixapos6.jpg 950w, https:\/\/smastr16.blob.core.windows.net\/pgibt\/2015\/02\/faixapos6-768x131.jpg 768w\" sizes=\"(max-width: 950px) 100vw, 950px\" \/><\/a><\/h2>\n<hr align=\"center\" noshade=\"noshade\" size=\"1\" width=\"100%\" \/>\n<h2 style=\"text-align: center\">Berta L\u00facia Pereira Villagra<\/h2>\n<hr align=\"center\" noshade=\"noshade\" size=\"1\" width=\"100%\" \/>\n<p style=\"text-align: center\">Berta L\u00facia Pereira Villagra, aluna do programa de P\u00f3s-Gradua\u00e7\u00e3o em Biodiversidade Vegetal e Meio Ambiente, do Instituto de Bot\u00e2nica (IBt), bolsista do CNPq, defendeu sua tese de doutorado em 24 de fevereiro de 2012 a tese intitulada:<br \/>\n\u201cEstrutura da comunidade de trepadeiras em Mata Atl\u00e2ntica, Santo Andr\u00e9, SP, Brasil\u201d<br \/>\nfoi apresentada a banca examinadora composta por seu orientador Prof. Dr. Sergio Romaniuc Neto (N\u00facleo de Pesquisa Curadoria do Herb\u00e1rio SP\/IBt),<br \/>\nProfa. Dra. Adriana Maria Zanforlin Martini (Instituto de Bioci\u00eancias-USP),<br \/>\nProf. Dr. Jorge Luiz Waechter (Instituto de Bioci\u00eancias-Universidade Federal do Rio Grande do Sul),<br \/>\nProfa. Dra. Maria Tereza Grombone Guaratini, Prof. Dr. Milton Groppo Junior (Faculdade de Filosofia, Ci\u00eancias e Letras de Ribeir\u00e3o Preto-USP).<\/p>\n<p style=\"text-align: center\">O trabalho teve por objetivo o estudo quantitativo de trepadeiras em floresta ombr\u00f3fila densa montana em duas unidades de conserva\u00e7\u00e3o: Reserva Biol\u00f3gica do Alto da Serra de Paranapiacaba e Parque Natural Municipal Nascentes de Paranapiacaba, ambas no munic\u00edpio de Santo Andr\u00e9, ligados ao maior maci\u00e7o de floresta atl\u00e2ntica do pa\u00eds. Este se constitui o segundo trabalho para esse tipo de floresta, a sin\u00fasia trepadora do Parque Natural foi marcadamente diferente em riqueza e hierarquia de esp\u00e9cies. Essa diferen\u00e7a provavelmente foi causada pela a\u00e7\u00e3o antr\u00f3pica mais intensa na \u00e1rea da Reserva Biol\u00f3gica.<\/p>\n<hr align=\"center\" noshade=\"noshade\" size=\"1\" width=\"100%\" \/>\n<h3 style=\"text-align: center\"><strong>Estrutura da comunidade de trepadeiras em Mata Atl\u00e2ntica, Santo Andr\u00e9, SP, Brasil<\/strong><\/h3>\n<hr align=\"center\" noshade=\"noshade\" size=\"1\" width=\"100%\" \/>\n<h4 style=\"text-align: center\"><strong>RESUMO<\/strong><\/h4>\n<p style=\"text-align: justify\">Estrutura da comunidade de trepadeiras em Mata Atl\u00e2ntica, Santo Andr\u00e9, SP, Brasil. As trepadeiras constituem um importante componente das florestas tropicais, contribuindo na diversidade e din\u00e2mica florestal. Este trabalho buscou avaliar a terminologia referente ao h\u00e1bito trepador e inventariar a estrutura da comunidade da Reserva Biol\u00f3gica do Alto da Serra de Paranapiacaba (RBASP) e do Parque Natural Municipal Nascentes de Paranapiacaba (PNMNP), ambas de florestas ombr\u00f3filas densa montanas no sudeste do Brasil, al\u00e9m de verificar a influ\u00eancia do est\u00e1dio sucessional no mecanismo de escalada. Em 52 parcelas de 10 x 20 m (1,04 ha) foram amostradas todas as trepadeiras &gt; 1 cm de di\u00e2metro, medidas a 130 cm do ponto de enraizamento. Foram registrados 1.244 indiv\u00edduos, 82 esp\u00e9cies pertencentes a 28 fam\u00edlias. Predominaram as trepadeiras lenhosas, pioneiras e a volubilidade esteve presente em maior porcentagem nas \u00e1reas em est\u00e1dio intermedi\u00e1rio de sucess\u00e3o. A abund\u00e2ncia de esp\u00e9cies de trepadeiras foi significantemente correlacionada \u00e0 \u00e1rea basal e abund\u00e2ncia arb\u00f3rea. Na compara\u00e7\u00e3o das duas \u00e1reas foram formados dois conjuntos flor\u00edsticos distintos, devido ao est\u00e1gio de maturidade da floresta, influenciado pela perturba\u00e7\u00e3o antr\u00f3pica mais acentuada na RBASP. A alta densidade de trepadeiras encontrada em \u00e1rea mais conservada de floresta \u00famida n\u00e3o sazonal pode estar relacionada \u00e0 estrutura da floresta e ao baixo impacto antr\u00f3pico no passado.<\/p>\n<p style=\"text-align: justify\">Palavras-chave: floresta ombr\u00f3fila densa Montana, lianas, mecanismo de escalada<\/p>\n<hr align=\"center\" noshade=\"noshade\" size=\"1\" width=\"100%\" \/>\n<p style=\"text-align: center\"><a href=\"https:\/\/smastr16.blob.core.windows.net\/pgibt\/2013\/09\/pdf_grande.gif\"><img decoding=\"async\" loading=\"lazy\" class=\"aligncenter size-full wp-image-2313\" style=\"border: 0px\" alt=\"pdf_grande\" src=\"https:\/\/smastr16.blob.core.windows.net\/pgibt\/2013\/09\/pdf_grande.gif\" width=\"60\" height=\"60\" \/><\/a><a href=\"https:\/\/smastr16.blob.core.windows.net\/pgibt\/2013\/09\/Berta_Villagra_DR.pdf\">Berta L\u00facia Pereira Villagra<br \/>\nEstrutura da comunidade de trepadeiras em Mata Atl\u00e2ntica, Santo Andr\u00e9, SP, Brasil<\/a><strong><a href=\"https:\/\/smastr16.blob.core.windows.net\/pgibt\/2013\/09\/Berta_Villagra_DR.pdf\">\u00a0<\/a><\/strong><\/p>\n<hr align=\"center\" noshade=\"noshade\" size=\"1\" width=\"100%\" \/>\n<p style=\"text-align: center\"><strong>\u00a0<a href=\"https:\/\/www.infraestruturameioambiente.sp.gov.br\/pgibt\/dissertacoesteses\/\">VOLTAR AS DISSERTA\u00c7\u00d5ES E TESES<\/a><\/strong><\/p>\n<hr align=\"center\" noshade=\"noshade\" size=\"1\" width=\"100%\" \/>\n","protected":false},"excerpt":{"rendered":"<p>Berta L\u00facia Pereira Villagra Berta L\u00facia Pereira Villagra, aluna do programa de P\u00f3s-Gradua\u00e7\u00e3o em Biodiversidade Vegetal e Meio Ambiente, do Instituto de Bot\u00e2nica (IBt), bolsista do CNPq, defendeu sua tese de doutorado em 24 de fevereiro de 2012 a tese intitulada: \u201cEstrutura da comunidade de trepadeiras em Mata Atl\u00e2ntica, Santo Andr\u00e9, SP, Brasil\u201d foi apresentada [&hellip;]<\/p>\n","protected":false},"author":1,"featured_media":0,"parent":249,"menu_order":0,"comment_status":"closed","ping_status":"closed","template":"fullpage.php","meta":[],"_links":{"self":[{"href":"https:\/\/www.infraestruturameioambiente.sp.gov.br\/pgibt\/wp-json\/wp\/v2\/pages\/519"}],"collection":[{"href":"https:\/\/www.infraestruturameioambiente.sp.gov.br\/pgibt\/wp-json\/wp\/v2\/pages"}],"about":[{"href":"https:\/\/www.infraestruturameioambiente.sp.gov.br\/pgibt\/wp-json\/wp\/v2\/types\/page"}],"author":[{"embeddable":true,"href":"https:\/\/www.infraestruturameioambiente.sp.gov.br\/pgibt\/wp-json\/wp\/v2\/users\/1"}],"replies":[{"embeddable":true,"href":"https:\/\/www.infraestruturameioambiente.sp.gov.br\/pgibt\/wp-json\/wp\/v2\/comments?post=519"}],"version-history":[{"count":0,"href":"https:\/\/www.infraestruturameioambiente.sp.gov.br\/pgibt\/wp-json\/wp\/v2\/pages\/519\/revisions"}],"up":[{"embeddable":true,"href":"https:\/\/www.infraestruturameioambiente.sp.gov.br\/pgibt\/wp-json\/wp\/v2\/pages\/249"}],"wp:attachment":[{"href":"https:\/\/www.infraestruturameioambiente.sp.gov.br\/pgibt\/wp-json\/wp\/v2\/media?parent=519"}],"curies":[{"name":"wp","href":"https:\/\/api.w.org\/{rel}","templated":true}]}}