{"id":513,"date":"2013-09-16T10:16:21","date_gmt":"2013-09-16T13:16:21","guid":{"rendered":"https:\/\/www.infraestruturameioambiente.sp.gov.br\/pgibt\/?page_id=513"},"modified":"2013-09-16T10:16:21","modified_gmt":"2013-09-16T13:16:21","slug":"2012-barbara-golebski-pellegrini","status":"publish","type":"page","link":"https:\/\/www.infraestruturameioambiente.sp.gov.br\/pgibt\/dissertacoesteses\/2012-barbara-golebski-pellegrini\/","title":{"rendered":"Barbara Golebski Pellegrini MS"},"content":{"rendered":"<h2 style=\"text-align: center\"><a href=\"https:\/\/smastr16.blob.core.windows.net\/pgibt\/2015\/02\/faixapos6.jpg\"><img decoding=\"async\" loading=\"lazy\" class=\"aligncenter size-full wp-image-3777\" style=\"border: 0px\" alt=\"faixapos6\" src=\"https:\/\/smastr16.blob.core.windows.net\/pgibt\/2015\/02\/faixapos6.jpg\" width=\"950\" height=\"163\" srcset=\"https:\/\/smastr16.blob.core.windows.net\/pgibt\/2015\/02\/faixapos6.jpg 950w, https:\/\/smastr16.blob.core.windows.net\/pgibt\/2015\/02\/faixapos6-768x131.jpg 768w\" sizes=\"(max-width: 950px) 100vw, 950px\" \/><\/a><\/h2>\n<hr align=\"center\" noshade=\"noshade\" size=\"1\" width=\"100%\" \/>\n<h2 style=\"text-align: center\">Barbara Golebski Pellegrini<\/h2>\n<hr align=\"center\" noshade=\"noshade\" size=\"1\" width=\"100%\" \/>\n<p style=\"text-align: center\">No dia 13 de dezembro de 2012, a aluna Barbara Golebski Pellegrini (bolsista FAPESP)\u00a0do Programa de P\u00f3s Gradua\u00e7\u00e3o em Biodiversidade Vegetal e<br \/>\nMeio Ambiente defendeu sua disserta\u00e7\u00e3o de mestrado intitulada<br \/>\n\u201cInflu\u00eancia da heterogeneidade espacial sobre a estrutura e estado nutricional (C, N, P)<br \/>\nda comunidade perif\u00edtica em substrato natural (<em>Nymphaea<\/em>\u00a0spp.)\u201d<\/p>\n<div id=\"attachment_515\" style=\"width: 380px\" class=\"wp-caption aligncenter\"><a href=\"https:\/\/smastr16.blob.core.windows.net\/pgibt\/2013\/09\/barbara1.jpg\"><img aria-describedby=\"caption-attachment-515\" decoding=\"async\" loading=\"lazy\" class=\"size-full wp-image-515\" alt=\"A banca examinadora foi composta pela orientada, Dra. Carla Ferragut (N\u00facleo de Pesquisa em Ecologia\/IBt), Dra. Liliana Rodrigues (Universidade Estadual de Maring\u00e1) e Dr. B\u00e1rbara Medeiros Fonseca (Universidade Cat\u00f3lica de Bras\u00edlia). \" src=\"https:\/\/smastr16.blob.core.windows.net\/pgibt\/2013\/09\/barbara1.jpg\" width=\"370\" height=\"285\" srcset=\"https:\/\/smastr16.blob.core.windows.net\/pgibt\/2013\/09\/barbara1.jpg 370w, https:\/\/smastr16.blob.core.windows.net\/pgibt\/2013\/09\/barbara1-768x591.jpg 768w\" sizes=\"(max-width: 370px) 100vw, 370px\" \/><\/a><p id=\"caption-attachment-515\" class=\"wp-caption-text\">A banca examinadora foi composta pela orientada, Dra. Carla Ferragut (N\u00facleo de Pesquisa em Ecologia\/IBt), Dra. Liliana Rodrigues (Universidade Estadual de Maring\u00e1) e Dr. B\u00e1rbara Medeiros Fonseca (Universidade Cat\u00f3lica de Bras\u00edlia).<\/p><\/div>\n<hr align=\"center\" noshade=\"noshade\" size=\"1\" width=\"100%\" \/>\n<h3 style=\"text-align: center\"><strong>Influ\u00eancia da heterogeneidade espacial sobre a estrutura e estado nutricional\u00a0(C, N, P)<br \/>\nda comunidade perif\u00edtica em substrato natural (<em>Nymphaea\u00a0<\/em>spp.)<\/strong><\/h3>\n<hr align=\"center\" noshade=\"noshade\" size=\"1\" width=\"100%\" \/>\n<h4 style=\"text-align: center\"><strong>RESUMO<\/strong><\/h4>\n<p align=\"justify\">A comunidade perif\u00edtica tem grande import\u00e2ncia ecol\u00f3gica nos ecossistemas aqu\u00e1ticos, por\u00e9m a identifica\u00e7\u00e3o dos fatores que dirigem sua variabilidade espacial e temporal ainda \u00e9 um desafio. A heterogeneidade espacial \u00e9 um fator determinante para a distribui\u00e7\u00e3o, estrutura e funcionamento das comunidades perif\u00edticas. Este estudo visa avaliar a influ\u00eancia da heterogeneidade espacial sobre a estrutura da comunidade de algas do perif\u00edton e estado nutricional do perif\u00edton em\u00a0<em>Nymphaea\u00a0<\/em>spp. em escala sazonal. A heterogeneidade espacial foi avaliada atrav\u00e9s da complexidade de h\u00e1bitat e condi\u00e7\u00f5es limnol\u00f3gicas no interior dos bancos de macr\u00f3fitas. Os diferentes tipos de bancos foram identificados, numerados e classificados em monoespec\u00edficos (<em>Nymphaea<\/em>\u00a0spp.), mistos com 2, 3 e 4 esp\u00e9cies, sendo a amostragem rand\u00f4mica estratificada (n=3). As coletas para amostragem das vari\u00e1veis f\u00edsicas, qu\u00edmicas e biol\u00f3gicas foram realizadas no outono-maio\/2010, inverno-julho\/2010, primavera-outubro\/2010 e ver\u00e3o-janeiro\/2011. A estrutura da comunidade perif\u00edtica foi analisada pelos seguintes atributos estruturais: clorofila-a; MSLC; conte\u00fado de C, N e P; composi\u00e7\u00e3o de esp\u00e9cies de algas; densidade e biovolume de esp\u00e9cies e classes algais; estrat\u00e9gias adaptativas. O eixo 1 da PCA representou a escala sazonal de varia\u00e7\u00e3o dos dados abi\u00f3ticos. O outono e inverno foram caracterizados pela maior disponibilidade de nitrog\u00eanio na \u00e1gua e, a primavera e ver\u00e3o, pela maior disponibilidade de luz e f\u00f3sforo dissolvido. O per\u00edodo seco apresentou a menor complexidade de h\u00e1bitat (menor cobertura de macr\u00f3fitas) e a menor varia\u00e7\u00e3o das condi\u00e7\u00f5es limnol\u00f3gicas, sendo caracterizado como um per\u00edodo de\u00a0<em>menor heterogeneidade espacial<\/em>. Situa\u00e7\u00e3o oposta ocorreu no per\u00edodo chuvoso, o qual foi caracterizado como per\u00edodo de<em>maior heterogeneidade espacial<\/em>. Os atributos estruturais e o estado nutricional do perif\u00edton apresentaram pouca ou nenhuma varia\u00e7\u00e3o entre os tipos de complexidade de h\u00e1bitat em cada esta\u00e7\u00e3o do ano. As mudan\u00e7as estruturais do perif\u00edton foram associadas \u00e0 heterogeneidade espacial (complexidade de h\u00e1bitat e condi\u00e7\u00f5es limnol\u00f3gicas), sendo o per\u00edodo de menor heterogeneidade o mais favor\u00e1vel para o desenvolvimento da comunidade perif\u00edtica em\u00a0<em>Nymphaea<\/em>\u00a0spp. A diversidade e riqueza apresentaram maiores valores nos bancos de macr\u00f3fitas com maior complexidade de h\u00e1bitat e no per\u00edodo de maior heterogeneidade espacial. A n\u00edvel taxon\u00f4mico de esp\u00e9cies, a estrutura da comunidade de algas em\u00a0<em>Nymphaea\u00a0<\/em>spp. foi sens\u00edvel ao aumento da complexidade de h\u00e1bitat dos bancos de macr\u00f3fitas em cada esta\u00e7\u00e3o do ano, mas a organiza\u00e7\u00e3o das assembleias algais foi primariamente influenciada pela varia\u00e7\u00e3o sazonal da heterogeneidade espacial. Portanto, conclu\u00edmos que a heterogeneidade espacial foi um importante fator determinante da estrutura da comunidade perif\u00edtica em\u00a0<em>Nymphaea<\/em>\u00a0spp..<\/p>\n<p align=\"justify\"><strong>Palavras-chave:<\/strong>\u00a0complexidade de h\u00e1bitat, macr\u00f3fita, perif\u00edton, reservat\u00f3rio raso<\/p>\n<hr align=\"center\" noshade=\"noshade\" size=\"1\" width=\"100%\" \/>\n<p style=\"text-align: center\"><a href=\"https:\/\/smastr16.blob.core.windows.net\/pgibt\/2013\/09\/pdf_grande.gif\"><img decoding=\"async\" loading=\"lazy\" class=\"aligncenter size-full wp-image-2313\" style=\"border: 0px\" alt=\"pdf_grande\" src=\"https:\/\/smastr16.blob.core.windows.net\/pgibt\/2013\/09\/pdf_grande.gif\" width=\"60\" height=\"60\" \/><\/a><a href=\"https:\/\/smastr16.blob.core.windows.net\/pgibt\/2013\/09\/Barbara_Golebski_Pellegrini_MS.pdf\">Barbara Golebski Pellegrini<br \/>\nInflu\u00eancia da heterogeneidade espacial sobre a estrutura e estado nutricional (C, N, P)<br \/>\nda comunidade perif\u00edtica em substrato natural (<em>Nymphaea<\/em> spp.)<\/a><\/p>\n<hr align=\"center\" noshade=\"noshade\" size=\"1\" width=\"100%\" \/>\n<p style=\"text-align: center\"><strong>\u00a0<a href=\"https:\/\/www.infraestruturameioambiente.sp.gov.br\/pgibt\/dissertacoesteses\/\">VOLTAR AS DISSERTA\u00c7\u00d5ES E TESES<\/a><\/strong><\/p>\n<hr align=\"center\" noshade=\"noshade\" size=\"1\" width=\"100%\" \/>\n","protected":false},"excerpt":{"rendered":"<p>Barbara Golebski Pellegrini No dia 13 de dezembro de 2012, a aluna Barbara Golebski Pellegrini (bolsista FAPESP)\u00a0do Programa de P\u00f3s Gradua\u00e7\u00e3o em Biodiversidade Vegetal e Meio Ambiente defendeu sua disserta\u00e7\u00e3o de mestrado intitulada \u201cInflu\u00eancia da heterogeneidade espacial sobre a estrutura e estado nutricional (C, N, P) da comunidade perif\u00edtica em substrato natural (Nymphaea\u00a0spp.)\u201d Influ\u00eancia da [&hellip;]<\/p>\n","protected":false},"author":1,"featured_media":0,"parent":249,"menu_order":0,"comment_status":"closed","ping_status":"closed","template":"fullpage.php","meta":[],"_links":{"self":[{"href":"https:\/\/www.infraestruturameioambiente.sp.gov.br\/pgibt\/wp-json\/wp\/v2\/pages\/513"}],"collection":[{"href":"https:\/\/www.infraestruturameioambiente.sp.gov.br\/pgibt\/wp-json\/wp\/v2\/pages"}],"about":[{"href":"https:\/\/www.infraestruturameioambiente.sp.gov.br\/pgibt\/wp-json\/wp\/v2\/types\/page"}],"author":[{"embeddable":true,"href":"https:\/\/www.infraestruturameioambiente.sp.gov.br\/pgibt\/wp-json\/wp\/v2\/users\/1"}],"replies":[{"embeddable":true,"href":"https:\/\/www.infraestruturameioambiente.sp.gov.br\/pgibt\/wp-json\/wp\/v2\/comments?post=513"}],"version-history":[{"count":0,"href":"https:\/\/www.infraestruturameioambiente.sp.gov.br\/pgibt\/wp-json\/wp\/v2\/pages\/513\/revisions"}],"up":[{"embeddable":true,"href":"https:\/\/www.infraestruturameioambiente.sp.gov.br\/pgibt\/wp-json\/wp\/v2\/pages\/249"}],"wp:attachment":[{"href":"https:\/\/www.infraestruturameioambiente.sp.gov.br\/pgibt\/wp-json\/wp\/v2\/media?parent=513"}],"curies":[{"name":"wp","href":"https:\/\/api.w.org\/{rel}","templated":true}]}}