{"id":5084,"date":"2016-02-29T16:26:17","date_gmt":"2016-02-29T19:26:17","guid":{"rendered":"https:\/\/www.infraestruturameioambiente.sp.gov.br\/pgibt\/?page_id=5084"},"modified":"2018-05-07T11:49:39","modified_gmt":"2018-05-07T14:49:39","slug":"2016-ana-kelly-koch","status":"publish","type":"page","link":"https:\/\/www.infraestruturameioambiente.sp.gov.br\/pgibt\/dissertacoesteses\/2016-ana-kelly-koch\/","title":{"rendered":"Ana Kelly Koch DR"},"content":{"rendered":"<h2 style=\"text-align: center\"><a href=\"https:\/\/smastr16.blob.core.windows.net\/pgibt\/2015\/02\/faixapos6.jpg\"><img decoding=\"async\" loading=\"lazy\" class=\"aligncenter size-full wp-image-3777\" style=\"border: 0px\" src=\"https:\/\/smastr16.blob.core.windows.net\/pgibt\/2015\/02\/faixapos6.jpg\" alt=\"faixapos6\" width=\"950\" height=\"163\" srcset=\"https:\/\/smastr16.blob.core.windows.net\/pgibt\/2015\/02\/faixapos6.jpg 950w, https:\/\/smastr16.blob.core.windows.net\/pgibt\/2015\/02\/faixapos6-768x131.jpg 768w\" sizes=\"(max-width: 950px) 100vw, 950px\" \/><\/a><\/h2>\n<hr align=\"center\" noshade=\"noshade\" size=\"1\" width=\"100%\" \/>\n<h2 style=\"text-align: center\"><span style=\"color: #003300\">Ana Kelly Koch<\/span><\/h2>\n<hr align=\"center\" noshade=\"noshade\" size=\"1\" width=\"100%\" \/>\n<p style=\"text-align: center\">Ana Kelly Koch, aluna do Programa de P\u00f3s-Gradua\u00e7\u00e3o em Biodiversidade Vegetal e Meio Ambiente do Instituto de Bot\u00e2nica de S\u00e3o Paulo, defendeu, no dia 20 de janeiro de 2016, sua tese de Doutorado intitulada: \u201cRevis\u00e3o taxon\u00f4mica e filogenia do g\u00eanero <i>Macradenia<\/i> R.Br. (Oncidiinae \u2013 Orchidaceae)\u201d.<br \/>\nA banca examinadora foi composta pelo seu orientador Dr. F\u00e1bio de Barros (Instituto de Bot\u00e2nica\/S\u00e3o Paulo, N\u00facleo de Pesquisa Orquid\u00e1rio do Estado), Dr. Tarciso Filgueiras (Instituto de Bot\u00e2nica\/S\u00e3o Paulo, N\u00facleo de Pesquisa Curadoria do Herb\u00e1rio), Dr. Eric de Camargo Smidt (Universidade Federal do Paran\u00e1, Departamento de Bot\u00e2nica), Dr. Emerson Ricardo Pansarin (Universidade de S\u00e3o Paulo, Faculdade de Filosofia Ci\u00eancias e Letras de Ribeir\u00e3o Preto) e Dr. Paulo Takeo Sano (Universidade de S\u00e3o Paulo, Instituto de Bioci\u00eancias).<br \/>\nA tese defendida teve como objetivo principal apresentar a revis\u00e3o taxon\u00f4mica para o g\u00eanero <em>Macradenia<\/em>, tratando de todas as quest\u00f5es nomenclaturais e sua filogenia. Os resultados obtidos encontram-se organizados em cinco cap\u00edtulos:<br \/>\n1) Revis\u00e3o taxon\u00f4mica do g\u00eanero <em>Macradenia<\/em> R.Br. (Oncidiinae \u2013 Orchidaceae). \u00a0Traz o tratamento taxon\u00f4mico para as esp\u00e9cies de <em>Macradenia<\/em>, apresentando uma chave de identifica\u00e7\u00e3o para as esp\u00e9cies, descri\u00e7\u00f5es morfol\u00f3gicas, lista de material examinado, dados de distribui\u00e7\u00e3o geogr\u00e1fica, coment\u00e1rios sobre a biologia e taxonomia, al\u00e9m de ilustra\u00e7\u00f5es em nanquim, fotos e mapas de ocorr\u00eancia das mesmas. Tamb\u00e9m foram tratadas quest\u00f5es nomenclaturais dos t\u00e1xons de <em>Macradenia<\/em>, bem como, t\u00e1xons relacionados.<br \/>\n2) Filogenia do g\u00eanero <em>Macradenia<\/em> R.Br. (Oncidiinae \u2013 Orchidaceae).<b> <\/b>Foram apresentados os dados obtidos atrav\u00e9s da an\u00e1lise molecular do g\u00eanero <em>Macradenia<\/em>, utilizando tr\u00eas regi\u00f5es de DNA (<em>trnL<\/em>&#8211;<em>F<\/em> e <em>MatK<\/em> plastidiais e <em>ITS<\/em> nuclear), propondo uma hip\u00f3tese filogen\u00e9tica para o g\u00eanero, demonstrando o posicionamento das esp\u00e9cies utilizadas e a comprova\u00e7\u00e3o do seu monofilestismo.<br \/>\n3) <em>Macradenia<\/em> <em>grandiflora <\/em>(Cymbidieae; Epidendroideae; Orchidaceae), a new species from southeastern Brazil.<b> <\/b>Foi descrita uma nova esp\u00e9cie para a ci\u00eancia. <em>Macradenia<\/em> <em>grandiflora<\/em> foi descrita a partir de uma material coletado no Parque Estadual do Rio Doce, Minas Gerais. \u00c9 pr\u00f3xima de <em>M<\/em>.<em> lutescens<\/em> por apresentar labelo com \u00e2mbito orbicular ou suborbicular, entretanto se diferem no tamanho das plantas e no n\u00famero de calos do labelo. O mesmo j\u00e1 enconta-se publicado na revista Phytotaxa (Koch <i>et al<\/i>. 2015).<br \/>\n4) Taxonomic notes on species of <em>Macradenia<\/em> R.Br. described by Jo\u00e3o Barbosa Rodrigues.<b> <\/b>Foram tratadas as quatro esp\u00e9cies de <em>Macradenia<\/em> descritas por Jo\u00e3o Barbosa Rodrigues, sendo: <em>M<\/em>.<em> delicatula<\/em> e <em>M<\/em>.<em> regnelli<\/em> em 1882 e <em>M<\/em>. <em>paraensis<\/em> e <em>M<\/em>. <em>rubescens<\/em> em 1887. Para estas esp\u00e9cies foi necess\u00e1ria a escolha de lect\u00f3tipos, com exce\u00e7\u00e3o de <em>M<\/em>.<em> regnelli<\/em> que tem um is\u00f3tipo depositado em P. Das quatro esp\u00e9cies, apenas <em>M<\/em>. <em>paraensis<\/em> continua v\u00e1lida, <em>M<\/em>. <em>rubescens<\/em> foi sinonimizada com <em>M<\/em>. <em>surinamensis<\/em>, <em>M<\/em>. <em>regnelli<\/em> sinonimizada com <em>Warmingia eugenii<\/em> e <em>M<\/em>. <em>delicatula<\/em> \u00e9 um <em>nomen nudum<\/em> por n\u00e3o ter material tipo e nem ilustra\u00e7\u00e3o.<br \/>\nGuia Fotogr\u00e1fico no modelo The Field Museum para as esp\u00e9cies de <i>Macradenia<\/i> R.Br.<b> <\/b>Foi confeccionado um guia composto por fotos de todas as esp\u00e9cies de <i>Macradenia<\/i>, demonstrando as varia\u00e7\u00f5es nas colora\u00e7\u00f5es e formas das pe\u00e7as florais, detalhes de infloresc\u00eancias, pseudobulbos e frutos.<\/p>\n<hr align=\"center\" noshade=\"noshade\" size=\"1\" width=\"100%\" \/>\n<h3 style=\"text-align: center\">Revis\u00e3o taxon\u00f4mica e filogenia do g\u00eanero <em>Macradenia<\/em> R.Br. (Oncidiinae &#8211; Orchidaceae)<\/h3>\n<hr align=\"center\" noshade=\"noshade\" size=\"1\" width=\"100%\" \/>\n<h4 style=\"text-align: center\"><strong>ABSTRACT<\/strong><\/h4>\n<p style=\"text-align: justify\"><em>Macradenia <\/em>R.Br. belongs to the Epidendroideae subfamily of Orchidcaeae within the Cymbidieae tribe, Oncidiinae subtribe. Currently, the genus includes eight species distributed throughout the Neotropics, from southern Florida to Paraguay. <em>Macradenia <\/em>is characterized by its well developed clinandrium and prominent rostellum with an elongated anther located at the back of the column. We aimed with this study to carry out the taxonomic revision of <em>Macradenia<\/em>, in order to clarify the delimitation of the genus and the circumscription of its species, along with a phylogenetic study to test its monophyly and analyze the relationship among its species. The taxonomic revision was based on the analysis of more than 110 vouchers from Brazilian and international maintain herbaria, and collections obtained during field trips. Were recognize eight species of <em>Macradenia<\/em>, which\u00a0 were separated mainly by the number of calli in the lip, shape of the lip lateral lobes, shape and size of the clinandrium, and flower color. Were propose the synonymization of five taxa, 10 lectotypifications, and the exclusion of ten binomial. The phylogenetic hypothesis, based on nuclear (ITS) and chloroplast (trnL-F and matK) markers, using five taxa of <em>Macradenia <\/em>and\u00a0 five additional taxa of Oncidiinae, confirmed the monophyly of the genus. However, the relationships among the species need to be better analyzed with the use of additional markers. During this revision, <em>Macradenia grandiflora <\/em>a new species was described and illustrated. Furthermore, we gave especial attention to all species of <em>Macradenia <\/em>described by Jo\u00e3o Barbosa Rodrigues, designating lectotypes, new synonymys species and excluding a binomial. Finally, we present a photo guide of species of <em>Macradenia <\/em>including the eight species.<br \/>\n<strong>Keywords:<\/strong> Cymbidieae, Clinandrium, Neotropical, Oncidiinae, Orchids<\/p>\n<h4 style=\"text-align: center\"><strong>RESUMO<\/strong><\/h4>\n<p style=\"text-align: justify\"><em>Macradenia <\/em>R.Br. pertence \u00e0 subfam\u00edlia Epidendroideae de Orchidaceae posicionada na tribo Cymbidieae, subtribo Oncidiinae. Atualmente, inclui oito esp\u00e9cies distribu\u00eddas na regi\u00e3o Neotropical, desde o sul da Fl\u00f3rida at\u00e9 o Paraguai. Este g\u00eanero caracteriza-se por apresentar o clin\u00e2ndrio bem desenvolvido e o rostelo proeminente, com uma antera alongada situada no dorso da coluna. O presente trabalho teve como objetivos realizar a revis\u00e3o taxon\u00f4mica de <em>Macradenia<\/em> a fim de esclarecer a delimita\u00e7\u00e3o gen\u00e9rica e circunscrever suas esp\u00e9cies, juntamente com o estudo filogen\u00e9tico para testar seu monofiletismo e analisar rela\u00e7\u00e3o entre suas esp\u00e9cies. A revis\u00e3o taxon\u00f4mica foi baseada na an\u00e1lise de mais de 110 materiais de herb\u00e1rios nanionais e estrangeiros e de materiais obtidos durante as expedi\u00e7\u00f5es de coleta. S\u00e3o reconhecidas oito esp\u00e9cies de <i>Macradenia<\/i>, as quais foram separadas principalmente com base no n\u00famero de calos do labelo, forma dos lobos laterais do labelo, al\u00e9m da forma e tamanho do clin\u00e2ndrio e colora\u00e7\u00e3o das flores. Foram propostos a sinonimiza\u00e7\u00e3o de cinco t\u00e1xons, 10 lectotipifica\u00e7\u00f5es e a exclus\u00e3o de dez bin\u00f4mios, reconhecendo para <i>Macradenia<\/i>. A hip\u00f3tese filogen\u00e9tica baseada nas sequ\u00eancias de dados do DNA nuclear (ITS)<i> <\/i>e plastidial (trnL-F e matK)<i> <\/i>de cinco t\u00e1xons de <em>Macradenia <\/em>e cinco t\u00e1xons adicionais de Oncidiinae confirmaram o monofiletismo de <em>Macradenia<\/em>, entretanto, as rela\u00e7\u00f5es entre as esp\u00e9cies precisam ser melhor analisadas com a inser\u00e7\u00e3o de mais marcadores moleuclares<i>.<\/i>Durante esta revis\u00e3o, <i>Macradenia grandiflora<\/i> uma nova esp\u00e9cie para a ci\u00eancia, foi descrita e ilustrada. Al\u00e9m disso, foi dada uma aten\u00e7\u00e3o especial \u00e0 todas as esp\u00e9cies de <em>Macradenia <\/em>descritas por Jo\u00e3o Barbosa Rodrigues, onde foram designados lect\u00f3tipos, feitas sinonimiza\u00e7\u00f5es com outras esp\u00e9cies e a exclus\u00e3o de um bin\u00f4mio. E finalmente apresenta-se um guia fotogr\u00e1fico das esp\u00e9cies de <em>Macradenia <\/em>incluindo as oito esp\u00e9cies.<br \/>\n<strong>Palavras-chave:<\/strong> Cymbidieae, Clin\u00e2ndrio, Neotropical, Oncidiinae, Orqu\u00eddeas.<\/p>\n<hr align=\"center\" noshade=\"noshade\" size=\"1\" width=\"100%\" \/>\n<p style=\"text-align: center\"><a href=\"https:\/\/smastr16.blob.core.windows.net\/pgibt\/2016\/02\/tese-ana-kelly-koch.pdf\"><img decoding=\"async\" loading=\"lazy\" class=\"aligncenter wp-image-2313 size-full\" style=\"border: 0px\" src=\"https:\/\/smastr16.blob.core.windows.net\/pgibt\/2013\/09\/pdf_grande.gif\" alt=\"pdf_grande\" width=\"60\" height=\"60\" \/><\/a><a href=\"https:\/\/smastr16.blob.core.windows.net\/pgibt\/2016\/02\/tese-ana-kelly-koch.pdf\">Ana Kelly Koch<\/a><br \/>\n<a href=\"https:\/\/smastr16.blob.core.windows.net\/pgibt\/2016\/02\/tese-ana-kelly-koch.pdf\">Revis\u00e3o taxon\u00f4mica e filogenia do g\u00eanero <em>Macradenia<\/em> R.Br. (Oncidiinae &#8211; Orchidaceae)<\/a><\/p>\n<hr align=\"center\" noshade=\"noshade\" size=\"1\" width=\"100%\" \/>\n<p style=\"text-align: center\"><strong> <a href=\"https:\/\/www.infraestruturameioambiente.sp.gov.br\/pgibt\/dissertacoesteses\/\">VOLTAR AS DISSERTA\u00c7\u00d5ES E TESES<\/a><\/strong><\/p>\n<hr align=\"center\" noshade=\"noshade\" size=\"1\" width=\"100%\" \/>\n","protected":false},"excerpt":{"rendered":"<p>Ana Kelly Koch Ana Kelly Koch, aluna do Programa de P\u00f3s-Gradua\u00e7\u00e3o em Biodiversidade Vegetal e Meio Ambiente do Instituto de Bot\u00e2nica de S\u00e3o Paulo, defendeu, no dia 20 de janeiro de 2016, sua tese de Doutorado intitulada: \u201cRevis\u00e3o taxon\u00f4mica e filogenia do g\u00eanero Macradenia R.Br. (Oncidiinae \u2013 Orchidaceae)\u201d. A banca examinadora foi composta pelo seu [&hellip;]<\/p>\n","protected":false},"author":1,"featured_media":0,"parent":249,"menu_order":0,"comment_status":"closed","ping_status":"open","template":"","meta":[],"_links":{"self":[{"href":"https:\/\/www.infraestruturameioambiente.sp.gov.br\/pgibt\/wp-json\/wp\/v2\/pages\/5084"}],"collection":[{"href":"https:\/\/www.infraestruturameioambiente.sp.gov.br\/pgibt\/wp-json\/wp\/v2\/pages"}],"about":[{"href":"https:\/\/www.infraestruturameioambiente.sp.gov.br\/pgibt\/wp-json\/wp\/v2\/types\/page"}],"author":[{"embeddable":true,"href":"https:\/\/www.infraestruturameioambiente.sp.gov.br\/pgibt\/wp-json\/wp\/v2\/users\/1"}],"replies":[{"embeddable":true,"href":"https:\/\/www.infraestruturameioambiente.sp.gov.br\/pgibt\/wp-json\/wp\/v2\/comments?post=5084"}],"version-history":[{"count":2,"href":"https:\/\/www.infraestruturameioambiente.sp.gov.br\/pgibt\/wp-json\/wp\/v2\/pages\/5084\/revisions"}],"predecessor-version":[{"id":6396,"href":"https:\/\/www.infraestruturameioambiente.sp.gov.br\/pgibt\/wp-json\/wp\/v2\/pages\/5084\/revisions\/6396"}],"up":[{"embeddable":true,"href":"https:\/\/www.infraestruturameioambiente.sp.gov.br\/pgibt\/wp-json\/wp\/v2\/pages\/249"}],"wp:attachment":[{"href":"https:\/\/www.infraestruturameioambiente.sp.gov.br\/pgibt\/wp-json\/wp\/v2\/media?parent=5084"}],"curies":[{"name":"wp","href":"https:\/\/api.w.org\/{rel}","templated":true}]}}