{"id":508,"date":"2013-09-16T10:15:09","date_gmt":"2013-09-16T13:15:09","guid":{"rendered":"https:\/\/www.infraestruturameioambiente.sp.gov.br\/pgibt\/?page_id=508"},"modified":"2013-09-16T10:15:09","modified_gmt":"2013-09-16T13:15:09","slug":"2005-fabiana-pucci","status":"publish","type":"page","link":"https:\/\/www.infraestruturameioambiente.sp.gov.br\/pgibt\/dissertacoesteses\/2005-fabiana-pucci\/","title":{"rendered":"Fabiana Pucci Leone MS"},"content":{"rendered":"<h2 style=\"text-align: center\"><a href=\"https:\/\/smastr16.blob.core.windows.net\/pgibt\/2015\/02\/faixapos6.jpg\"><img decoding=\"async\" loading=\"lazy\" class=\"aligncenter size-full wp-image-3777\" style=\"border: 0px\" alt=\"faixapos6\" src=\"https:\/\/smastr16.blob.core.windows.net\/pgibt\/2015\/02\/faixapos6.jpg\" width=\"950\" height=\"163\" srcset=\"https:\/\/smastr16.blob.core.windows.net\/pgibt\/2015\/02\/faixapos6.jpg 950w, https:\/\/smastr16.blob.core.windows.net\/pgibt\/2015\/02\/faixapos6-768x131.jpg 768w\" sizes=\"(max-width: 950px) 100vw, 950px\" \/><\/a><\/h2>\n<hr align=\"center\" noshade=\"noshade\" size=\"1\" width=\"100%\" \/>\n<h2 style=\"text-align: center\">Fabiana Pucci Leone<\/h2>\n<hr align=\"center\" noshade=\"noshade\" size=\"1\" width=\"100%\" \/>\n<p style=\"text-align: center\">No dia 23 de mar\u00e7o de 2005, Fabiana Pucci Leone, aluna do programa de P\u00f3s-Gradua\u00e7\u00e3o em Biodiversidade Vegetal e Meio Ambiente do<br \/>\nInstituto de Bot\u00e2nica de S\u00e3o Paulo e bolsista da FAPESP, defendeu sua disserta\u00e7\u00e3o de mestrado com o t\u00edtulo:<br \/>\n&#8220;Estudo qu\u00edmico e avalia\u00e7\u00e3o da atividade biol\u00f3gica de <em>Alchornea sidifolia<\/em> M\u00fcll Arg&#8221;,<br \/>\ntendo como orientadora a Dra. Maria Cl\u00e1udia Marx Young e com avalia\u00e7\u00e3o da banca composta pelas pesquisadoras:<br \/>\nDra. Luciana Retz de Carvalho (Instituto de Bot\u00e2nica) e a Dra. Rosemeire Aparecida Bom Pessoni (Universidade Metodista).<\/p>\n<hr align=\"center\" noshade=\"noshade\" size=\"1\" width=\"100%\" \/>\n<h2 style=\"text-align: center\"><strong>Estudo qu\u00edmico e avalia\u00e7\u00e3o da atividade biol\u00f3gica de\u00a0<em>Alchornea sidifolia <\/em>M\u00fcll Arg<\/strong><\/h2>\n<hr align=\"center\" noshade=\"noshade\" size=\"1\" width=\"100%\" \/>\n<h4 style=\"text-align: center\"><strong>RESUMO<\/strong><\/h4>\n<p style=\"text-align: justify\"><em>Alchornea sidifolia<\/em>, planta nativa da Mata Atl\u00e2ntica, foi selecionada para este estudo por meio de uma triagem com v\u00e1rias esp\u00e9cies de Euphorbiaceae, coletadas na Reserva do PEFI, por apresentar atividade contra o fungo filamentoso\u00a0<em>Cladosporium sphaerospermum<\/em>. Os objetivos deste trabalho foram: 1) o estudo qu\u00edmico monitorado por ensaios de atividade antif\u00fangica com\u00a0<em>C. sphaerospermum<\/em>\u00a0como fungo revelador, para identifica\u00e7\u00e3o tanto de subst\u00e2ncias com potencial atividade como de outros constituintes; 2) estabelecer rela\u00e7\u00f5es qu\u00edmicas comparativas entre esp\u00e9cies do mesmo grupo taxon\u00f4mico.<\/p>\n<p style=\"text-align: justify\">Para tanto, ra\u00edzes, caules, folhas e flores da planta foram coletados no IBt. Os extratos etan\u00f3licos (ra\u00edzes 0,28%, caules 0,68% e folhas 0,94%), obtidos do p\u00f3 da planta foram particionados com solventes de polaridades crescentes (hexano, clorof\u00f3rmio e acetato de etila) fornecendo os res\u00edduos seguintes: caules 0,043% (EHex, 0,86g), 0,038% (ECHCl3, 0,752g), 0,24% (EAcOEt, 4,8g) e 0,32% (EHid, 6,34g);\u00a0folhas 0,21% (EHex, 12,69g), 0,22% (ECHCl3, 13,37g), 0,097% (EAcOEt, 5,8g) e 0,41% (EHid, 24,3g); ra\u00edzes 0,006% (EHex, 0,0587g), 0,013% (ECHCl3,0,136g), 0,0065% (EAcOEt, 0,0653g) e 0,165% (EHid,1,657g). A utiliza\u00e7\u00e3o do m\u00e9todo de Clevenger para a obten\u00e7\u00e3o de \u00f3leos essenciais de ra\u00edzes, folhas e flores mostrou-se ineficaz. A extra\u00e7\u00e3o espec\u00edfica para alcal\u00f3ides seguida de revela\u00e7\u00e3o com o reagente de Dragendorff apresentou resultados negativos para estes compostos.<\/p>\n<p style=\"text-align: justify\">A triagem fitoqu\u00edmica de\u00a0<em>A. sidifolia<\/em>\u00a0para a caracteriza\u00e7\u00e3o de classes de subst\u00e2ncias, revelou a presen\u00e7a de terpen\u00f3ides e de flavon\u00f3ides nos extratos hex\u00e2nico e de acetato de etila de folhas, respectivamente. O isolamento de sesquiterpenos, corimbol e quercitrina confirmam os dados da triagem fitoqu\u00edmica. Neste mesmo estudo, a quantifica\u00e7\u00e3o de fen\u00f3is totais nas folhas, pelo m\u00e9todo de Folin-Denis, foi de 32,6%, sendo 22% de flavon\u00f3ides e 2,75% de taninos. Nos caules, a porcentagem de fen\u00f3is totais foi de 9,8% sendo 6% de flavon\u00f3ides e 1,62% de taninos. Estes dados sugerem que em\u00a0<em>A. sidifolia<\/em>\u00a0a presen\u00e7a de altos teores de fen\u00f3is nas folhas pode estar associada a herbivoria e prote\u00e7\u00e3o contra a incid\u00eancia de raios ultravioleta e vis\u00edvel.<br \/>\nOs extratos EEtOH, EHid, EAcOEt e EHex de folhas de A. sidifolia apresentaram atividade seletiva contra a linhagem mutante de\u00a0<em>S. cerevisae Rad 52Y<\/em>\u00a0em compara\u00e7\u00e3o com a linhagem selvagem Rad+. Os halos de inibi\u00e7\u00f5es observados para os extratos estudados foram de aproximadamente 8mm, atividade considerada muito fraca, uma vez que na concentra\u00e7\u00e3o testada o halo deveria ser de pelo menos 12 mm, para o extrato ser considerado ativo. Os mesmos extratos acima citados, quando testados frente a\u00a0<em>Escherichia coli, Staphylococcus aureus<\/em>\u00a0e\u00a0<em>Candida albicans<\/em>\u00a0n\u00e3o apresentaram atividade antimicrobiana.<\/p>\n<p style=\"text-align: justify\">Os resultados de bioautografia com o fungo\u00a0<em>C. sphaerospermum<\/em>\u00a0mostraram inibi\u00e7\u00f5es mais n\u00edtidas nos extratos em CHCl3 dos caules e das ra\u00edzes. O fracionamento do extrato CHCl3 dos caules, forneceu duas fra\u00e7\u00f5es ativas, nas quais foram identificados por CG\/EM difenilsulfeto, a-amorfeno e hidrocarbonetos. Nas ra\u00edzes, os componentes majorit\u00e1rios da fra\u00e7\u00e3o ativa foram identificados por CG\/EM como a-humuleno e b- cariofileno. A quercitrina, isolada do res\u00edduo AcOEt das folhas apresentou atividade antif\u00fangica fraca contra\u00a0<em>C.<\/em>\u00a0sphaerospermum. O diterpeno ent-6b, 16a, 17- trihidroxicaurano, conhecido como corimbol, isolado do extrato clorof\u00f3rmico de folhas e identificado, por m\u00e9todos espectrom\u00e9tricos, \u00e9 in\u00e9dito nesta esp\u00e9cie vegetal e n\u00e3o apresentou atividade antif\u00fangica.<\/p>\n<p style=\"text-align: center\"><a href=\"https:\/\/smastr16.blob.core.windows.net\/pgibt\/2013\/09\/fabiana2.jpg\"><img decoding=\"async\" loading=\"lazy\" class=\"alignnone size-full wp-image-510\" alt=\"Fabiana\" src=\"https:\/\/smastr16.blob.core.windows.net\/pgibt\/2013\/09\/fabiana2.jpg\" width=\"245\" height=\"175\" srcset=\"https:\/\/smastr16.blob.core.windows.net\/pgibt\/2013\/09\/fabiana2.jpg 245w, https:\/\/smastr16.blob.core.windows.net\/pgibt\/2013\/09\/fabiana2-768x548.jpg 768w\" sizes=\"(max-width: 245px) 100vw, 245px\" \/><\/a>\u00a0 <a href=\"https:\/\/smastr16.blob.core.windows.net\/pgibt\/2013\/09\/fabiana3.jpg\"><img decoding=\"async\" loading=\"lazy\" class=\"alignnone size-full wp-image-511\" alt=\"Fabiana\" src=\"https:\/\/smastr16.blob.core.windows.net\/pgibt\/2013\/09\/fabiana3.jpg\" width=\"243\" height=\"212\" srcset=\"https:\/\/smastr16.blob.core.windows.net\/pgibt\/2013\/09\/fabiana3.jpg 243w, https:\/\/smastr16.blob.core.windows.net\/pgibt\/2013\/09\/fabiana3-768x670.jpg 768w\" sizes=\"(max-width: 243px) 100vw, 243px\" \/><\/a><\/p>\n<hr align=\"center\" noshade=\"noshade\" size=\"1\" width=\"100%\" \/>\n<p><a href=\"https:\/\/smastr16.blob.core.windows.net\/pgibt\/2013\/09\/pdf_grande.gif\"><img decoding=\"async\" loading=\"lazy\" class=\"aligncenter size-full wp-image-2313\" style=\"border: 0px\" alt=\"pdf_grande\" src=\"https:\/\/smastr16.blob.core.windows.net\/pgibt\/2013\/09\/pdf_grande.gif\" width=\"60\" height=\"60\" \/><\/a><\/p>\n<p style=\"text-align: center\"><a href=\"https:\/\/smastr16.blob.core.windows.net\/pgibt\/2013\/09\/Fabiana_Pucci_Leone_MS.pdf\" target=\"_blank\">Fabiana Pucci Leone<br \/>\n<\/a><a href=\"https:\/\/smastr16.blob.core.windows.net\/pgibt\/2013\/09\/Fabiana_Pucci_Leone_MS.pdf\">Estudo qu\u00edmico e avalia\u00e7\u00e3o da atividade biol\u00f3gica de\u00a0<em>Alchornea sidifolia M\u00fcll Arg<\/em><\/a><\/p>\n<hr align=\"center\" noshade=\"noshade\" size=\"1\" width=\"100%\" \/>\n<p style=\"text-align: center\"><strong>\u00a0<a href=\"https:\/\/www.infraestruturameioambiente.sp.gov.br\/pgibt\/dissertacoesteses\/\">VOLTAR AS DISSERTA\u00c7\u00d5ES E TESES<\/a><\/strong><\/p>\n<hr align=\"center\" noshade=\"noshade\" size=\"1\" width=\"100%\" \/>\n<h1 style=\"text-align: center\"><\/h1>\n","protected":false},"excerpt":{"rendered":"<p>Fabiana Pucci Leone No dia 23 de mar\u00e7o de 2005, Fabiana Pucci Leone, aluna do programa de P\u00f3s-Gradua\u00e7\u00e3o em Biodiversidade Vegetal e Meio Ambiente do Instituto de Bot\u00e2nica de S\u00e3o Paulo e bolsista da FAPESP, defendeu sua disserta\u00e7\u00e3o de mestrado com o t\u00edtulo: &#8220;Estudo qu\u00edmico e avalia\u00e7\u00e3o da atividade biol\u00f3gica de Alchornea sidifolia M\u00fcll Arg&#8221;, [&hellip;]<\/p>\n","protected":false},"author":1,"featured_media":0,"parent":249,"menu_order":0,"comment_status":"closed","ping_status":"open","template":"sma\/fullpage.php","meta":[],"_links":{"self":[{"href":"https:\/\/www.infraestruturameioambiente.sp.gov.br\/pgibt\/wp-json\/wp\/v2\/pages\/508"}],"collection":[{"href":"https:\/\/www.infraestruturameioambiente.sp.gov.br\/pgibt\/wp-json\/wp\/v2\/pages"}],"about":[{"href":"https:\/\/www.infraestruturameioambiente.sp.gov.br\/pgibt\/wp-json\/wp\/v2\/types\/page"}],"author":[{"embeddable":true,"href":"https:\/\/www.infraestruturameioambiente.sp.gov.br\/pgibt\/wp-json\/wp\/v2\/users\/1"}],"replies":[{"embeddable":true,"href":"https:\/\/www.infraestruturameioambiente.sp.gov.br\/pgibt\/wp-json\/wp\/v2\/comments?post=508"}],"version-history":[{"count":0,"href":"https:\/\/www.infraestruturameioambiente.sp.gov.br\/pgibt\/wp-json\/wp\/v2\/pages\/508\/revisions"}],"up":[{"embeddable":true,"href":"https:\/\/www.infraestruturameioambiente.sp.gov.br\/pgibt\/wp-json\/wp\/v2\/pages\/249"}],"wp:attachment":[{"href":"https:\/\/www.infraestruturameioambiente.sp.gov.br\/pgibt\/wp-json\/wp\/v2\/media?parent=508"}],"curies":[{"name":"wp","href":"https:\/\/api.w.org\/{rel}","templated":true}]}}