{"id":5075,"date":"2016-02-26T16:33:17","date_gmt":"2016-02-26T19:33:17","guid":{"rendered":"https:\/\/www.infraestruturameioambiente.sp.gov.br\/pgibt\/?page_id=5075"},"modified":"2016-02-26T16:33:17","modified_gmt":"2016-02-26T19:33:17","slug":"2015-ricardo-pedro-guazzelli-rosario","status":"publish","type":"page","link":"https:\/\/www.infraestruturameioambiente.sp.gov.br\/pgibt\/dissertacoesteses\/2015-ricardo-pedro-guazzelli-rosario\/","title":{"rendered":"Ricardo Pedro Guazzelli Rosario DR"},"content":{"rendered":"<h2 style=\"text-align: center\"><a href=\"https:\/\/smastr16.blob.core.windows.net\/pgibt\/2015\/02\/faixapos6.jpg\"><img decoding=\"async\" loading=\"lazy\" class=\"aligncenter size-full wp-image-3777\" style=\"border: 0px\" alt=\"faixapos6\" src=\"https:\/\/smastr16.blob.core.windows.net\/pgibt\/2015\/02\/faixapos6.jpg\" width=\"950\" height=\"163\" srcset=\"https:\/\/smastr16.blob.core.windows.net\/pgibt\/2015\/02\/faixapos6.jpg 950w, https:\/\/smastr16.blob.core.windows.net\/pgibt\/2015\/02\/faixapos6-768x131.jpg 768w\" sizes=\"(max-width: 950px) 100vw, 950px\" \/><\/a><\/h2>\n<hr align=\"center\" noshade=\"noshade\" size=\"1\" width=\"100%\" \/>\n<h2 style=\"text-align: center\"><span style=\"color: #003300\">Pedro Guazzelli Rosario<\/span><\/h2>\n<hr align=\"center\" noshade=\"noshade\" size=\"1\" width=\"100%\" \/>\n<p style=\"text-align: center\">No dia 30 de julho de 2015 o doutorando Ricardo Pedro Guazzelli Ros\u00e1rio defendeu tese intitulada \u201cPar\u00e2metros e descritores biol\u00f3gicos para o estabelecimento de classes de est\u00e1gios sucessionais iniciais para a Floresta Ombr\u00f3fila Densa Montana, como contribui\u00e7\u00e3o \u00e0 conserva\u00e7\u00e3o da Mata Atl\u00e2ntica\u201d orientado pelo Dr. Eduardo Luis Martins Catharino que foi o presidente da banca.<br \/>\nCompuseram a banca, al\u00e9m do orientador, o Dr. Paulo Nogueira-Neto, do Departamento de Ecologia do Instituto de Bioci\u00eancias da Universidade de S\u00e3o Paulo, internacionalmente renomado e considerado um dos pioneiros na atua\u00e7\u00e3o em prol da conserva\u00e7\u00e3o no Brasil, a Dra. Elizabeth de Almeida Meirelles, da Faculdade de Direito da Universidade de S\u00e3o Paulo, a Dra. Dra. Renata Jimenez de Almeida-Scabbia, da Universidade de Mogi das Cruzes e o Dr. Eduardo Pereira Cabral Gomes, do N\u00facleo de Pesquisa em Ecologia do Instituto de Bot\u00e2nica.<br \/>\nAp\u00f3s o candidato ministrar aula a respeito do tema da tese e a argui\u00e7\u00e3o dos cinco membros da banca, o candidato foi considerado aprovado, sendo destacada a import\u00e2ncia deste tipo de pesquisa no aprimoramento de leis de prote\u00e7\u00e3o ao meio ambiente e em pol\u00edticas p\u00fablicas voltadas a conserva\u00e7\u00e3o de florestas paulistas, nacionais e mundiais. A sess\u00e3o foi p\u00fablica, estando presentes alunos de p\u00f3s-gradua\u00e7\u00e3o do instituto,\u00a0membros da comunidade cientifica, amigos e familiares.<\/p>\n<hr align=\"center\" noshade=\"noshade\" size=\"1\" width=\"100%\" \/>\n<h3 style=\"text-align: center\">Par\u00e2metros e descritores biol\u00f3gicos para o estabelecimento de classes de est\u00e1gios sucessionais iniciais para a Floresta Ombr\u00f3fila Densa Montana, como contribui\u00e7\u00e3o \u00e0 conserva\u00e7\u00e3o da Mata Atl\u00e2ntica<\/h3>\n<hr align=\"center\" noshade=\"noshade\" size=\"1\" width=\"100%\" \/>\n<h4 style=\"text-align: center\"><strong>RESUMO<\/strong><\/h4>\n<p style=\"text-align: justify\">Mata Atl\u00e2ntica \u00e9 uma floresta tropical que apresenta elevado grau de endemismo, alta diversidade e foi amplamente degradada, sendo considerada uma das \u00e1reas priorit\u00e1rias para conserva\u00e7\u00e3o mundial (\u201chotspots\u201d). Por ser uma floresta tropical tem como caracter\u00edstica ser din\u00e2mica, apresentando est\u00e1gios de sucess\u00e3o ap\u00f3s alguma perturba\u00e7\u00e3o natural ou antropog\u00eanica, sendo no Brasil estes est\u00e1gios denominados inicial, m\u00e9dio e avan\u00e7ado. Nesse processo entende-se que a estrutura \u00e9 bem conhecida, mas a falta de estudos principalmente em \u00e1reas jovens torna dif\u00edcil a caracteriza\u00e7\u00e3o desses est\u00e1gios. Al\u00e9m disso, a legisla\u00e7\u00e3o, em especial para fins de licenciamento ambiental, incorporou aspectos t\u00e9cnicos para caracterizar os est\u00e1gios de sucess\u00e3o florestal por par\u00e2metros, todavia os mesmos podem e devem ser aprimorados, por estudos de levantamento da vegeta\u00e7\u00e3o, de an\u00e1lises de EIAs\/RIMAs e da legisla\u00e7\u00e3o internacional. Assim, este estudo objetivou analisar os par\u00e2metros e crit\u00e9rios utilizados na separa\u00e7\u00e3o de classes ou s\u00e9ries sucessionais, notadamente para os est\u00e1gios mais jovens de regenera\u00e7\u00e3o florestal (pioneiro, inicial e m\u00e9dio), \u00fateis para o manejo e a conserva\u00e7\u00e3o da floresta atl\u00e2ntica no Estado de S\u00e3o Paulo observando a legisla\u00e7\u00e3o nacional e internacional e verificar se os par\u00e2metros biol\u00f3gicos de diversidade florestal estabelecidos em lei est\u00e3o sendo seguidos nos invent\u00e1rios realizados nos estudos de EIAs\/RIMAou semelhantes, bem como sugerir crit\u00e9rios e par\u00e2metros para o aprimoramento dos laudos de vegeta\u00e7\u00e3o. As \u00e1reas de estudo concentraram-se no entorno da Reserva Florestal do Morro Grande (Cotia, SP) e no Parque Natural Municipal do Jacequava (S\u00e3o Paulo, SP). Foi efetuado levantamento bibliogr\u00e1fico e levantamento de campo, sendo pr\u00e9-escolhidas para amostragem \u00e1reas em est\u00e1gios inicial e m\u00e9dio de sucess\u00e3o, de acordo com a legisla\u00e7\u00e3o vigente e, em cada est\u00e1gio sucessional classificado foram instaladas cinco parcelas de 20x50m, subdividas em parcelas de 10x10m, totalizando 100 sub-parcelas de 10x10m com uma \u00e1rea total de 1,0ha. Nestas \u00e1reas foram amostradas o componente arb\u00f3reo tendo como crit\u00e9rio de inclus\u00e3o indiv\u00edduos com PAP acima de 15cm, com tronco definido e altura superior a 2m, sendo o material coletado devidamente herborizado para identifica\u00e7\u00e3o posterior. Os dados foram analisados por riqueza, abund\u00e2ncia, guildas de sucess\u00e3o, s\u00edndromes de dispers\u00e3o, esp\u00e9cies ex\u00f3ticas, esp\u00e9cies sob algum grau de amea\u00e7a. Tamb\u00e9m foram elaboradas an\u00e1lises de agrupamento, de ordena\u00e7\u00e3o pelo m\u00e9todo da DCA (Detrended Correspondence Analysis), par\u00e2metros fitossociol\u00f3gicos, e CCA (Canonical Correspondence Analysis). Para os EIAs\/RIMAs e a Legisla\u00e7\u00e3o Nacional (Resolu\u00e7\u00f5es do CONAMA em especial) e Internacional foram observados os crit\u00e9rios da lei e outros que poderiam contribuir para o aprimoramento da mesma. Como resultados gerais o trabalho de campo resultou em um levantamento de 187 diferentes esp\u00e9cies de 56 fam\u00edlias e 2.232 indiv\u00edduos,o \u00cdndice de Shannon (H\u2019) de 3,547nats\/ind. As an\u00e1lises de guildas de sucess\u00e3o e de s\u00edndrome de dispers\u00e3o diferenciaram os est\u00e1gios inicial e m\u00e9dio de sucess\u00e3o desde que avaliados conjuntamente os dados de riqueza e abund\u00e2ncia. Foram encontradas quatro esp\u00e9cies ex\u00f3ticas e 15 sob algum grau de amea\u00e7a. Os dados de agrupamento, ordena\u00e7\u00e3o e CCA separam as dez \u00e1reas em dois grupos, parcelas em est\u00e1gio inicial de sucess\u00e3o e parcelas em est\u00e1gio m\u00e9dio de sucess\u00e3o e os dados estruturais tamb\u00e9m. Uma lista de esp\u00e9cies indicadoras dos est\u00e1gios inicial e m\u00e9dio de sucess\u00e3o foi elaborada e comparada com a legisla\u00e7\u00e3o. Os par\u00e2metros biol\u00f3gicos presentes na legisla\u00e7\u00e3o muitas vezes s\u00e3o apontados nos EIAs por\u00e9m, sem a informa\u00e7\u00e3o realmente pertinente para a caracteriza\u00e7\u00e3o dos est\u00e1gios de sucess\u00e3o. A legisla\u00e7\u00e3o internacional n\u00e3o tem paralelo e n\u00e3o apresenta detalhamento como a brasileira. O trabalho aponta que a legisla\u00e7\u00e3o paulista pode ser aprimorada por crit\u00e9rios ecol\u00f3gicos com caracter\u00edsticas objetivas, sendo incorporados no licenciamento ambiental e vindo a fazer parte dos EIAs\/RIMAs, notadamente a \u00e1rea basal e a classifica\u00e7\u00e3o em guildas de sucess\u00e3o e em s\u00edndromes de dispers\u00e3o.<br \/>\n<strong>Palavras Chaves<\/strong>: Sucess\u00e3o Florestal, Floresta Pluvial Tropical, riqueza e diversidade de esp\u00e9cies, estrutura\u00a0 florestal, legisla\u00e7\u00e3o, licenciamento ambiental, EIA\/RIMA (Estudo de Impacto Ambiental\/Relat\u00f3rio de Impacto de Meio Ambiente).xto<i>.<\/i><\/p>\n<hr align=\"center\" noshade=\"noshade\" size=\"1\" width=\"100%\" \/>\n<p style=\"text-align: center\"><a href=\"https:\/\/smastr16.blob.core.windows.net\/pgibt\/2013\/09\/pdf_grande.gif\"><img decoding=\"async\" loading=\"lazy\" class=\"aligncenter size-full wp-image-2313\" style=\"border: 0px\" alt=\"pdf_grande\" src=\"https:\/\/smastr16.blob.core.windows.net\/pgibt\/2013\/09\/pdf_grande.gif\" width=\"60\" height=\"60\" \/><\/a><a href=\"https:\/\/smastr16.blob.core.windows.net\/pgibt\/2016\/02\/Ricardo_Pedro_Guazzelli_Rosario_DR.pdf\" target=\"_blank\">Ricardo Pedro Guazzelli Rosario<br \/>\nPar\u00e2metros e descritores biol\u00f3gicos para o estabelecimento de classes de est\u00e1gios sucessionais iniciais para a Floresta Ombr\u00f3fila Densa Montana, como contribui\u00e7\u00e3o \u00e0 conserva\u00e7\u00e3o da Mata Atl\u00e2ntica<\/a><\/p>\n<hr align=\"center\" noshade=\"noshade\" size=\"1\" width=\"100%\" \/>\n<p style=\"text-align: center\"><strong> <a href=\"https:\/\/www.infraestruturameioambiente.sp.gov.br\/pgibt\/dissertacoesteses\/\">VOLTAR AS DISSERTA\u00c7\u00d5ES E TESES<\/a><\/strong><\/p>\n<hr align=\"center\" noshade=\"noshade\" size=\"1\" width=\"100%\" \/>\n","protected":false},"excerpt":{"rendered":"<p>Pedro Guazzelli Rosario No dia 30 de julho de 2015 o doutorando Ricardo Pedro Guazzelli Ros\u00e1rio defendeu tese intitulada \u201cPar\u00e2metros e descritores biol\u00f3gicos para o estabelecimento de classes de est\u00e1gios sucessionais iniciais para a Floresta Ombr\u00f3fila Densa Montana, como contribui\u00e7\u00e3o \u00e0 conserva\u00e7\u00e3o da Mata Atl\u00e2ntica\u201d orientado pelo Dr. Eduardo Luis Martins Catharino que foi o [&hellip;]<\/p>\n","protected":false},"author":1,"featured_media":0,"parent":249,"menu_order":0,"comment_status":"closed","ping_status":"open","template":"sma\/fullpage.php","meta":[],"_links":{"self":[{"href":"https:\/\/www.infraestruturameioambiente.sp.gov.br\/pgibt\/wp-json\/wp\/v2\/pages\/5075"}],"collection":[{"href":"https:\/\/www.infraestruturameioambiente.sp.gov.br\/pgibt\/wp-json\/wp\/v2\/pages"}],"about":[{"href":"https:\/\/www.infraestruturameioambiente.sp.gov.br\/pgibt\/wp-json\/wp\/v2\/types\/page"}],"author":[{"embeddable":true,"href":"https:\/\/www.infraestruturameioambiente.sp.gov.br\/pgibt\/wp-json\/wp\/v2\/users\/1"}],"replies":[{"embeddable":true,"href":"https:\/\/www.infraestruturameioambiente.sp.gov.br\/pgibt\/wp-json\/wp\/v2\/comments?post=5075"}],"version-history":[{"count":0,"href":"https:\/\/www.infraestruturameioambiente.sp.gov.br\/pgibt\/wp-json\/wp\/v2\/pages\/5075\/revisions"}],"up":[{"embeddable":true,"href":"https:\/\/www.infraestruturameioambiente.sp.gov.br\/pgibt\/wp-json\/wp\/v2\/pages\/249"}],"wp:attachment":[{"href":"https:\/\/www.infraestruturameioambiente.sp.gov.br\/pgibt\/wp-json\/wp\/v2\/media?parent=5075"}],"curies":[{"name":"wp","href":"https:\/\/api.w.org\/{rel}","templated":true}]}}