{"id":5016,"date":"2016-01-05T16:11:09","date_gmt":"2016-01-05T18:11:09","guid":{"rendered":"https:\/\/www.infraestruturameioambiente.sp.gov.br\/pgibt\/?page_id=5016"},"modified":"2016-01-05T16:11:09","modified_gmt":"2016-01-05T18:11:09","slug":"2015-marcelle-dafre-martinelli","status":"publish","type":"page","link":"https:\/\/www.infraestruturameioambiente.sp.gov.br\/pgibt\/dissertacoesteses\/2015-marcelle-dafre-martinelli\/","title":{"rendered":"Marcelle Dafr\u00e9 Martinelli DR"},"content":{"rendered":"<h2 style=\"text-align: center\"><a href=\"https:\/\/smastr16.blob.core.windows.net\/pgibt\/2015\/02\/faixapos6.jpg\"><img decoding=\"async\" loading=\"lazy\" class=\"aligncenter size-full wp-image-3777\" style=\"border: 0px\" alt=\"faixapos6\" src=\"https:\/\/smastr16.blob.core.windows.net\/pgibt\/2015\/02\/faixapos6.jpg\" width=\"950\" height=\"163\" srcset=\"https:\/\/smastr16.blob.core.windows.net\/pgibt\/2015\/02\/faixapos6.jpg 950w, https:\/\/smastr16.blob.core.windows.net\/pgibt\/2015\/02\/faixapos6-768x131.jpg 768w\" sizes=\"(max-width: 950px) 100vw, 950px\" \/><\/a><\/h2>\n<hr align=\"center\" noshade=\"noshade\" size=\"1\" width=\"100%\" \/>\n<h2 style=\"text-align: center\"><span style=\"color: #003300\">Marcelle\u00a0Dafr\u00e9\u00a0Martinelli<\/span><\/h2>\n<hr align=\"center\" noshade=\"noshade\" size=\"1\" width=\"100%\" \/>\n<p style=\"text-align: center\"><span style=\"line-height: 1.5em\">No dia 29 de julho de 2015, no anfiteatro do Instituto de Bot\u00e2nica de S\u00e3o Paulo (IBt), a aluna de doutorado Marcelle Dafr\u00e9 Martinelli (bolsista CAPES), do Programa de P\u00f3s-Gradua\u00e7\u00e3o em Biodiversidade Vegetal e Meio Ambiente defendeu sua Tese intitulada:<br \/>\n<\/span>\u201cAporte e deposi\u00e7\u00e3o de elementos qu\u00edmicos marcadores de polui\u00e7\u00e3o atmosf\u00e9rica em fragmentos florestais na regi\u00e3o metropolitana de Campinas, S\u00e3o Paulo\u201d,\u00a0sob orienta\u00e7\u00e3o da Dra. Marisa Domingos do N\u00facleo de Pesquisa em Ecologia do Instituto de Bot\u00e2nica de S\u00e3o Paulo e co-orienta\u00e7\u00e3o da Dra. Ana Maria Graciano Figueiredo da Comiss\u00e3o Nacional de Energia Nuclear do Instituto de Pesquisas Energ\u00e9ticas e Nucleares.<br \/>\nA Banca examinadora foi composta pela Dra. Marisa Domingos (Orientadora e Presidente\/IBt), Dra. Regina Maria de Moraes (N\u00facleo de Pesquisa em Ecologia\/IBt), Dra. Adalgiza Fornaro (Dpto Ci\u00eancias atmosf\u00e9ricas- IAG\/USP), Dra. M\u00e1rcia In\u00eas Martin Silveira Lopes (N\u00facleo de Pesquisa em Ecologia\/IBt) e Dr. Jo\u00e3o Vicente de Assun\u00e7\u00e3o (FSP\/USP)<br \/>\n<a href=\"https:\/\/smastr16.blob.core.windows.net\/pgibt\/2016\/01\/Marcelle-Dafr\u00e9-Martinelli1.jpg\"><img decoding=\"async\" loading=\"lazy\" class=\"aligncenter  wp-image-5022\" alt=\"Marcelle Dafr\u00e9 Martinelli1\" src=\"https:\/\/smastr16.blob.core.windows.net\/pgibt\/2016\/01\/Marcelle-Dafr\u00e9-Martinelli1.jpg\" width=\"493\" height=\"335\" \/><\/a><span style=\"line-height: 1.5em\">Legenda da foto (esq para direita):<br \/>\n<\/span>Dr. Jo\u00e3o Vicente de Assun\u00e7\u00e3o, Dra. M\u00e1rcia In\u00eas Martin Silveira Lopes, Dra. Regina Maria de Moraes, a aluna Marcelle Dafr\u00e9 Martinelli, Dra. Marisa Domingos, Dra. Adalgiza Fornaro e Dra. Ana Maria Graciano Figueiredo.<\/p>\n<hr align=\"center\" noshade=\"noshade\" size=\"1\" width=\"100%\" \/>\n<h3 style=\"text-align: center\"><b>Aporte e deposi\u00e7\u00e3o de elementos qu\u00edmicos marcadores de polui\u00e7\u00e3o atmosf\u00e9rica em fragmentos florestais na regi\u00e3o metropolitana de Campinas, S\u00e3o Paulo<\/b><\/h3>\n<hr align=\"center\" noshade=\"noshade\" size=\"1\" width=\"100%\" \/>\n<h4 style=\"text-align: center\"><strong>RESUMO<\/strong><\/h4>\n<p style=\"text-align: justify\">O material particulado atmosf\u00e9rico, proveniente de fontes naturais ou antropog\u00eanicas, pode promover o aporte de elementos potencialmente t\u00f3xicos, como Cr, Cu, Ni, Pb, Zn, em ecossistemas florestais atrav\u00e9s da deposi\u00e7\u00e3o seca e\/ou \u00famida, promovendo seu ac\u00famulo em diferentes compartimentos dos ecossistemas, como solo e comunidade vegetal. Programas de biomonitoramento de qualidade do ar, utilizando esp\u00e9cies vegetais, permitem avaliar a distribui\u00e7\u00e3o temporal e espacial destes poluentes e seu impacto aos ecossistemas. Em tese, esses programas poderiam ser \u00fateis na Regi\u00e3o Metropolitana de Campinas (RMC), que abriga um vasto parque industrial, incluindo a maior refinaria de petr\u00f3leo do pa\u00eds, que tem uma intensa atividade agr\u00edcola (principalmente de cana-de\u2013a\u00e7\u00facar) e um alto fluxo veicular. Essa diversidade de fontes de polui\u00e7\u00e3o margeia os fragmentos florestais que ainda restam na regi\u00e3o. O presente estudo foi proposto visando a testar as seguintes hip\u00f3teses: os fragmentos florestais remanescentes nesta regi\u00e3o t\u00eam recebido um excesso de elementos tra\u00e7o, sendo que o n\u00edvel de aporte destes elementos varia espacialmente e sazonalmente; o n\u00edvel de disponibilidade de elementos tra\u00e7o no solo depende de sua origem e propriedades f\u00edsicas dos solos; a capacidade de ac\u00famulo foliar de elementos qu\u00edmicos e seu potencial para o biomonitoramento diferem entre as esp\u00e9cies arb\u00f3reas nativas. Assim, a deposi\u00e7\u00e3o seca e \u00famida de elementos tra\u00e7o foi caracterizada nas proximidades de dois fragmentos florestais (um pr\u00f3ximo ao p\u00f3lo industrial em Paul\u00ednia e outro pr\u00f3ximo a fontes urbanas em Campinas). Os n\u00edveis totais e dispon\u00edveis de elementos tra\u00e7o nos solos, assim como o ac\u00famulo de elementos tra\u00e7o na folhagem das tr\u00eas esp\u00e9cies arb\u00f3reas mais abundantes (<em>Astronium graveolens<\/em> Jacq., <em>Croton floribundus<\/em> (L.) Spreng. e <em>Piptadenia gonoacantha<\/em> (Mart.) J.F. Macbr), foram determinados nesses mesmos fragmentos e em outros dois pr\u00f3ximos a atividades agr\u00edcolas, em Cosm\u00f3polis e Holambra. A varia\u00e7\u00e3o sazonal dos teores dos elementos qu\u00edmicos estudados na deposi\u00e7\u00e3o seca e \u00famida n\u00e3o foi claramente definida, no entanto, muitos elementos ocorreram em maiores concentra\u00e7\u00f5es em amostras de MP<sub>10<\/sub> durante a esta\u00e7\u00e3o seca, em ambos os locais estudados. Al e Fe, elementos ligados \u00e0 ressuspens\u00e3o de solo, foram os mais abundantes na deposi\u00e7\u00e3o seca e \u00famida. A \u00e1gua de chuva, em Campinas e Paul\u00ednia, mostrou-se moderadamente enriquecida por Cu, Pb e Zn. O MP<sub>10<\/sub> teve enriquecimento moderado de Cu e alto enriquecimento de Mo em ambas as \u00e1reas. N\u00e3o houve varia\u00e7\u00e3o sazonal na concentra\u00e7\u00e3o dos elementos tra\u00e7o avaliados no solo e a varia\u00e7\u00e3o espacial foi influenciada n\u00e3o somente pelas fontes de polui\u00e7\u00e3o como pelas rochas matrizes do solo. A disponibilidade dos elementos no solo da regi\u00e3o foi influenciada pelo pH, teor de mat\u00e9ria org\u00e2nica e de argila, capacidade de troca cati\u00f4nica (CTC) e presen\u00e7a de \u00f3xidos de Al, Fe e Mn.\u00a0 Concluiu-se que o fragmento de Campinas foi mais exposto \u00e0 polui\u00e7\u00e3o de elementos tra\u00e7o no solo do que os outros fragmentos, considerando as concentra\u00e7\u00f5es totais e dispon\u00edveis destes elementos, atributos f\u00edsicos e qu\u00edmicos do solo e a\u00a0 estimativa dos n\u00edveis de contamina\u00e7\u00e3o. Folhas de <em>Croton floribundus<\/em> e, em menor grau, de <em>P<\/em>.<em> gonoacantha<\/em>, demonstraram maior habilidade em acumular a maioria dos elementos analisados do que as folhas de <em>A<\/em>.<em> graveolens<\/em><i>. <\/i>Durante a esta\u00e7\u00e3o seca, foram obtidos os maiores teores foliares de grande parte dos elementos avaliados em todas as esp\u00e9cies, possibilitando o uso das tr\u00eas para monitoramento da sazonalidade no n\u00edvel de polui\u00e7\u00e3o pelos mesmos. <em>A<\/em>.<em> graveolens<\/em> foi a esp\u00e9cie mais indicada para discriminar a varia\u00e7\u00e3o espacial dos elementos potencialmente t\u00f3xicos, na Regi\u00e3o Metropolitana de Campinas. An\u00e1lises de agrupamento indicaram que a deposi\u00e7\u00e3o seca e MP<sub>10<\/sub> foram fontes mais importantes dos elementos avaliados para as 3 esp\u00e9cies arb\u00f3reas do que o solo e a \u00e1gua de chuva, tanto em Campinas quanto em Paul\u00ednia.<br \/>\n<strong>Palavras-chave<\/strong>: Floresta Estacional Semidecidual; fragmentos florestais; esp\u00e9cies arb\u00f3reas nativas; Regi\u00e3o Metropolitana de Campinas; elementos potencialmente t\u00f3xicos; biomonitoramento passivo.<i><br \/>\n<\/i><\/p>\n<hr align=\"center\" noshade=\"noshade\" size=\"1\" width=\"100%\" \/>\n<p style=\"text-align: center\"><a href=\"https:\/\/smastr16.blob.core.windows.net\/pgibt\/2013\/09\/pdf_grande.gif\"><img decoding=\"async\" loading=\"lazy\" class=\"aligncenter size-full wp-image-2313\" style=\"border: 0px\" alt=\"pdf_grande\" src=\"https:\/\/smastr16.blob.core.windows.net\/pgibt\/2013\/09\/pdf_grande.gif\" width=\"60\" height=\"60\" \/><\/a><a href=\"https:\/\/smastr16.blob.core.windows.net\/pgibt\/2016\/01\/Marcelle_Dafr\u00e9_Martinelli_DR.pdf\" target=\"_blank\">Marcelle Dafr\u00e9 Martinelli<br \/>\nAporte e deposi\u00e7\u00e3o de elementos qu\u00edmicos marcadores de polui\u00e7\u00e3o atmosf\u00e9rica em fragmentos florestais na regi\u00e3o metropolitana de Campinas, S\u00e3o Paulo<\/a><\/p>\n<hr align=\"center\" noshade=\"noshade\" size=\"1\" width=\"100%\" \/>\n<p style=\"text-align: center\"><strong>\u00a0<a href=\"https:\/\/www.infraestruturameioambiente.sp.gov.br\/pgibt\/dissertacoesteses\/\">VOLTAR AS DISSERTA\u00c7\u00d5ES E TESES<\/a><\/strong><\/p>\n<hr align=\"center\" noshade=\"noshade\" size=\"1\" width=\"100%\" \/>\n","protected":false},"excerpt":{"rendered":"<p>Marcelle\u00a0Dafr\u00e9\u00a0Martinelli No dia 29 de julho de 2015, no anfiteatro do Instituto de Bot\u00e2nica de S\u00e3o Paulo (IBt), a aluna de doutorado Marcelle Dafr\u00e9 Martinelli (bolsista CAPES), do Programa de P\u00f3s-Gradua\u00e7\u00e3o em Biodiversidade Vegetal e Meio Ambiente defendeu sua Tese intitulada: \u201cAporte e deposi\u00e7\u00e3o de elementos qu\u00edmicos marcadores de polui\u00e7\u00e3o atmosf\u00e9rica em fragmentos florestais na [&hellip;]<\/p>\n","protected":false},"author":1,"featured_media":0,"parent":249,"menu_order":0,"comment_status":"closed","ping_status":"open","template":"sma\/fullpage.php","meta":[],"_links":{"self":[{"href":"https:\/\/www.infraestruturameioambiente.sp.gov.br\/pgibt\/wp-json\/wp\/v2\/pages\/5016"}],"collection":[{"href":"https:\/\/www.infraestruturameioambiente.sp.gov.br\/pgibt\/wp-json\/wp\/v2\/pages"}],"about":[{"href":"https:\/\/www.infraestruturameioambiente.sp.gov.br\/pgibt\/wp-json\/wp\/v2\/types\/page"}],"author":[{"embeddable":true,"href":"https:\/\/www.infraestruturameioambiente.sp.gov.br\/pgibt\/wp-json\/wp\/v2\/users\/1"}],"replies":[{"embeddable":true,"href":"https:\/\/www.infraestruturameioambiente.sp.gov.br\/pgibt\/wp-json\/wp\/v2\/comments?post=5016"}],"version-history":[{"count":0,"href":"https:\/\/www.infraestruturameioambiente.sp.gov.br\/pgibt\/wp-json\/wp\/v2\/pages\/5016\/revisions"}],"up":[{"embeddable":true,"href":"https:\/\/www.infraestruturameioambiente.sp.gov.br\/pgibt\/wp-json\/wp\/v2\/pages\/249"}],"wp:attachment":[{"href":"https:\/\/www.infraestruturameioambiente.sp.gov.br\/pgibt\/wp-json\/wp\/v2\/media?parent=5016"}],"curies":[{"name":"wp","href":"https:\/\/api.w.org\/{rel}","templated":true}]}}