{"id":5009,"date":"2016-01-05T15:27:05","date_gmt":"2016-01-05T17:27:05","guid":{"rendered":"https:\/\/www.infraestruturameioambiente.sp.gov.br\/pgibt\/?page_id=5009"},"modified":"2016-01-05T15:27:05","modified_gmt":"2016-01-05T17:27:05","slug":"2015-juliana-kuroiva-zerlin","status":"publish","type":"page","link":"https:\/\/www.infraestruturameioambiente.sp.gov.br\/pgibt\/dissertacoesteses\/2015-juliana-kuroiva-zerlin\/","title":{"rendered":"Juliana Kuroiva Zerlin DR"},"content":{"rendered":"<h2 style=\"text-align: center\"><a href=\"https:\/\/smastr16.blob.core.windows.net\/pgibt\/2015\/02\/faixapos6.jpg\"><img decoding=\"async\" loading=\"lazy\" class=\"aligncenter size-full wp-image-3777\" style=\"border: 0px\" alt=\"faixapos6\" src=\"https:\/\/smastr16.blob.core.windows.net\/pgibt\/2015\/02\/faixapos6.jpg\" width=\"950\" height=\"163\" srcset=\"https:\/\/smastr16.blob.core.windows.net\/pgibt\/2015\/02\/faixapos6.jpg 950w, https:\/\/smastr16.blob.core.windows.net\/pgibt\/2015\/02\/faixapos6-768x131.jpg 768w\" sizes=\"(max-width: 950px) 100vw, 950px\" \/><\/a><\/h2>\n<hr align=\"center\" noshade=\"noshade\" size=\"1\" width=\"100%\" \/>\n<h2 style=\"text-align: center\"><span style=\"color: #003300\">Juliana\u00a0Kuroiva\u00a0Zerlin<\/span><\/h2>\n<hr align=\"center\" noshade=\"noshade\" size=\"1\" width=\"100%\" \/>\n<p style=\"text-align: center\"><span style=\"line-height: 1.5em\">No dia 30 de junho de 2015, a mestra Juliana Kuroiva Zerlin (bolsista PNADB\/CAPES), aluna do Programa de P\u00f3s-Gradua\u00e7\u00e3o em Biodiversidade Vegetal e Meio Ambiente do Instituto de Bot\u00e2nica de S\u00e3o Paulo (IBt), defendeu sua tese de doutorado intitulada: \u201cMecanismos de prote\u00e7\u00e3o de <\/span><em style=\"line-height: 1.5em\">Sesbania virgata<\/em><span style=\"line-height: 1.5em\"> (Cav.) Pers. contra esp\u00e9cies reativas de nitrog\u00eanio e oxig\u00eanio\u201d. Este trabalho foi orientado pela Dra. Mar\u00edlia Gaspar (IBt) e co-orientado pela Dra. Kelly Sim\u00f5es (IBt).<\/span><\/p>\n<p style=\"text-align: center\">A tese foi avaliada pela banca examinadora composta pela Dra. Mar\u00edlia Gaspar (IBt), Dra. Catarina Carvalho Nievola (IBt), Dra. Claudia Maria Furlan (USP), Dr. Halley Caixeta de Oliveira (UEL) e Dr. Luciano Freshi (USP).<br \/>\n<a href=\"https:\/\/smastr16.blob.core.windows.net\/pgibt\/2016\/01\/Juliana-Kuroiva-Zerlin.jpg\"><img decoding=\"async\" loading=\"lazy\" class=\"aligncenter size-full wp-image-5012\" alt=\"Juliana Kuroiva Zerlin\" src=\"https:\/\/smastr16.blob.core.windows.net\/pgibt\/2016\/01\/Juliana-Kuroiva-Zerlin.jpg\" width=\"591\" height=\"332\" \/><\/a><span style=\"line-height: 1.5em\">Foto da defesa de doutorado com a banca e a discente: Dr. Halley Caixeta de Oliveira (UEL), Dra. Claudia Maria Furlan (USP), Juliana Kuroiva Zerlin (discente), Dra. Mar\u00edlia Gaspar (IBt), Dra. Kelly Sim\u00f5es (IBt), Dr. Luciano Freshi (USP) e Dra. Catarina Carvalho Nievola (IBt).<\/span><\/p>\n<p style=\"text-align: center\">Neste trabalho, avaliamos os mecanismos de prote\u00e7\u00e3o ativos ap\u00f3s fumiga\u00e7\u00e3o com NO ex\u00f3geno em sementes de <i>S. virgata<\/i>.<br \/>\nOs resultados indicaram que <em>S<\/em>.<em>\u00a0virgata<\/em> apresenta toler\u00e2ncia a altas concentra\u00e7\u00f5es de NO devido \u00e0 presen\u00e7a de mecanismos de defesa antioxidante, como: a presen\u00e7a de um tegumento imperme\u00e1vel, a exsuda\u00e7\u00e3o de (+)-catequina que tem a capacidade de sequestrar parte do NO e a ativa\u00e7\u00e3o de um sistema antioxidante eficiente. Em conjunto, estes mecanismos contribuem para o sucesso do estabelecimento de <em>S<\/em>.<em> virgata<\/em>, mesmo em ambientes considerados in\u00f3spitos para muitas esp\u00e9cies.<\/p>\n<hr align=\"center\" noshade=\"noshade\" size=\"1\" width=\"100%\" \/>\n<h3 style=\"text-align: center\"><b>Mecanismos de prote\u00e7\u00e3o de <em>Sesbania virgata<\/em> (Cav.) Pers. contra esp\u00e9cies reativas de nitrog\u00eanio e oxig\u00eanio<\/b><\/h3>\n<hr align=\"center\" noshade=\"noshade\" size=\"1\" width=\"100%\" \/>\n<h4 style=\"text-align: center\"><strong>RESUMO<\/strong><\/h4>\n<p style=\"text-align: justify\">Exsudatos de sementes cont\u00eam diversas subst\u00e2ncias que auxiliam a germina\u00e7\u00e3o e estabelecimento da pl\u00e2ntula no ambiente, podendo contribuir para o comportamento invasivo de algumas esp\u00e9cies. Sementes de <em>Sesbania virgata<\/em> exsudam grande quantidade de<i> <\/i>a\u00e7\u00facares e prote\u00ednas durante a germina\u00e7\u00e3o, o que as torna muito atrativas ao ataque de microrganismos. Entretanto, essas\u00a0sementes tamb\u00e9m exsudam subst\u00e2ncias com atividade antif\u00fangica e fitot\u00f3xica, como a sesbanimida e a (+)-catequina, sendo estes os principais compostos exsudados durante a germina\u00e7\u00e3o. Diversos compostos s\u00e3o capazes de induzir a produ\u00e7\u00e3o de metab\u00f3litos secund\u00e1rios em plantas, como o \u00f3xido n\u00edtrico (NO), esp\u00e9cie reativa de nitrog\u00eanio (RNS) produzida em resposta ao estresse abi\u00f3tico, ataque de pat\u00f3genos e eliciadores f\u00fangicos. O NO sintetizado tamb\u00e9m atua na prote\u00e7\u00e3o contra o estresse oxidativo, por modula\u00e7\u00e3o das enzimas antioxidantes e\/ou por sequestro direto de esp\u00e9cies reativas de oxig\u00eanio (ROS).\u00a0 Tendo em vista que o NO tem sido relatado como um indutor de resposta de defesa em plantas e que sua intera\u00e7\u00e3o com ROS parece amplificar estas respostas, essa intera\u00e7\u00e3o poderia modular o potencial antif\u00fangico e alelop\u00e1tico de <em>S<\/em>.<em> virgata<\/em> e interferir no comportamento invasor desta esp\u00e9cie. Este trabalho teve por objetivo avaliar o efeito do NO ex\u00f3geno sobre a composi\u00e7\u00e3o e a atividade biol\u00f3gica dos exsudatos de sementes de <em>S<\/em>.<em> virgata<\/em>, assim como a rela\u00e7\u00e3o entre as RNS e ROS durante a germina\u00e7\u00e3o e o desenvolvimento inicial destas sementes. Sementes embebidas em \u00e1gua destilada e fumigadas por 12 horas com ar comprimido puro (controle) ou 60 ppm de NO gasoso (tratado), tiveram seus exsudatos coletados durante a embebi\u00e7\u00e3o e foram dissecadas em cotil\u00e9dones e ra\u00edzes. A fumiga\u00e7\u00e3o com NO n\u00e3o afetou a taxa de germina\u00e7\u00e3o e o desenvolvimento das pl\u00e2ntulas e n\u00e3o alterou a exsuda\u00e7\u00e3o de prote\u00ednas, flavonoides totais, a\u00e7\u00facares totais e redutores. Por\u00e9m, este tratamento promoveu uma redu\u00e7\u00e3o no conte\u00fado de fen\u00f3is totais, taninos condensados e catequina dos exsudatos. A an\u00e1lise de sequestro de NO <em>in vitro<\/em> indicou que a catequina comercial e os exsudatos apresentam potencial de sequestro de NO, o que sugere liga\u00e7\u00e3o do NO \u00e0 catequina durante o processo de fumiga\u00e7\u00e3o. No entanto, essa liga\u00e7\u00e3o n\u00e3o diminuiu o potencial biol\u00f3gico dos exsudatos, tendo em vista que os efeitos fitot\u00f3xicos sobre pl\u00e2ntulas de <em>Arabidopsis thaliana<\/em> e <em>Oryza sativa<\/em> e a atividade antif\u00fangica contra <em>Cladosporium cladosporioides<\/em> foram mantidos. Os dados de localiza\u00e7\u00e3o <i>in situ<\/i> e de quantifica\u00e7\u00e3o <em>in vitro<\/em> do NO indicaram teores similares dessa subst\u00e2ncia em ra\u00edzes e cotil\u00e9dones de sementes fumigadas com NO ou ar comprimido, assim como aus\u00eancia de modula\u00e7\u00e3o da atividade da enzima S-nitrosoglutationa (GSNOR), sugerindo aus\u00eancia de estresse nitrosativo. O tratamento com NO promoveu um aumento nos teores de per\u00f3xido de hidrog\u00eanio (H<sub>2<\/sub>O<sub>2<\/sub>)<sub>, <\/sub>com consequente est\u00edmulo da atividade das enzimas antioxidantes ascorbato peroxidase (APx), catalase (CAT) e glutationa redutase (GR). Apesar da indu\u00e7\u00e3o do sistema de defesa antioxidante, o aumento no conte\u00fado de malondialdeido (MDA) indica maior peroxida\u00e7\u00e3o lip\u00eddica nos tecidos tratados com NO. Em conjunto, os dados obtidos neste trabalho sugerem que a catequina, al\u00e9m de inibir o crescimento de esp\u00e9cies competidoras, \u00e9 um mecanismo de prote\u00e7\u00e3o de <em>S<\/em>.<em> virgata<\/em> contra o estresse nitrosativo. Esse aleloqu\u00edmico, em conjunto com a exsuda\u00e7\u00e3o de outros compostos bioativos, a presen\u00e7a de altos teores de carboidratos de reserva e um eficiente sistema antioxidante, contribuem para o sucesso do estabelecimento de <em>S<\/em>.<em> virgata<\/em>, mesmo em ambientes considerados in\u00f3spitos para muitas esp\u00e9cies.<br \/>\n<strong>Palavras Chaves<\/strong>: \u00d3xido n\u00edtrico, catequina, metabolismo antioxidante, alelopatia.<\/p>\n<hr align=\"center\" noshade=\"noshade\" size=\"1\" width=\"100%\" \/>\n<p style=\"text-align: center\"><a href=\"https:\/\/smastr16.blob.core.windows.net\/pgibt\/2013\/09\/pdf_grande.gif\"><img decoding=\"async\" loading=\"lazy\" class=\"aligncenter size-full wp-image-2313\" style=\"border: 0px\" alt=\"pdf_grande\" src=\"https:\/\/smastr16.blob.core.windows.net\/pgibt\/2013\/09\/pdf_grande.gif\" width=\"60\" height=\"60\" \/><\/a><a href=\"https:\/\/smastr16.blob.core.windows.net\/pgibt\/2016\/01\/Juliana_Kuroiva_Zerlin_DR.pdf\" target=\"_blank\">Juliana Kuroiva Zerlin<br \/>\nMecanismos de prote\u00e7\u00e3o de Sesbania virgata (Cav.) Pers. contra esp\u00e9cies reativas de nitrog\u00eanio e oxig\u00eanio<\/a><\/p>\n<hr align=\"center\" noshade=\"noshade\" size=\"1\" width=\"100%\" \/>\n<p style=\"text-align: center\"><strong>\u00a0<a href=\"https:\/\/www.infraestruturameioambiente.sp.gov.br\/pgibt\/dissertacoesteses\/\">VOLTAR AS DISSERTA\u00c7\u00d5ES E TESES<\/a><\/strong><\/p>\n<hr align=\"center\" noshade=\"noshade\" size=\"1\" width=\"100%\" \/>\n","protected":false},"excerpt":{"rendered":"<p>Juliana\u00a0Kuroiva\u00a0Zerlin No dia 30 de junho de 2015, a mestra Juliana Kuroiva Zerlin (bolsista PNADB\/CAPES), aluna do Programa de P\u00f3s-Gradua\u00e7\u00e3o em Biodiversidade Vegetal e Meio Ambiente do Instituto de Bot\u00e2nica de S\u00e3o Paulo (IBt), defendeu sua tese de doutorado intitulada: \u201cMecanismos de prote\u00e7\u00e3o de Sesbania virgata (Cav.) Pers. contra esp\u00e9cies reativas de nitrog\u00eanio e oxig\u00eanio\u201d. [&hellip;]<\/p>\n","protected":false},"author":1,"featured_media":0,"parent":249,"menu_order":0,"comment_status":"closed","ping_status":"open","template":"sma\/fullpage.php","meta":[],"_links":{"self":[{"href":"https:\/\/www.infraestruturameioambiente.sp.gov.br\/pgibt\/wp-json\/wp\/v2\/pages\/5009"}],"collection":[{"href":"https:\/\/www.infraestruturameioambiente.sp.gov.br\/pgibt\/wp-json\/wp\/v2\/pages"}],"about":[{"href":"https:\/\/www.infraestruturameioambiente.sp.gov.br\/pgibt\/wp-json\/wp\/v2\/types\/page"}],"author":[{"embeddable":true,"href":"https:\/\/www.infraestruturameioambiente.sp.gov.br\/pgibt\/wp-json\/wp\/v2\/users\/1"}],"replies":[{"embeddable":true,"href":"https:\/\/www.infraestruturameioambiente.sp.gov.br\/pgibt\/wp-json\/wp\/v2\/comments?post=5009"}],"version-history":[{"count":0,"href":"https:\/\/www.infraestruturameioambiente.sp.gov.br\/pgibt\/wp-json\/wp\/v2\/pages\/5009\/revisions"}],"up":[{"embeddable":true,"href":"https:\/\/www.infraestruturameioambiente.sp.gov.br\/pgibt\/wp-json\/wp\/v2\/pages\/249"}],"wp:attachment":[{"href":"https:\/\/www.infraestruturameioambiente.sp.gov.br\/pgibt\/wp-json\/wp\/v2\/media?parent=5009"}],"curies":[{"name":"wp","href":"https:\/\/api.w.org\/{rel}","templated":true}]}}