{"id":4941,"date":"2015-12-28T11:12:28","date_gmt":"2015-12-28T13:12:28","guid":{"rendered":"https:\/\/www.infraestruturameioambiente.sp.gov.br\/pgibt\/?page_id=4941"},"modified":"2018-05-28T11:21:28","modified_gmt":"2018-05-28T14:21:28","slug":"2015-daiane-salete-broch-mignoni","status":"publish","type":"page","link":"https:\/\/www.infraestruturameioambiente.sp.gov.br\/pgibt\/dissertacoesteses\/2015-daiane-salete-broch-mignoni\/","title":{"rendered":"Daiane Salete Broch Mignoni MS"},"content":{"rendered":"<h2 style=\"text-align: center\"><a href=\"https:\/\/smastr16.blob.core.windows.net\/pgibt\/2015\/02\/faixapos6.jpg\"><img decoding=\"async\" loading=\"lazy\" class=\"aligncenter size-full wp-image-3777\" style=\"border: 0px\" src=\"https:\/\/smastr16.blob.core.windows.net\/pgibt\/2015\/02\/faixapos6.jpg\" alt=\"faixapos6\" width=\"950\" height=\"163\" srcset=\"https:\/\/smastr16.blob.core.windows.net\/pgibt\/2015\/02\/faixapos6.jpg 950w, https:\/\/smastr16.blob.core.windows.net\/pgibt\/2015\/02\/faixapos6-768x131.jpg 768w\" sizes=\"(max-width: 950px) 100vw, 950px\" \/><\/a><\/h2>\n<hr align=\"center\" noshade=\"noshade\" size=\"1\" width=\"100%\" \/>\n<h2 style=\"text-align: center\"><span style=\"color: #003300\">Daiane Salete Broch Mignoni<br \/>\n<\/span><\/h2>\n<hr align=\"center\" noshade=\"noshade\" size=\"1\" width=\"100%\" \/>\n<p style=\"text-align: center\"><a href=\"https:\/\/smastr16.blob.core.windows.net\/pgibt\/2015\/12\/Daiane-Salete-Broch-Mignoni.jpg\"><img decoding=\"async\" loading=\"lazy\" class=\"aligncenter size-full wp-image-4946\" src=\"https:\/\/smastr16.blob.core.windows.net\/pgibt\/2015\/12\/Daiane-Salete-Broch-Mignoni.jpg\" alt=\"Daiane Salete Broch Mignoni\" width=\"357\" height=\"303\" \/><\/a><\/p>\n<p style=\"text-align: center\">Em 24 de abril de 2015, no N\u00facleo de Pesquisa em Fisiologia e Bioqu\u00edmica-IBt,a aluna Daiane Salete Broch Mignoni obteve o t\u00edtulo de Mestre pelo Programa de P\u00f3s-Gradua\u00e7\u00e3o em Biodiversidade Vegetal e Meio Ambiente do Instituto de Bot\u00e2nica de S\u00e3o Paulo (IBt\/SP). Sua disserta\u00e7\u00e3o de mestrado, intitulada \u201cPotencial fitot\u00f3xico de sementes de <em>Sesbaniavirgata<\/em> (Cav) Pers. sobre a germina\u00e7\u00e3o de sementes e o crescimento inicial de <em>Leucaenaleucocephala<\/em> (Lam) de Wit\u201d,\u00a0foi orientada pela Profa. Dra. Marcia Regina Braga (IBt\/SP).<br \/>\nA disserta\u00e7\u00e3o foi avaliada pela banca examinadora, que foi presidida pela sua orientadora Profa. Dra. Marcia Regina Braga (IBt\/SP ) e composta pelo Prof. Dr. Luiz Fernando de Almeida (UNESP\/SP) e pelo pesquisador Prof.Dr. Nelson Augusto Santos Junior (IBt\/SP).<\/p>\n<p style=\"text-align: center\">Prof.Dr. Luiz Fernando Almeida (UNESP\/SP) (esq.), Daiane Salete BrochMignoni, Profa. Dra. Marcia Regina Braga (IBt\/SP) e Prof. Dr. Nelson Augusto dos Santos Junior (IBt\/SP).<\/p>\n<p style=\"text-align: center\">O projeto desenvolvido buscou ampliar os conhecimentos relacionados \u00e0s intera\u00e7\u00f5es qu\u00edmicas planta-planta, visando analisar a sensibilidade de uma esp\u00e9cie ex\u00f3tica, invasora e bem sucedida,\u00e0s fitotoxinas exsudadas por\u00a0<em>S<\/em>.<em> virgata<\/em>, uma esp\u00e9cie nativa brasileira descrita como invasora, especialmente em culturas de arroz irrigado. Foram estudadas as respostas bioqu\u00edmicas durante a co-germina\u00e7\u00e3o de\u00a0<em>Leucaena leucocephalacom S<\/em>.<em> virgata<\/em>.\u00a0Os resultados obtidos com o trabalho refor\u00e7am a hip\u00f3tese recente da seguran\u00e7a interna, que sugere que plantas ex\u00f3ticas e invasoras s\u00e3o sens\u00edveis aos aleloqu\u00edmicos produzidos por esp\u00e9cies nativas. Os dados obtidos neste estudo mostraram que <i>L. leucocephala<\/i> foi sens\u00edvel aos aleloqu\u00edmicos exsudados pelas sementes de <i>S.virgata<\/i>, por\u00e9m o efeito inverso n\u00e3o foi observado.<\/p>\n<hr align=\"center\" noshade=\"noshade\" size=\"1\" width=\"100%\" \/>\n<h3 style=\"text-align: center\">Potencial fitot\u00f3xico de sementes de <i>Sesbania virgata <\/i>(Cav.) Pers. sobre a germina\u00e7\u00e3o de sementes e o crescimento inicial de <i>Leucaena leucocephala <\/i>(Lam.) de Wit<\/h3>\n<hr align=\"center\" noshade=\"noshade\" size=\"1\" width=\"100%\" \/>\n<h4 style=\"text-align: center\"><strong>RESUMO<\/strong><\/h4>\n<p style=\"text-align: justify\"><em>Sesbania virgata<\/em><span style=\"line-height: 1.5em\"> (Cav.) Pers. (sesbania) e <\/span><em>Leucaena leucocephala<\/em><span style=\"line-height: 1.5em\"> (Lam.) de Wit (leucena) s\u00e3o duas leguminosas, pioneiras, utilizadas por d\u00e9cadas na restaura\u00e7\u00e3o de \u00e1reas degradadas. Sesbania, nativa da Am\u00e9rica do Sul, \u00e9 de crescimento r\u00e1pido e apresenta comportamento invasor em v\u00e1rias regi\u00f5es. O flavon\u00f3ide (+)-catequina \u00e9 a principal fitotoxina encontrada nos exsudatos de suas sementes. Estudos pr\u00e9vios indicaram que \u00e1cido absc\u00edsico (ABA) est\u00e1 presente nas sementes de sesbania, entretanto, sua libera\u00e7\u00e3o ainda era desconhecida. Os exsudatos de sesbania s\u00e3o capazes de inibir a germina\u00e7\u00e3o e o crescimento inicial de esp\u00e9cies cultivadas. Eles tamb\u00e9m atrasaram a mobiliza\u00e7\u00e3o dos carboidratos de reserva em sementes de esp\u00e9cies nativas tropicais. Entretanto, a atividade inibidora de seus exsudatos ainda n\u00e3o havia sido avaliada sobre esp\u00e9cies ex\u00f3ticas. Leucena, esp\u00e9cie ex\u00f3tica, nativa do Sul do M\u00e9xico e do Norte da Am\u00e9rica Central, produz grande quantidade de sementes e \u00e9 considerada esp\u00e9cie invasora no Brasil. O objetivo deste trabalho foi estudar a exsuda\u00e7\u00e3o de subst\u00e2ncias bioativas das sementes de leucena e seus efeitos em esp\u00e9cies cultivadas, e, avaliar a sensibilidade de leucena \u00e0s fitotoxinas exsudadas de sementes de sesbania. Os resultados mostraram que sementes de leucena exsudam durante a embebi\u00e7\u00e3o, a\u00e7\u00facares, ABA, mimosina e compostos fen\u00f3licos, estes \u00faltimos, encontrados em maiores propor\u00e7\u00f5es. Seus exsudatos afetaram o crescimento inicial de tomate e arroz. Mimosina comercial inibiu o desenvolvimento das esp\u00e9cies-alvo, sugerindo ser a subst\u00e2ncia respons\u00e1vel pelo efeito alelop\u00e1tico dos seus exsudatos. Ao analisar a co-germina\u00e7\u00e3o de sesbania com leucena foi observado atraso na germina\u00e7\u00e3o das sementes e inibi\u00e7\u00e3o no desenvolvimento inicial da esp\u00e9cie ex\u00f3tica. ABA \u00e9 exsudado pelas sementes de sesbania at\u00e9 o 3\u00ba dia ap\u00f3s a embebi\u00e7\u00e3o, por\u00e9m, este horm\u00f4nio e (+)-catequina isolados n\u00e3o causaram os mesmos efeitos da co-germina\u00e7\u00e3o sobre leucena, indicando que outras subst\u00e2ncias presentes nos exsudatos de sesbania s\u00e3o respons\u00e1veis pela a\u00e7\u00e3o observada. Fitotoxinas exsudadas de sementes de sesbania atrasaram a mobiliza\u00e7\u00e3o dos carboidratos de reserva das sementes de leucena, reduzindo a atividade da endo-\u03b2-mananase. Os resultados obtidos mostraram que exsudatos de sementes de leucena causaram efeito alelop\u00e1tico sobre esp\u00e9cies cultivadas e a mimosina isolada mostrou ser um potente aleloqu\u00edmico. Por outro lado<\/span><i style=\"line-height: 1.5em\">,<\/i><span style=\"line-height: 1.5em\"> leucena foi sens\u00edvel as fitotoxinas das sementes de sesbania, entretanto, os efeitos parecem n\u00e3o ser somente devido \u00e0 presen\u00e7a de catequina e o ABA.<br \/>\n<\/span><strong>Palavras-Chave<\/strong>: Alelopatia, \u00e1cido absc\u00edsico, carboidrato de reserva, (+)-catechinto<i>.<\/i><\/p>\n<hr align=\"center\" noshade=\"noshade\" size=\"1\" width=\"100%\" \/>\n<p style=\"text-align: center\"><a href=\"https:\/\/smastr16.blob.core.windows.net\/pgibt\/2015\/12\/Daiane_Salete_Broch_Mignoni_MS.pdf\"><img decoding=\"async\" loading=\"lazy\" class=\"aligncenter wp-image-2313 size-full\" style=\"border: 0px\" src=\"https:\/\/smastr16.blob.core.windows.net\/pgibt\/2013\/09\/pdf_grande.gif\" alt=\"pdf_grande\" width=\"60\" height=\"60\" \/><\/a><a href=\"https:\/\/smastr16.blob.core.windows.net\/pgibt\/2015\/12\/Daiane_Salete_Broch_Mignoni_MS.pdf\" target=\"_blank\" rel=\"noopener\">Daiane Salete Broch Mignoni<br \/>\nPotencial fitot\u00f3xico de sementes de Sesbania virgata (Cav.) Pers. sobre a germina\u00e7\u00e3o de sementes e o crescimento inicial de Leucaena leucocephala (Lam.) de Wit<\/a><\/p>\n<hr align=\"center\" noshade=\"noshade\" size=\"1\" width=\"100%\" \/>\n<p style=\"text-align: center\"><strong>\u00a0<a href=\"https:\/\/www.infraestruturameioambiente.sp.gov.br\/pgibt\/dissertacoesteses\/\">VOLTAR AS DISSERTA\u00c7\u00d5ES E TESES<\/a><\/strong><\/p>\n<hr align=\"center\" noshade=\"noshade\" size=\"1\" width=\"100%\" \/>\n","protected":false},"excerpt":{"rendered":"<p>Daiane Salete Broch Mignoni Em 24 de abril de 2015, no N\u00facleo de Pesquisa em Fisiologia e Bioqu\u00edmica-IBt,a aluna Daiane Salete Broch Mignoni obteve o t\u00edtulo de Mestre pelo Programa de P\u00f3s-Gradua\u00e7\u00e3o em Biodiversidade Vegetal e Meio Ambiente do Instituto de Bot\u00e2nica de S\u00e3o Paulo (IBt\/SP). Sua disserta\u00e7\u00e3o de mestrado, intitulada \u201cPotencial fitot\u00f3xico de sementes [&hellip;]<\/p>\n","protected":false},"author":1,"featured_media":0,"parent":249,"menu_order":0,"comment_status":"closed","ping_status":"open","template":"","meta":[],"_links":{"self":[{"href":"https:\/\/www.infraestruturameioambiente.sp.gov.br\/pgibt\/wp-json\/wp\/v2\/pages\/4941"}],"collection":[{"href":"https:\/\/www.infraestruturameioambiente.sp.gov.br\/pgibt\/wp-json\/wp\/v2\/pages"}],"about":[{"href":"https:\/\/www.infraestruturameioambiente.sp.gov.br\/pgibt\/wp-json\/wp\/v2\/types\/page"}],"author":[{"embeddable":true,"href":"https:\/\/www.infraestruturameioambiente.sp.gov.br\/pgibt\/wp-json\/wp\/v2\/users\/1"}],"replies":[{"embeddable":true,"href":"https:\/\/www.infraestruturameioambiente.sp.gov.br\/pgibt\/wp-json\/wp\/v2\/comments?post=4941"}],"version-history":[{"count":3,"href":"https:\/\/www.infraestruturameioambiente.sp.gov.br\/pgibt\/wp-json\/wp\/v2\/pages\/4941\/revisions"}],"predecessor-version":[{"id":6462,"href":"https:\/\/www.infraestruturameioambiente.sp.gov.br\/pgibt\/wp-json\/wp\/v2\/pages\/4941\/revisions\/6462"}],"up":[{"embeddable":true,"href":"https:\/\/www.infraestruturameioambiente.sp.gov.br\/pgibt\/wp-json\/wp\/v2\/pages\/249"}],"wp:attachment":[{"href":"https:\/\/www.infraestruturameioambiente.sp.gov.br\/pgibt\/wp-json\/wp\/v2\/media?parent=4941"}],"curies":[{"name":"wp","href":"https:\/\/api.w.org\/{rel}","templated":true}]}}