{"id":491,"date":"2013-09-13T16:18:11","date_gmt":"2013-09-13T19:18:11","guid":{"rendered":"https:\/\/www.infraestruturameioambiente.sp.gov.br\/pgibt\/?page_id=491"},"modified":"2013-09-13T16:18:11","modified_gmt":"2013-09-13T19:18:11","slug":"2013-thiara-siqueira-bento","status":"publish","type":"page","link":"https:\/\/www.infraestruturameioambiente.sp.gov.br\/pgibt\/dissertacoesteses\/2013-thiara-siqueira-bento\/","title":{"rendered":"Thiara Siqueira Bento MS"},"content":{"rendered":"<h2 style=\"text-align: center\"><a href=\"https:\/\/smastr16.blob.core.windows.net\/pgibt\/2015\/02\/faixapos6.jpg\"><img decoding=\"async\" loading=\"lazy\" class=\"aligncenter size-full wp-image-3777\" style=\"border: 0px\" alt=\"faixapos6\" src=\"https:\/\/smastr16.blob.core.windows.net\/pgibt\/2015\/02\/faixapos6.jpg\" width=\"950\" height=\"163\" srcset=\"https:\/\/smastr16.blob.core.windows.net\/pgibt\/2015\/02\/faixapos6.jpg 950w, https:\/\/smastr16.blob.core.windows.net\/pgibt\/2015\/02\/faixapos6-768x131.jpg 768w\" sizes=\"(max-width: 950px) 100vw, 950px\" \/><\/a><\/h2>\n<hr align=\"center\" noshade=\"noshade\" size=\"1\" width=\"100%\" \/>\n<h2 style=\"text-align: center\">Thiara Siqueira Bento<\/h2>\n<hr align=\"center\" noshade=\"noshade\" size=\"1\" width=\"100%\" \/>\n<p align=\"center\">Em 30 de abril de 2013, no N\u00facleo de Palinologia do Instituto de Bot\u00e2nica de S\u00e3o Paulo (IBt), Thiara Siqueira Bento, aluna de mestrado do programa de<br \/>\nP\u00f3s-Gradua\u00e7\u00e3o em Biodiversidade Vegetal e Meio Ambiente do Instituto de Bot\u00e2nica, bolsista CAPES,<br \/>\ndefendeu sua disserta\u00e7\u00e3o de mestrado intitulada<br \/>\n\u201cAtividade antif\u00fangica de extrato de\u00a0<em>Casearia sylvestris<\/em>\u00a0Swartz e\u00a0<em>Casearia decandra<\/em>\u00a0Jacq e seus efeitos<br \/>\nsobre o metabolismo enzim\u00e1tico de tr\u00eas esp\u00e9cies de basidiomicetos deterioradores de madeira\u201d<\/p>\n<p align=\"center\">A banca examinadora foi presidida pela Dra. Vera Lucia Ramos Bononi (IBt) e contou com a participa\u00e7\u00e3o da<br \/>\nDra. Rosimeire Aparecida Bom Pessoni (Metodista) e da Dra. Adriana de Mello Gugliotta<\/p>\n<hr align=\"center\" noshade=\"noshade\" size=\"1\" width=\"100%\" \/>\n<h3 style=\"text-align: center\"><strong>Atividade antif\u00fangica de extrato de\u00a0<em>Casearia sylvestris<\/em>\u00a0Swartz e\u00a0<em>Casearia decandra<\/em>\u00a0Jacq e<br \/>\nseus efeitos\u00a0sobre o metabolismo enzim\u00e1tico de tr\u00eas esp\u00e9cies de basidiomicetos deterioradores de madeira<\/strong><\/h3>\n<hr align=\"center\" noshade=\"noshade\" size=\"1\" width=\"100%\" \/>\n<h4 style=\"text-align: center\"><strong>RESUMO<\/strong><\/h4>\n<p style=\"text-align: justify\">Os fungos ligninol\u00edticos s\u00e3o importantes no processo de reciclagem de nutrientes e na manuten\u00e7\u00e3o de ecossistemas naturais. Em determinadas condi\u00e7\u00f5es ambientais, esses fungos podem se tornar fitopatog\u00eanicos atacando troncos e ra\u00edzes de \u00e1rvores. A flora brasileira possui esp\u00e9cies com grande potencial na prospec\u00e7\u00e3o de compostos naturais com atividade antif\u00fangica, os extratos que apresentam essa atividade s\u00e3o de particular interesse no estudo de controle de outros fungos fitopatog\u00eanicos, tais como os apodrecedores de \u00e1rvores urbanas. Esses extratos poderiam ser utilizados, posteriormente, como insumos naturais fungicidas ambientalmente menos agressivos que os biocidas qu\u00edmicos. O objetivo do trabalho foi estudar os efeitos dos extratos vegetais de<em>Casearia<\/em>\u00a0<em>sylvestris<\/em>\u00a0e\u00a0<em>Casearia decandra<\/em>\u00a0contra os fungos\u00a0\u00a0<em>Trametes villosa<\/em>,\u00a0<em>Ganoderma australe<\/em>\u00a0e\u00a0<em>Pycnoporus sanguineus<\/em>. Os extratos de\u00a0<em>C. sylvestris<\/em>\u00a0e\u00a0<em>C. decandra<\/em>\u00a0inibiram o desenvolvimento f\u00fangico<em>\u00a0in vitro<strong>\u00a0<\/strong><\/em>e alteraram a morfologia (macrosc\u00f3pica e microsc\u00f3pica) dos fungos\u00a0<em>T. villosa, P. sanguineus\u00a0<\/em>e<em>\u00a0G. australe<\/em>. Esses fungos foram mais suscet\u00edveis ao extrato de\u00a0<em>C. sylvestris<\/em>\u00a0do que ao extrato de\u00a0<em>C. decandra<\/em>,pela evidente diferen\u00e7a na composi\u00e7\u00e3o qu\u00edmica apresentada entre esses dois extratos. Os prov\u00e1veis mecanismos de a\u00e7\u00e3o na atividade fungist\u00e1tica dos extratos foi a inibi\u00e7\u00e3o das enzimas extracelulares, MnP, lacase e fenoloxidases, e das enzimas intracelulares envolvidas na forma\u00e7\u00e3o do mic\u00e9lio f\u00fangico, como quitinase e \u03b2-1,3-glucanase. Al\u00e9m disso, o aumento nos n\u00edveis das enzimas catalase e glutationa redutase indicaram que a exposi\u00e7\u00e3o dos fungos aos extratos desencadeou processos de estresse oxidativo. Portanto, o presente trabalho fornece subs\u00eddios para estudos futuros no intuito de elucidar com maiores detalhes como compostos presentes em extratos de plantas nativas, tanto isoladamente como em sinergia, podem afetar a fisiologia e controlar o desenvolvimento de fungos.<strong><\/strong><\/p>\n<p><strong>Palavras-chave<\/strong>:\u00a0<em>Trametes villosa, Pycnoporus sanguineus, Ganoderma australe,\u00a0<\/em>fungos ligninoliticos, enzimas oxidativas, morfog\u00eanese e estresse oxidativo<\/p>\n<hr align=\"center\" noshade=\"noshade\" size=\"1\" width=\"100%\" \/>\n<p style=\"text-align: center\"><a href=\"https:\/\/smastr16.blob.core.windows.net\/pgibt\/2013\/09\/pdf_grande.gif\"><img decoding=\"async\" loading=\"lazy\" class=\"aligncenter size-full wp-image-2313\" style=\"border: 0px\" alt=\"pdf_grande\" src=\"https:\/\/smastr16.blob.core.windows.net\/pgibt\/2013\/09\/pdf_grande.gif\" width=\"60\" height=\"60\" \/><\/a><a href=\"https:\/\/smastr16.blob.core.windows.net\/pgibt\/2013\/09\/Thiara_Siqueira_Bento_MS.pdf\" target=\"_blank\">Thiara Siqueira Bento<br \/>\nAtividade antif\u00fangica de extrato de <em>Casearia sylvestris<\/em> Swartz e <em>Casearia decandra<\/em> Jacq e seus efeitos sobre o metabolismo<br \/>\nenzim\u00e1tico de tr\u00eas esp\u00e9cies de basidiomicetos deterioradores de madeira<\/a><\/p>\n<hr align=\"center\" noshade=\"noshade\" size=\"1\" width=\"100%\" \/>\n<p style=\"text-align: center\"><strong>\u00a0<a href=\"https:\/\/www.infraestruturameioambiente.sp.gov.br\/pgibt\/dissertacoesteses\/\">VOLTAR AS DISSERTA\u00c7\u00d5ES E TESES<\/a><\/strong><\/p>\n<hr align=\"center\" noshade=\"noshade\" size=\"1\" width=\"100%\" \/>\n","protected":false},"excerpt":{"rendered":"<p>Thiara Siqueira Bento Em 30 de abril de 2013, no N\u00facleo de Palinologia do Instituto de Bot\u00e2nica de S\u00e3o Paulo (IBt), Thiara Siqueira Bento, aluna de mestrado do programa de P\u00f3s-Gradua\u00e7\u00e3o em Biodiversidade Vegetal e Meio Ambiente do Instituto de Bot\u00e2nica, bolsista CAPES, defendeu sua disserta\u00e7\u00e3o de mestrado intitulada \u201cAtividade antif\u00fangica de extrato de\u00a0Casearia sylvestris\u00a0Swartz [&hellip;]<\/p>\n","protected":false},"author":1,"featured_media":0,"parent":249,"menu_order":0,"comment_status":"closed","ping_status":"closed","template":"fullpage.php","meta":[],"_links":{"self":[{"href":"https:\/\/www.infraestruturameioambiente.sp.gov.br\/pgibt\/wp-json\/wp\/v2\/pages\/491"}],"collection":[{"href":"https:\/\/www.infraestruturameioambiente.sp.gov.br\/pgibt\/wp-json\/wp\/v2\/pages"}],"about":[{"href":"https:\/\/www.infraestruturameioambiente.sp.gov.br\/pgibt\/wp-json\/wp\/v2\/types\/page"}],"author":[{"embeddable":true,"href":"https:\/\/www.infraestruturameioambiente.sp.gov.br\/pgibt\/wp-json\/wp\/v2\/users\/1"}],"replies":[{"embeddable":true,"href":"https:\/\/www.infraestruturameioambiente.sp.gov.br\/pgibt\/wp-json\/wp\/v2\/comments?post=491"}],"version-history":[{"count":0,"href":"https:\/\/www.infraestruturameioambiente.sp.gov.br\/pgibt\/wp-json\/wp\/v2\/pages\/491\/revisions"}],"up":[{"embeddable":true,"href":"https:\/\/www.infraestruturameioambiente.sp.gov.br\/pgibt\/wp-json\/wp\/v2\/pages\/249"}],"wp:attachment":[{"href":"https:\/\/www.infraestruturameioambiente.sp.gov.br\/pgibt\/wp-json\/wp\/v2\/media?parent=491"}],"curies":[{"name":"wp","href":"https:\/\/api.w.org\/{rel}","templated":true}]}}