{"id":4896,"date":"2015-12-23T15:49:43","date_gmt":"2015-12-23T17:49:43","guid":{"rendered":"https:\/\/www.infraestruturameioambiente.sp.gov.br\/pgibt\/?page_id=4896"},"modified":"2015-12-23T15:49:43","modified_gmt":"2015-12-23T17:49:43","slug":"2015-paulo-alves-de-almeida-junior","status":"publish","type":"page","link":"https:\/\/www.infraestruturameioambiente.sp.gov.br\/pgibt\/dissertacoesteses\/2015-paulo-alves-de-almeida-junior\/","title":{"rendered":"Paulo Alves de Almeida Junior MS"},"content":{"rendered":"<h2 style=\"text-align: center\"><a href=\"https:\/\/smastr16.blob.core.windows.net\/pgibt\/2015\/02\/faixapos6.jpg\"><img decoding=\"async\" loading=\"lazy\" class=\"aligncenter size-full wp-image-3777\" style=\"border: 0px\" alt=\"faixapos6\" src=\"https:\/\/smastr16.blob.core.windows.net\/pgibt\/2015\/02\/faixapos6.jpg\" width=\"950\" height=\"163\" srcset=\"https:\/\/smastr16.blob.core.windows.net\/pgibt\/2015\/02\/faixapos6.jpg 950w, https:\/\/smastr16.blob.core.windows.net\/pgibt\/2015\/02\/faixapos6-768x131.jpg 768w\" sizes=\"(max-width: 950px) 100vw, 950px\" \/><\/a><\/h2>\n<hr align=\"center\" noshade=\"noshade\" size=\"1\" width=\"100%\" \/>\n<h2 style=\"text-align: center\"><span style=\"color: #003300\">Paulo Alves de Almeida Junior<br \/>\n<\/span><\/h2>\n<hr align=\"center\" noshade=\"noshade\" size=\"1\" width=\"100%\" \/>\n<p style=\"text-align: center\">O bi\u00f3logo Paulo Alves de Almeida Junior (bolsista CAPES), aluno do Programa de P\u00f3s-gradua\u00e7\u00e3o em Biodiversidade Vegetal e Meio Ambiente do Instituto de Bot\u00e2nica, aos vinte e oito dias do m\u00eas de abril de 2015, no N\u00facleo de Pesquisas em Sementes do Instituto de Bot\u00e2nica, defendeu sua disserta\u00e7\u00e3o de mestrado intitulada:<br \/>\n\u201cCaracteriza\u00e7\u00e3o da chuva e banco de sementes em uma \u00e1rea de Floresta Atl\u00e2ntica pertencente ao Parque Estadual da Cantareira, Mairipor\u00e3 (SP).&#8221;<br \/>\n<a href=\"https:\/\/smastr16.blob.core.windows.net\/pgibt\/2015\/12\/Paulo-Alves-de-Almeida-Junior.jpg\"><img decoding=\"async\" loading=\"lazy\" class=\"aligncenter  wp-image-4903\" alt=\"Paulo Alves de Almeida Junior\" src=\"https:\/\/smastr16.blob.core.windows.net\/pgibt\/2015\/12\/Paulo-Alves-de-Almeida-Junior.jpg\" width=\"538\" height=\"375\" \/><\/a><span style=\"line-height: 1.5em\">A banca examinadora foi presidida por seu orientador, Dr. Jos\u00e9 Marcos Barbosa (N\u00facleo de Sementes \u2013 IBt) e composta pelo Prof. Dr. Maur\u00edcio Augusto Rodrigues (Departamento de Biologia\/Bot\u00e2nica, Faculdades Integradas Cantareira &#8211; FIC) e pelo Prof. Dr. Pablo Garcia Carrasco (Departamento de Biologia\/Bot\u00e2nica, Universidade S\u00e3o Judas Tadeu \u2013 USJT &#8211; Campus Mooca).<\/span><\/p>\n<hr align=\"center\" noshade=\"noshade\" size=\"1\" width=\"100%\" \/>\n<h3 style=\"text-align: center\">Caracteriza\u00e7\u00e3o da chuva e banco de semente sem uma \u00e1rea de Floresta Atl\u00e2ntica pertencente\u00a0ao Parque Estadual da Cantareira, Mairipor\u00e3<\/h3>\n<hr align=\"center\" noshade=\"noshade\" size=\"1\" width=\"100%\" \/>\n<h4 style=\"text-align: center\"><strong>RESUMO<\/strong><\/h4>\n<p style=\"text-align: justify\"><span style=\"line-height: 1.5em\">Objetivou-se caracterizar a chuva e o banco de sementes em dois trechos de floresta do Parque Estadual da Cantareira, visando compreender a din\u00e2mica nas esp\u00e9cies das popula\u00e7\u00f5es locais. Para a chuva de sementes foram confeccionados 20 coletores de madeira e distribu\u00eddos 5 na Trilha do Macuco e 15 na Trilha da Cachoeira. Foram avaliadas mensalmente, pelo per\u00edodo de um ano, as densidades de prop\u00e1gulos depositados nos coletores, sendo esses prop\u00e1gulos identificados e categorizados com base na sua s\u00edndrome de dispers\u00e3o e na sua classe sucessional. Para o banco de sementes foram coletadas 10 amostras do solo na Trilha do Macuco e 20 amostras na Trilha da Cachoeira, realizadas com gabarito de madeira de 0,25 x 0,25m, sendo coletados os primeiros 5cm de solo, desprezando a serapilheira. As amostras foram inseridas em sacos pl\u00e1sticos, triadas e postas para germinar em caixas pl\u00e1sticas de germina\u00e7\u00e3o em casa de vegeta\u00e7\u00e3o automatizada, sendo analisado o crescimento de suas pl\u00e2ntulas quinzenalmente. Foram determinadas as an\u00e1lises estat\u00edsticas em rela\u00e7\u00e3o \u00e0 distribui\u00e7\u00e3o de sementes, das frequ\u00eancias, frequ\u00eancias relativas, densidade e a densidade relativa, todas em % dessas esp\u00e9cies. Os dados obtidos da chuva e do banco de sementes foram correlacionados pelos \u00edndices de similaridade de Jaccard (qualitativo) e Bray-Curtis (quantitativo). Para tais an\u00e1lises estat\u00edsticas foram utilizados os softwares Microsoft Excel 2010 e PAST v2.08, todos para Windows. Com rela\u00e7\u00e3o \u00e0s s\u00edndromes de dispers\u00e3o e classes sucessionais, na chuva de sementes houve predomin\u00e2ncia da s\u00edndrome zooc\u00f3rica e de esp\u00e9cies de classes sucessionais secund\u00e1rias; para o banco de sementes ocorreu predomin\u00e2ncia da s\u00edndrome zooc\u00f3rica e de esp\u00e9cies de classes sucessionais pioneiras. A composi\u00e7\u00e3o da chuva e do banco de sementes encontrados neste estudo indica que, ambos ambientes se encontram bem preservados e possuem potencial para se regenerar naturalmente em caso de algum dist\u00farbio.<br \/>\n<\/span><strong>Palavras chave<\/strong><b>:<\/b> Ecofisiologia Vegetal, Ecologia, Restaura\u00e7\u00e3o Ecol\u00f3gica, Dispers\u00e3o, Di\u00e1sporos.<\/p>\n<p align=\"center\"><strong>ABSTRACT<\/strong><\/p>\n<p style=\"text-align: justify\">This study aimed to characterize the rain and seed bank in two stretches of forest in the Parque Estadual da Cantareira, to understand the dynamics in the species of local populations. To seed rain were made 20 wood collectors and distributed 5 on the Macuco\u2019s trail and 15 in the Cachoeira\u2019s trail. Were evaluated monthly for a period of one year, the seedlings density deposited in the collectors, and these propagules identified and categorized based on their dispersion syndrome and its successional class. To the seed bank were collected 10 soil samples on the Trail of Macuco and 20 samples in the Cachoeira trail, made with wooden jig of 0.25 x 0.25m, being collected the first 5cm of soil, despising the burlap. The samples were placed in plastic bags, sorted and put to germinate in plastic germination boxes in automated greenhouse, and analyzed the growth of their fortnightly seedlings. They determined the statistical analysis in relation to the distribution of seeds, the frequencies, relative frequencies, density and relative density % in all of these species. The data obtained from rain and seed bank were correlated by Jaccard similarity indices (qualitative) and Bray-Curtis (quantitative). For such statistical analyzes were used the Microsoft Excel 2010 and Past v2.08 software, all for Windows. Regarding the dispersal syndromes and successional classes of seed rain there was a predominance of zoochorous syndrome and species of secondary successional classes; for the seed bank occurred prevalence of zoochorous syndrome and species of pioneering successional classes. The composition of rain and seed bank in this study indicates that both environments are well preserved and have the potential to regenerate naturally in case of any disturbances places.<br \/>\n<strong>Keywords<\/strong>:<b> <\/b>Plant Ecophysiology, Ecology, Ecological Restoration, Dispersion, Diasporas.<\/p>\n<hr align=\"center\" noshade=\"noshade\" size=\"1\" width=\"100%\" \/>\n<p style=\"text-align: center\"><a href=\"https:\/\/smastr16.blob.core.windows.net\/pgibt\/2013\/09\/pdf_grande.gif\"><img decoding=\"async\" loading=\"lazy\" class=\"aligncenter size-full wp-image-2313\" style=\"border: 0px\" alt=\"pdf_grande\" src=\"https:\/\/smastr16.blob.core.windows.net\/pgibt\/2013\/09\/pdf_grande.gif\" width=\"60\" height=\"60\" \/><\/a><a href=\"https:\/\/smastr16.blob.core.windows.net\/pgibt\/2015\/12\/Paulo_Alves_de_Almeida_Junior_MS.pdf\" target=\"_blank\">Paulo Alves de Almeida Junior<br \/>\nCaracteriza\u00e7\u00e3o da chuva e banco de semente sem uma \u00e1rea de Floresta Atl\u00e2ntica pertencente ao Parque Estadual da Cantareira, Mairipor\u00e3<\/a><\/p>\n<hr align=\"center\" noshade=\"noshade\" size=\"1\" width=\"100%\" \/>\n<p style=\"text-align: center\"><strong>\u00a0<a href=\"https:\/\/www.infraestruturameioambiente.sp.gov.br\/pgibt\/dissertacoesteses\/\">VOLTAR AS DISSERTA\u00c7\u00d5ES E TESES<\/a><\/strong><\/p>\n<hr align=\"center\" noshade=\"noshade\" size=\"1\" width=\"100%\" \/>\n","protected":false},"excerpt":{"rendered":"<p>Paulo Alves de Almeida Junior O bi\u00f3logo Paulo Alves de Almeida Junior (bolsista CAPES), aluno do Programa de P\u00f3s-gradua\u00e7\u00e3o em Biodiversidade Vegetal e Meio Ambiente do Instituto de Bot\u00e2nica, aos vinte e oito dias do m\u00eas de abril de 2015, no N\u00facleo de Pesquisas em Sementes do Instituto de Bot\u00e2nica, defendeu sua disserta\u00e7\u00e3o de mestrado [&hellip;]<\/p>\n","protected":false},"author":1,"featured_media":0,"parent":249,"menu_order":0,"comment_status":"closed","ping_status":"open","template":"sma\/fullpage.php","meta":[],"_links":{"self":[{"href":"https:\/\/www.infraestruturameioambiente.sp.gov.br\/pgibt\/wp-json\/wp\/v2\/pages\/4896"}],"collection":[{"href":"https:\/\/www.infraestruturameioambiente.sp.gov.br\/pgibt\/wp-json\/wp\/v2\/pages"}],"about":[{"href":"https:\/\/www.infraestruturameioambiente.sp.gov.br\/pgibt\/wp-json\/wp\/v2\/types\/page"}],"author":[{"embeddable":true,"href":"https:\/\/www.infraestruturameioambiente.sp.gov.br\/pgibt\/wp-json\/wp\/v2\/users\/1"}],"replies":[{"embeddable":true,"href":"https:\/\/www.infraestruturameioambiente.sp.gov.br\/pgibt\/wp-json\/wp\/v2\/comments?post=4896"}],"version-history":[{"count":0,"href":"https:\/\/www.infraestruturameioambiente.sp.gov.br\/pgibt\/wp-json\/wp\/v2\/pages\/4896\/revisions"}],"up":[{"embeddable":true,"href":"https:\/\/www.infraestruturameioambiente.sp.gov.br\/pgibt\/wp-json\/wp\/v2\/pages\/249"}],"wp:attachment":[{"href":"https:\/\/www.infraestruturameioambiente.sp.gov.br\/pgibt\/wp-json\/wp\/v2\/media?parent=4896"}],"curies":[{"name":"wp","href":"https:\/\/api.w.org\/{rel}","templated":true}]}}