{"id":4861,"date":"2015-12-23T14:31:59","date_gmt":"2015-12-23T16:31:59","guid":{"rendered":"https:\/\/www.infraestruturameioambiente.sp.gov.br\/pgibt\/?page_id=4861"},"modified":"2018-05-28T11:24:23","modified_gmt":"2018-05-28T14:24:23","slug":"2015-dimas-marchi-do-carmo","status":"publish","type":"page","link":"https:\/\/www.infraestruturameioambiente.sp.gov.br\/pgibt\/dissertacoesteses\/2015-dimas-marchi-do-carmo\/","title":{"rendered":"Dimas Marchi do Carmo MS"},"content":{"rendered":"<h2 style=\"text-align: center\"><a href=\"https:\/\/smastr16.blob.core.windows.net\/pgibt\/2015\/02\/faixapos6.jpg\"><img decoding=\"async\" loading=\"lazy\" class=\"aligncenter size-full wp-image-3777\" style=\"border: 0px\" src=\"https:\/\/smastr16.blob.core.windows.net\/pgibt\/2015\/02\/faixapos6.jpg\" alt=\"faixapos6\" width=\"950\" height=\"163\" srcset=\"https:\/\/smastr16.blob.core.windows.net\/pgibt\/2015\/02\/faixapos6.jpg 950w, https:\/\/smastr16.blob.core.windows.net\/pgibt\/2015\/02\/faixapos6-768x131.jpg 768w\" sizes=\"(max-width: 950px) 100vw, 950px\" \/><\/a><\/h2>\n<hr align=\"center\" noshade=\"noshade\" size=\"1\" width=\"100%\" \/>\n<h2 style=\"text-align: center\"><span style=\"color: #003300\">Dimas Marchi do Carmo<br \/>\n<\/span><\/h2>\n<hr align=\"center\" noshade=\"noshade\" size=\"1\" width=\"100%\" \/>\n<p style=\"text-align: center\"><span style=\"line-height: 1.5em\">A necessidade deste trabalho foi constatada em virtude da aus\u00eancia de um levantamento flor\u00edstico de bri\u00f3fitas na interessante regi\u00e3o do Parque Nacional da Serra da Canastra e pela escassez de dados relacionados \u00e0 caracteriza\u00e7\u00e3o da comunidade de bri\u00f3fitas em \u00e1reas de campos rupestres e cachoeiras do Cerrado.<br \/>\n<\/span>Sendo assim, o estudo teve como objetivos a realiza\u00e7\u00e3o de um invent\u00e1rio flor\u00edstico nas diferentes fitofisionomias presentes na \u00e1rea do Parque Nacional da Serra da Canastra e uma caracteriza\u00e7\u00e3o, quanto aos par\u00e2metros de riqueza, frequ\u00eancia e composi\u00e7\u00e3o, da comunidade de bri\u00f3fitas ocorrentes nos ambientes de cachoeiras e de campos rupestres.<\/p>\n<hr align=\"center\" noshade=\"noshade\" size=\"1\" width=\"100%\" \/>\n<h3 style=\"text-align: center\">Diversidade e Ecologia de Bri\u00f3fitas do Parque Nacional da Serra da Canastra, Minas Gerais, Brasil<\/h3>\n<hr align=\"center\" noshade=\"noshade\" size=\"1\" width=\"100%\" \/>\n<h4 style=\"text-align: center\"><strong>RESUMO<\/strong><\/h4>\n<p style=\"text-align: justify\"><span style=\"line-height: 1.5em\">No Brasil s\u00e3o conhecidas atualmente 1524 esp\u00e9cies de bri\u00f3fitas, enquanto para o estado de Minas Gerais s\u00e3o apresentadas 746 esp\u00e9cies. As diversas fitofisionomias presentes na \u00e1rea do Parque Nacional da Serra da Canastra podem ser representadas e delimitadas pelos campos rupestres, cerrado rupestre, campos limpos, campos sujos, cerrado <\/span><em>stricto sensu<\/em><span style=\"line-height: 1.5em\">, matas de galerias, matas de encosta, cap\u00f5es, campos \u00famidos e \u00e1reas de cachoeiras. Este trabalho teve como objetivos a realiza\u00e7\u00e3o de um invent\u00e1rio flor\u00edstico e uma caracteriza\u00e7\u00e3o da comunidade de bri\u00f3fitas ocorrentes em ambientes de campos rupestres e cachoeiras. Como resultados obtidos, foram encontradas 291 esp\u00e9cies de bri\u00f3fitas na \u00e1rea do Parque Nacional da Serra da Canastra, sendo 61 novas ocorr\u00eancias registradas para o estado. Nas \u00e1reas de cachoeiras, foram encontradas 329 ocorr\u00eancias de 75 esp\u00e9cies, sendo a esp\u00e9cie <\/span><em>Campylopus pilifer<\/em><span style=\"line-height: 1.5em\"> Brid. a mais frequente (0,51). A comunidade \u00e9 caracterizada por esp\u00e9cies colonizadoras agressivas e perenes permanentes, tolerantes a exposi\u00e7\u00e3o direta da luz, sombra e ao encharcamento. Elas apresentam o ciclo de vida longo, sexualidade di\u00f3ica e reprodu\u00e7\u00e3o sexuada frequente. Para as \u00e1reas de campos rupestres foram encontradas 176 ocorr\u00eancias de 47 esp\u00e9cies, sendo a esp\u00e9cie <\/span><em>Campylopus savannarum<\/em><span style=\"line-height: 1.5em\"> (M\u00fcll. Hal.) Paris a mais frequente (0,38). Os resultados mostraram a predomin\u00e2ncia de esp\u00e9cies terrestres e colonizadoras de longo tempo tolerantes a estresse hidrico e encharcamento. As vari\u00e1veis que mais influenciam na composi\u00e7\u00e3o da comunidade de bri\u00f3fitas, tanto nos campos rupestres quanto nas \u00e1reas de cachoeiras, s\u00e3o a umidade e a composi\u00e7\u00e3o do substrato.<br \/>\n<\/span><strong>Palavras-chave<\/strong>: bri\u00f3fitas, flor\u00edstica, cachoeiras, campos rupestres, Cerrado.<\/p>\n<hr align=\"center\" noshade=\"noshade\" size=\"1\" width=\"100%\" \/>\n<p style=\"text-align: center\"><a href=\"https:\/\/smastr16.blob.core.windows.net\/pgibt\/2015\/12\/Dimas_Marchi_do_Carmo_MS.pdf\"><img decoding=\"async\" loading=\"lazy\" class=\"aligncenter wp-image-2313 size-full\" style=\"border: 0px\" src=\"https:\/\/smastr16.blob.core.windows.net\/pgibt\/2013\/09\/pdf_grande.gif\" alt=\"pdf_grande\" width=\"60\" height=\"60\" \/><\/a><\/p>\n<p style=\"text-align: center\"><a href=\"https:\/\/smastr16.blob.core.windows.net\/pgibt\/2015\/12\/Dimas_Marchi_do_Carmo_MS.pdf\" target=\"_blank\" rel=\"noopener\">Dimas Marchi do Carmo<br \/>\nDiversidade e Ecologia de Bri\u00f3fitas do Parque Nacional da Serra da Canastra, Minas Gerais, Brasil<br \/>\n<\/a><\/p>\n<hr align=\"center\" noshade=\"noshade\" size=\"1\" width=\"100%\" \/>\n<p style=\"text-align: center\"><strong>\u00a0<a href=\"https:\/\/www.infraestruturameioambiente.sp.gov.br\/pgibt\/dissertacoesteses\/\">VOLTAR AS DISSERTA\u00c7\u00d5ES E TESES<\/a><\/strong><\/p>\n<hr align=\"center\" noshade=\"noshade\" size=\"1\" width=\"100%\" \/>\n","protected":false},"excerpt":{"rendered":"<p>Dimas Marchi do Carmo A necessidade deste trabalho foi constatada em virtude da aus\u00eancia de um levantamento flor\u00edstico de bri\u00f3fitas na interessante regi\u00e3o do Parque Nacional da Serra da Canastra e pela escassez de dados relacionados \u00e0 caracteriza\u00e7\u00e3o da comunidade de bri\u00f3fitas em \u00e1reas de campos rupestres e cachoeiras do Cerrado. Sendo assim, o estudo [&hellip;]<\/p>\n","protected":false},"author":1,"featured_media":0,"parent":249,"menu_order":0,"comment_status":"closed","ping_status":"open","template":"","meta":[],"_links":{"self":[{"href":"https:\/\/www.infraestruturameioambiente.sp.gov.br\/pgibt\/wp-json\/wp\/v2\/pages\/4861"}],"collection":[{"href":"https:\/\/www.infraestruturameioambiente.sp.gov.br\/pgibt\/wp-json\/wp\/v2\/pages"}],"about":[{"href":"https:\/\/www.infraestruturameioambiente.sp.gov.br\/pgibt\/wp-json\/wp\/v2\/types\/page"}],"author":[{"embeddable":true,"href":"https:\/\/www.infraestruturameioambiente.sp.gov.br\/pgibt\/wp-json\/wp\/v2\/users\/1"}],"replies":[{"embeddable":true,"href":"https:\/\/www.infraestruturameioambiente.sp.gov.br\/pgibt\/wp-json\/wp\/v2\/comments?post=4861"}],"version-history":[{"count":2,"href":"https:\/\/www.infraestruturameioambiente.sp.gov.br\/pgibt\/wp-json\/wp\/v2\/pages\/4861\/revisions"}],"predecessor-version":[{"id":6464,"href":"https:\/\/www.infraestruturameioambiente.sp.gov.br\/pgibt\/wp-json\/wp\/v2\/pages\/4861\/revisions\/6464"}],"up":[{"embeddable":true,"href":"https:\/\/www.infraestruturameioambiente.sp.gov.br\/pgibt\/wp-json\/wp\/v2\/pages\/249"}],"wp:attachment":[{"href":"https:\/\/www.infraestruturameioambiente.sp.gov.br\/pgibt\/wp-json\/wp\/v2\/media?parent=4861"}],"curies":[{"name":"wp","href":"https:\/\/api.w.org\/{rel}","templated":true}]}}