{"id":479,"date":"2013-09-13T15:48:44","date_gmt":"2013-09-13T18:48:44","guid":{"rendered":"https:\/\/www.infraestruturameioambiente.sp.gov.br\/pgibt\/?page_id=479"},"modified":"2013-09-13T15:48:44","modified_gmt":"2013-09-13T18:48:44","slug":"2013-marisia-pannia-esposito-dr","status":"publish","type":"page","link":"https:\/\/www.infraestruturameioambiente.sp.gov.br\/pgibt\/dissertacoesteses\/2013-marisia-pannia-esposito-dr\/","title":{"rendered":"Marisia Pannia Esposito DR"},"content":{"rendered":"<h2 style=\"text-align: center\"><a href=\"https:\/\/smastr16.blob.core.windows.net\/pgibt\/2013\/09\/faixapos6.jpg\"><img decoding=\"async\" loading=\"lazy\" class=\"aligncenter size-full wp-image-2327\" style=\"border: 0px\" alt=\"faixapos6\" src=\"https:\/\/smastr16.blob.core.windows.net\/pgibt\/2013\/09\/faixapos6.jpg\" width=\"950\" height=\"163\" \/><\/a><\/h2>\n<hr align=\"center\" noshade=\"noshade\" size=\"1\" width=\"100%\" \/>\n<h2 style=\"text-align: center\">Marisia Pannia Esposito<\/h2>\n<hr align=\"center\" noshade=\"noshade\" size=\"1\" width=\"100%\" \/>\n<p align=\"center\">Em 28 de fevereiro de 2013, no anfiteatro do Instituto de Bot\u00e2nica de S\u00e3o Paulo (IBt), Marisia Pannia Esposito, aluna de doutorado do programa de P\u00f3s-Gradua\u00e7\u00e3o em Biodiversidade Vegetal e Meio Ambiente do Instituto de Bot\u00e2nica, bolsista FAPESP,<br \/>\ndefendeu sua Tese de Doutorado intitulada<br \/>\n\u201cCapacidade de oxi-redu\u00e7\u00e3o de plantas jovens de\u00a0<em>Tibouchina pulchra<\/em>\u00a0(Cham.) Cogn.:<br \/>\nresposta indicadora de mudan\u00e7as\u00a0na qualidade do ar no entorno de uma refinaria de petr\u00f3leo na regi\u00e3o de Cubat\u00e3o, SP\u201d.<\/p>\n<p style=\"text-align: center\">A banca examinadora foi presidida pela Dra. Marisa Domingos, do N\u00facleo de Pesquisa em Ecologia (IBt) e contou com a participa\u00e7\u00e3o da<br \/>\nDra. Adalgiza Fornaro (IAG-USP), Dra. Claudia Maria Furlan (IB-USP), Dra. Silvia Ribeiro de Souza (Ecologia-IBt) e\u00a0do Dr. Danilo da Cruz Centeno (UFABC).<\/p>\n<p align=\"center\">A esp\u00e9cie adotada neste estudo \u2013\u00a0<em>Tibouchina pulchra<\/em>\u00a0\u2013 foi utilizada como bioindicadora modelo para monitorar riscos associados a uma nova situa\u00e7\u00e3o de polui\u00e7\u00e3o atmosf\u00e9rica por poluentes com potencial oxidativo no entorno da Refinaria Presidente Bernardes, situada no Complexo Industrial de Cubat\u00e3o, atrav\u00e9s da mudan\u00e7a de seu sistema de gera\u00e7\u00e3o de energia da queima de \u00f3leo combust\u00edvel\u00a0em caldeiras para uma termoel\u00e9trica movida a g\u00e1s natural.<br \/>\nDe forma geral, houve a tend\u00eancia de varia\u00e7\u00e3o nos n\u00edveis de antioxidantes ao longo dos per\u00edodos de exposi\u00e7\u00e3o de\u00a0<em>T. pulchra<\/em>, abrangendo todo o per\u00edodo de troca do sistema de produ\u00e7\u00e3o de energia pela refinaria de petr\u00f3leo em resposta ao aumento da concentra\u00e7\u00e3o de poluentes atmosf\u00e9ricos com poder oxidativo (NO<sub>2<\/sub>, O<sub>3<\/sub>\u00a0e MP<sub>10<\/sub>). As varia\u00e7\u00f5es clim\u00e1ticas tamb\u00e9m n\u00e3o podem deixar de se consideradas, pois afetam e se correlacionam com a atividade antioxidativa de\u00a0<em>T. pulchra<\/em>\u00a0e tamb\u00e9m interferem na forma\u00e7\u00e3o de poluentes atmosf\u00e9ricos.<\/p>\n<div id=\"attachment_480\" style=\"width: 544px\" class=\"wp-caption aligncenter\"><a href=\"https:\/\/smastr16.blob.core.windows.net\/pgibt\/2013\/09\/Marisia.jpg\"><img aria-describedby=\"caption-attachment-480\" decoding=\"async\" loading=\"lazy\" class=\"size-full wp-image-480\" alt=\"Membros da banca examinadora: Dr. Danilo da Cruz Centeno, Dra. Adalgiza Fornaro, Dra. Silvia Ribeiro de Souza,  a aluna Marisia Pannia Esposito, Dra. Marisa Domingos e Dra. Claudia Maria Furlan.\" src=\"https:\/\/smastr16.blob.core.windows.net\/pgibt\/2013\/09\/Marisia.jpg\" width=\"534\" height=\"352\" \/><\/a><p id=\"caption-attachment-480\" class=\"wp-caption-text\">Membros da banca examinadora: Dr. Danilo da Cruz Centeno, Dra. Adalgiza Fornaro, Dra. Silvia Ribeiro de Souza,<br \/>a aluna Marisia Pannia Esposito, Dra. Marisa Domingos e Dra. Claudia Maria Furlan.<\/p><\/div>\n<hr align=\"center\" noshade=\"noshade\" size=\"1\" width=\"100%\" \/>\n<p style=\"text-align: center\"><strong><strong>CAPACIDADE DE OXI-REDU\u00c7\u00c3O DE PLANTAS JOVENS DE\u00a0<em>TIBOUCHINA PULCHRA<\/em>\u00a0(CHAM.) COGN.: RESPOSTA INDICADORA DE MUDAN\u00c7AS NA QUALIDADE DO AR NO ENTORNO DE UMA REFINARIA DE PETR\u00d3LEO NA REGI\u00c3O DE CUBAT\u00c3O, SP<\/strong><\/strong><\/p>\n<hr align=\"center\" noshade=\"noshade\" size=\"1\" width=\"100%\" \/>\n<h4 style=\"text-align: center\"><strong>RESUMO<\/strong><\/h4>\n<p align=\"justify\">A Floresta Atl\u00e2ntica, que recobre as encostas da Serra do Mar na regi\u00e3o de Cubat\u00e3o, tem sido afetada por poluentes a\u00e9reos emitidos pelas ind\u00fastrias. O impacto dos poluentes na regi\u00e3o da Serra do Mar foi intensamente estudado na d\u00e9cada de 1990 por meio do monitoramento biol\u00f3gico com diferentes esp\u00e9cies vegetais, como a esp\u00e9cie pioneira da Floresta Atl\u00e2ntica,\u00a0<em>Tibouchina pulchra<\/em>, conhecida por acumular metais, fluoreto e enxofre em seus tecidos. A esp\u00e9cie foi adotada neste estudo como bioindicadora modelo para monitorar riscos associados a uma nova situa\u00e7\u00e3o de contamina\u00e7\u00e3o atmosf\u00e9rica por poluentes com potencial oxidativo no entorno da Refinaria Presidente Bernardes (RPBC), situada no Complexo Industrial de Cubat\u00e3o, j\u00e1 que ela mudou seu sistema de gera\u00e7\u00e3o de energia, da queima de \u00f3leo combust\u00edvel em caldeiras para uma termoel\u00e9trica (UTE) movida a g\u00e1s natural. Os objetivos gerais do estudo realizado foram:\u00a0<em>1)<\/em>\u00a0Determinar a capacidade de oxi-redu\u00e7\u00e3o de plantas jovens de\u00a0<em>T. pulchra<\/em>, quando submetidas a um gradiente de condi\u00e7\u00f5es ambientais, no entorno da RPBC, na condi\u00e7\u00e3o de contamina\u00e7\u00e3o atmosf\u00e9rica antes e ap\u00f3s o in\u00edcio de opera\u00e7\u00e3o da UTE;\u00a0<em>2)<\/em>verificar se o impacto dos poluentes observados na regi\u00e3o de Cubat\u00e3o \u00e9 capaz de alterar os n\u00edveis de respostas antioxidativas de\u00a0<em>T. pulchra<\/em>. A capacidade de oxi-redu\u00e7\u00e3o de\u00a0<em>T. pulchra<\/em>\u00a0foi analisada por meio de componentes do sistema de defesas antioxidativas: concentra\u00e7\u00e3o de \u00e1cido asc\u00f3rbico e glutationa, atividade enzim\u00e1tica da super\u00f3xido dismutase, catalase, ascorbato peroxidase e glutationa redutase e tamb\u00e9m por meio de an\u00e1lises de um indicador de estresse oxidativo em n\u00edvel celular, o ac\u00famulo de malondialde\u00eddo, precursor da peroxida\u00e7\u00e3o lip\u00eddica. No estudo realizado em campo, houve tend\u00eancia de varia\u00e7\u00e3o dos n\u00edveis de antioxidantes ao longo dos per\u00edodos de exposi\u00e7\u00e3o que abrangeram todo per\u00edodo de troca do sistema de produ\u00e7\u00e3o de energia pela refinaria de petr\u00f3leo, em resposta ao aumento da concentra\u00e7\u00e3o de poluentes atmosf\u00e9ricos com poder oxidativo. Os antioxidantes n\u00e3o enzim\u00e1ticos \u2013 \u00e1cido asc\u00f3rbico e glutationa \u2013 bem como a enzima ascorbato peroxidase foram essenciais para demonstrar o estado redox de\u00a0<em>T. pulchra<\/em>. No estudo realizado em c\u00e2maras de topo aberto, a temperatura afetou a atividade de todos compostos enzim\u00e1ticos. A concentra\u00e7\u00e3o da glutationa, principalmente em sua forma reduzida, bem como as enzimas catalase e ascorbato peroxidase foram as principais respons\u00e1veis por manter a toler\u00e2ncia de\u00a0<em>T. pulchra<\/em>\u00a0ao estresse oxidativo imposto pela polui\u00e7\u00e3o atmosf\u00e9rica na regi\u00e3o<\/p>\n<p align=\"justify\"><strong>Palavras-chave:<\/strong>\u00a0polui\u00e7\u00e3o atmosf\u00e9rica, Melastomataceae, antioxidante.<\/p>\n<hr align=\"center\" noshade=\"noshade\" size=\"1\" width=\"100%\" \/>\n<p style=\"text-align: center\"><a href=\"https:\/\/smastr16.blob.core.windows.net\/pgibt\/2013\/09\/pdf_grande.gif\"><img decoding=\"async\" loading=\"lazy\" class=\"aligncenter size-full wp-image-2313\" style=\"border: 0px\" alt=\"pdf_grande\" src=\"https:\/\/smastr16.blob.core.windows.net\/pgibt\/2013\/09\/pdf_grande.gif\" width=\"60\" height=\"60\" \/><\/a><a href=\"https:\/\/smastr16.blob.core.windows.net\/pgibt\/2013\/09\/Marisia_Pannia_Esposito_DR.pdf\" target=\"_blank\">Marisia Pannia Esposito<br \/>\nCAPACIDADE DE OXI-REDU\u00c7\u00c3O DE PLANTAS JOVENS DE TIBOUCHINA PULCHRA (CHAM.) COGN.: RESPOSTA INDICADORA DE MUDAN\u00c7AS NA QUALIDADE DO AR NO ENTORNO DE UMA REFINARIA DE PETR\u00d3LEO NA REGI\u00c3O DE CUBAT\u00c3O, SP<\/a><\/p>\n<hr align=\"center\" noshade=\"noshade\" size=\"1\" width=\"100%\" \/>\n<p style=\"text-align: center\"><strong>\u00a0<a href=\"https:\/\/www.infraestruturameioambiente.sp.gov.br\/pgibt\/dissertacoesteses\/\">VOLTAR AS DISSERTA\u00c7\u00d5ES E TESES<\/a><\/strong><\/p>\n<hr align=\"center\" noshade=\"noshade\" size=\"1\" width=\"100%\" \/>\n","protected":false},"excerpt":{"rendered":"<p>Marisia Pannia Esposito Em 28 de fevereiro de 2013, no anfiteatro do Instituto de Bot\u00e2nica de S\u00e3o Paulo (IBt), Marisia Pannia Esposito, aluna de doutorado do programa de P\u00f3s-Gradua\u00e7\u00e3o em Biodiversidade Vegetal e Meio Ambiente do Instituto de Bot\u00e2nica, bolsista FAPESP, defendeu sua Tese de Doutorado intitulada \u201cCapacidade de oxi-redu\u00e7\u00e3o de plantas jovens de\u00a0Tibouchina pulchra\u00a0(Cham.) [&hellip;]<\/p>\n","protected":false},"author":1,"featured_media":0,"parent":249,"menu_order":0,"comment_status":"closed","ping_status":"closed","template":"fullpage.php","meta":[],"_links":{"self":[{"href":"https:\/\/www.infraestruturameioambiente.sp.gov.br\/pgibt\/wp-json\/wp\/v2\/pages\/479"}],"collection":[{"href":"https:\/\/www.infraestruturameioambiente.sp.gov.br\/pgibt\/wp-json\/wp\/v2\/pages"}],"about":[{"href":"https:\/\/www.infraestruturameioambiente.sp.gov.br\/pgibt\/wp-json\/wp\/v2\/types\/page"}],"author":[{"embeddable":true,"href":"https:\/\/www.infraestruturameioambiente.sp.gov.br\/pgibt\/wp-json\/wp\/v2\/users\/1"}],"replies":[{"embeddable":true,"href":"https:\/\/www.infraestruturameioambiente.sp.gov.br\/pgibt\/wp-json\/wp\/v2\/comments?post=479"}],"version-history":[{"count":0,"href":"https:\/\/www.infraestruturameioambiente.sp.gov.br\/pgibt\/wp-json\/wp\/v2\/pages\/479\/revisions"}],"up":[{"embeddable":true,"href":"https:\/\/www.infraestruturameioambiente.sp.gov.br\/pgibt\/wp-json\/wp\/v2\/pages\/249"}],"wp:attachment":[{"href":"https:\/\/www.infraestruturameioambiente.sp.gov.br\/pgibt\/wp-json\/wp\/v2\/media?parent=479"}],"curies":[{"name":"wp","href":"https:\/\/api.w.org\/{rel}","templated":true}]}}