{"id":476,"date":"2013-09-13T15:43:14","date_gmt":"2013-09-13T18:43:14","guid":{"rendered":"https:\/\/www.infraestruturameioambiente.sp.gov.br\/pgibt\/?page_id=476"},"modified":"2013-09-13T15:43:14","modified_gmt":"2013-09-13T18:43:14","slug":"2013-marina-bianchini-de-salvi","status":"publish","type":"page","link":"https:\/\/www.infraestruturameioambiente.sp.gov.br\/pgibt\/dissertacoesteses\/2013-marina-bianchini-de-salvi\/","title":{"rendered":"Marina Bianchini de Salvi DR"},"content":{"rendered":"<h2 style=\"text-align: center\"><a href=\"https:\/\/smastr16.blob.core.windows.net\/pgibt\/2015\/02\/faixapos6.jpg\"><img decoding=\"async\" loading=\"lazy\" class=\"aligncenter size-full wp-image-3777\" style=\"border: 0px\" alt=\"faixapos6\" src=\"https:\/\/smastr16.blob.core.windows.net\/pgibt\/2015\/02\/faixapos6.jpg\" width=\"950\" height=\"163\" srcset=\"https:\/\/smastr16.blob.core.windows.net\/pgibt\/2015\/02\/faixapos6.jpg 950w, https:\/\/smastr16.blob.core.windows.net\/pgibt\/2015\/02\/faixapos6-768x131.jpg 768w\" sizes=\"(max-width: 950px) 100vw, 950px\" \/><\/a><\/h2>\n<hr align=\"center\" noshade=\"noshade\" size=\"1\" width=\"100%\" \/>\n<h2 style=\"text-align: center\">Marina Bianchini de Salvi<\/h2>\n<hr align=\"center\" noshade=\"noshade\" size=\"1\" width=\"100%\" \/>\n<p style=\"text-align: center\">Em 18 de fevereiro de 2013, no anfiteatro do Instituto de Bot\u00e2nica de S\u00e3o Paulo (IBt), Marina Bianchini de Salvi, aluna de doutorado do programa de P\u00f3s-Gradua\u00e7\u00e3o em Biodiversidade Vegetal e Meio Ambiente do Instituto de Bot\u00e2nica, bolsista CAPES, defendeu sua Tese de Doutorado intitulada<br \/>\n\u201cOtimiza\u00e7\u00e3o de biorremedia\u00e7\u00e3o de solo contaminado com organoclorados utilizando basidiomicetos em biorreatores\u201d.<\/p>\n<p>A banca examinadora foi presidida pelo Dr. D\u00e1cio Roberto Matheus (UFABC) e contou com a participa\u00e7\u00e3o da\u00a0Dra. Elen Aquino Perp\u00e9tuo (CEPEMA), da Dra. Luisa Helena dos Santos Oliveira (UFABC) do\u00a0Dr. Carlos Renato Corso (UNESP) e da Dra. Vera Lucia Ramos Bononi (IBt).<\/p>\n<hr align=\"center\" noshade=\"noshade\" size=\"1\" width=\"100%\" \/>\n<h3 style=\"text-align: center\"><strong>OTIMIZA\u00c7\u00c3O DE BIORREMEDIA\u00c7\u00c3O DE SOLO CONTAMINADO COM ORGANOCLORADOS<br \/>\nUTILIZANDO BASIDIOMICETOS EM BIORREATORES<\/strong><\/h3>\n<hr align=\"center\" noshade=\"noshade\" size=\"1\" width=\"100%\" \/>\n<h4 style=\"text-align: center\"><strong>RESUMO<\/strong><\/h4>\n<p style=\"text-align: justify\">Diversas esp\u00e9cies de fungos basidiomicetos brasileiros t\u00eam sido selecionadas para degrada\u00e7\u00e3o de compostos organoclorados. Este trabalho teve como objetivo avaliar a biodegrada\u00e7\u00e3o de compostos organoclorados em solo, principalmente o hexaclorobenzeno (HCB), em biorreatores com capacidade de 10 Kg e a efici\u00eancia da aera\u00e7\u00e3o pressurizada, os efeitos de \u00e1cidos graxos insaturados e da concentra\u00e7\u00e3o dos compostos organoclorados do solo na biodegrada\u00e7\u00e3o por\u00a0<em>Lentinus crinitus\u00a0<\/em>CCIBt 2611. O solo contaminado (10643,81 mg HCB Kg-1 solo e 1550,24 mg PeCB Kg-1 solo) com organoclorados foi esterilizado com benomyl (10mg Kg-1 solo). Lotes de 9 Kg de solo (seco) foram transferidos para biorreatores onde foram incorporados 2,5% de gesso comercial (peso seco) e 900 mg de\u00a0<em>L. crinitus\u00a0<\/em>(peso seco), crescido em baga\u00e7o de cana misturado com farinha de soja e f\u00e9cula de mandioca nas propor\u00e7\u00f5es de 20 e 30% (peso seco). Foram realizados 2 experimentos, sendo que as condi\u00e7\u00f5es de cultivos analisadas no primeiro experimento foram: 2 reatores com 5% de uma emuls\u00e3o de \u00f3leo de soja comest\u00edvel comercial (marca Lisa) e tween 20, na propor\u00e7\u00e3o de 9:1 (p\/p) com inje\u00e7\u00e3o de ar pressurizado (0,2 Bar) e 2 reatores com 5% de uma emuls\u00e3o de \u00f3leo de soja comest\u00edvel comercial (marca Lisa) e tween 20, na propor\u00e7\u00e3o de 9:1 (p\/p) com revolvimento semanal do solo, e no segundo experimento as condi\u00e7\u00f5es de cultivo foram: 2 reatores com 5% de uma emuls\u00e3o de \u00f3leo de soja comest\u00edvel comercial (marca Lisa) e tween 20, na propor\u00e7\u00e3o de 9:1 (p\/p), utilizado como controle, 2 reatores com 8% de uma emuls\u00e3o de \u00f3leo de soja comest\u00edvel e tween 20, na propor\u00e7\u00e3o de 9:1 (p\/p) e 2 reatores com solo contaminado dilu\u00eddo com solo branco (1:10 p\/p) para diminui\u00e7\u00e3o da concentra\u00e7\u00e3o inicial dos organoclorados. E em todos os reatores foi injetado ar pressurizado (0,2 Bar). Foi instalado um sensor de temperatura nos biorreatores e uma sonda para medida do teor de oxig\u00eanio. A incuba\u00e7\u00e3o dos biorreatores foi feita durante 56 dias, a 28\u00baC. Aos 0, 7, 14, 28 e 56 dias de incuba\u00e7\u00e3o foram determinadas atividades enzim\u00e1ticas, pH, crescimento f\u00fangico e umidade do solo. A temperatura do solo e % de oxig\u00eanio do solo foram acompanhadas diariamente. No primeiro experimento foram observadas atividades enzim\u00e1ticas durante todo per\u00edodo de crescimento de\u00a0<em>L. crinitus<\/em>\u00a0em todos os tratamentos avaliados e um efeito significativo do \u00f3leo vegetal e da oxigena\u00e7\u00e3o sob press\u00e3o. O pH variou de 4,0 a 3,8 ao final de tempo de incuba\u00e7\u00e3o. O teor de oxig\u00eanio nos reatores com revolvimento do solo variou entre 19 e 21% e nos reatores pressurizados a porcentagem foi superior, variando entre 23 e 25%. A temperatura do solo nos biorreatores pressurizados foi inferior \u00e0 observada nos biorreatores com revolvimento do solo. O crescimento de\u00a0<em>L. crinitus<\/em>\u00a0foi semelhante em todas as condi\u00e7\u00f5es analisadas at\u00e9 56 dias de incuba\u00e7\u00e3o, com influ\u00eancia do \u00f3leo vegetal e do ar pressurizado.\u00a0<em>L. crinitus<\/em>\u00a0foi capaz de degradar 36,3% de HCB, 35,4% de pentaclorobenzeno (PeCB) e 22,9% dos tetraclorobenzenos totais (TCBs) nos reatores pressurizados. No segundo experimento tamb\u00e9m foram observadas atividades enzim\u00e1ticas durante todo per\u00edodo de crescimento de\u00a0<em>L. crinitus<\/em>\u00a0e um efeito significativo do aumento da concentra\u00e7\u00e3o do \u00f3leo vegetal no sistema de cultivo. N\u00e3o houve altera\u00e7\u00e3o do pH do solo. O teor de oxig\u00eanio nos reatores variou entre 21 e 25%. A temperatura do solo nos biorreatores variou entre 16 e 28\u00baC. Houve crescimento significativo de\u00a0<em>L. crinitus<\/em>\u00a0em todas as situa\u00e7\u00f5es analisadas e um efeito significativo da concentra\u00e7\u00e3o do \u00f3leo vegetal no aumento da biomassa f\u00fangica.<em>\u00a0L. crinitus<\/em>\u00a0foi capaz de degradar 43,7% de HCB, 50,4% de PeCB e 41,7% dos TCBs totais nos reatores pressurizados.<\/p>\n<p style=\"text-align: justify\"><strong>Palavras chaves:<\/strong>\u00a0aera\u00e7\u00e3o, biorremedia\u00e7\u00e3o, basidiomiceto, biorreator,\u00a0<em>Lentinus crinitus<\/em><\/p>\n<hr align=\"center\" noshade=\"noshade\" size=\"1\" width=\"100%\" \/>\n<p style=\"text-align: center\"><a href=\"https:\/\/smastr16.blob.core.windows.net\/pgibt\/2013\/09\/pdf_grande.gif\"><img decoding=\"async\" loading=\"lazy\" class=\"aligncenter size-full wp-image-2313\" style=\"border: 0px\" alt=\"pdf_grande\" src=\"https:\/\/smastr16.blob.core.windows.net\/pgibt\/2013\/09\/pdf_grande.gif\" width=\"60\" height=\"60\" \/><\/a><a href=\"https:\/\/smastr16.blob.core.windows.net\/pgibt\/2013\/09\/Marina_Bianchini_de_Salvi_DR.pdf\" target=\"_blank\">Marina Bianchini de Salvi<br \/>\nOTIMIZA\u00c7\u00c3O DE BIORREMEDIA\u00c7\u00c3O DE SOLO CONTAMINADO COM ORGANOCLORADOS UTILIZANDO BASIDIOMICETOS EM BIORREATORES<\/a><\/p>\n<hr align=\"center\" noshade=\"noshade\" size=\"1\" width=\"100%\" \/>\n<p style=\"text-align: center\"><strong>\u00a0<a href=\"https:\/\/www.infraestruturameioambiente.sp.gov.br\/pgibt\/dissertacoesteses\/\">VOLTAR AS DISSERTA\u00c7\u00d5ES E TESES<\/a><\/strong><\/p>\n<hr align=\"center\" noshade=\"noshade\" size=\"1\" width=\"100%\" \/>\n<h1 style=\"text-align: center\"><\/h1>\n<p>&nbsp;<\/p>\n","protected":false},"excerpt":{"rendered":"<p>Marina Bianchini de Salvi Em 18 de fevereiro de 2013, no anfiteatro do Instituto de Bot\u00e2nica de S\u00e3o Paulo (IBt), Marina Bianchini de Salvi, aluna de doutorado do programa de P\u00f3s-Gradua\u00e7\u00e3o em Biodiversidade Vegetal e Meio Ambiente do Instituto de Bot\u00e2nica, bolsista CAPES, defendeu sua Tese de Doutorado intitulada \u201cOtimiza\u00e7\u00e3o de biorremedia\u00e7\u00e3o de solo contaminado [&hellip;]<\/p>\n","protected":false},"author":1,"featured_media":0,"parent":249,"menu_order":0,"comment_status":"closed","ping_status":"closed","template":"fullpage.php","meta":[],"_links":{"self":[{"href":"https:\/\/www.infraestruturameioambiente.sp.gov.br\/pgibt\/wp-json\/wp\/v2\/pages\/476"}],"collection":[{"href":"https:\/\/www.infraestruturameioambiente.sp.gov.br\/pgibt\/wp-json\/wp\/v2\/pages"}],"about":[{"href":"https:\/\/www.infraestruturameioambiente.sp.gov.br\/pgibt\/wp-json\/wp\/v2\/types\/page"}],"author":[{"embeddable":true,"href":"https:\/\/www.infraestruturameioambiente.sp.gov.br\/pgibt\/wp-json\/wp\/v2\/users\/1"}],"replies":[{"embeddable":true,"href":"https:\/\/www.infraestruturameioambiente.sp.gov.br\/pgibt\/wp-json\/wp\/v2\/comments?post=476"}],"version-history":[{"count":0,"href":"https:\/\/www.infraestruturameioambiente.sp.gov.br\/pgibt\/wp-json\/wp\/v2\/pages\/476\/revisions"}],"up":[{"embeddable":true,"href":"https:\/\/www.infraestruturameioambiente.sp.gov.br\/pgibt\/wp-json\/wp\/v2\/pages\/249"}],"wp:attachment":[{"href":"https:\/\/www.infraestruturameioambiente.sp.gov.br\/pgibt\/wp-json\/wp\/v2\/media?parent=476"}],"curies":[{"name":"wp","href":"https:\/\/api.w.org\/{rel}","templated":true}]}}