{"id":4753,"date":"2015-12-21T09:47:23","date_gmt":"2015-12-21T11:47:23","guid":{"rendered":"https:\/\/www.infraestruturameioambiente.sp.gov.br\/pgibt\/?page_id=4753"},"modified":"2015-12-21T09:47:23","modified_gmt":"2015-12-21T11:47:23","slug":"2015-marcos-enoque-leite-lima","status":"publish","type":"page","link":"https:\/\/www.infraestruturameioambiente.sp.gov.br\/pgibt\/dissertacoesteses\/2015-marcos-enoque-leite-lima\/","title":{"rendered":"Marcos Enoque Leite Lima DR"},"content":{"rendered":"<h2 style=\"text-align: center\"><a href=\"https:\/\/smastr16.blob.core.windows.net\/pgibt\/2015\/02\/faixapos6.jpg\"><img decoding=\"async\" loading=\"lazy\" class=\"aligncenter size-full wp-image-3777\" style=\"border: 0px\" alt=\"faixapos6\" src=\"https:\/\/smastr16.blob.core.windows.net\/pgibt\/2015\/02\/faixapos6.jpg\" width=\"950\" height=\"163\" srcset=\"https:\/\/smastr16.blob.core.windows.net\/pgibt\/2015\/02\/faixapos6.jpg 950w, https:\/\/smastr16.blob.core.windows.net\/pgibt\/2015\/02\/faixapos6-768x131.jpg 768w\" sizes=\"(max-width: 950px) 100vw, 950px\" \/><\/a><\/h2>\n<hr align=\"center\" noshade=\"noshade\" size=\"1\" width=\"100%\" \/>\n<h2 style=\"text-align: center\"><span style=\"color: #003300\">Marcos Enoque Leite Lima<br \/>\n<\/span><\/h2>\n<hr align=\"center\" noshade=\"noshade\" size=\"1\" width=\"100%\" \/>\n<p style=\"text-align: center\"><strong>Marcos Enoque Leite Lima<\/strong><span style=\"line-height: 1.5em\">, aluno do Programa de P\u00f3s-Gradua\u00e7\u00e3o em Biodiversidade Vegetal e Meio Ambiente do Instituto de Bot\u00e2nica (bolsista CNPq), defendeu no dia 19 de fevereiro de 2015 a tese de doutorado intitulada:<br \/>\n<\/span><span style=\"line-height: 1.5em\">\u201cDin\u00e2mica da Mata Atl\u00e2ntica de Paranapiacaba\u201d<br \/>\n<\/span>O trabalho avaliou a estrutura e a din\u00e2mica (mortalidade, recrutamento e crescimento) da comunidade arb\u00f3rea, al\u00e9m da distribui\u00e7\u00e3o espacial da esp\u00e9cie <em>Guapira opposita <\/em>(Vell.) Reitz (Nyctaginaceae) de dois trechos de Floresta Ombr\u00f3fila Densa Montana num per\u00edodo de 8 anos.<br \/>\nA banca examinadora foi composta pela Dra. In\u00eas Cordeiro, (Orientadora e Presidente da Banca \u2013 Instituto de Bot\u00e2nica de S\u00e3o Paulo &#8211; IBt), Dr. Eduardo Pereira Cabral Gomes (IBt), Dra. Flaviana Maluf de Souza (Instituto Florestal -IF), Dra. Nat\u00e1lia Macedo Ivanauskas (IF) e o Dr. Pedro Vasconcelos Einseinlor (Universidade Federal do Mato Grosso)<\/p>\n<hr align=\"center\" noshade=\"noshade\" size=\"1\" width=\"100%\" \/>\n<h3 style=\"text-align: center\">Din\u00e2mica da Mata Atl\u00e2ntica de Paranapiacaba<\/h3>\n<hr align=\"center\" noshade=\"noshade\" size=\"1\" width=\"100%\" \/>\n<h4 style=\"text-align: center\"><strong>RESUMO<\/strong><\/h4>\n<p style=\"text-align: justify\">A Mata Atl\u00e2ntica, um dos maiores centros de diversidade e endemismo de plantas vasculares do planeta, \u00e9 tamb\u00e9m uma das florestas mais amea\u00e7adas, sendo considerada como um dos hotspots da biodiversidade global. Apesar da sua import\u00e2ncia, esta diversidade vem sendo perdida, principalmente pela fragmenta\u00e7\u00e3o do bioma. A fragmenta\u00e7\u00e3o gera instabilidade, produzindo altera\u00e7\u00f5es demogr\u00e1ficas na comunidade, principalmente com aumento nas taxas de mortalidade e recrutamento de pioneiras, comprometendo a regenera\u00e7\u00e3o e reduzindo a diversidade. No presente estudo foram avaliados os par\u00e2metros relacionados \u00e0 estrutura e din\u00e2mica de dois fragmentos de Floresta Ombr\u00f3fila Densa Montana, no Parque Natural Municipal Nascentes de Paranapiacaba (PNMNP), em Santo Andr\u00e9 (SP), e. A pesquisa foi realizada em duas parcelas de 0,5 ha, P1 e P2, utilizando como crit\u00e9rio de inclus\u00e3o DAP \u2265 48 mm. Nas an\u00e1lises, as \u00e1rvores foram divididas em duas classes: classe menor (DAP \u2265 48 mm &lt; 99.9) e classe maior (DAP \u2265 100 mm). Para a an\u00e1lise da estrutura de cada parcela, foram realizadas duas amostragens nos anos de 2006 e 2013, para c\u00e1lculo da densidade, \u00e1rea basal, abund\u00e2ncia, diversidade (H\u2019), equitabilidade de Pielou (J\u2019) e similaridade (Sorensen e Jaccard). A din\u00e2mica das parcelas foi avaliada no mesmo per\u00edodo, sendo calculadas as taxas de mortalidade, crescimento, recrutamento e mudan\u00e7a da popula\u00e7\u00e3o, juntamente com a perda, ganho e incremento de \u00e1rea basal. Al\u00e9m disso, foi avaliada a ecologia populacional e a distribui\u00e7\u00e3o espacial pela fun\u00e7\u00e3o K-Ripley de <em>Guapira opposita <\/em>(Vell.) Reitz (Nyctaginaceae). No ano de 2006 foram amostradas ao todo 1165 \u00e1rvores pertencentes a 124 esp\u00e9cies, em 41 fam\u00edlias em P1, e 730 \u00e1rvores pertencentes a 123 esp\u00e9cies, em 37 fam\u00edlias em P2. No ano de 2013 foram amostradas 1269 \u00e1rvores pertencentes a 136 esp\u00e9cies, em 43 fam\u00edlias em P1, e em P2, 762 pertencentes a 130 esp\u00e9cies, em 41 fam\u00edlias. A diversidade H\u2019 e equitabilidade J\u2019 foram maiores em P2 que em P1 em 2006 e 2013. Dentre os valores da din\u00e2mica, o recrutamento de indiv\u00edduos da classe menor da parcela P1 foi significativamente maior (0,062 \u00b1 0,032 ~ 6,2 % \/ ano; t=3,72, d.f.=6, p=0,0023) do que em P2, onde tamb\u00e9m houve aumento do recrutamento na menor classe (0,047 \u00b1 0,019 ~ 4,7 % \/ ano; t=6,3189, d.f.=6, p=0,00002). As maiores taxas de mortalidade, recrutamento e crescimento em P1 foram observadas nas esp\u00e9cies pioneiras, bem como as maiores taxas de mudan\u00e7a. Em P2, as maiores taxas de mudan\u00e7a foram registradas nas esp\u00e9cies de sub-bosque tolerantes \u00e0 sombra. O estudo da ecologia e distribui\u00e7\u00e3o espacial de <em>Guapira opposita<\/em> mostrou a estabilidade da popula\u00e7\u00e3o e uma distribui\u00e7\u00e3o espacial agregada nas classes menores e aleat\u00f3ria com o aumento das classes. Em s\u00edntese, pode-se observar pelos resultados obtidos, uma indica\u00e7\u00e3o de maior din\u00e2mica em P1, que refor\u00e7a a ideia das diferen\u00e7as sucessionais entre as parcelas, pois esse fragmento florestal foi submetido a corte raso e utilizado como pastagem at\u00e9 os anos 1980, enquanto P2 sofreu apenas corte seletivo de esp\u00e9cies, podendo, portanto, ser considerado um relicto da floresta original.<br \/>\n<strong>Palavras-chave:<\/strong> din\u00e2mica, Paranapiacaba, distribui\u00e7\u00e3o espacial, estrutura<\/p>\n<p style=\"text-align: center\"><strong>Abstract<\/strong><\/p>\n<p style=\"text-align: justify\">Lima, M.E.L. <strong>Dynamics of the Paranapiacaba Atlantic rain forest<\/strong>. 2015. Thesis (Doctorate). Instituto de Bot\u00e2nica de S\u00e3o Paulo \u2013 P\u00f3s-Gradua\u00e7\u00e3o em Biodiversidade Vegetal e Meio Ambiente.<br \/>\nThe Atlantic rain forest, one of the greatest planet centers of diversity and endemism of vascular plants, is also one of the most threatened forests, considered as a hotspot of global biodiversity. Despite of its importance, the diversity of the Atlantic rain forest has been lost mainly by its fragmentation. The fragmentation creates instability and demographic changes in communities, mostly by increasing mortality rates and pioneer recruiting, which affect regeneration and diversity. In this study were evaluated the parameters related to structure and dynamics of two fragments of Montane Ombrophilous Dense Forest from the Parque Natural Municipal Nascentes de Paranapiacaba (PNMNP), in Santo Andr\u00e9, S\u00e3o Paulo State (SP), between 2006 and 2013. The work was carried in two plots of 0.5 ha, P1 and P2, all stems \u2265 48 mm DBH were sampled. In the analysis, the trees were divided into two classes: lower class (DBH \u2265 48 mm &lt; 99.9) and higher class (DBH \u2265 100 mm). Two surveys were conducted in each plot, one in 2006 and other in 2013, in which were estimated the basal area, abundance, diversity (H\u2019), Pielou\u2019s index (J\u2019) and similarity (Sorensen and Jaccard). The dynamics in the plots were studied during the same period, being calculated the rates of mortality, growing, recruiting and population changes, along with the loss, gain and increasing of basal area. In addition, the spatial distribution of <em>Guapira opposita<\/em> (Vell.) Reitz (Nyctaginaceae) was evaluated using the K-Ripley function. In 2006, 1165 trees from 124 species, in 41 families were sampled in P1, against 730 from 123 species in 32 families in P2. In 2013, 1250 trees from 135 species in 43 families were sampled in P1, against 751 from 131 species in 41 families in P2. The H\u2019 and J\u2019 were higher in P2 than in P1 in 2006 and 2013. Amongst the values of dynamic, the individuals recruiting of lower class from P1 were significantly higher (0,062 \u00b1 0,032 ~ 6,2 % \/ year; t=3,72, d.f.=6, p=0,0023) than in P2, where the recruiting of lower class increased as well (0,047 \u00b1 0,019 ~ 4,7 % \/ year; t=6,3189, d.f.=6, p=0,00002). In P1, the highest rates of mortality, recruiting and growing were obtained by pioneer species as well as the highest changes rates. In P2, the highest changes rates were obtained in understory and shade-tolerant species. The study of spatial distribution of <em>Guapira opposita<\/em> showed the stability of the its population, an aggregate distribution in lower classes, whereas a random distribution is seen, as the classes get higher. In summary, according to the results obtained, there is an indication of a higher dynamics in P1, which reinforces the idea of successional differences between the plots, once the forest of P1 was subjected to clear cutting and used as pasture until the 1980\u2019s, and the forest in P2\u00a0 suffered only selective removal of species and can therefore be considered a relict of the original forest<br \/>\n<strong>Keywords<\/strong>: dynamic, Paranapiacaba, space distribution, structure<\/p>\n<hr align=\"center\" noshade=\"noshade\" size=\"1\" width=\"100%\" \/>\n<p style=\"text-align: center\"><a href=\"https:\/\/smastr16.blob.core.windows.net\/pgibt\/2013\/09\/pdf_grande.gif\"><img decoding=\"async\" loading=\"lazy\" class=\"aligncenter size-full wp-image-2313\" style=\"border: 0px\" alt=\"pdf_grande\" src=\"https:\/\/smastr16.blob.core.windows.net\/pgibt\/2013\/09\/pdf_grande.gif\" width=\"60\" height=\"60\" \/><\/a><a href=\"https:\/\/smastr16.blob.core.windows.net\/pgibt\/2015\/12\/Marcos_Enoque_Leite_Lima_DR.pdf\" target=\"_blank\">Marcos Enoque Leite Lima<br \/>\nDin\u00e2mica da Mata Atl\u00e2ntica de Paranapiacaba<\/a><\/p>\n<hr align=\"center\" noshade=\"noshade\" size=\"1\" width=\"100%\" \/>\n<p style=\"text-align: center\"><strong>\u00a0<a href=\"https:\/\/www.infraestruturameioambiente.sp.gov.br\/pgibt\/dissertacoesteses\/\">VOLTAR AS DISSERTA\u00c7\u00d5ES E TESES<\/a><\/strong><\/p>\n<hr align=\"center\" noshade=\"noshade\" size=\"1\" width=\"100%\" \/>\n","protected":false},"excerpt":{"rendered":"<p>Marcos Enoque Leite Lima Marcos Enoque Leite Lima, aluno do Programa de P\u00f3s-Gradua\u00e7\u00e3o em Biodiversidade Vegetal e Meio Ambiente do Instituto de Bot\u00e2nica (bolsista CNPq), defendeu no dia 19 de fevereiro de 2015 a tese de doutorado intitulada: \u201cDin\u00e2mica da Mata Atl\u00e2ntica de Paranapiacaba\u201d O trabalho avaliou a estrutura e a din\u00e2mica (mortalidade, recrutamento e [&hellip;]<\/p>\n","protected":false},"author":1,"featured_media":0,"parent":249,"menu_order":0,"comment_status":"closed","ping_status":"open","template":"sma\/fullpage.php","meta":[],"_links":{"self":[{"href":"https:\/\/www.infraestruturameioambiente.sp.gov.br\/pgibt\/wp-json\/wp\/v2\/pages\/4753"}],"collection":[{"href":"https:\/\/www.infraestruturameioambiente.sp.gov.br\/pgibt\/wp-json\/wp\/v2\/pages"}],"about":[{"href":"https:\/\/www.infraestruturameioambiente.sp.gov.br\/pgibt\/wp-json\/wp\/v2\/types\/page"}],"author":[{"embeddable":true,"href":"https:\/\/www.infraestruturameioambiente.sp.gov.br\/pgibt\/wp-json\/wp\/v2\/users\/1"}],"replies":[{"embeddable":true,"href":"https:\/\/www.infraestruturameioambiente.sp.gov.br\/pgibt\/wp-json\/wp\/v2\/comments?post=4753"}],"version-history":[{"count":0,"href":"https:\/\/www.infraestruturameioambiente.sp.gov.br\/pgibt\/wp-json\/wp\/v2\/pages\/4753\/revisions"}],"up":[{"embeddable":true,"href":"https:\/\/www.infraestruturameioambiente.sp.gov.br\/pgibt\/wp-json\/wp\/v2\/pages\/249"}],"wp:attachment":[{"href":"https:\/\/www.infraestruturameioambiente.sp.gov.br\/pgibt\/wp-json\/wp\/v2\/media?parent=4753"}],"curies":[{"name":"wp","href":"https:\/\/api.w.org\/{rel}","templated":true}]}}