{"id":4731,"date":"2015-12-17T17:17:07","date_gmt":"2015-12-17T19:17:07","guid":{"rendered":"https:\/\/www.infraestruturameioambiente.sp.gov.br\/pgibt\/?page_id=4731"},"modified":"2015-12-17T17:17:07","modified_gmt":"2015-12-17T19:17:07","slug":"2015-patricia-aparecida-de-sao-jose","status":"publish","type":"page","link":"https:\/\/www.infraestruturameioambiente.sp.gov.br\/pgibt\/dissertacoesteses\/2015-patricia-aparecida-de-sao-jose\/","title":{"rendered":"Patr\u00edcia Aparecida de S\u00e3o Jos\u00e9 MS"},"content":{"rendered":"<h2 style=\"text-align: center\"><a href=\"https:\/\/smastr16.blob.core.windows.net\/pgibt\/2015\/02\/faixapos6.jpg\"><img decoding=\"async\" loading=\"lazy\" class=\"aligncenter size-full wp-image-3777\" style=\"border: 0px\" alt=\"faixapos6\" src=\"https:\/\/smastr16.blob.core.windows.net\/pgibt\/2015\/02\/faixapos6.jpg\" width=\"950\" height=\"163\" srcset=\"https:\/\/smastr16.blob.core.windows.net\/pgibt\/2015\/02\/faixapos6.jpg 950w, https:\/\/smastr16.blob.core.windows.net\/pgibt\/2015\/02\/faixapos6-768x131.jpg 768w\" sizes=\"(max-width: 950px) 100vw, 950px\" \/><\/a><\/h2>\n<hr align=\"center\" noshade=\"noshade\" size=\"1\" width=\"100%\" \/>\n<h2 style=\"text-align: center\"><span style=\"color: #003300\">Patr\u00edcia Aparecida de S\u00e3o Jos\u00e9<\/span><\/h2>\n<hr align=\"center\" noshade=\"noshade\" size=\"1\" width=\"100%\" \/>\n<p style=\"text-align: center\">A aluna Patr\u00edcia Aparecida de S\u00e3o Jos\u00e9 obteve o T\u00edtulo de Mestre pelo programa de P\u00f3s-Gradua\u00e7\u00e3o em Biodiversidade Vegetal e Meio Ambiente do Instituto de Bot\u00e2nica, em 7 de abril de 2015.<br \/>\nSua disserta\u00e7\u00e3o, intitulada: <b><i>Dorstenia<\/i> L. (Moraceae) do Estado de S\u00e3o Paulo, Brasil<\/b>, contou com a orienta\u00e7\u00e3o do Prof. Dr. Sergio Romaniuc Neto.<br \/>\nA disserta\u00e7\u00e3o foi avaliada pela banca examinadora composta pelo Dra. Roseli Buzanelli Torres (IAC\/SP) e pelo Dr. Ricardo Jos\u00e9 Francischetti Garcia (PMSP\/SP).<\/p>\n<p style=\"text-align: center\"><a href=\"https:\/\/smastr16.blob.core.windows.net\/pgibt\/2015\/12\/Patr\u00edcia-Aparecida-de-S\u00e3o-Jos\u00e9.jpg\"><img decoding=\"async\" loading=\"lazy\" class=\"aligncenter size-full wp-image-4732\" alt=\"Patr\u00edcia Aparecida de S\u00e3o Jos\u00e9\" src=\"https:\/\/smastr16.blob.core.windows.net\/pgibt\/2015\/12\/Patr\u00edcia-Aparecida-de-S\u00e3o-Jos\u00e9.jpg\" width=\"567\" height=\"402\" \/><\/a>O presente trabalho \u00e9 uma contribui\u00e7\u00e3o ao projeto &#8220;Flora Fanerog\u00e2mica do Estado de S\u00e3o Paulo&#8221;.<br \/>\nEste trabalho teve como objetivo realizar estudos taxon\u00f4micos das esp\u00e9cies de <em>Dorstenia <\/em>e contribuir para o conhecimento da fam\u00edlia no estado de S\u00e3o Paulo.<br \/>\n<em>Dorstenia<\/em> se difere dos demais g\u00eaneros de Moraceae por ser o \u00fanico neotropical a apresentar h\u00e1bito herb\u00e1ceo na fam\u00edlia, com infloresc\u00eancia cimosa pateliforme denominada cenanto.<br \/>\nNo mundo ocorrem cerca de 150 esp\u00e9cies, destas 37 no Brasil. Com base na an\u00e1lise morfol\u00f3gica das estruturas vegetativas e reprodutivas, viagens de campo e estudo de material de herb\u00e1rio, foi poss\u00edvel elaborar chaves de identifica\u00e7\u00e3o e descri\u00e7\u00f5es para as esp\u00e9cies.<br \/>\nNo estado de S\u00e3o Paulo foram encontradas 11 esp\u00e9cies: <em>D. arifolia<\/em> Lam., <em>D.<\/em> <em>bowmaniana <\/em>Baker, <em>D. brasiliensis<\/em> Lam., <em>D. brevipetiolata<\/em> C.C. Berg (nova ocorr\u00eancia para o estado), <em>D. carautae<\/em> C.C. Berg, <em>D. dolichocaula<\/em> Pilg., <em>D. grazielae<\/em> Carauta, C. Valente &amp; Sucre, <em>D. hirta<\/em> Desv., <em>D. Maris<\/em> C. Valente &amp; Carauta, <em>D. stellaris<\/em> Al. Santos &amp; Romaniuc e <em>D. vitifolia<\/em> Gardner. Suas popula\u00e7\u00f5es apresentam tend\u00eancia a ocupar \u00e1reas restritas com a maioria das esp\u00e9cies habitando locais sombreados e \u00famidos. Possuem popula\u00e7\u00f5es com poucos indiv\u00edduos, o que as torna frequentemente amea\u00e7adas.<\/p>\n<hr align=\"center\" noshade=\"noshade\" size=\"1\" width=\"100%\" \/>\n<h3 style=\"text-align: center\"><em>Dorstenia<\/em> L. (Moraceae) do Estado de S\u00e3o Paulo, Brasil<\/h3>\n<hr align=\"center\" noshade=\"noshade\" size=\"1\" width=\"100%\" \/>\n<h4 style=\"text-align: center\"><strong>RESUMO<\/strong><\/h4>\n<p style=\"text-align: justify\">O presente trabalho \u00e9 uma contribui\u00e7\u00e3o ao projeto &#8220;Flora Fanerog\u00e2mica do Estado de S\u00e3o Paulo&#8221;. At\u00e9 o momento, 151 fam\u00edlias com ocorr\u00eancia no estado foram publicadas, em sete volumes, outras ainda n\u00e3o foram completamente estudadas, como \u00e9 o caso de Moraceae. Este trabalho teve como objetivo realizar estudos taxon\u00f4micos das esp\u00e9cies de <em>Dorstenia<\/em> e contribuir para o conhecimento da fam\u00edlia no estado de S\u00e3o Paulo. <em>Dorstenia<\/em> se difere dos demais g\u00eaneros de Moraceae por ser o \u00fanico neotropical a apresentar h\u00e1bito herb\u00e1ceo na fam\u00edlia, com infloresc\u00eancia cimosa pateliforme denominada cenanto. No mundo ocorrem cerca de 150 esp\u00e9cies, destas 37 no Brasil. Com base na an\u00e1lise morfol\u00f3gica das estruturas vegetativas e reprodutivas, viagens de campo e estudo de material de herb\u00e1rio, foi poss\u00edvel elaborar chaves de identifica\u00e7\u00e3o e descri\u00e7\u00f5es para as esp\u00e9cies. No estado de S\u00e3o Paulo foram encontradas 11 esp\u00e9cies: <em>D. arifolia<\/em> Lam., <em>D. bowmaniana<\/em> Baker, <em>D. brasiliensis <\/em>Lam., <em>D. brevipetiolata <\/em>C.C. Berg (nova ocorr\u00eancia para o estado), <em>D. carautae <\/em>C.C. Berg, <em>D. dolichocaula <\/em>Pilg., <em>D. grazielae <\/em>Carauta, C. Valente &amp; Sucre, <em>D. hirta <\/em>Desv., <em>D. Maris <\/em>C. Valente &amp; Carauta, <em>D. stellaris <\/em>Al. Santos &amp; Romaniuc e <em>D. vitifolia <\/em>Gardner. Suas popula\u00e7\u00f5es apresentam tend\u00eancia a ocupar \u00e1reas restritas com a maioria das esp\u00e9cies habitando locais sombreados e \u00famidos. O fato de apresentar h\u00e1bito herb\u00e1ceo, com forma de vida cam\u00e9fita, hemicript\u00f3fita ou cript\u00f3fita, a torna exigente quanto \u00e0s condi\u00e7\u00f5es ed\u00e1ficas e mais suscept\u00edveis \u00e0s caracter\u00edsticas da vegeta\u00e7\u00e3o onde habita no estado de S\u00e3o Paulo. Possuem popula\u00e7\u00f5es com poucos indiv\u00edduos, o que as torna frequentemente amea\u00e7adas.<br \/>\n<strong>Palavras-Chave:<\/strong> <em>Dorstenieae<\/em>, Urticales, Taxonomia, sudeste do Brasil.<\/p>\n<p style=\"text-align: center\" align=\"left\">\u00a0\u00a0\u00a0\u00a0\u00a0\u00a0\u00a0 <strong>ABSTRACT<\/strong><\/p>\n<p style=\"text-align: justify\"><b><em>Dorstenia<\/em> L. (Moraceae) of the state of S\u00e3o Paulo, Brazil<\/b>]. This work is a contribution to the project &#8220;Flora Fanerog\u00e2mica do Estado de S\u00e3o Paulo&#8221;. Until now, 151 families have been published for the state in seven volumes, others have not been fully studied, as is the case Moraceae. This study aimed to carry out taxonomic studies of species of <em>Dorstenia <\/em>and contribute to the knowledge of the family in the state of S\u00e3o Paulo. <em>Dorstenia<\/em> differs from other genera of Moraceae as the only neotropical to present herbaceous habit in the family, with inflorescence cresting pateliforme called cenanto. In the world there are about<\/p>\n<p style=\"text-align: justify\">150 species, 37 of these in Brazil. Based on morphological analysis of vegetative and reproductive structures, field trips and herbarium material of study, we develop identification keys and descriptions for the species. In the state of S\u00e3o Paulo 11 species are presents: <em>D. arifolia<\/em> Lam., <em>D. bowmaniana<\/em> Baker, <em>D. brasiliensis <\/em>Lam, <em>D. brevipetiolata <\/em>C.C. Berg (new record for state), <em>D. carautae <\/em>C.C. Berg, <em>D. dolichocaula <\/em>Pilg., <em>D. grazielae <\/em>Carauta, C. Valente &amp; Sucre, <em>D. hirta <\/em>Desv., <em>D. Maris <\/em>C. Valente &amp; Carauta, <em>D. stellaris <\/em>Al. Santos &amp; Romaniuc and <em>D. vitifolia <\/em>Gardner. They populations have a tendency to occupy restricted areas with most species inhabiting shaded and humid places. The fact that a herbaceous habit, with chamaephytes, or hemicryptophytes and cryptophytes, makes picky about soil conditions and more likely the characteristics of the vegetation where they live in the state of S\u00e3o Paulo. Have populations with few individuals making them often threatened.<br \/>\n<strong>Keywords<\/strong>: <em>Dorstenieae<\/em>, Urticales, Taxonomy, southeastern Brazil.<\/p>\n<hr align=\"center\" noshade=\"noshade\" size=\"1\" width=\"100%\" \/>\n<p style=\"text-align: center\"><a href=\"https:\/\/smastr16.blob.core.windows.net\/pgibt\/2013\/09\/pdf_grande.gif\"><img decoding=\"async\" loading=\"lazy\" class=\"size-full wp-image-2313\" style=\"border: 0px\" alt=\"pdf_grande\" src=\"https:\/\/smastr16.blob.core.windows.net\/pgibt\/2013\/09\/pdf_grande.gif\" width=\"60\" height=\"60\" \/><\/a><\/p>\n<p style=\"text-align: center\"><a href=\"https:\/\/smastr16.blob.core.windows.net\/pgibt\/2015\/12\/Patr\u00edcia_Aparecida_de_S\u00e3o_Jos\u00e9.pdf\">Patr\u00edcia Aparecida de S\u00e3o Jos\u00e9<br \/>\nDorstenia L. (Moraceae) do Estado de S\u00e3o Paulo, Brasil<\/a><\/p>\n<hr align=\"center\" noshade=\"noshade\" size=\"1\" width=\"100%\" \/>\n<p style=\"text-align: center\"><strong> <a href=\"https:\/\/www.infraestruturameioambiente.sp.gov.br\/pgibt\/dissertacoesteses\/\">VOLTAR AS DISSERTA\u00c7\u00d5ES E TESES<\/a><\/strong><\/p>\n<hr align=\"center\" noshade=\"noshade\" size=\"1\" width=\"100%\" \/>\n","protected":false},"excerpt":{"rendered":"<p>Patr\u00edcia Aparecida de S\u00e3o Jos\u00e9 A aluna Patr\u00edcia Aparecida de S\u00e3o Jos\u00e9 obteve o T\u00edtulo de Mestre pelo programa de P\u00f3s-Gradua\u00e7\u00e3o em Biodiversidade Vegetal e Meio Ambiente do Instituto de Bot\u00e2nica, em 7 de abril de 2015. Sua disserta\u00e7\u00e3o, intitulada: Dorstenia L. (Moraceae) do Estado de S\u00e3o Paulo, Brasil, contou com a orienta\u00e7\u00e3o do Prof. [&hellip;]<\/p>\n","protected":false},"author":1,"featured_media":0,"parent":249,"menu_order":0,"comment_status":"closed","ping_status":"open","template":"sma\/fullpage.php","meta":[],"_links":{"self":[{"href":"https:\/\/www.infraestruturameioambiente.sp.gov.br\/pgibt\/wp-json\/wp\/v2\/pages\/4731"}],"collection":[{"href":"https:\/\/www.infraestruturameioambiente.sp.gov.br\/pgibt\/wp-json\/wp\/v2\/pages"}],"about":[{"href":"https:\/\/www.infraestruturameioambiente.sp.gov.br\/pgibt\/wp-json\/wp\/v2\/types\/page"}],"author":[{"embeddable":true,"href":"https:\/\/www.infraestruturameioambiente.sp.gov.br\/pgibt\/wp-json\/wp\/v2\/users\/1"}],"replies":[{"embeddable":true,"href":"https:\/\/www.infraestruturameioambiente.sp.gov.br\/pgibt\/wp-json\/wp\/v2\/comments?post=4731"}],"version-history":[{"count":0,"href":"https:\/\/www.infraestruturameioambiente.sp.gov.br\/pgibt\/wp-json\/wp\/v2\/pages\/4731\/revisions"}],"up":[{"embeddable":true,"href":"https:\/\/www.infraestruturameioambiente.sp.gov.br\/pgibt\/wp-json\/wp\/v2\/pages\/249"}],"wp:attachment":[{"href":"https:\/\/www.infraestruturameioambiente.sp.gov.br\/pgibt\/wp-json\/wp\/v2\/media?parent=4731"}],"curies":[{"name":"wp","href":"https:\/\/api.w.org\/{rel}","templated":true}]}}