{"id":4700,"date":"2015-12-16T16:06:07","date_gmt":"2015-12-16T18:06:07","guid":{"rendered":"https:\/\/www.infraestruturameioambiente.sp.gov.br\/pgibt\/?page_id=4700"},"modified":"2018-05-23T12:28:23","modified_gmt":"2018-05-23T15:28:23","slug":"2015-climbie-ferreira-hall","status":"publish","type":"page","link":"https:\/\/www.infraestruturameioambiente.sp.gov.br\/pgibt\/dissertacoesteses\/2015-climbie-ferreira-hall\/","title":{"rendered":"Climbi\u00ea Ferreira Hall DR"},"content":{"rendered":"<h2 style=\"text-align: center\"><a href=\"https:\/\/smastr16.blob.core.windows.net\/pgibt\/2015\/02\/faixapos6.jpg\"><img decoding=\"async\" loading=\"lazy\" class=\"aligncenter size-full wp-image-3777\" style=\"border: 0px\" src=\"https:\/\/smastr16.blob.core.windows.net\/pgibt\/2015\/02\/faixapos6.jpg\" alt=\"faixapos6\" width=\"950\" height=\"163\" srcset=\"https:\/\/smastr16.blob.core.windows.net\/pgibt\/2015\/02\/faixapos6.jpg 950w, https:\/\/smastr16.blob.core.windows.net\/pgibt\/2015\/02\/faixapos6-768x131.jpg 768w\" sizes=\"(max-width: 950px) 100vw, 950px\" \/><\/a><\/h2>\n<hr align=\"center\" noshade=\"noshade\" size=\"1\" width=\"100%\" \/>\n<h2 style=\"text-align: center\"><span style=\"color: #003300\">Climbi\u00ea Ferreira Hall<\/span><\/h2>\n<hr align=\"center\" noshade=\"noshade\" size=\"1\" width=\"100%\" \/>\n<p style=\"text-align: center\"><a href=\"https:\/\/smastr16.blob.core.windows.net\/pgibt\/2015\/12\/Climbi\u00ea.jpg\"><img decoding=\"async\" loading=\"lazy\" class=\"wp-image-4705 aligncenter\" src=\"https:\/\/smastr16.blob.core.windows.net\/pgibt\/2015\/12\/Climbi\u00ea.jpg\" alt=\"Climbi\u00ea\" width=\"493\" height=\"359\" \/><\/a><\/p>\n<p style=\"text-align: center\">Climbi\u00ea Ferreira Hall, aluno do Programa de P\u00f3s-Gradua\u00e7\u00e3o em Biodiversidade Vegetal e Meio Ambiente do Instituto de Bot\u00e2nica de S\u00e3o Paulo, defendeu, no dia 26 de fevereiro de 2015, sua tese de Doutorado intitulada: \u201cSistem\u00e1tica filogen\u00e9tica, citogen\u00e9tica e taxonomia de Zygopetalinae (Orchidaceae), com \u00eanfase em <em>Koellensteinia<\/em>\u201d.<br \/>\nA banca examinadora foi composta pelo seu orientador Dr. F\u00e1bio de Barros (Instituto de Bot\u00e2nica\/S\u00e3o Paulo, N\u00facleo de Pesquisa Orquid\u00e1rio do Estado), Dra. In\u00eas Cordeiro (Instituto de Bot\u00e2nica\/S\u00e3o Paulo, N\u00facleo de Pesquisa Curadoria do Herb\u00e1rio), Dr. Eric de Camargo Smidt (Universidade Federal do Paran\u00e1, Departamento de Bot\u00e2nica), Dr. Emerson Ricardo Pansarin (Universidade de S\u00e3o Paulo, Faculdade de Filosofia Ci\u00eancias e Letras de Ribeir\u00e3o Preto) e Dr. Francisco Prosdocimi (Universidade Federal do Rio de Janeiro, Instituto de Bioqu\u00edmica M\u00e9dica Leopoldo de Meis).<br \/>\nA tese defendida teve como objetivo principal esclarecer as rela\u00e7\u00f5es filogen\u00e9ticas especialmente dentro do clado <em>Zygopetalum<\/em> e analisar taxonomicamente o g\u00eanero <em>Koellensteinia<\/em> e g\u00eaneros pr\u00f3ximos, resolvendo, quando poss\u00edvel, quest\u00f5es taxon\u00f4micas pendentes.<br \/>\nDesse modo, os cap\u00edtulos que compuseram a tese tiveram os seguintes objetivos:<br \/>\n1) inferir rela\u00e7\u00f5es filogen\u00e9ticas entre os g\u00eaneros de Zygopetalinae com foco no clado de <em>Zygopetalum<\/em>,<i> <\/i>usando conjuntos de dados moleculares combinados de genomas plastidiais;<br \/>\n2) determinar o n\u00famero cromoss\u00f4mico de esp\u00e9cies da subtribo Zygopetalinae ocorrentes no Brasil;<br \/>\n3) apresentar uma sinopse do g\u00eanero <em>Koellensteinia<\/em> tal como \u00e9 concebido em sua atual circunscri\u00e7\u00e3o;<br \/>\n4) propor o restabelecimento de um nome no g\u00eanero <em>Zygopetalum<\/em>;<br \/>\n5) descrever duas novas esp\u00e9cies de <em>Koellensteinia<\/em> da flora brasileira; 6) e elaborar um guia de campo de esp\u00e9cies brasileiras de Zygopetalinae.<br \/>\nA hip\u00f3tese filogen\u00e9tica apresentada na tese confirma que a subtribo Zygopetalinae, assim como o clado de <em>Huntleya<\/em> e o clado de <em>Zygopetalum<\/em>,<i> <\/i>s\u00e3o monofil\u00e9ticos.<br \/>\nV\u00e1rios grupos com alto suporte surgiram dentro da subtribo, por\u00e9m, alguns g\u00eaneros s\u00e3o polifil\u00e9ticos em sua circunscri\u00e7\u00e3o atual.<br \/>\nO presente estudo representa mais um passo no conhecimento taxon\u00f4mico e sistem\u00e1tico de Zygopetalinae e, assim, de Orchidaceae neotropicais.<br \/>\nO volume de coletas realizadas e a grande quantidade de dados moleculares gerados permitir\u00e3o a continuidade dos estudos com o grupo e os trabalhos j\u00e1 realizados dar\u00e3o subs\u00eddios para futuros estudos de biogeografia, evolu\u00e7\u00e3o e taxonomia do grupo.<\/p>\n<hr align=\"center\" noshade=\"noshade\" size=\"1\" width=\"100%\" \/>\n<h3 style=\"text-align: center\"><b>Sistem\u00e1tica filogen\u00e9tica, citogen\u00e9tica e taxonomia de Zygopetalinae (Orchidaceae), com \u00eanfase em <i>Koellensteinia<\/i><\/b><\/h3>\n<hr align=\"center\" noshade=\"noshade\" size=\"1\" width=\"100%\" \/>\n<h4 style=\"text-align: center\"><strong>RESUMO<\/strong><\/h4>\n<p style=\"text-align: justify\">A subtribo Zygopetalinae (Orchidaceae) tem 36 g\u00eaneros e cerca de 450 esp\u00e9cies, apresentando distribui\u00e7\u00e3o Neotropical. Quando Zygopetalinae foi criada sua circunscri\u00e7\u00e3o era muito diferente da atual. V\u00e1rios g\u00eaneros, agora tratados dentro da subtribo, eram inseridos em Huntleyinae, e outros estavam espalhados por diferentes subtribos. Filogenias com base em dados moleculares confirmaram que a subtribo Zygopetalinae \u00e9 monofil\u00e9tica e composta por dois grandes grupos, os clados de <em>Huntleya<\/em> e <em>Zygopetalum<\/em>. Embora os relacionamentos dentro do \u00faltimo n\u00e3o fossem claros, v\u00e1rios g\u00eaneros eram distintamente n\u00e3o monofil\u00e9ticos. Assim, o presente estudo, teve como objetivo esclarecer as rela\u00e7\u00f5es filogen\u00e9ticas especialmente dentro do clado <em>Zygopetalum<\/em> e analisar taxonomicamente o g\u00eanero <em>Koellensteinia<\/em> e g\u00eaneros pr\u00f3ximos, resolvendo, quando poss\u00edvel, quest\u00f5es taxon\u00f4micas pendentes. Desse modo, os cap\u00edtulos que comp\u00f5em a presente tese t\u00eam os seguintes objetivos: inferir rela\u00e7\u00f5es filogen\u00e9ticas entre os g\u00eaneros de Zygopetalinae com foco no clado de <em>Zygopetalum<\/em> usando conjuntos de dados moleculares combinados de genomas plastidiais (Cap\u00edtulo 1); determinar o n\u00famero cromoss\u00f4mico de esp\u00e9cies da subtribo Zygopetalinae ocorrentes no Brasil (Cap\u00edtulo 2); apresentar uma sinopse do g\u00eanero <em>Koellensteinia<\/em> como \u00e9 concebido em sua atual circunscri\u00e7\u00e3o (Cap\u00edtulo 3); propor o restabelecimento de um nome no g\u00eanero <em>Zygopetalum<\/em> (Cap\u00edtulo 4); descrever <em>Koellensteinia dasilvae<\/em> e <em>Koellensteinia lilacina<\/em>, duas novas esp\u00e9cies da flora brasileira (Cap\u00edtulos 5 e 6); e elaborar um guia de campo de esp\u00e9cies brasileiras de Zygopetalinae (Cap\u00edtulo 7). A hip\u00f3tese filogen\u00e9tica aqui apresentada confirma que a subtribo Zygopetalinae, assim como o clado de <em>Huntleya<\/em> e o clado de <em>Zygopetalum<\/em> s\u00e3o monofil\u00e9ticos. V\u00e1rios grupos com alto suporte surgiram dentro da subtribo. <em>Aganisia<\/em> e <em>Acacallis<\/em> n\u00e3o s\u00e3o agrupados e n\u00e3o devem ser tratados como um \u00fanico g\u00eanero. <em>Koellensteinia<\/em>, <em>Zygopetalum<\/em> e <em>Zygosepalum<\/em> s\u00e3o polifil\u00e9ticos e necessitam de reavalia\u00e7\u00e3o taxon\u00f4mica de sua circunscri\u00e7\u00e3o. Duas esp\u00e9cies de <em>Koellensteinia<\/em> foram combinadas em <em>Paradisanthus<\/em>. O presente estudo representa mais um passo no conhecimento taxon\u00f4mico e sistem\u00e1tico de Zygopetalinae e, assim, de Orchidaceae neotropicais. O volume de coletas realizadas e a grande quantidade de dados moleculares gerados permitir\u00e3o a continuidade dos estudos com o grupo e os trabalhos j\u00e1 realizados dar\u00e3o subs\u00eddios para futuros estudos de biogeografia, evolu\u00e7\u00e3o e taxonomia do grupo.<br \/>\n<strong>Palavras-chave:<\/strong> Orchidaceae; Zygopetalinae; Filogenia; NGS; Citogen\u00e9tica; Taxonomia.<\/p>\n<hr align=\"center\" noshade=\"noshade\" size=\"1\" width=\"100%\" \/>\n<p style=\"text-align: center\"><a href=\"https:\/\/smastr16.blob.core.windows.net\/pgibt\/2015\/12\/Climbi\u00ea_Ferreira_Hall_DR.pdf\"><img decoding=\"async\" loading=\"lazy\" class=\"aligncenter wp-image-2313 size-full\" style=\"border: 0px\" src=\"https:\/\/smastr16.blob.core.windows.net\/pgibt\/2013\/09\/pdf_grande.gif\" alt=\"pdf_grande\" width=\"60\" height=\"60\" \/><\/a><a href=\"https:\/\/smastr16.blob.core.windows.net\/pgibt\/2015\/12\/Climbi\u00ea_Ferreira_Hall_DR.pdf\" target=\"_blank\" rel=\"noopener\">Climbi\u00ea Ferreira Hall<br \/>\nSistem\u00e1tica filogen\u00e9tica, citogen\u00e9tica e taxonomia de Zygopetalinae (Orchidaceae), com \u00eanfase em Koellensteinia<\/a><\/p>\n<hr align=\"center\" noshade=\"noshade\" size=\"1\" width=\"100%\" \/>\n<p style=\"text-align: center\"><strong> <a href=\"https:\/\/www.infraestruturameioambiente.sp.gov.br\/pgibt\/dissertacoesteses\/\">VOLTAR AS DISSERTA\u00c7\u00d5ES E TESES<\/a><\/strong><\/p>\n<hr align=\"center\" noshade=\"noshade\" size=\"1\" width=\"100%\" \/>\n","protected":false},"excerpt":{"rendered":"<p>Climbi\u00ea Ferreira Hall Climbi\u00ea Ferreira Hall, aluno do Programa de P\u00f3s-Gradua\u00e7\u00e3o em Biodiversidade Vegetal e Meio Ambiente do Instituto de Bot\u00e2nica de S\u00e3o Paulo, defendeu, no dia 26 de fevereiro de 2015, sua tese de Doutorado intitulada: \u201cSistem\u00e1tica filogen\u00e9tica, citogen\u00e9tica e taxonomia de Zygopetalinae (Orchidaceae), com \u00eanfase em Koellensteinia\u201d. A banca examinadora foi composta pelo [&hellip;]<\/p>\n","protected":false},"author":1,"featured_media":0,"parent":249,"menu_order":0,"comment_status":"closed","ping_status":"open","template":"","meta":[],"_links":{"self":[{"href":"https:\/\/www.infraestruturameioambiente.sp.gov.br\/pgibt\/wp-json\/wp\/v2\/pages\/4700"}],"collection":[{"href":"https:\/\/www.infraestruturameioambiente.sp.gov.br\/pgibt\/wp-json\/wp\/v2\/pages"}],"about":[{"href":"https:\/\/www.infraestruturameioambiente.sp.gov.br\/pgibt\/wp-json\/wp\/v2\/types\/page"}],"author":[{"embeddable":true,"href":"https:\/\/www.infraestruturameioambiente.sp.gov.br\/pgibt\/wp-json\/wp\/v2\/users\/1"}],"replies":[{"embeddable":true,"href":"https:\/\/www.infraestruturameioambiente.sp.gov.br\/pgibt\/wp-json\/wp\/v2\/comments?post=4700"}],"version-history":[{"count":2,"href":"https:\/\/www.infraestruturameioambiente.sp.gov.br\/pgibt\/wp-json\/wp\/v2\/pages\/4700\/revisions"}],"predecessor-version":[{"id":6450,"href":"https:\/\/www.infraestruturameioambiente.sp.gov.br\/pgibt\/wp-json\/wp\/v2\/pages\/4700\/revisions\/6450"}],"up":[{"embeddable":true,"href":"https:\/\/www.infraestruturameioambiente.sp.gov.br\/pgibt\/wp-json\/wp\/v2\/pages\/249"}],"wp:attachment":[{"href":"https:\/\/www.infraestruturameioambiente.sp.gov.br\/pgibt\/wp-json\/wp\/v2\/media?parent=4700"}],"curies":[{"name":"wp","href":"https:\/\/api.w.org\/{rel}","templated":true}]}}