{"id":4669,"date":"2015-12-15T15:41:20","date_gmt":"2015-12-15T17:41:20","guid":{"rendered":"https:\/\/www.infraestruturameioambiente.sp.gov.br\/pgibt\/?page_id=4669"},"modified":"2018-05-23T12:25:41","modified_gmt":"2018-05-23T15:25:41","slug":"2015-cesar-bertagia-pasqualetti","status":"publish","type":"page","link":"https:\/\/www.infraestruturameioambiente.sp.gov.br\/pgibt\/dissertacoesteses\/2015-cesar-bertagia-pasqualetti\/","title":{"rendered":"Cesar Bertagia Pasqualetti MS"},"content":{"rendered":"<h2 style=\"text-align: center\"><a href=\"https:\/\/smastr16.blob.core.windows.net\/pgibt\/2015\/02\/faixapos6.jpg\"><img decoding=\"async\" loading=\"lazy\" class=\"aligncenter size-full wp-image-3777\" style=\"border: 0px\" src=\"https:\/\/smastr16.blob.core.windows.net\/pgibt\/2015\/02\/faixapos6.jpg\" alt=\"faixapos6\" width=\"950\" height=\"163\" srcset=\"https:\/\/smastr16.blob.core.windows.net\/pgibt\/2015\/02\/faixapos6.jpg 950w, https:\/\/smastr16.blob.core.windows.net\/pgibt\/2015\/02\/faixapos6-768x131.jpg 768w\" sizes=\"(max-width: 950px) 100vw, 950px\" \/><\/a><\/h2>\n<hr align=\"center\" noshade=\"noshade\" size=\"1\" width=\"100%\" \/>\n<h2 style=\"text-align: center\"><span style=\"color: #003300\">Cesar Bertagia Pasqualetti<\/span><\/h2>\n<hr align=\"center\" noshade=\"noshade\" size=\"1\" width=\"100%\" \/>\n<p align=\"center\"><a href=\"https:\/\/smastr16.blob.core.windows.net\/pgibt\/2015\/12\/Cesar.jpg\"><img decoding=\"async\" loading=\"lazy\" class=\"aligncenter wp-image-4689\" src=\"https:\/\/smastr16.blob.core.windows.net\/pgibt\/2015\/12\/Cesar.jpg\" alt=\"Cesar\" width=\"334\" height=\"276\" \/><\/a><\/p>\n<p align=\"center\">No dia 30 de abril de 2015, o aluno Cesar Bertagia Pasqualetti, bolsista FAPESP, do Programa de P\u00f3s Gradua\u00e7\u00e3o em Biodiversidade Vegetal e<br \/>\nMeio Ambiente, defendeu sua disserta\u00e7\u00e3o de mestrado intitulada<br \/>\n\u201cAn\u00e1lise de pigmentos, prote\u00ednas sol\u00faveis e carboidratos em esp\u00e9cies de Rhodophyta das regi\u00f5es ant\u00e1rtica e subant\u00e1rtica\u201d.<\/p>\n<p align=\"center\">A banca examinadora foi composta pela orientadora Prof. Dra. Nair Sumie Yokoya (N\u00facleo de Pesquisa em Ficologia do Instituto de Bot\u00e2nica de S\u00e3o Paulo),\u00a0Prof. Dra. Yocie Yoneshigue-Valentin (Instituto de Biologia da UFRJ) e\u00a0Dra. Aline Paternostro Martins (Instituto Qu\u00edmica da USP)<\/p>\n<hr align=\"center\" noshade=\"noshade\" size=\"1\" width=\"100%\" \/>\n<h3 style=\"text-align: center\"><b>An\u00e1lise de pigmentos, prote\u00ednas sol\u00faveis e carboidratos em esp\u00e9cies de Rhodophyta das regi\u00f5es ant\u00e1rtica e subant\u00e1rtica<\/b><\/h3>\n<hr align=\"center\" noshade=\"noshade\" size=\"1\" width=\"100%\" \/>\n<h4 style=\"text-align: center\"><strong>RESUMO<\/strong><\/h4>\n<p style=\"text-align: justify\">Nas regi\u00f5es polares, a radia\u00e7\u00e3o solar anual \u00e9 30% a 50% menor do que nas regi\u00f5es tropicais e as esta\u00e7\u00f5es do ano s\u00e3o caracterizadas por per\u00edodos curtos de luz e longos per\u00edodos de escuro devido \u00e0 noite polar e a cobertura de gelo no inverno e longos per\u00edodos de luz durante o ver\u00e3o austral. Para sobreviver a tais condi\u00e7\u00f5es, as macroalgas marinhas necessitam adotar uma estrat\u00e9gia de adapta\u00e7\u00e3o bioqu\u00edmica e fisiol\u00f3gica para garantir prote\u00e7\u00e3o e alimento na aus\u00eancia de luz, tornando-as resistentes \u00e0 a\u00e7\u00e3o das ondas, \u00e0 desseca\u00e7\u00e3o e \u00e0 varia\u00e7\u00e3o de salinidade devido ao ciclo de congelamento\/descongelamento. Portanto, o presente estudo teve como principal objetivo caracterizar o perfil de metab\u00f3litos prim\u00e1rios em quatro esp\u00e9cies de Rhodophyta: <em>Palmaria decipiens<\/em> (Reinsch) R.W.Ricker; <em>Georgiella confluens<\/em> (Reinsch) Kylin, <em>Gigartina skottsbergii<\/em> Setchell &amp; N.L.Gardner e <em>Iridaea cordata<\/em> (Turner) Bory de Saint-Vincent. Foram analisadas amostras coletadas em 23 pontos em diferentes latitudes nas regi\u00f5es ant\u00e1rtica e subant\u00e1rtica. <em>P. decipiens<\/em> e <em>Georgiella confluens<\/em> s\u00e3o esp\u00e9cies end\u00eamicas e foram coletadas nas Ilhas Shetland do Sul em oito e tr\u00eas pontos, respectivamente. <em>I. cordata<\/em> e <em>Gigartina skottsbergii<\/em> foram coletadas em quatro pontos nas Ilhas Shetland do Sul e em um e tr\u00eas pontos, respectivamente, na regi\u00e3o de Magalh\u00e3es (regi\u00e3o subant\u00e1rtica). As an\u00e1lises quantitativas (n=3) dos pigmentos fotossintetizantes (ficobiliprote\u00ednas e clorofila a), prote\u00ednas sol\u00faveis totais, carboidratos sol\u00faveis, teor de 3,6 anidrogalactose e de sulfato foram realizadas utilizando-se m\u00e9todos colorim\u00e9tricos em espectrofot\u00f4metro. A an\u00e1lise qualitativa dos carboidratos sol\u00faveis foi realizada atrav\u00e9s da cromatografia de troca ani\u00f4nica de alto desempenho (HPAEC) e utilizou-se \u201cDNA barcoding\u201d para a confirma\u00e7\u00e3o taxon\u00f4mica das amostras de <em>Gigartina skottsbergii <\/em>e <em>I. cordata.<\/em> Para avaliar a varia\u00e7\u00e3o de cada metab\u00f3lito proveniente de amostras coletadas em diferentes latitudes, foi utilizada an\u00e1lise de vari\u00e2ncia unifatorial (ANOVA), seguido do teste a posteriori Student-Newman-Keuls.\u00a0 Para an\u00e1lise conjunta dos dados, foram realizadas Correla\u00e7\u00e3o de Pearson e An\u00e1lise de Componentes Principais (ACP). <em>P. decipiens<\/em> apresentou maiores concentra\u00e7\u00f5es de prote\u00ednas sol\u00faveis totais e a\u00e7\u00facares redutores, al\u00e9m de apresentar maior diversidade de carboidratos de baixa massa molecular nas amostras coletadas em locais com maiores latitudes. As amostras de <em>Georgiella confluens,<\/em> apesar de apresentarem rela\u00e7\u00f5es diretamente proporcionais entre seus pigmentos fotossintetizantes, apresentaram maiores concentra\u00e7\u00f5es de ficoeritrina e aloficocianina e menor diversidade de a\u00e7\u00facares sol\u00faveis de baixa massa molecular no local de menor latitude. Por outro lado, <em>Gigartina skottsbergii<\/em> apresentou concentra\u00e7\u00f5es mais baixas de clorofila <em>a<\/em>, prote\u00ednas sol\u00faveis totais e a\u00e7\u00facares totais (fra\u00e7\u00e3o etan\u00f3lica) em amostras de menores latitudes da regi\u00e3o subant\u00e1rtica. A an\u00e1lise da qualidade do ficocol\u00f3ide de <em>Gigartina skottsbergii<\/em> evidenciou o maior teor de 3,6 anidrogalactose e menor teor de sulfato nas amostras de latitudes intermedi\u00e1rias (Arctowski, Ilha Rei George, e Fuerte Bulnes, Chile). Al\u00e9m disso, foi poss\u00edvel observar que a planta cistoc\u00e1rpica de <em>Gigartina skottsbergii<\/em> apresentou maiores concentra\u00e7\u00f5es de prote\u00ednas sol\u00faveis totais e a\u00e7\u00facares totais (na fra\u00e7\u00e3o aquosa), e carragenana com maior rendimento, maior teor de 3,6 anidrogalactose e menor teor de sulfato, quando comparada com a planta tetrasporof\u00edtica. <em>I. cordata<\/em> apresentou maiores concentra\u00e7\u00f5es de aloficocianina, clorofila <i>a,<\/i> e carragenana com maior rendimento, maior teor de 3,6 anidrogalactose e menor teor de sulfato na amostra coletada na regi\u00e3o subant\u00e1rtica. As an\u00e1lises moleculares confirmaram a identifica\u00e7\u00e3o taxon\u00f4mica de <em>Gigartina skottsbergii<\/em> e <em>I. cordata<\/em> e\u00a0 demonstraram que as diferen\u00e7as encontradas no perfil de metab\u00f3litos destas esp\u00e9cies est\u00e3o relacionadas a uma varia\u00e7\u00e3o interespec\u00edfica e intraespec\u00edfica. O agrupamento obtido pela ACP evidencia que os metab\u00f3litos analisados interagem de formas diferentes em cada esp\u00e9cie estudada, demonstrando estrat\u00e9gias distintas de sobreviv\u00eancia a ambientes extremos das regi\u00f5es ant\u00e1rtica e subant\u00e1rtica.<br \/>\n<strong>Palavras-chave:<\/strong> Macroalgas, Rhodophyta, Ant\u00e1rtica, regi\u00e3o subant\u00e1rtica, pigmentos, prote\u00ednas, carboidratos.<\/p>\n<hr align=\"center\" noshade=\"noshade\" size=\"1\" width=\"100%\" \/>\n<p style=\"text-align: center\"><a href=\"https:\/\/smastr16.blob.core.windows.net\/pgibt\/2015\/12\/Cesar_Bertagia_Pasqualetti_MS.pdf\"><img decoding=\"async\" loading=\"lazy\" class=\"aligncenter wp-image-2313 size-full\" style=\"border: 0px\" src=\"https:\/\/smastr16.blob.core.windows.net\/pgibt\/2013\/09\/pdf_grande.gif\" alt=\"pdf_grande\" width=\"60\" height=\"60\" \/><\/a><a href=\"https:\/\/smastr16.blob.core.windows.net\/pgibt\/2015\/12\/Cesar_Bertagia_Pasqualetti_MS.pdf\" target=\"_blank\" rel=\"noopener\">Cesar Bertagia Pasqualetti<br \/>\nAn\u00e1lise de pigmentos, prote\u00ednas sol\u00faveis e carboidratos em esp\u00e9cies de Rhodophyta das regi\u00f5es ant\u00e1rtica e subant\u00e1rtica<\/a><\/p>\n<hr align=\"center\" noshade=\"noshade\" size=\"1\" width=\"100%\" \/>\n<p style=\"text-align: center\"><strong> <a href=\"https:\/\/www.infraestruturameioambiente.sp.gov.br\/pgibt\/dissertacoesteses\/\">VOLTAR AS DISSERTA\u00c7\u00d5ES E TESES<\/a><\/strong><\/p>\n<hr align=\"center\" noshade=\"noshade\" size=\"1\" width=\"100%\" \/>\n","protected":false},"excerpt":{"rendered":"<p>Cesar Bertagia Pasqualetti No dia 30 de abril de 2015, o aluno Cesar Bertagia Pasqualetti, bolsista FAPESP, do Programa de P\u00f3s Gradua\u00e7\u00e3o em Biodiversidade Vegetal e Meio Ambiente, defendeu sua disserta\u00e7\u00e3o de mestrado intitulada \u201cAn\u00e1lise de pigmentos, prote\u00ednas sol\u00faveis e carboidratos em esp\u00e9cies de Rhodophyta das regi\u00f5es ant\u00e1rtica e subant\u00e1rtica\u201d. A banca examinadora foi composta [&hellip;]<\/p>\n","protected":false},"author":1,"featured_media":0,"parent":249,"menu_order":0,"comment_status":"closed","ping_status":"open","template":"","meta":[],"_links":{"self":[{"href":"https:\/\/www.infraestruturameioambiente.sp.gov.br\/pgibt\/wp-json\/wp\/v2\/pages\/4669"}],"collection":[{"href":"https:\/\/www.infraestruturameioambiente.sp.gov.br\/pgibt\/wp-json\/wp\/v2\/pages"}],"about":[{"href":"https:\/\/www.infraestruturameioambiente.sp.gov.br\/pgibt\/wp-json\/wp\/v2\/types\/page"}],"author":[{"embeddable":true,"href":"https:\/\/www.infraestruturameioambiente.sp.gov.br\/pgibt\/wp-json\/wp\/v2\/users\/1"}],"replies":[{"embeddable":true,"href":"https:\/\/www.infraestruturameioambiente.sp.gov.br\/pgibt\/wp-json\/wp\/v2\/comments?post=4669"}],"version-history":[{"count":1,"href":"https:\/\/www.infraestruturameioambiente.sp.gov.br\/pgibt\/wp-json\/wp\/v2\/pages\/4669\/revisions"}],"predecessor-version":[{"id":6448,"href":"https:\/\/www.infraestruturameioambiente.sp.gov.br\/pgibt\/wp-json\/wp\/v2\/pages\/4669\/revisions\/6448"}],"up":[{"embeddable":true,"href":"https:\/\/www.infraestruturameioambiente.sp.gov.br\/pgibt\/wp-json\/wp\/v2\/pages\/249"}],"wp:attachment":[{"href":"https:\/\/www.infraestruturameioambiente.sp.gov.br\/pgibt\/wp-json\/wp\/v2\/media?parent=4669"}],"curies":[{"name":"wp","href":"https:\/\/api.w.org\/{rel}","templated":true}]}}