{"id":4661,"date":"2015-12-15T15:27:06","date_gmt":"2015-12-15T17:27:06","guid":{"rendered":"https:\/\/www.infraestruturameioambiente.sp.gov.br\/pgibt\/?page_id=4661"},"modified":"2015-12-15T15:27:06","modified_gmt":"2015-12-15T17:27:06","slug":"2014-leonardo-ramos-seixas-guimaraes","status":"publish","type":"page","link":"https:\/\/www.infraestruturameioambiente.sp.gov.br\/pgibt\/dissertacoesteses\/2014-leonardo-ramos-seixas-guimaraes\/","title":{"rendered":"Leonardo Ramos Seixas Guimar\u00e3es DR"},"content":{"rendered":"<h2 style=\"text-align: center\"><a href=\"https:\/\/smastr16.blob.core.windows.net\/pgibt\/2015\/02\/faixapos6.jpg\"><img decoding=\"async\" loading=\"lazy\" class=\"aligncenter size-full wp-image-3777\" style=\"border: 0px\" alt=\"faixapos6\" src=\"https:\/\/smastr16.blob.core.windows.net\/pgibt\/2015\/02\/faixapos6.jpg\" width=\"950\" height=\"163\" srcset=\"https:\/\/smastr16.blob.core.windows.net\/pgibt\/2015\/02\/faixapos6.jpg 950w, https:\/\/smastr16.blob.core.windows.net\/pgibt\/2015\/02\/faixapos6-768x131.jpg 768w\" sizes=\"(max-width: 950px) 100vw, 950px\" \/><\/a><\/h2>\n<hr align=\"center\" noshade=\"noshade\" size=\"1\" width=\"100%\" \/>\n<h2 style=\"text-align: center\"><span style=\"color: #003300\"><b>Leonardo Ramos Seixas Guimar\u00e3es<\/b><\/span><\/h2>\n<hr align=\"center\" noshade=\"noshade\" size=\"1\" width=\"100%\" \/>\n<p style=\"text-align: center\">No dia 9 de junho de 2014, o aluno do Programa de P\u00f3s-Gradua\u00e7\u00e3o em Biodiversidade Vegetal e Meio Ambiente do Instituto de Bot\u00e2nica de S\u00e3o Paulo (IBt), <b>Leonardo Ramos Seixas Guimar\u00e3es (bolsista FAPESP)<\/b> defendeu sua tese de doutorado intitulada<br \/>\n\u201cFilogenia e citotaxonomia do clado <em>Stenorrhynchos<\/em> (Spiranthinae, Cranichideae, Orchidoideae, Orchidaceae)\u201d,<br \/>\nsob orienta\u00e7\u00e3o do Dr. F\u00e1bio de Barros e coorienta\u00e7\u00e3o do Dr. Gerardo A. Salazar (IB\/UNAM, M\u00e9xico).<\/p>\n<p style=\"text-align: center\">A banca examinadora foi composta pelo Prof. Dr. F\u00e1bio de Barros (IBt, S\u00e3o Paulo-SP), Prof. Dr. Rodolfo Aniceto Solano G\u00f3mez (CIIDIR Unidad Oaxaca, M\u00e9xico), Prof. Dr. Jo\u00e3o Aguiar Nogueira Batista (UFMG, Belo Horizonte-MG), Profa. Dra. Eliana Regina Forni Martins (UNICAMP, Campinas-SP) e Profa. Dra. In\u00eas Cordeiro (IBt, S\u00e3o Paulo-SP).<\/p>\n<p style=\"text-align: center\"><a href=\"https:\/\/smastr16.blob.core.windows.net\/pgibt\/2015\/12\/leonardo.jpg\"><img decoding=\"async\" loading=\"lazy\" class=\"aligncenter size-full wp-image-4663\" alt=\"leonardo\" src=\"https:\/\/smastr16.blob.core.windows.net\/pgibt\/2015\/12\/leonardo.jpg\" width=\"529\" height=\"319\" \/><\/a><\/p>\n<p align=\"center\">Dra. In\u00eas Cordeiro (IBt), Dra. Eliana Regina Forni Martins (UNICAMP), Leonardo Ramos Seixas Guimar\u00e3es (aluno, IBt), Dr. F\u00e1bio de Barros (IBt), Dr. Rodolfo Aniceto Solano G\u00f3mez (CIIDIR Unidad Oaxaca, M\u00e9xico) e Dr. Jo\u00e3o Aguiar Nogueira Batista (UFMG).<\/p>\n<hr align=\"center\" noshade=\"noshade\" size=\"1\" width=\"100%\" \/>\n<h3 style=\"text-align: center\">Filogenia e citotaxonomia do clado\u00a0<em>Stenorrhynchos<br \/>\n<\/em>(Spiranthinae, Cranichideae, Orchidoideae, Orchidaceae)<\/h3>\n<hr align=\"center\" noshade=\"noshade\" size=\"1\" width=\"100%\" \/>\n<h4 style=\"text-align: center\"><strong>RESUMO<\/strong><\/h4>\n<p style=\"text-align: justify\">A delimita\u00e7\u00e3o gen\u00e9rica da subtribo Spiranthinae tem sido objeto de controv\u00e9rsias desde os sistemas de classifica\u00e7\u00e3o mais antigos para Orchidaceae, por\u00e9m s\u00f3 recentemente trabalhos baseados em rela\u00e7\u00f5es filogen\u00e9ticas t\u00eam esclarecido o posicionamento e os limites dos g\u00eaneros e grupamentos dentro da subtribo, em especial o trabalho de Salazar e colaboradores de 2003. Para as rela\u00e7\u00f5es entre os g\u00eaneros, os dados das sequ\u00eancias nucleot\u00eddicas desse estudo permitiram identificar quatro clados principais em Spiranthinae: (a) o clado <em>Stenorrhynchos s.s.<\/em>, (b) o clado formado pela maioria dos g\u00eaneros previamente atribu\u00eddos \u00e0 \u201calian\u00e7a <em>Pelexia<\/em>\u201d; (c) o clado formado pelo par <em>Eurystyles<\/em> e <em>Lankesterella<\/em>; e (d) o clado formado por <em>Spiranthes<\/em> e outros g\u00eaneros na maior parte ou exclusivamente diversificados no limite norte dos Neotr\u00f3picos. O presente trabalho est\u00e1 dividido em tr\u00eas cap\u00edtulos, sendo que no primeiro \u00e9 apresentada a sistem\u00e1tica do clado <em>Stenorrhynchos<\/em> baseada em an\u00e1lise filogen\u00e9tica molecular dos marcadores nuclear (ITS) e plastidiais (<em>matK-trnK<\/em> e <em>trnL-F<\/em>), na qual foi poss\u00edvel detectar v\u00e1rios casos de g\u00eaneros n\u00e3o monofil\u00e9ticos, como, por exemplo, <i>Pteroglossa<\/i>, <em>Skeptrostachys<\/em> e <em>Sacoila<\/em>. O cap\u00edtulo 2 apresenta uma sinopse taxon\u00f4mica do referido clado, em que s\u00e3o listados 10 g\u00eaneros e 64 esp\u00e9cies, al\u00e9m de serem exibidos dados sobre distribui\u00e7\u00e3o geogr\u00e1fica, notas taxon\u00f4micas e tipifica\u00e7\u00f5es. O terceiro cap\u00edtulo versa sobre estudos cromoss\u00f4micos, e nele s\u00e3o apresentados n\u00fameros cromoss\u00f4micos de dezoito esp\u00e9cies de Spiranthinae do Brasil e M\u00e9xico e duas de Cranichidinae do Equador, sendo dezesseis deles in\u00e9ditos.<\/p>\n<p style=\"text-align: justify\"><strong>Palavras-chave:<\/strong> filogenia, Spiranthinae, Orchidaceae, citogen\u00e9tica, sistem\u00e1tica molecular<\/p>\n<hr align=\"center\" noshade=\"noshade\" size=\"1\" width=\"100%\" \/>\n<p style=\"text-align: center\"><a href=\"https:\/\/smastr16.blob.core.windows.net\/pgibt\/2013\/09\/pdf_grande.gif\"><img decoding=\"async\" loading=\"lazy\" class=\"aligncenter size-full wp-image-2313\" style=\"border: 0px\" alt=\"pdf_grande\" src=\"https:\/\/smastr16.blob.core.windows.net\/pgibt\/2013\/09\/pdf_grande.gif\" width=\"60\" height=\"60\" \/><\/a><a href=\"https:\/\/smastr16.blob.core.windows.net\/pgibt\/2015\/12\/Leonardo_Ramos_Seixas_Guimaraes_DR.pdf\" target=\"_blank\">Leonardo Ramos Seixas Guimar\u00e3es<br \/>\nFilogenia e citotaxonomia do clado Stenorrhynchos (Spiranthinae, Cranichideae, Orchidoideae, Orchidaceae)<br \/>\n<\/a><\/p>\n<hr align=\"center\" noshade=\"noshade\" size=\"1\" width=\"100%\" \/>\n<p style=\"text-align: center\"><strong>\u00a0<a href=\"https:\/\/www.infraestruturameioambiente.sp.gov.br\/pgibt\/dissertacoesteses\/\">VOLTAR AS DISSERTA\u00c7\u00d5ES E TESES<\/a><\/strong><\/p>\n<hr align=\"center\" noshade=\"noshade\" size=\"1\" width=\"100%\" \/>\n","protected":false},"excerpt":{"rendered":"<p>Leonardo Ramos Seixas Guimar\u00e3es No dia 9 de junho de 2014, o aluno do Programa de P\u00f3s-Gradua\u00e7\u00e3o em Biodiversidade Vegetal e Meio Ambiente do Instituto de Bot\u00e2nica de S\u00e3o Paulo (IBt), Leonardo Ramos Seixas Guimar\u00e3es (bolsista FAPESP) defendeu sua tese de doutorado intitulada \u201cFilogenia e citotaxonomia do clado Stenorrhynchos (Spiranthinae, Cranichideae, Orchidoideae, Orchidaceae)\u201d, sob orienta\u00e7\u00e3o [&hellip;]<\/p>\n","protected":false},"author":1,"featured_media":0,"parent":249,"menu_order":0,"comment_status":"closed","ping_status":"open","template":"sma\/fullpage.php","meta":[],"_links":{"self":[{"href":"https:\/\/www.infraestruturameioambiente.sp.gov.br\/pgibt\/wp-json\/wp\/v2\/pages\/4661"}],"collection":[{"href":"https:\/\/www.infraestruturameioambiente.sp.gov.br\/pgibt\/wp-json\/wp\/v2\/pages"}],"about":[{"href":"https:\/\/www.infraestruturameioambiente.sp.gov.br\/pgibt\/wp-json\/wp\/v2\/types\/page"}],"author":[{"embeddable":true,"href":"https:\/\/www.infraestruturameioambiente.sp.gov.br\/pgibt\/wp-json\/wp\/v2\/users\/1"}],"replies":[{"embeddable":true,"href":"https:\/\/www.infraestruturameioambiente.sp.gov.br\/pgibt\/wp-json\/wp\/v2\/comments?post=4661"}],"version-history":[{"count":0,"href":"https:\/\/www.infraestruturameioambiente.sp.gov.br\/pgibt\/wp-json\/wp\/v2\/pages\/4661\/revisions"}],"up":[{"embeddable":true,"href":"https:\/\/www.infraestruturameioambiente.sp.gov.br\/pgibt\/wp-json\/wp\/v2\/pages\/249"}],"wp:attachment":[{"href":"https:\/\/www.infraestruturameioambiente.sp.gov.br\/pgibt\/wp-json\/wp\/v2\/media?parent=4661"}],"curies":[{"name":"wp","href":"https:\/\/api.w.org\/{rel}","templated":true}]}}