{"id":465,"date":"2013-09-13T15:33:00","date_gmt":"2013-09-13T18:33:00","guid":{"rendered":"https:\/\/www.infraestruturameioambiente.sp.gov.br\/pgibt\/?page_id=465"},"modified":"2013-09-13T15:33:00","modified_gmt":"2013-09-13T18:33:00","slug":"2005-eduardo-luiz","status":"publish","type":"page","link":"https:\/\/www.infraestruturameioambiente.sp.gov.br\/pgibt\/dissertacoesteses\/2005-eduardo-luiz\/","title":{"rendered":"Eduardo Luiz Longui MS"},"content":{"rendered":"<h2 style=\"text-align: center\"><a href=\"https:\/\/smastr16.blob.core.windows.net\/pgibt\/2015\/02\/faixapos6.jpg\"><img decoding=\"async\" loading=\"lazy\" class=\"aligncenter size-full wp-image-3777\" style=\"border: 0px\" alt=\"faixapos6\" src=\"https:\/\/smastr16.blob.core.windows.net\/pgibt\/2015\/02\/faixapos6.jpg\" width=\"950\" height=\"163\" srcset=\"https:\/\/smastr16.blob.core.windows.net\/pgibt\/2015\/02\/faixapos6.jpg 950w, https:\/\/smastr16.blob.core.windows.net\/pgibt\/2015\/02\/faixapos6-768x131.jpg 768w\" sizes=\"(max-width: 950px) 100vw, 950px\" \/><\/a><\/h2>\n<hr align=\"center\" noshade=\"noshade\" size=\"1\" width=\"100%\" \/>\n<h2 style=\"text-align: center\">Eduardo Luiz Longui<\/h2>\n<hr align=\"center\" noshade=\"noshade\" size=\"1\" width=\"100%\" \/>\n<p style=\"text-align: center\">Aos 28 de abril de 2005, no Anfiteatro do Instituto de Bot\u00e2nica, Eduardo Luiz Longui, bolsista da FAPESP e aluno do Programa de P\u00f3s-gradua\u00e7\u00e3o em Biodiversidade Vegetal e Meio Ambiente do Instituto de Bot\u00e2nica de S\u00e3o Paulo, defendeu sua Disserta\u00e7\u00e3o de Mestrado intitulada:<br \/>\n&#8220;Pau-brasil e outras esp\u00e9cies nativas empregadas na confec\u00e7\u00e3o de arcos para instrumentos de corda:\u00a0um estudo comparativo&#8221;.<\/p>\n<h2><img decoding=\"async\" loading=\"lazy\" class=\"aligncenter\" alt=\"\" src=\"https:\/\/smastr16.blob.core.windows.net\/pgibt\/2013\/09\/longui1.jpg\" width=\"237\" height=\"178\" \/><\/h2>\n<p style=\"text-align: center\">\u00a0A banca examinadora presidida pela orientadora, Dra Edenise Segala Alves, da Se\u00e7\u00e3o de Anatomia e Morfologia-IBt\/SP contou com a participa\u00e7\u00e3o da Dra Veronica Angyalossy IB-USP e do Dr Takashi Yojo IPT que aprovaram o candidato com louvor<\/p>\n<hr align=\"center\" noshade=\"noshade\" size=\"1\" width=\"100%\" \/>\n<h3 style=\"text-align: center\"><strong>Pau-brasil e outras esp\u00e9cies nativas empregadas na confec\u00e7\u00e3o de arcos<br \/>\npara instrumentos de corda: um estudo comparativo<\/strong><\/h3>\n<hr align=\"center\" noshade=\"noshade\" size=\"1\" width=\"100%\" \/>\n<h4 style=\"text-align: center\"><strong>RESUMO<\/strong><\/h4>\n<p>A madeira do pau-brasil (<em>Caesalpinia echinata Lam.<\/em>) \u00e9 tradicionalmente empregada na produ\u00e7\u00e3o de arcos para instrumentos de corda. No Brasil, esp\u00e9cies de outros g\u00eaneros como\u00a0<em>Manilkara<\/em>\u00a0e\u00a0<em>Tabebuia<\/em>, tamb\u00e9m s\u00e3o utilizadas. Embora utilizada mundialmente para tal finalidade, s\u00e3o raros os estudos que buscam explicar a qualidade das madeiras para a arquetaria. Visando ao preenchimento desta lacuna, o objetivo deste estudo foi verificar se \u00e9 poss\u00edvel estabelecer a qualidade de varetas com base em caracter\u00edsticas anat\u00f4micas, f\u00edsicas, mec\u00e2nicas, ac\u00fasticas e qu\u00edmicas. As caracter\u00edsticas anat\u00f4micas quantitativas e qualitativas das madeiras foram analisadas seguindo t\u00e9cnicas usuais. A densidade, o m\u00f3dulo de elasticidade, a tens\u00e3o de ruptura e a velocidade de propaga\u00e7\u00e3o do som foram analisadas por meio de ensaios destrutivos e n\u00e3o destrutivos. Al\u00e9m disso, os teores de lignina e extrativos foram determinados. Com base nos resultados obtidos, foi poss\u00edvel recomendar caracter\u00edsticas que podem ser utilizadas na sele\u00e7\u00e3o de madeiras para a produ\u00e7\u00e3o dos arcos. Caracter\u00edsticas anat\u00f4micas como o comprimento, freq\u00fc\u00eancia dos elementos de vasos e raios e a porcentagem de fibras influenciam a qualidade das varetas. As dimens\u00f5es e a quantidade dessas c\u00e9lulas afetam os par\u00e2metros f\u00edsicos, como a densidade; mec\u00e2nicos, como o m\u00f3dulo de elasticidade e tens\u00e3o de ruptura e, tamb\u00e9m ac\u00fasticos, como a velocidade de propaga\u00e7\u00e3o do som. Al\u00e9m disso, o teor de lignina afeta a qualidade das varetas. A an\u00e1lise destes par\u00e2metros permite destacar duas caracter\u00edsticas importantes na sele\u00e7\u00e3o de varetas para arcos: a densidade e a rigidez. O ip\u00ea pode fornecer arcos de qualidade, uma vez que suas propriedades mostraram-se equivalentes \u00e0s do pau-brasil. A ma\u00e7aranduba fornece arcos de qualidade inferior e representa uma op\u00e7\u00e3o em termos de cor e textura.<\/p>\n<p>Pau-brasil e outras esp\u00e9cies nativas empregadas na confec\u00e7\u00e3o de arcos para instrumentos de corda: um estudo comparativo<\/p>\n<hr align=\"center\" noshade=\"noshade\" size=\"1\" width=\"100%\" \/>\n<p><a href=\"https:\/\/smastr16.blob.core.windows.net\/pgibt\/2013\/09\/pdf_grande.gif\"><img decoding=\"async\" loading=\"lazy\" class=\"aligncenter size-full wp-image-2313\" style=\"border: 0px\" alt=\"pdf_grande\" src=\"https:\/\/smastr16.blob.core.windows.net\/pgibt\/2013\/09\/pdf_grande.gif\" width=\"60\" height=\"60\" \/><\/a><\/p>\n<p style=\"text-align: center\"><a target=\"_blank\">Eduardo Luiz Longui<br \/>\nPau-brasil e outras esp\u00e9cies nativas empregadas na confec\u00e7\u00e3o de arcos<br \/>\npara instrumentos de corda: um estudo comparativo<\/a><\/p>\n<hr align=\"center\" noshade=\"noshade\" size=\"1\" width=\"100%\" \/>\n<p style=\"text-align: center\"><strong>\u00a0<a href=\"https:\/\/www.infraestruturameioambiente.sp.gov.br\/pgibt\/dissertacoesteses\/\">VOLTAR AS DISSERTA\u00c7\u00d5ES E TESES<\/a><\/strong><\/p>\n<hr align=\"center\" noshade=\"noshade\" size=\"1\" width=\"100%\" \/>\n<h1 style=\"text-align: center\"><\/h1>\n","protected":false},"excerpt":{"rendered":"<p>Eduardo Luiz Longui Aos 28 de abril de 2005, no Anfiteatro do Instituto de Bot\u00e2nica, Eduardo Luiz Longui, bolsista da FAPESP e aluno do Programa de P\u00f3s-gradua\u00e7\u00e3o em Biodiversidade Vegetal e Meio Ambiente do Instituto de Bot\u00e2nica de S\u00e3o Paulo, defendeu sua Disserta\u00e7\u00e3o de Mestrado intitulada: &#8220;Pau-brasil e outras esp\u00e9cies nativas empregadas na confec\u00e7\u00e3o de [&hellip;]<\/p>\n","protected":false},"author":1,"featured_media":0,"parent":249,"menu_order":0,"comment_status":"closed","ping_status":"closed","template":"fullpage.php","meta":[],"_links":{"self":[{"href":"https:\/\/www.infraestruturameioambiente.sp.gov.br\/pgibt\/wp-json\/wp\/v2\/pages\/465"}],"collection":[{"href":"https:\/\/www.infraestruturameioambiente.sp.gov.br\/pgibt\/wp-json\/wp\/v2\/pages"}],"about":[{"href":"https:\/\/www.infraestruturameioambiente.sp.gov.br\/pgibt\/wp-json\/wp\/v2\/types\/page"}],"author":[{"embeddable":true,"href":"https:\/\/www.infraestruturameioambiente.sp.gov.br\/pgibt\/wp-json\/wp\/v2\/users\/1"}],"replies":[{"embeddable":true,"href":"https:\/\/www.infraestruturameioambiente.sp.gov.br\/pgibt\/wp-json\/wp\/v2\/comments?post=465"}],"version-history":[{"count":0,"href":"https:\/\/www.infraestruturameioambiente.sp.gov.br\/pgibt\/wp-json\/wp\/v2\/pages\/465\/revisions"}],"up":[{"embeddable":true,"href":"https:\/\/www.infraestruturameioambiente.sp.gov.br\/pgibt\/wp-json\/wp\/v2\/pages\/249"}],"wp:attachment":[{"href":"https:\/\/www.infraestruturameioambiente.sp.gov.br\/pgibt\/wp-json\/wp\/v2\/media?parent=465"}],"curies":[{"name":"wp","href":"https:\/\/api.w.org\/{rel}","templated":true}]}}