{"id":4631,"date":"2015-12-15T14:11:18","date_gmt":"2015-12-15T16:11:18","guid":{"rendered":"https:\/\/www.infraestruturameioambiente.sp.gov.br\/pgibt\/?page_id=4631"},"modified":"2015-12-15T14:11:18","modified_gmt":"2015-12-15T16:11:18","slug":"2014-fernanda-cassemiro-dos-santos","status":"publish","type":"page","link":"https:\/\/www.infraestruturameioambiente.sp.gov.br\/pgibt\/dissertacoesteses\/2014-fernanda-cassemiro-dos-santos\/","title":{"rendered":"Fernanda Cassemiro dos Santos MS"},"content":{"rendered":"<h2 style=\"text-align: center\"><a href=\"https:\/\/smastr16.blob.core.windows.net\/pgibt\/2015\/02\/faixapos6.jpg\"><img decoding=\"async\" loading=\"lazy\" class=\"aligncenter size-full wp-image-3777\" style=\"border: 0px\" alt=\"faixapos6\" src=\"https:\/\/smastr16.blob.core.windows.net\/pgibt\/2015\/02\/faixapos6.jpg\" width=\"950\" height=\"163\" srcset=\"https:\/\/smastr16.blob.core.windows.net\/pgibt\/2015\/02\/faixapos6.jpg 950w, https:\/\/smastr16.blob.core.windows.net\/pgibt\/2015\/02\/faixapos6-768x131.jpg 768w\" sizes=\"(max-width: 950px) 100vw, 950px\" \/><\/a><\/h2>\n<hr align=\"center\" noshade=\"noshade\" size=\"1\" width=\"100%\" \/>\n<h2 style=\"text-align: center\"><span style=\"color: #003300\"><b>Fernanda Cassemiro dos Santos<\/b><\/span><\/h2>\n<hr align=\"center\" noshade=\"noshade\" size=\"1\" width=\"100%\" \/>\n<p align=\"center\">No dia 29 de setembro de 2014, a aluna Fernanda Cassemiro dos Santos obteve o t\u00edtulo de Mestre pelo Programa de Biodiversidade e Meio Ambiente do Instituto de Bot\u00e2nica de S\u00e3o Paulo (IBt\/SP). Sua disserta\u00e7\u00e3o intitulada<br \/>\n&#8220;Disponibilidade de Nitrog\u00eanio no Solo em um Gradiente Altitudinal da Mata Atl\u00e2ntica&#8221;<br \/>\ncontou com a orienta\u00e7\u00e3o do Dr Marcos Pereira Marinho Aidar.<\/p>\n<p align=\"center\"><a href=\"https:\/\/smastr16.blob.core.windows.net\/pgibt\/2015\/12\/Fernanda.jpg\"><img decoding=\"async\" loading=\"lazy\" class=\"aligncenter size-full wp-image-4622\" alt=\"Fernanda\" src=\"https:\/\/smastr16.blob.core.windows.net\/pgibt\/2015\/12\/Fernanda.jpg\" width=\"384\" height=\"276\" \/><\/a><\/p>\n<p align=\"center\">A banca examinadora foi composta pela Dra Regina Maria de Moraes e a Dra Catarina Nievola<\/p>\n<hr align=\"center\" noshade=\"noshade\" size=\"1\" width=\"100%\" \/>\n<h3 style=\"text-align: center\"><b>Disponibilidade de Nitrog\u00eanio no Solo em um Gradiente Altitudinal da Mata Atl\u00e2ntica<\/b><\/h3>\n<hr align=\"center\" noshade=\"noshade\" size=\"1\" width=\"100%\" \/>\n<h4 style=\"text-align: center\"><strong>RESUMO<\/strong><\/h4>\n<p style=\"text-align: justify\">O nitrog\u00eanio (N) \u00e9 essencial na composi\u00e7\u00e3o de muitas biomol\u00e9culas do metabolismo vegetal e um elemento chave para regula\u00e7\u00e3o, produ\u00e7\u00e3o e estrutura\u00e7\u00e3o das popula\u00e7\u00f5es vegetais. Sua disponibilidade no ambiente \u00e9 determinada por condi\u00e7\u00f5es bi\u00f3ticas (presen\u00e7a de plantas, microorganismos) e principalmente por fatores clim\u00e1ticos. O estudo em gradiente altitudinal tem sido reconhecido como uma ferramenta importante para explorar e quantificar a influ\u00eancia das condi\u00e7\u00f5es ambientais nos processos do ecossistema, pois interfere diretamente na estrutura, produtividade, ciclagem, limita\u00e7\u00e3o de nutriente, e diversidade de esp\u00e9cies. Nesse sentido, o presente estudo tem o objetivo de caracterizar a disponibilidade de nitrog\u00eanio no solo ao longo de um gradiente altitudinal da Mata Atl\u00e2ntica em duas esta\u00e7\u00f5es do ano: ver\u00e3o e inverno. Foram coletadas amostras de solo (0-5cm) e serapilheira no ver\u00e3o e no inverno (esta\u00e7\u00e3o \u00famida e seca), no Parque Estadual de Campos do Jord\u00e3o (Floresta Ombr\u00f3fila Mista, FOM 1600m) e no Parque Estadual da Serra do Mar em duas altitudes (Floresta Ombr\u00f3fila Densa Montana, FODM 900m e Floresta Ombr\u00f3fila Densa das Terras Baixas, FOTB 100m) para an\u00e1lise do ac\u00famulo de serapilheira no solo, estoque de nitrog\u00eanio e carbono na serapilheira, estoque de carbono e nitrog\u00eanio no solo, mineraliza\u00e7\u00e3o e nitrifica\u00e7\u00e3o, e o conte\u00fado de amino\u00e1cidos. A disponibilidade de nitrog\u00eanio mineral in situ foi analisada por meio de resina de troca i\u00f4nica. O estudo mostrou um maior ac\u00famulo de serapilheira no inverno. O estoque de carbono apresentou o mesmo padr\u00e3o da serapilheira para as esta\u00e7\u00f5es, com resultados superiores no inverno e um padr\u00e3o altitudinal no ver\u00e3o. A mineraliza\u00e7\u00e3o tamb\u00e9m apresentou valores superiores no inverno, mas a nitrifica\u00e7\u00e3o teve o seu m\u00e1ximo no ver\u00e3o, com diferen\u00e7as significativas entre FOM 1600m e FOTB 100m. No solo, o estoque de nitrog\u00eanio foi superior em FOM 1600m em compara\u00e7\u00e3o \u00e0s outras \u00e1reas estudadas. Os resultados mostraram uma maior quantidade de am\u00f4nio dispon\u00edvel no solo em todas as altitudes. Foi poss\u00edvel demonstrar ac\u00famulo de amino\u00e1cidos no inverno. A disponibilidade de nitrog\u00eanio no solo apresentou diferen\u00e7as entre as altitudes e as esta\u00e7\u00f5es, devido as caracter\u00edsticas ecol\u00f3gicas, fisiol\u00f3gicas e principalmente clim\u00e1ticas de cada \u00e1rea, sendo o fator temperatura o principal atuante nesse processo.<\/p>\n<p style=\"text-align: justify\"><strong>Palavras chave:<\/strong> altitude, floresta montana, altitude, Serra do Mar<b><\/b><\/p>\n<hr align=\"center\" noshade=\"noshade\" size=\"1\" width=\"100%\" \/>\n<p style=\"text-align: center\"><a href=\"https:\/\/smastr16.blob.core.windows.net\/pgibt\/2013\/09\/pdf_grande.gif\"><img decoding=\"async\" loading=\"lazy\" class=\"aligncenter size-full wp-image-2313\" style=\"border: 0px\" alt=\"pdf_grande\" src=\"https:\/\/smastr16.blob.core.windows.net\/pgibt\/2013\/09\/pdf_grande.gif\" width=\"60\" height=\"60\" \/><\/a><a href=\"https:\/\/smastr16.blob.core.windows.net\/pgibt\/2015\/12\/Fernanda_Cassemiro_dos_Santos_MS.pdf\" target=\"_blank\">Fernanda Cassemiro dos Santos<br \/>\nDisponibilidade de Nitrog\u00eanio no Solo em um Gradiente Altitudinal da Mata Atl\u00e2ntica<\/a><\/p>\n<hr align=\"center\" noshade=\"noshade\" size=\"1\" width=\"100%\" \/>\n<p style=\"text-align: center\"><strong>\u00a0<a href=\"https:\/\/www.infraestruturameioambiente.sp.gov.br\/pgibt\/dissertacoesteses\/\">VOLTAR AS DISSERTA\u00c7\u00d5ES E TESES<\/a><\/strong><\/p>\n<hr align=\"center\" noshade=\"noshade\" size=\"1\" width=\"100%\" \/>\n","protected":false},"excerpt":{"rendered":"<p>Fernanda Cassemiro dos Santos No dia 29 de setembro de 2014, a aluna Fernanda Cassemiro dos Santos obteve o t\u00edtulo de Mestre pelo Programa de Biodiversidade e Meio Ambiente do Instituto de Bot\u00e2nica de S\u00e3o Paulo (IBt\/SP). Sua disserta\u00e7\u00e3o intitulada &#8220;Disponibilidade de Nitrog\u00eanio no Solo em um Gradiente Altitudinal da Mata Atl\u00e2ntica&#8221; contou com a [&hellip;]<\/p>\n","protected":false},"author":1,"featured_media":0,"parent":249,"menu_order":0,"comment_status":"closed","ping_status":"open","template":"sma\/fullpage.php","meta":[],"_links":{"self":[{"href":"https:\/\/www.infraestruturameioambiente.sp.gov.br\/pgibt\/wp-json\/wp\/v2\/pages\/4631"}],"collection":[{"href":"https:\/\/www.infraestruturameioambiente.sp.gov.br\/pgibt\/wp-json\/wp\/v2\/pages"}],"about":[{"href":"https:\/\/www.infraestruturameioambiente.sp.gov.br\/pgibt\/wp-json\/wp\/v2\/types\/page"}],"author":[{"embeddable":true,"href":"https:\/\/www.infraestruturameioambiente.sp.gov.br\/pgibt\/wp-json\/wp\/v2\/users\/1"}],"replies":[{"embeddable":true,"href":"https:\/\/www.infraestruturameioambiente.sp.gov.br\/pgibt\/wp-json\/wp\/v2\/comments?post=4631"}],"version-history":[{"count":0,"href":"https:\/\/www.infraestruturameioambiente.sp.gov.br\/pgibt\/wp-json\/wp\/v2\/pages\/4631\/revisions"}],"up":[{"embeddable":true,"href":"https:\/\/www.infraestruturameioambiente.sp.gov.br\/pgibt\/wp-json\/wp\/v2\/pages\/249"}],"wp:attachment":[{"href":"https:\/\/www.infraestruturameioambiente.sp.gov.br\/pgibt\/wp-json\/wp\/v2\/media?parent=4631"}],"curies":[{"name":"wp","href":"https:\/\/api.w.org\/{rel}","templated":true}]}}