{"id":4626,"date":"2015-12-15T14:40:21","date_gmt":"2015-12-15T16:40:21","guid":{"rendered":"https:\/\/www.infraestruturameioambiente.sp.gov.br\/pgibt\/?page_id=4626"},"modified":"2018-06-15T11:58:06","modified_gmt":"2018-06-15T14:58:06","slug":"2015-francine-faia-fernandes","status":"publish","type":"page","link":"https:\/\/www.infraestruturameioambiente.sp.gov.br\/pgibt\/dissertacoesteses\/2015-francine-faia-fernandes\/","title":{"rendered":"Francine Faia Fernandes MS"},"content":{"rendered":"<h2 style=\"text-align: center\"><a href=\"https:\/\/smastr16.blob.core.windows.net\/pgibt\/2015\/02\/faixapos6.jpg\"><img decoding=\"async\" loading=\"lazy\" class=\"aligncenter size-full wp-image-3777\" style=\"border: 0px\" src=\"https:\/\/smastr16.blob.core.windows.net\/pgibt\/2015\/02\/faixapos6.jpg\" alt=\"faixapos6\" width=\"950\" height=\"163\" srcset=\"https:\/\/smastr16.blob.core.windows.net\/pgibt\/2015\/02\/faixapos6.jpg 950w, https:\/\/smastr16.blob.core.windows.net\/pgibt\/2015\/02\/faixapos6-768x131.jpg 768w\" sizes=\"(max-width: 950px) 100vw, 950px\" \/><\/a><\/h2>\n<hr align=\"center\" noshade=\"noshade\" size=\"1\" width=\"100%\" \/>\n<h2 style=\"text-align: center\"><span style=\"color: #003300\">Francine Faia Fernandes<\/span><\/h2>\n<hr align=\"center\" noshade=\"noshade\" size=\"1\" width=\"100%\" \/>\n<p style=\"text-align: center\"><img decoding=\"async\" loading=\"lazy\" class=\"aligncenter wp-image-4628\" src=\"https:\/\/smastr16.blob.core.windows.net\/pgibt\/2015\/12\/Francine2.jpg\" alt=\"Francine2\" width=\"397\" height=\"223\" \/><span style=\"line-height: 1.5em\">Foto da defesa com a banca e a discente: Dra. Claudia Maria Furlan (IB-USP), Francine Faia Fernandes (discente), Dra. Edenise Segala Alves (orientadora), Dr. Jo\u00e3o Paulo Rodrigues Marques (ESALQ-USP).<\/span><\/p>\n<p style=\"text-align: center\">Nesta disserta\u00e7\u00e3o, buscamos entender os processos celulares decorrentes da exposi\u00e7\u00e3o de uma esp\u00e9cie arb\u00f3rea nativa<em> (Astronium graveolens <\/em>&#8211; Anacardiaceae) ao oz\u00f4nio troposf\u00e9rico (O<sub>3<\/sub>), em uma regi\u00e3o da cidade de S\u00e3o Paulo que apresenta altas concentra\u00e7\u00f5es desse g\u00e1s.<br \/>\nAp\u00f3s expor as plantas em campo, foi poss\u00edvel validar os sintomas vis\u00edveis como provocados pelo O<sub>3<\/sub> a partir de an\u00e1lises anat\u00f4micas das folhas da esp\u00e9cie estudada. Mostramos que <i>A. graveolens<\/i> \u00e9 uma boa bioindicadora do poluente ao responder de forma linear ao \u00edndice cumulativo de O<sub>3 <\/sub>na atmosfera, isto e, aumentou a ocorr\u00eancia de sintomas vis\u00edveis na folha \u00e0 medida que aumentou a concentra\u00e7\u00e3o desse g\u00e1s no ambiente. Identificamos, ainda, altera\u00e7\u00f5es celulares decorrentes da sinergia entre o O<sub>3<\/sub> e a luz solar, e descobrimos que o surgimento e o padr\u00e3o de deposi\u00e7\u00e3o de compostos de defesa da planta (polifenois) apresentam especificidade semelhante aos padr\u00f5es encontrados no desenvolvimento de gl\u00e2ndulas na mesma esp\u00e9cie.<br \/>\nNosso estudo enfatiza o papel fundamental da anatomia, n\u00e3o somente na valida\u00e7\u00e3o de sintomas vis\u00edveis causados pelo O<sub>3<\/sub>, mas, tamb\u00e9m, no entendimento dos processos de defesa da planta.<\/p>\n<hr align=\"center\" noshade=\"noshade\" size=\"1\" width=\"100%\" \/>\n<h3 style=\"text-align: center\">Marcadores microsc\u00f3picos para a valida\u00e7\u00e3o de sintomas em esp\u00e9cie nativa a ser empregada no biomonitoramento de oz\u00f4nio<\/h3>\n<hr align=\"center\" noshade=\"noshade\" size=\"1\" width=\"100%\" \/>\n<p style=\"text-align: center\"><strong>ABSTRACT<\/strong><\/p>\n<p style=\"text-align: justify\">Ozone (O<sub>3<\/sub>) is a phytotoxic pollutant that can cause visible injuries on plants and these injuries can be used as indicators of the potencial risk to vegetation. Microscopic markers highlight as the only tool to validate these injuries as consequences of oxidative processes caused by O<sub>3<\/sub>. In field conditions, the synergism between ozone and light stress generates more intense oxidative damages compared to experimental situations in which the stress factor is applied individually. These damages are even more intense in light stress sensitive species as <em>Astronium graveolens<\/em>. Several effects from combat and restraining reactive oxygen species (ROS) derived from this synergy process, in particular the polyphenols responses, can be visualized structurally (descriptions usually restricted to the region of injury) to validate the source of the oxidative process. The objectives of this study are (<i>i<\/i>) identify and describe the visible injuries in leaflets from young plants in <em>A. graveolens<\/em> under field situation; (<i>ii<\/i>) validate the symptoms as caused by O<sub>3<\/sub>, based on microscopic markers; (<i>iii<\/i>) to test in the field the potential O<sub>3<\/sub> bioindicative in this species; (<i>iv<\/i>) characterize the deposition of polyphenols in the leaflets chlorenchyma. <em>A. graveolens <\/em>showed stippling marked by the oxidation of apoplastic wart-like protrusions and cell wall. The injury index showed linear correlation with SUM00, thus the species can be used in the biomonitoring O<sub>3.<\/sub>. Samples subjected to this synergism exhibited a specific pattern in the spatial distribution of polyphenols inside the vacuole of palisade parenchyma cells according to their position in relation to the ones on HR-like processes. Conversely, this same pattern is observed inside the epithelial cells\u2019 vacuole of secretory ducts during their development. Both involved tissues (palisade parenchyma and secretory ducts) have the same ontogenetic origin (ground meristem), an indicative that both processes are homologous. Histochemical tests show that these polyphenols are hydrolysable tannins, and we suggested that their differential aspects correspond to temporal variations in the ellagitannins processes of polymerization. Furthermore, the presence of flavonols in regions close to HR-like responses emphasizes the involvement of these polyphenols to combat ROS. This study highlights the pivotal role of anatomy in both validating ozone symptoms and also in the knowledge of plant defense processes.<br \/>\n<strong>Keywords:<\/strong> <em>Astronium graveolens<\/em>, Anacardiaceae, oxidative stress, stippling, visible injuries.<\/p>\n<h4 style=\"text-align: center\"><strong>RESUMO<\/strong><\/h4>\n<p style=\"text-align: justify\">O oz\u00f4nio (O<sub>3<\/sub>) \u00e9 um poluente fitot\u00f3xico que pode causar inj\u00farias vis\u00edveis em plantas e tais inj\u00farias auxiliam na identifica\u00e7\u00e3o de riscos potenciais \u00e0 vegeta\u00e7\u00e3o. Os marcadores microsc\u00f3picos se destacam como \u00fanica forma de validar essas inj\u00farias como decorrentes de processos oxidativos provocados por O<sub>3<\/sub>. Em condi\u00e7\u00f5es de campo, o sinergismo entre a exposi\u00e7\u00e3o ao O<sub>3<\/sub> e ao estresse luminoso gera danos oxidativos mais intensos quando comparados \u00e0s situa\u00e7\u00f5es experimentais em que o estresse \u00e9 aplicado individualmente. Estes danos s\u00e3o ainda mais intensos em esp\u00e9cies que apresentam maior sensibilidade ao estresse luminoso, como\u00a0<em>Astronium graveolens<\/em>. Diversos efeitos de combate e conten\u00e7\u00e3o de esp\u00e9cies reativas de oxigenio (ROS) derivadas da sinergia entre esses dois fatores ambientais, em especial as respostas desempenhadas pelos polifenois, s\u00e3o observados estruturalmente de forma a validar a origem do processo oxidativo. Os objetivos deste estudo foram (<i>i<\/i>) identificar e descrever as inj\u00farias vis\u00edveis em fol\u00edolos de plantas jovens de <em>A. graveolens<\/em> em situa\u00e7\u00e3o de campo; (<i>ii<\/i>) validar os sintomas como decorrentes de O<sub>3<\/sub>, com base em marcadores microsc\u00f3picos; (<i>iii<\/i>) testar, em campo, o potencial bioindicador de O<sub>3 <\/sub>da esp\u00e9cie; (<i>iv<\/i>) caracterizar a deposi\u00e7\u00e3o de polifenois no clor\u00eanquima das laminas foliolares. <em>A. graveolens <\/em>apresentou inj\u00farias do tipo <i>stippling <\/i>marcadas pela<i> <\/i>oxida\u00e7\u00e3o da parede celular e de protrus\u00f5es presentes no apoplasto. Os \u00edndices de inj\u00farias testados mostraram linearidade com a SUM00, assim, a esp\u00e9cie pode ser empregada no biomonitoramento do O<sub>3<\/sub>. Ainda, amostras submetidas ao sinergismo (O<sub>3 <\/sub>e estresse luminoso) apresentaram um padr\u00e3o espec\u00edfico na distribui\u00e7\u00e3o espacial de polifen\u00f3is no interior do vac\u00faolo, de acordo com a posi\u00e7\u00e3o da c\u00e9lula em rela\u00e7\u00e3o \u00e0quelas em processo de HR-like. Este padr\u00e3o obedece ao mesmo encontrado no interior do vac\u00faolo das c\u00e9lulas epiteliais de canais secretores em desenvolvimento, em que ambos os tecidos envolvidos (par\u00eanquima pali\u00e7\u00e1dico e canais secretores) apresentam a mesma origem ontogen\u00e9tica (meristema fundamental), indicando que ambos os processos s\u00e3o hom\u00f3logos. A presen\u00e7a de flavon\u00f3is na regi\u00e3o de estabelecimento de HR-like ressalta o envolvimento destes polifenois no combate \u00e0s ROS. Este estudo enfatiza o papel fundamental da anatomia, n\u00e3o somente na valida\u00e7\u00e3o das inj\u00farias, mas, tamb\u00e9m, no entendimento dos processos de defesa da planta.<br \/>\n<strong>Palavras-chave:<\/strong> <em>Astronium graveolens<\/em>, Anacardiaceae, estresse oxidativo, inj\u00farias vis\u00edveis, <em>stippling<\/em>.<\/p>\n<p style=\"text-align: justify\">\n<hr align=\"center\" noshade=\"noshade\" size=\"1\" width=\"100%\" \/>\n<p style=\"text-align: center\"><a href=\"https:\/\/smastr16.blob.core.windows.net\/pgibt\/2015\/12\/Francine_Faia_Fernandes_MS.pdf\"><img decoding=\"async\" loading=\"lazy\" class=\"aligncenter wp-image-2313 size-full\" style=\"border: 0px\" src=\"https:\/\/smastr16.blob.core.windows.net\/pgibt\/2013\/09\/pdf_grande.gif\" alt=\"pdf_grande\" width=\"60\" height=\"60\" \/><\/a><a href=\"https:\/\/smastr16.blob.core.windows.net\/pgibt\/2015\/12\/Francine_Faia_Fernandes_MS.pdf\" target=\"_blank\" rel=\"noopener\">Francine Faia Fernandes<br \/>\nMarcadores microsc\u00f3picos para a valida\u00e7\u00e3o de sintomas em esp\u00e9cie nativa a ser empregada no biomonitoramento de oz\u00f4nio<br \/>\n<\/a><\/p>\n<hr align=\"center\" noshade=\"noshade\" size=\"1\" width=\"100%\" \/>\n<p style=\"text-align: center\"><strong> <a href=\"https:\/\/www.infraestruturameioambiente.sp.gov.br\/pgibt\/dissertacoesteses\/\">VOLTAR AS DISSERTA\u00c7\u00d5ES E TESES<\/a><\/strong><\/p>\n<hr align=\"center\" noshade=\"noshade\" size=\"1\" width=\"100%\" \/>\n","protected":false},"excerpt":{"rendered":"<p>Francine Faia Fernandes Foto da defesa com a banca e a discente: Dra. Claudia Maria Furlan (IB-USP), Francine Faia Fernandes (discente), Dra. Edenise Segala Alves (orientadora), Dr. Jo\u00e3o Paulo Rodrigues Marques (ESALQ-USP). Nesta disserta\u00e7\u00e3o, buscamos entender os processos celulares decorrentes da exposi\u00e7\u00e3o de uma esp\u00e9cie arb\u00f3rea nativa (Astronium graveolens &#8211; Anacardiaceae) ao oz\u00f4nio troposf\u00e9rico (O3), [&hellip;]<\/p>\n","protected":false},"author":1,"featured_media":0,"parent":249,"menu_order":0,"comment_status":"closed","ping_status":"open","template":"","meta":[],"_links":{"self":[{"href":"https:\/\/www.infraestruturameioambiente.sp.gov.br\/pgibt\/wp-json\/wp\/v2\/pages\/4626"}],"collection":[{"href":"https:\/\/www.infraestruturameioambiente.sp.gov.br\/pgibt\/wp-json\/wp\/v2\/pages"}],"about":[{"href":"https:\/\/www.infraestruturameioambiente.sp.gov.br\/pgibt\/wp-json\/wp\/v2\/types\/page"}],"author":[{"embeddable":true,"href":"https:\/\/www.infraestruturameioambiente.sp.gov.br\/pgibt\/wp-json\/wp\/v2\/users\/1"}],"replies":[{"embeddable":true,"href":"https:\/\/www.infraestruturameioambiente.sp.gov.br\/pgibt\/wp-json\/wp\/v2\/comments?post=4626"}],"version-history":[{"count":2,"href":"https:\/\/www.infraestruturameioambiente.sp.gov.br\/pgibt\/wp-json\/wp\/v2\/pages\/4626\/revisions"}],"predecessor-version":[{"id":6501,"href":"https:\/\/www.infraestruturameioambiente.sp.gov.br\/pgibt\/wp-json\/wp\/v2\/pages\/4626\/revisions\/6501"}],"up":[{"embeddable":true,"href":"https:\/\/www.infraestruturameioambiente.sp.gov.br\/pgibt\/wp-json\/wp\/v2\/pages\/249"}],"wp:attachment":[{"href":"https:\/\/www.infraestruturameioambiente.sp.gov.br\/pgibt\/wp-json\/wp\/v2\/media?parent=4626"}],"curies":[{"name":"wp","href":"https:\/\/api.w.org\/{rel}","templated":true}]}}