{"id":4599,"date":"2022-09-30T09:55:30","date_gmt":"2022-09-30T12:55:30","guid":{"rendered":"https:\/\/www.infraestruturameioambiente.sp.gov.br\/pgibt\/?page_id=4599"},"modified":"2022-09-30T09:55:30","modified_gmt":"2022-09-30T12:55:30","slug":"larissa-bernardino-moro-dr","status":"publish","type":"page","link":"https:\/\/www.infraestruturameioambiente.sp.gov.br\/pgibt\/larissa-bernardino-moro-dr\/","title":{"rendered":"Larissa Bernardino Moro &#8211; DR"},"content":{"rendered":"<h2 style=\"text-align: center\"><a href=\"arquivos.ambiente.sp.gov.br\/pgibt\/2015\/02\/faixapos6.jpg\"><img decoding=\"async\" loading=\"lazy\" class=\"aligncenter wp-image-3777 size-full\" style=\"border: 0px\" src=\"https:\/\/smastr16.blob.core.windows.net\/pgibt\/2015\/02\/faixapos6.jpg\" alt=\"faixapos6\" width=\"950\" height=\"163\" srcset=\"https:\/\/smastr16.blob.core.windows.net\/pgibt\/2015\/02\/faixapos6.jpg 950w, https:\/\/smastr16.blob.core.windows.net\/pgibt\/2015\/02\/faixapos6-768x131.jpg 768w\" sizes=\"(max-width: 950px) 100vw, 950px\" \/><\/a><\/h2>\n<hr align=\"center\" noshade=\"noshade\" size=\"1\" width=\"100%\" \/>\n<h2 style=\"text-align: center\">Larissa Bernardino Moro<\/h2>\n<hr align=\"center\" noshade=\"noshade\" size=\"1\" width=\"100%\" \/>\n<p style=\"text-align: center\"><span style=\"font-weight: 400\"><img decoding=\"async\" loading=\"lazy\" class=\"size-full wp-image-8288 aligncenter\" src=\"https:\/\/smastr16.blob.core.windows.net\/pgibt\/sites\/242\/2022\/09\/larissa-bernardino-moro-dr.jpg\" alt=\"\" width=\"800\" height=\"600\" srcset=\"https:\/\/smastr16.blob.core.windows.net\/pgibt\/sites\/242\/2022\/09\/larissa-bernardino-moro-dr.jpg 800w, https:\/\/smastr16.blob.core.windows.net\/pgibt\/sites\/242\/2022\/09\/larissa-bernardino-moro-dr-256x192.jpg 256w, https:\/\/smastr16.blob.core.windows.net\/pgibt\/sites\/242\/2022\/09\/larissa-bernardino-moro-dr-768x576.jpg 768w, https:\/\/smastr16.blob.core.windows.net\/pgibt\/sites\/242\/2022\/09\/larissa-bernardino-moro-dr-250x188.jpg 250w, https:\/\/smastr16.blob.core.windows.net\/pgibt\/sites\/242\/2022\/09\/larissa-bernardino-moro-dr-550x413.jpg 550w, https:\/\/smastr16.blob.core.windows.net\/pgibt\/sites\/242\/2022\/09\/larissa-bernardino-moro-dr-240x180.jpg 240w, https:\/\/smastr16.blob.core.windows.net\/pgibt\/sites\/242\/2022\/09\/larissa-bernardino-moro-dr-400x300.jpg 400w, https:\/\/smastr16.blob.core.windows.net\/pgibt\/sites\/242\/2022\/09\/larissa-bernardino-moro-dr-667x500.jpg 667w\" sizes=\"(max-width: 800px) 100vw, 800px\" \/><\/span><\/p>\n<p style=\"text-align: justify\">No dia 15 de dezembro de 2015, a aluna do programa de P\u00f3s-Gradua\u00e7\u00e3o em Biodiversidade Vegetal e Meio Ambiente do Instituto de Bot\u00e2nica, Larissa Bernardino Moro, defendeu sua tese de doutorado intitulada: \u201cDiversidade de Hyphomycetes aqu\u00e1ticos nos corpos d\u2019\u00e1gua da Ilha de S\u00e3o Sebasti\u00e3o (Ilhabela) e da Ilha do Cardoso (Canan\u00e9ia), SP, Brasil\u201d.<\/p>\n<p style=\"text-align: justify\">A banca examinadora foi presidida pela orientadora Profa. Dra. Iracema Helena Schoenlein-Crusius, do N\u00facleo de Pesquisa em Micologia (IBt), e contou com a participa\u00e7\u00e3o dos seguintes pesquisadores: Profa. Dra. Carmen Lidia Amorim Pires-Zottarelli (IBt); Profa. Dra. Rosely Piccolo Grandi (IBt); Prof. Dr. Andr\u00e9 Rodrigues (UNESP); Profa. Dra. Cleusa Maria Mantovanelo Lucon (IB).<\/p>\n<p style=\"text-align: justify\">O estudo teve como objetivo principal analisar a diversidade dos Hyphomycetes aqu\u00e1ticos nos corpos d\u2019\u00e1gua do Parque Estadual de Ilhabela (PEIb) e do Parque Estadual da Ilha do Cardoso (PEIC), descrevendo novos registros para o Estado de S\u00e3o Paulo e Brasil, al\u00e9m de tr\u00eas novas esp\u00e9cies para a ci\u00eancia: <em>Polylobatispora setulosa<\/em> L.B. Moro, G. Delgado &amp; I.H. Schoenlein-Crusius e <em>Campylospora brasiliensis<\/em> L.B. Moro &amp; I.H. Schoenlein-Crusius para o PEIb e <em>Clathrosporium retortum <\/em>L.B. Moro, G. Delgado &amp; I.H. Schoenlein-Crusius para o PEIC.<\/p>\n<hr align=\"center\" noshade=\"noshade\" size=\"1\" width=\"100%\" \/>\n<h3 style=\"text-align: center\">Diversidade de <em>Hyphomycetes<\/em> aqu\u00e1ticos nos corpos d \u0301\u00e1gua da Ilha de S\u00e3o Sebasti\u00e3o (Ilhabela) e da Ilha do Cardoso (Canan\u00e9ia), SP, Brasil<\/h3>\n<hr align=\"center\" noshade=\"noshade\" size=\"1\" width=\"100%\" \/>\n<h4 style=\"text-align: center\"><strong>ABSTRACT<\/strong><\/h4>\n<p>&nbsp;<\/p>\n<p style=\"text-align: justify\">The ecological group of the aquatic <em>Hyphomycetes<\/em> (or \u201chifomicetos\u201d) is constituted by anamorphic fungi (formerly known as Deuteromycetes ou imperfect fungi), characyterized by the exclusive assexual formation of conidia which may be free or contained in synema or sporodochia. Based on the shape and life cycle, the aquatic Hyphomycetes are divided in the following ecological groups: ingoldian fungi, that present conidia with tetrarradiate shapes or several typical ramifications, only produced in the water; the aeroaquatic fungi, which tolerate submersion, however the conidia are produced only at the water\/air interface; the terrestrial aquatic fungi, which include several species usually found in the rainwater or dew accumulated on leaf surfaces; and the submerged aquatic fungi, that are able to act as saprobes on submerge dor terrestrial substrates. The present study aims at analyzing the diversity of species of aquatic Hyphomycetes in Parque Estadual de Ilhabela (PEIb) and the Parque Estadual de Ilha do Cardoso (PEIC), SP, through the taxonomic survey on freshwater lotic aquatic environments, with special emphasis to the waterfalls, starting the taxonomy study of these fungi in island ecosystems and evaluate the technique of Descals for cultures of these fungi. For this, four expeditions were made to collect submerged mixed leaf litter samples in several lotic environments at the PEIb and at the PEIC. Concomitantely, some abiotic factors of the water were measured with an U<sub>10<\/sub> Horiba probe. In the laboratoty, fragmented leaf samples were distributed in Petri dishes containing sterile ditilled water and incubated at 20\u00baC. From the 5th day on, the leaf fragments were microscopically observed to search for taxonomical relevant features, in order to identify the observed fungi by specific literature. These observations were made repeatedly, until no new fungi were verifyed in the leaf fragmnents. Molecular procedures were also necessary for the confirmation of the identification of some taxa. Under a microscope, conidia were taken with apippette and transferred to Petri dishes containing malt extract agar media (MEA) at 0,1%, marking its position with a pen. After 24 hours of incubation at 21\u00baC, the conidia were again transferred to new culture MEA media to proceed their development. A total of 59 taxa of aquatic Hyphomycetes were obtained for the islandbeing 35 taxa of ingoldian fungi, eight aeroaquatic fungi and 16 submerged aquatics fungi and terrestrial aquatics fungi. For PEIb, 40 taxa were identified, including eight new records, respectively four new records the S\u00e3o Paulo state and four to Brasil, besides two new species: <em>Campylospora brasiliensis <\/em>and <em>Polylobatispora setulosa<\/em>. For PEIC, 38 taxa were registered, including six new records, respectively one new for S\u00e3o Paulo state and five to Brazil besides one new species: <em>Clathrosporium retortum<\/em>. Among the aeroaquatic fungi, three species are new records to Brazil and two to S\u00e3o Paulo state. Fifteen pure cultures were obtained due to the improvement of Descal\u00b4s technique. The diversity of the aquatic Hyphomycetes showed to be high in insular environments, especially in waterfalls. The contribution of the presente study increased the knowledge about the geographical distribution of the ingoldian fungi in Brazil by 14%, and regarding the aeroaquatic fungiby 80%, highlighting the importance of insular systems as propitious environments for the diversity of aquatic Hyphomycetes.<\/p>\n<p><strong>Keywords: <\/strong>anamorphic fungi-diversity-insular area- Atlantic Rainforest.<\/p>\n<h4 style=\"text-align: center\"><strong>RESUMO<\/strong><\/h4>\n<p style=\"text-align: justify\">O grupo ecol\u00f3gico dos <em>Hyphomycetes<\/em> (ou hifomicetes) aqu\u00e1ticos \u00e9 constitu\u00eddo pelos fungos anam\u00f3rficos (antigos deuteromicetos ou imperfeitos), que se caracterizam pela forma\u00e7\u00e3o exclusiva assexuada de con\u00eddios livres, em sinemas ou em esporod\u00f3quios. Com base na forma dos con\u00eddios e no ciclo de vida, os <em>Hyphomycetes<\/em> aqu\u00e1ticos foram divididos nos seguintes grupos ecol\u00f3gicos: os fungos ingoldianos, que apresentam con\u00eddios com formas tetrarradiadas ou v\u00e1rias ramifica\u00e7\u00f5es t\u00edpicas, somente produzidas na \u00e1gua; os aeroaqu\u00e1ticos que s\u00e3o fungos que suportam condi\u00e7\u00f5es submersas, por\u00e9m produzem con\u00eddios na interface \u00e1gua\/ar; os fungos aqu\u00e1ticos terrestres, que incluem v\u00e1rias esp\u00e9cies encontradas na \u00e1gua da chuva ou orvalho acumulada na superf\u00edcie de folhas e os fungos aqu\u00e1ticos submersos que s\u00e3o capazes de atuar como sapr\u00f3bios em substratos vegetais submersos ou terrestres. O presente estudo visa analisar a diversidade das esp\u00e9cies de <em>Hyphomycetes<\/em> aqu\u00e1ticos no Parque Estadual de Ilhabela (PEIb) e no Parque Estadual de Ilha do Cardoso (PEIC), SP, atrav\u00e9s do levantamento taxon\u00f4mico em ambientes aqu\u00e1ticos de \u00e1gua doce l\u00f3ticos, com \u00eanfase especial para as quedas d\u00b4\u00e1gua, iniciando o estudo da taxonomia desses fungos em ecossistemas insulares e avaliar a t\u00e9cnica de Descals para obter culturas destes fungos. Para isso, foram realizadas quatro expedi\u00e7\u00f5es para a coleta de folhedo misto submerso nos diversos ambientes l\u00f3ticos no PEIb e no PEIC. Concomitantemente, alguns fatores abi\u00f3ticos da \u00e1gua foram medidos utilizando-se uma sonda U<sub>10<\/sub> da Horiba. No laborat\u00f3rio, as amostras de folhedo misto submerso foram fragmentadas e distribu\u00eddas em placas de Petri contendo \u00e1gua destilada esterilizada, e incubadas a 20\u00b0C. A partir do quinto dia de incuba\u00e7\u00e3o, fragmentos de folhas foram observados ao microsc\u00f3pio \u00f3tico \u00e0 procura de caracter\u00edsticas taxonomicamente relevantes que permitissem a identifica\u00e7\u00e3o dos fungos observados, com base em literatura espec\u00edfica. A an\u00e1lise molecular foi necess\u00e1ria para a confirma\u00e7\u00e3o da identifica\u00e7\u00e3o de alguns t\u00e1xons. As observa\u00e7\u00f5es foram realizadas repetidamente at\u00e9 que nenhum novo t\u00e1xon fosse verificado nos fragmentos. Sob microsc\u00f3pio \u00f3ptico, con\u00eddios foram coletados com uma pipeta e transferidos para placas de Petri com meio extrato de malte \u00e1gar (MEA) 0,1%, marcando-se as suas posi\u00e7\u00f5es com caneta. Ap\u00f3s 24h de incuba\u00e7\u00e3o a 21\u00baC, os con\u00eddios foram transferidos para novo meio de cultura (MEA) para prosseguir o seu desenvolvimento. Foram obtidos 59 t\u00e1xons de Hyphomycetes aqu\u00e1ticos para as ilhas amostradas, sendo 35 t\u00e1xons de fungos ingoldiano, 8 t\u00e1xons de fungos aeroaqu\u00e1ticos e 16 t\u00e1xons de fungos aqu\u00e1ticos submersos e aqu\u00e1ticos terrestres. Para o PEIb, 40 t\u00e1xons foram identificados, incluindo oito novas ocorr\u00eancias, sendo quatro novos registros para o bioma Mata Atl\u00e2ntica do Estado de S\u00e3o Paulo e quatro para o Brasil, al\u00e9m de duas esp\u00e9cies novas: <em>Campylospora brasiliensis <\/em>e <em>Polylobatispora setulosa<\/em>. Para o PEIC, 38 t\u00e1xons foram registrados, sendo seis novas ocorr\u00eancias, respectivamente um para o bioma Mata Atl\u00e2ntica do Estado de S\u00e3o Paulo, cinco para o Brasil, al\u00e9m de uma esp\u00e9cie nova: <em>Clathrosporium retortum<\/em>. Entre os aeroaqu\u00e1ticos, cinco esp\u00e9cies s\u00e3o novos registros, tr\u00eas para o Brasil e duas para o Estado de S\u00e3o Paulo. Foram obtidos 15 isolados em culturas puras gra\u00e7as ao aperfei\u00e7oamento da t\u00e9cnica de Descals. A diversidade dos Hyphomycetes aqu\u00e1ticos mostrou-se significante nos ambientes insulares, em especial nas cachoeiras. A contribui\u00e7\u00e3o do presente estudo ampliou o conhecimento sobre a distribui\u00e7\u00e3o geogr\u00e1fica dos fungos ingoldianos no Brasil em 14% e em rela\u00e7\u00e3o aos fungos aeroaqu\u00e1ticos, ao redor de 80%, salientando a import\u00e2ncia dos sistemas insulares como ambientes prop\u00edcios para estudos de diversidade dos Hyphomycetes aqu\u00e1ticos.<\/p>\n<p style=\"text-align: justify\"><strong>Palavras-chave: <\/strong>\u00e1reas insulares &#8211; diversidade \u2013 fungos anam\u00f3rficos &#8211; Mata Atl\u00e2ntica.<\/p>\n<p style=\"text-align: justify\"><span style=\"font-weight: 400\">\u00a0<\/span><\/p>\n<hr align=\"center\" noshade=\"noshade\" size=\"1\" width=\"100%\" \/>\n<p style=\"text-align: center\"><a href=\"https:\/\/smastr16.blob.core.windows.net\/pgibt\/sites\/242\/2022\/09\/larissa_bernardino_moro-dr_2015.pdf\" target=\"_blank\" rel=\"noopener\"><img decoding=\"async\" loading=\"lazy\" class=\"aligncenter\" src=\"https:\/\/smastr16.blob.core.windows.net\/pgibt\/2013\/09\/pdf_grande.gif\" alt=\"pdf_grande\" width=\"60\" height=\"60\" \/><\/a><a href=\"https:\/\/smastr16.blob.core.windows.net\/pgibt\/sites\/242\/2022\/09\/larissa_bernardino_moro-dr_2015.pdf\">Larissa Bernardino Moro &#8211; DR<\/a><br \/>\n<a href=\"https:\/\/smastr16.blob.core.windows.net\/pgibt\/sites\/242\/2022\/09\/larissa_bernardino_moro-dr_2015.pdf\">Diversidade de <em>Hyphomycetes<\/em> aqu\u00e1ticos nos corpos d \u0301\u00e1gua da Ilha de S\u00e3o Sebasti\u00e3o (Ilhabela) e da Ilha do Cardoso (Canan\u00e9ia), SP, Brasil<\/a><\/p>\n<hr align=\"center\" noshade=\"noshade\" size=\"1\" width=\"100%\" \/>\n<p style=\"text-align: center\"><strong>\u00a0<a href=\"www.infraestruturameioambiente.sp.gov.br\/pgibt\/dissertacoesteses\/\">VOLTAR AS DISSERTA\u00c7\u00d5ES E TESES<\/a><\/strong><\/p>\n<hr align=\"center\" noshade=\"noshade\" size=\"1\" width=\"100%\" \/>\n","protected":false},"excerpt":{"rendered":"<p>Larissa Bernardino Moro No dia 15 de dezembro de 2015, a aluna do programa de P\u00f3s-Gradua\u00e7\u00e3o em Biodiversidade Vegetal e Meio Ambiente do Instituto de Bot\u00e2nica, Larissa Bernardino Moro, defendeu sua tese de doutorado intitulada: \u201cDiversidade de Hyphomycetes aqu\u00e1ticos nos corpos d\u2019\u00e1gua da Ilha de S\u00e3o Sebasti\u00e3o (Ilhabela) e da Ilha do Cardoso (Canan\u00e9ia), SP, [&hellip;]<\/p>\n","protected":false},"author":1,"featured_media":0,"parent":0,"menu_order":0,"comment_status":"closed","ping_status":"open","template":"","meta":[],"_links":{"self":[{"href":"https:\/\/www.infraestruturameioambiente.sp.gov.br\/pgibt\/wp-json\/wp\/v2\/pages\/4599"}],"collection":[{"href":"https:\/\/www.infraestruturameioambiente.sp.gov.br\/pgibt\/wp-json\/wp\/v2\/pages"}],"about":[{"href":"https:\/\/www.infraestruturameioambiente.sp.gov.br\/pgibt\/wp-json\/wp\/v2\/types\/page"}],"author":[{"embeddable":true,"href":"https:\/\/www.infraestruturameioambiente.sp.gov.br\/pgibt\/wp-json\/wp\/v2\/users\/1"}],"replies":[{"embeddable":true,"href":"https:\/\/www.infraestruturameioambiente.sp.gov.br\/pgibt\/wp-json\/wp\/v2\/comments?post=4599"}],"version-history":[{"count":2,"href":"https:\/\/www.infraestruturameioambiente.sp.gov.br\/pgibt\/wp-json\/wp\/v2\/pages\/4599\/revisions"}],"predecessor-version":[{"id":8289,"href":"https:\/\/www.infraestruturameioambiente.sp.gov.br\/pgibt\/wp-json\/wp\/v2\/pages\/4599\/revisions\/8289"}],"wp:attachment":[{"href":"https:\/\/www.infraestruturameioambiente.sp.gov.br\/pgibt\/wp-json\/wp\/v2\/media?parent=4599"}],"curies":[{"name":"wp","href":"https:\/\/api.w.org\/{rel}","templated":true}]}}