{"id":455,"date":"2013-09-13T14:15:21","date_gmt":"2013-09-13T17:15:21","guid":{"rendered":"https:\/\/www.infraestruturameioambiente.sp.gov.br\/pgibt\/?page_id=455"},"modified":"2013-09-13T14:15:21","modified_gmt":"2013-09-13T17:15:21","slug":"2013-ludmila-raggi","status":"publish","type":"page","link":"https:\/\/www.infraestruturameioambiente.sp.gov.br\/pgibt\/dissertacoesteses\/2013-ludmila-raggi\/","title":{"rendered":"Ludmila Raggi DR"},"content":{"rendered":"<h2 style=\"text-align: center\"><a href=\"https:\/\/smastr16.blob.core.windows.net\/pgibt\/2015\/02\/faixapos6.jpg\"><img decoding=\"async\" loading=\"lazy\" class=\"aligncenter size-full wp-image-3777\" style=\"border: 0px\" alt=\"faixapos6\" src=\"https:\/\/smastr16.blob.core.windows.net\/pgibt\/2015\/02\/faixapos6.jpg\" width=\"950\" height=\"163\" srcset=\"https:\/\/smastr16.blob.core.windows.net\/pgibt\/2015\/02\/faixapos6.jpg 950w, https:\/\/smastr16.blob.core.windows.net\/pgibt\/2015\/02\/faixapos6-768x131.jpg 768w\" sizes=\"(max-width: 950px) 100vw, 950px\" \/><\/a><\/h2>\n<hr align=\"center\" noshade=\"noshade\" size=\"1\" width=\"100%\" \/>\n<h2 style=\"text-align: center\">Ludmila Raggi<\/h2>\n<hr align=\"center\" noshade=\"noshade\" size=\"1\" width=\"100%\" \/>\n<p style=\"text-align: center\">No dia 28 de fevereiro de 2013, a aluna da P\u00f3s-gradua\u00e7\u00e3o em Biodiversidade Vegetal e Meio Ambiente do Instituto de Bot\u00e2nica de S\u00e3o Paulo (IBt), Ludmila Raggi (Bolsista CNPq),\u00a0 defendeu sua tese de doutorado intitulada<br \/>\n\u201cTeor, composi\u00e7\u00e3o qu\u00edmica e atividade biol\u00f3gica de \u00f3leos vol\u00e1teis de\u00a0<em>Sphagneticola trilobata\u00a0<\/em>(L.) Pruski e\u00a0<em><br \/>\nPorophyllum ruderale\u00a0<\/em>(Jacq.) Cass. (Asteraceae).<\/p>\n<p style=\"text-align: center\">A banca examinadora foi composta pela Dra. Miriam Anders Apel (UFRGS), Dra Carmen Lucia Queiroga (CPQBA\/UNICAMP), Dra. Kelly Sim\u00f5es (BASF) Dra. Maria Cl\u00e1udia Marx Young (Orientadora (IBt) e Dr. Jo\u00e3o Henrique G. Lago (UNIFESP).<\/p>\n<p style=\"text-align: center\">Os resultados obtidos a partir do estudo visam ampliar o conhecimento a respeito dos \u00f3leos vol\u00e1teis de plantas com potencial uso medicinal. Foi poss\u00edvel observar que aspectos como sazonalidade e localiza\u00e7\u00e3o geogr\u00e1fica alteram a composi\u00e7\u00e3o qu\u00edmica dos \u00f3leos vol\u00e1teis de\u00a0<em>S. trilobata<\/em>. Para a esp\u00e9cie\u00a0<em>P. ruderale<\/em>\u00a0conhecida popularmente como arnica, foram estudadas duas subesp\u00e9cies,\u00a0<em>P. ruderale\u00a0<\/em>subsp.\u00a0<em>macrocephalum<\/em>\u00a0e\u00a0<em>P. ruderale<\/em>\u00a0subsp.\u00a0<em>ruderale<\/em>\u00a0 no qual se diferenciam em rela\u00e7\u00e3o a<br \/>\ncomposi\u00e7\u00e3o qu\u00edmica dos \u00f3leos vol\u00e1teis independendo do local em que \u00e9 cultivada.<\/p>\n<h2><a href=\"https:\/\/smastr16.blob.core.windows.net\/pgibt\/2013\/09\/Ludmila_Raggi1.jpg\"><img decoding=\"async\" loading=\"lazy\" class=\"aligncenter\" alt=\"\" src=\"https:\/\/smastr16.blob.core.windows.net\/pgibt\/2013\/09\/Ludmila_Raggi1-300x171.jpg\" width=\"300\" height=\"171\" \/><\/a><\/h2>\n<hr align=\"center\" noshade=\"noshade\" size=\"1\" width=\"100%\" \/>\n<h3 style=\"text-align: center\"><strong>Teor, composi\u00e7\u00e3o qu\u00edmica e atividade biol\u00f3gica de \u00f3leos vol\u00e1teis de<br \/>\n<em>Sphagneticola trilobata\u00a0<\/em>(L.) Pruski e\u00a0<em>Porophyllum ruderale\u00a0<\/em>(Jacq.) Cass. (Asteraceae)<\/strong><\/h3>\n<hr align=\"center\" noshade=\"noshade\" size=\"1\" width=\"100%\" \/>\n<h4 style=\"text-align: center\"><strong>RESUMO<\/strong><\/h4>\n<p style=\"text-align: justify\" align=\"justify\"><em>Sphagneticola trilobata<\/em>\u00a0Pruski e\u00a0<em>Porophyllum ruderale\u00a0<\/em>(Jacq.) Cass. (Asteraceae) s\u00e3o conhecidas popularmente como ved\u00e9lia e arnica, respectivamente. Considerando que diferen\u00e7as clim\u00e1ticas, localiza\u00e7\u00e3o geogr\u00e1fica e diferentes fases do desenvolvimento vegetal s\u00e3o fatores que alteram a composi\u00e7\u00e3o qu\u00edmica de \u00f3leos vol\u00e1teis, este trabalho teve como objetivos: comparar a composi\u00e7\u00e3o qu\u00edmica dos \u00f3leos vol\u00e1teis de\u00a0<em>S. trilobata<\/em>\u00a0sob aspectos sazonais, regionais (avaliando a atividade antif\u00fangica nestes dois casos), diuturnos e sob incremento de CO<sub>2<\/sub>\u00a0atmosf\u00e9rico; e comparar a composi\u00e7\u00e3o qu\u00edmica dos \u00f3leos vol\u00e1teis de\u00a0<em>Porophyllum ruderale\u00a0<\/em>subsp.\u00a0<em>macrocephalum<\/em>e\u00a0<em>P. ruderale<\/em>\u00a0subs.\u00a0<em>ruderale<\/em>\u00a0sob aspectos regionais e de desenvolvimento. Partes a\u00e9reas e folhas frescas foram hidrodestiladas em aparelho do tipo Clevenger durante quatro horas e o \u00f3leo foi analisado por CG\/MS. A atividade antif\u00fangica foi realizada pelo m\u00e9todo de bioautografia frente aos fungos\u00a0<em>Cladosporium sphaerospermum<\/em>\u00a0e\u00a0<em>C. cladosporioides<\/em>. A composi\u00e7\u00e3o qu\u00edmica dos \u00f3leos vol\u00e1teis de\u00a0<em>S. trilobata<\/em>\u00a0obtidos em tr\u00eas localidades (Instituto de Bot\u00e2nica [IBt], Paranapiacaba [PARN] e Mogi-Gua\u00e7u [MG\u00c7]) foi quantitativamente distinta. Os principais componentes foram \u03b1-pineno [majorit\u00e1rio em PARN e MG\u00c7], \u03b2-pineno [IBt], \u03b1-felandreno [MG\u00c7], limoneno, \u03b2-cariofileno e germacreno D. Diferen\u00e7as no teor e composi\u00e7\u00e3o qu\u00edmica foram observados nas diferentes esta\u00e7\u00f5es do ano, \u00a0na atividade biol\u00f3gica e idade da planta. Os \u00f3leos de PARN e MG\u00c7 apresentaram forte atividade frente aos fungos testados. O rendimento e composi\u00e7\u00e3o qu\u00edmica dos \u00f3leos vol\u00e1teis das subesp\u00e9cies de\u00a0<em>Porophyllum<\/em>\u00a0<em>ruderale<\/em>\u00a0foram quantitativamente diferentes. Os compostos majorit\u00e1rios foram: limoneno e mirceno para a subesp\u00e9cie\u00a0<em>macrocephalum;<\/em>\u00a0<em>E<\/em>-\u03b2-ocimeno, limoneno e \u03b2-pineno para\u00a0<em>ruderale.<\/em>\u00a0Mesmo cultivadas em ambientes diferentes os compostos majorit\u00e1rios foram mantidos para as duas subesp\u00e9cies. Este \u00e9 o primeiro relato comparando a composi\u00e7\u00e3o qu\u00edmica de subesp\u00e9cies de\u00a0<em>Porophyllum ruderale.<\/em><\/p>\n<p style=\"text-align: justify\" align=\"justify\"><strong>Palavras-chave:<\/strong>\u00a0Asteraceae, atividade antif\u00fangica, aumento de CO<sub>2<\/sub>\u00a0atmosf\u00e9rico, \u00f3leo essencial, varia\u00e7\u00f5es sazonal, diuturna e fenol\u00f3gica.<\/p>\n<hr align=\"center\" noshade=\"noshade\" size=\"1\" width=\"100%\" \/>\n<p style=\"text-align: center\"><a href=\"https:\/\/smastr16.blob.core.windows.net\/pgibt\/2013\/09\/pdf_grande.gif\"><img decoding=\"async\" loading=\"lazy\" class=\"aligncenter size-full wp-image-2313\" style=\"border: 0px\" alt=\"pdf_grande\" src=\"https:\/\/smastr16.blob.core.windows.net\/pgibt\/2013\/09\/pdf_grande.gif\" width=\"60\" height=\"60\" \/><\/a><a href=\"https:\/\/smastr16.blob.core.windows.net\/pgibt\/2013\/09\/Ludmila_Raggi_DR.pdf\" target=\"_blank\">Ludmila Raggi<br \/>\nTeor, composi\u00e7\u00e3o qu\u00edmica e atividade biol\u00f3gica de \u00f3leos vol\u00e1teis de <em>Sphagneticola trilobata<\/em> (L.) Pruski e<em><br \/>\nPorophyllum ruderale<\/em> (Jacq.) Cass. (Asteraceae)<\/a><\/p>\n<hr align=\"center\" noshade=\"noshade\" size=\"1\" width=\"100%\" \/>\n<p style=\"text-align: center\"><strong>\u00a0<a href=\"https:\/\/www.infraestruturameioambiente.sp.gov.br\/pgibt\/dissertacoesteses\/\">VOLTAR AS DISSERTA\u00c7\u00d5ES E TESES<\/a><\/strong><\/p>\n<hr align=\"center\" noshade=\"noshade\" size=\"1\" width=\"100%\" \/>\n<h1 style=\"text-align: center\"><\/h1>\n","protected":false},"excerpt":{"rendered":"<p>Ludmila Raggi No dia 28 de fevereiro de 2013, a aluna da P\u00f3s-gradua\u00e7\u00e3o em Biodiversidade Vegetal e Meio Ambiente do Instituto de Bot\u00e2nica de S\u00e3o Paulo (IBt), Ludmila Raggi (Bolsista CNPq),\u00a0 defendeu sua tese de doutorado intitulada \u201cTeor, composi\u00e7\u00e3o qu\u00edmica e atividade biol\u00f3gica de \u00f3leos vol\u00e1teis de\u00a0Sphagneticola trilobata\u00a0(L.) Pruski e\u00a0 Porophyllum ruderale\u00a0(Jacq.) Cass. (Asteraceae). A [&hellip;]<\/p>\n","protected":false},"author":1,"featured_media":0,"parent":249,"menu_order":0,"comment_status":"closed","ping_status":"closed","template":"fullpage.php","meta":[],"_links":{"self":[{"href":"https:\/\/www.infraestruturameioambiente.sp.gov.br\/pgibt\/wp-json\/wp\/v2\/pages\/455"}],"collection":[{"href":"https:\/\/www.infraestruturameioambiente.sp.gov.br\/pgibt\/wp-json\/wp\/v2\/pages"}],"about":[{"href":"https:\/\/www.infraestruturameioambiente.sp.gov.br\/pgibt\/wp-json\/wp\/v2\/types\/page"}],"author":[{"embeddable":true,"href":"https:\/\/www.infraestruturameioambiente.sp.gov.br\/pgibt\/wp-json\/wp\/v2\/users\/1"}],"replies":[{"embeddable":true,"href":"https:\/\/www.infraestruturameioambiente.sp.gov.br\/pgibt\/wp-json\/wp\/v2\/comments?post=455"}],"version-history":[{"count":0,"href":"https:\/\/www.infraestruturameioambiente.sp.gov.br\/pgibt\/wp-json\/wp\/v2\/pages\/455\/revisions"}],"up":[{"embeddable":true,"href":"https:\/\/www.infraestruturameioambiente.sp.gov.br\/pgibt\/wp-json\/wp\/v2\/pages\/249"}],"wp:attachment":[{"href":"https:\/\/www.infraestruturameioambiente.sp.gov.br\/pgibt\/wp-json\/wp\/v2\/media?parent=455"}],"curies":[{"name":"wp","href":"https:\/\/api.w.org\/{rel}","templated":true}]}}