{"id":447,"date":"2013-09-13T13:31:47","date_gmt":"2013-09-13T16:31:47","guid":{"rendered":"https:\/\/www.infraestruturameioambiente.sp.gov.br\/pgibt\/?page_id=447"},"modified":"2013-09-13T13:31:47","modified_gmt":"2013-09-13T16:31:47","slug":"2013-kleber-renan-de-souza-santos-dr","status":"publish","type":"page","link":"https:\/\/www.infraestruturameioambiente.sp.gov.br\/pgibt\/dissertacoesteses\/2013-kleber-renan-de-souza-santos-dr\/","title":{"rendered":"Kleber Renan de Souza Santos DR"},"content":{"rendered":"<h2 style=\"text-align: center\"><a href=\"https:\/\/smastr16.blob.core.windows.net\/pgibt\/2015\/02\/faixapos6.jpg\"><img decoding=\"async\" loading=\"lazy\" class=\"aligncenter size-full wp-image-3777\" style=\"border: 0px\" alt=\"faixapos6\" src=\"https:\/\/smastr16.blob.core.windows.net\/pgibt\/2015\/02\/faixapos6.jpg\" width=\"950\" height=\"163\" srcset=\"https:\/\/smastr16.blob.core.windows.net\/pgibt\/2015\/02\/faixapos6.jpg 950w, https:\/\/smastr16.blob.core.windows.net\/pgibt\/2015\/02\/faixapos6-768x131.jpg 768w\" sizes=\"(max-width: 950px) 100vw, 950px\" \/><\/a><\/h2>\n<hr align=\"center\" noshade=\"noshade\" size=\"1\" width=\"100%\" \/>\n<h2 style=\"text-align: center\">Kleber Renan de Souza Santos<\/h2>\n<hr align=\"center\" noshade=\"noshade\" size=\"1\" width=\"100%\" \/>\n<p style=\"text-align: center\">No dia 27 de fevereiro de 2013, o aluno do Programa de P\u00f3s-Gradua\u00e7\u00e3o em Biodiversidade Vegetal e Meio Ambiente do Instituto de Bot\u00e2nica (IBt),<br \/>\nKleber Renan de Souza Santos (Bolsista FAPESP \u2013 Processo N\u00b0 2009\/51655-1 ), defendeu sua tese de doutorado intitulada<br \/>\n\u201cEstudos de desenvolvimento, moleculares e do potencial biotecnol\u00f3gico em cepas de cianobact\u00e9rias provenientes de lagoas salinas do Pantanal da Nhecol\u00e2ndia, MS, Brasil:\u00a0<em>Anabaenopsis elenkinii\u00a0<\/em>(Nostocales) e\u00a0<em>Arthrospira platensis\u00a0<\/em>(Oscillatoriales)\u201d.<\/p>\n<p style=\"text-align: center\">O trabalho foi orientado pela Dra. C\u00e9lia Leite Sant\u2019Anna e Co-orientado pela Dra. Luciana Retz de Carvalho,<br \/>\nambas do N\u00facleo de Pesquisa em Ficologia do Instituto de Bot\u00e2nica.<\/p>\n<p style=\"text-align: center\"><a href=\"https:\/\/smastr16.blob.core.windows.net\/pgibt\/2013\/09\/Kleber.jpg\"><img decoding=\"async\" loading=\"lazy\" class=\"size-full wp-image-448\" alt=\"A banca examinadora foi composta pela Dra. C\u00e9lia Leite Sant\u2019Anna (Orientadora\/IBt), Dra. Marli de F\u00e1tima Fiore (Centro de Energia Nuclear na Agricultura\/USP-Piracicaba), Dr. Jo\u00e3o Carlos de Monteiro Carvalho (Faculdade de Ci\u00eancias Farmac\u00eauticas\/USP-S\u00e3o Paulo),  Dra. Maria Teresa de Paiva Azevedo (Bioalgas, S\u00e3o Paulo) e Dra. Nair Sumie Yokoya (N\u00facleo de Pesquisa em Ficologia\/IBt).  Na foto tamb\u00e9m est\u00e1 presente a Dra. Luciana Retz de Carvalho (Co-orientadora).\" src=\"https:\/\/smastr16.blob.core.windows.net\/pgibt\/2013\/09\/Kleber.jpg\" width=\"425\" height=\"210\" \/><\/a><br \/>\nA banca examinadora foi composta pela Dra. C\u00e9lia Leite Sant\u2019Anna (Orientadora\/IBt),<br \/>\nDra. Marli de F\u00e1tima Fiore\u00a0(Centro de Energia Nuclear na Agricultura\/USP-Piracicaba),<br \/>\nDr. Jo\u00e3o Carlos de Monteiro Carvalho (Faculdade de Ci\u00eancias Farmac\u00eauticas\/USP-S\u00e3o Paulo),<br \/>\nDra. Maria Teresa de Paiva Azevedo (Bioalgas, S\u00e3o Paulo) e Dra. Nair Sumie Yokoya (N\u00facleo de Pesquisa em Ficologia\/IBt).<br \/>\nNa foto tamb\u00e9m est\u00e1 presente a Dra. Luciana Retz de Carvalho (Co-orientadora).<\/p>\n<hr align=\"center\" noshade=\"noshade\" size=\"1\" width=\"100%\" \/>\n<h3 style=\"text-align: center\"><strong><strong>Estudos de desenvolvimento, moleculares e do potencial biotecnol\u00f3gico em cepas decianobact\u00e9rias provenientes de lagoas salinas do Pantanal da Nhecol\u00e2ndia, MS, Brasil:<br \/>\n<em>Anabaenopsis elenkinii\u00a0<\/em>(Nostocales) e<em>Arthrospira platensis\u00a0<\/em>(Oscillatoriales)<\/strong><\/strong><\/h3>\n<hr align=\"center\" noshade=\"noshade\" size=\"1\" width=\"100%\" \/>\n<h4 style=\"text-align: center\"><strong>RESUMO<\/strong><\/h4>\n<p align=\"justify\">Cianobact\u00e9rias consideradas extrem\u00f3filas s\u00e3o aquelas que ocorrem em ambientes in\u00f3spitos para a maioria dos organismos, por exemplo, ambientes altamente alcalinos (pH &gt;9) como as lagoas salinas do Pantanal da Nhecol\u00e2ndia. Nessas lagoas de caracter\u00edsticas ambientais extremas (pH 9-11), h\u00e1 domin\u00e2ncia de cianobact\u00e9rias e ocorrem flora\u00e7\u00f5es de\u00a0<em>Anabaenopsis elenkinii\u00a0<\/em>Miller, principalmente nos per\u00edodos de seca, sendo tamb\u00e9m comum a presen\u00e7a de\u00a0<em>Arthrospira platensis\u00a0<\/em>(Nordstedt) Gomont. Considerando a aus\u00eancia de estudos filogen\u00e9ticos, taxon\u00f4micos e de produ\u00e7\u00e3o de compostos bioativos por essas esp\u00e9cies no Brasil, os objetivos do presente estudo foram: avaliar a variabilidade morfol\u00f3gica e o desenvolvimento em diferentes condi\u00e7\u00f5es de cultura (concentra\u00e7\u00e3o de nitrog\u00eanio, temperatura e pH), a filogenia, a produ\u00e7\u00e3o de toxinas e outras subst\u00e2ncias bioativas das cepas\u00a0<em>Anabaenopsis elenkinii<\/em>CCIBt1059 e\u00a0<em>Arthrospira platensis\u00a0<\/em>CCIBt3335 isoladas de uma lagoa salina do Pantanal da Nhecol\u00e2ndia. Para o estudo taxon\u00f4mico foi utilizado o conceito de taxonomia polif\u00e1sica e utilizadas caracter\u00edsticas morfol\u00f3gicas (fenot\u00edpicas), ecol\u00f3gicas e filogen\u00e9ticas para caracterizar as esp\u00e9cies estudadas. Para o estudo filogen\u00e9tico foram sequenciados os genes RNAr 16S, ITS (16S-23S) e\u00a0<em>cpc<\/em>BA-IGS (ficocianina). Para os estudos ecofisiol\u00f3gicos foram realizados experimentos de cultivo em c\u00e2maras incubadoras com irradi\u00e2ncia 80-100 \u03bcmol f\u00f3tons.m\u00b2.s-\u00b9 e ciclo 12-12h luz-escuro, em sete tratamentos distintos, onde o meio BG-11 modificado (com 3% de NaNO3,\u00a0 45 mg.L-\u00b9), pH 9,5, temperatura 25\u00b0C foi considerado como condi\u00e7\u00e3o controle, por apresentar as caracter\u00edsticas mais pr\u00f3ximas do encontrado nas lagoas salinas. Al\u00e9m da condi\u00e7\u00e3o controle, os seguintes tratamentos foram utilizados variando apenas um par\u00e2metro em cada um deles: T1) BG-11 50% de NaNO3 (750 mg.L-\u00b9); T2) BG-11 0% (sem N); T3) Temperatura 30\u00b0C; T4) Temperatura 35\u00b0C; T5) pH 10,5; e, T6) pH 7,0. Para a detec\u00e7\u00e3o das microcistinas LR, RR, YR e LA, do L-BMAA e da saxitoxina foi utilizada a t\u00e9cnica LC-MS\/MS; para verificar o potencial das esp\u00e9cies como produtoras de metab\u00f3litos bioativos foram feitos ensaios de atividades anticolinester\u00e1sica, antif\u00fangica, antioxidante, hemol\u00edtica e antibacteriana. Nossos resultados confirmaram as seguintes hip\u00f3teses para\u00a0<em>Arthrospira platensis<\/em>: a)<strong>\u00a0<\/strong>A presen\u00e7a de aer\u00f3topos \u00e9 facultativa e o h\u00e1bito \u00e9 planct\u00f4nico; b) A aus\u00eancia de caliptra nas c\u00e9lulas apicais, tanto em material da natureza quanto de cultura, \u00e9 uma caracter\u00edstica morfol\u00f3gica est\u00e1vel desta esp\u00e9cie; c) Tricomas regularmente espiralados e hormog\u00f4nios retos ou curvos s\u00e3o caracter\u00edsticas inerentes ao seu ciclo de desenvolvimento; d) A variabilidade filogen\u00e9tica dos genes RNAr 16S e ITS (16S-23S) n\u00e3o expressa a variabilidade fenot\u00edpica das esp\u00e9cies de\u00a0<em>Arthrospira<\/em>; e) As popula\u00e7\u00f5es de\u00a0<em>A. platensis\u00a0<\/em>de uma mesma regi\u00e3o geogr\u00e1fica compartilham o mesmo clado filogen\u00e9tico; f) N\u00e3o h\u00e1 produ\u00e7\u00e3o de cianotoxinas por\u00a0<em>A. platensis\u00a0<\/em>CCIBt3335. A hip\u00f3tese sobre o crescimento de\u00a0<em>A. platensis\u00a0<\/em>estar correlacionado positivamente com o aumento do pH, da concentra\u00e7\u00e3o de nitrog\u00eanio e da temperatura, foi confirmada parcialmente, visto que n\u00e3o foi poss\u00edvel determinar a rela\u00e7\u00e3o do crescimento da esp\u00e9cie com o aumento da temperatura. Para\u00a0<em>Anabaenopsis elenkinii\u00a0<\/em>as seguintes hip\u00f3teses foram confirmadas: a) A presen\u00e7a de aer\u00f3topos \u00e9 facultativa e o h\u00e1bito \u00e9 planct\u00f4nico; b) A variabilidade filogen\u00e9tica dos genes RNAr 16S e\u00a0<em>cpc<\/em>BA-IGS corrobora a variabilidade fenot\u00edpica das esp\u00e9cies de\u00a0<em>Anabaenopsis<\/em>; c) As popula\u00e7\u00f5es de\u00a0<em>A. elenkinii\u00a0<\/em>de uma mesma regi\u00e3o geogr\u00e1fica compartilham o mesmo clado filogen\u00e9tico na \u00e1rvore do RNAr 16S; d) O crescimento desta esp\u00e9cie est\u00e1 correlacionado positivamente com o aumento do pH e negativamente com o aumento da temperatura; e) A temperatura influencia a frequ\u00eancia de forma\u00e7\u00e3o de heterocitos em\u00a0<em>A. elenkinii<\/em>; f) A forma\u00e7\u00e3o de acinetos n\u00e3o \u00e9 influenciada por mudan\u00e7as na disponibilidade de nitrog\u00eanio, na temperatura e no pH; g) N\u00e3o h\u00e1 produ\u00e7\u00e3o de cianotoxinas por\u00a0<em>A. elenkinii\u00a0<\/em>CCIBt1059. N\u00e3o foi poss\u00edvel confirmar a hip\u00f3tese de existir esp\u00e9cies cr\u00edpticas no g\u00eanero\u00a0<em>Anabaenopsis\u00a0<\/em>relacionadas ao morfotipo de\u00a0<em>A. elenkinii.\u00a0<\/em>Portanto, n\u00e3o podem ser diferenciadas quanto ao h\u00e1bitat, origem geogr\u00e1fica, morfologia e filogenia. No entanto, as \u00e1rvores filogen\u00e9ticas do RNAr 16S e ITS (16S-23S) indicam que as cepas de\u00a0<em>A. elenkinii\u00a0<\/em>do Pantanal e M\u00e9xico est\u00e3o em processo de evolu\u00e7\u00e3o recente, intimamente relacionadas com as cepas africanas. Em ambas as esp\u00e9cies estudadas n\u00e3o foram detectadas a produ\u00e7\u00e3o das microcistinas LR, RR, YR e LA, do L-BMAA e da saxitoxina. A cepa\u00a0<em>A. elenkinii\u00a0<\/em>CCIBt1059 apresentou resultado positivo para atividade anticolinester\u00e1sica e antif\u00fangica e a cepa\u00a0<em>A. platensis\u00a0<\/em>CCIBt3335 apresentou resultado positivo para atividade antioxidante e antif\u00fangica. Os demais ensaios apresentaram resultados negativos. Por fim, consideramos que o isolamento e a caracteriza\u00e7\u00e3o morfol\u00f3gica, filogen\u00e9tica, ecofisiol\u00f3gica e a pesquisa de bioativos nas cepas\u00a0<em>A. elenkinii\u00a0<\/em>CCIBt1059 e\u00a0<em>A. platensis<\/em>CCIBt3335 representam um marco para estudos futuros e abrem caminho para o potencial uso biotecnol\u00f3gico destas linhagens de esp\u00e9cies muito importantes e abundantes nas lagoas salinas do Pantanal.<\/p>\n<p><strong>PALAVRAS-CHAVE<\/strong>\u00a0\u2013 Cianobact\u00e9rias extrem\u00f3filas, cultivo, ecofisiologia, filogenia, taxonomia polif\u00e1sica.<\/p>\n<p><a href=\"https:\/\/smastr16.blob.core.windows.net\/pgibt\/2013\/09\/Kleber1.jpg\"><img decoding=\"async\" loading=\"lazy\" class=\"aligncenter size-full wp-image-449\" alt=\"Kleber Renan de Souza Santos\" src=\"https:\/\/smastr16.blob.core.windows.net\/pgibt\/2013\/09\/Kleber1.jpg\" width=\"493\" height=\"210\" \/><\/a><\/p>\n<hr align=\"center\" noshade=\"noshade\" size=\"1\" width=\"100%\" \/>\n<p style=\"text-align: center\"><a href=\"https:\/\/smastr16.blob.core.windows.net\/pgibt\/2013\/09\/pdf_grande.gif\"><img decoding=\"async\" loading=\"lazy\" class=\"aligncenter size-full wp-image-2313\" style=\"border: 0px\" alt=\"pdf_grande\" src=\"https:\/\/smastr16.blob.core.windows.net\/pgibt\/2013\/09\/pdf_grande.gif\" width=\"60\" height=\"60\" \/><\/a><a href=\"https:\/\/smastr16.blob.core.windows.net\/pgibt\/2013\/09\/Kleber_Renan_de_Souza_Santos_DR1.pdf\">Kleber Renan de Souza Santos<br \/>\n<\/a><a href=\"https:\/\/smastr16.blob.core.windows.net\/pgibt\/2013\/09\/Kleber_Renan_de_Souza_Santos_DR1.pdf\" target=\"_blank\">Estudos de desenvolvimento, moleculares e do potencial biotecnol\u00f3gico em cepas de cianobact\u00e9rias provenientes de lagoas salinas do<br \/>\nPantanal da Nhecol\u00e2ndia, MS, Brasil: <em>Anabaenopsis elenkinii<\/em> (Nostocales) e <em>Arthrospira platensis<\/em> (Oscillatoriales)<\/a><\/p>\n<hr align=\"center\" noshade=\"noshade\" size=\"1\" width=\"100%\" \/>\n<p style=\"text-align: center\"><strong>\u00a0<a href=\"https:\/\/www.infraestruturameioambiente.sp.gov.br\/pgibt\/dissertacoesteses\/\">VOLTAR AS DISSERTA\u00c7\u00d5ES E TESES<\/a><\/strong><\/p>\n<hr align=\"center\" noshade=\"noshade\" size=\"1\" width=\"100%\" \/>\n<h1 style=\"text-align: center\"><span style=\"font-size: 14px;line-height: 1.5em\">\u00a0<\/span><\/h1>\n","protected":false},"excerpt":{"rendered":"<p>Kleber Renan de Souza Santos No dia 27 de fevereiro de 2013, o aluno do Programa de P\u00f3s-Gradua\u00e7\u00e3o em Biodiversidade Vegetal e Meio Ambiente do Instituto de Bot\u00e2nica (IBt), Kleber Renan de Souza Santos (Bolsista FAPESP \u2013 Processo N\u00b0 2009\/51655-1 ), defendeu sua tese de doutorado intitulada \u201cEstudos de desenvolvimento, moleculares e do potencial biotecnol\u00f3gico [&hellip;]<\/p>\n","protected":false},"author":1,"featured_media":0,"parent":249,"menu_order":0,"comment_status":"closed","ping_status":"closed","template":"fullpage.php","meta":[],"_links":{"self":[{"href":"https:\/\/www.infraestruturameioambiente.sp.gov.br\/pgibt\/wp-json\/wp\/v2\/pages\/447"}],"collection":[{"href":"https:\/\/www.infraestruturameioambiente.sp.gov.br\/pgibt\/wp-json\/wp\/v2\/pages"}],"about":[{"href":"https:\/\/www.infraestruturameioambiente.sp.gov.br\/pgibt\/wp-json\/wp\/v2\/types\/page"}],"author":[{"embeddable":true,"href":"https:\/\/www.infraestruturameioambiente.sp.gov.br\/pgibt\/wp-json\/wp\/v2\/users\/1"}],"replies":[{"embeddable":true,"href":"https:\/\/www.infraestruturameioambiente.sp.gov.br\/pgibt\/wp-json\/wp\/v2\/comments?post=447"}],"version-history":[{"count":0,"href":"https:\/\/www.infraestruturameioambiente.sp.gov.br\/pgibt\/wp-json\/wp\/v2\/pages\/447\/revisions"}],"up":[{"embeddable":true,"href":"https:\/\/www.infraestruturameioambiente.sp.gov.br\/pgibt\/wp-json\/wp\/v2\/pages\/249"}],"wp:attachment":[{"href":"https:\/\/www.infraestruturameioambiente.sp.gov.br\/pgibt\/wp-json\/wp\/v2\/media?parent=447"}],"curies":[{"name":"wp","href":"https:\/\/api.w.org\/{rel}","templated":true}]}}