{"id":4353,"date":"2015-02-09T11:05:11","date_gmt":"2015-02-09T13:05:11","guid":{"rendered":"https:\/\/www.infraestruturameioambiente.sp.gov.br\/pgibt\/?page_id=4353"},"modified":"2015-02-09T11:05:11","modified_gmt":"2015-02-09T13:05:11","slug":"2014-mayara-pastore","status":"publish","type":"page","link":"https:\/\/www.infraestruturameioambiente.sp.gov.br\/pgibt\/dissertacoesteses\/2014-mayara-pastore\/","title":{"rendered":"Mayara Pastore MS"},"content":{"rendered":"<h2 style=\"text-align: center\"><a href=\"https:\/\/smastr16.blob.core.windows.net\/pgibt\/2015\/02\/faixapos6.jpg\"><img decoding=\"async\" loading=\"lazy\" class=\"aligncenter size-full wp-image-3777\" style=\"border: 0px\" alt=\"faixapos6\" src=\"https:\/\/smastr16.blob.core.windows.net\/pgibt\/2015\/02\/faixapos6.jpg\" width=\"950\" height=\"163\" srcset=\"https:\/\/smastr16.blob.core.windows.net\/pgibt\/2015\/02\/faixapos6.jpg 950w, https:\/\/smastr16.blob.core.windows.net\/pgibt\/2015\/02\/faixapos6-768x131.jpg 768w\" sizes=\"(max-width: 950px) 100vw, 950px\" \/><\/a><\/h2>\n<hr align=\"center\" noshade=\"noshade\" size=\"1\" width=\"100%\" \/>\n<h2 style=\"text-align: center\"><span style=\"color: #003300\">Mayara Pastore<\/span><\/h2>\n<hr align=\"center\" noshade=\"noshade\" size=\"1\" width=\"100%\" \/>\n<p style=\"text-align: center\">Em 13 de mar\u00e7o de 2014, no anfiteatro do Instituto de Bot\u00e2nica, Mayara Pastore, aluna de mestrado do Programa de P\u00f3s-gradua\u00e7\u00e3o em Biodiversidade Vegetal e Meio Ambiente e bolsista da Coordena\u00e7\u00e3o de Aperfei\u00e7oamento de Pessoal de N\u00edvel Superior (<em><b>CAPES<\/b><\/em>), defendeu a sua disserta\u00e7\u00e3o intitulada:<br \/>\n\u201cO g\u00eanero <em>Jacquemontia<\/em> Choisy (Convolvulaceae) no Estado de S\u00e3o Paulo, Brasil\u201d.<\/p>\n<p style=\"text-align: center\"><a href=\"https:\/\/smastr16.blob.core.windows.net\/pgibt\/2015\/02\/Mayara_Pastore.jpg\"><img decoding=\"async\" loading=\"lazy\" class=\"aligncenter size-full wp-image-4354\" alt=\"Mayara_Pastore\" src=\"https:\/\/smastr16.blob.core.windows.net\/pgibt\/2015\/02\/Mayara_Pastore.jpg\" width=\"409\" height=\"275\" \/><\/a><\/p>\n<p style=\"text-align: center\">\u00a0\u00a0\u00a0\u00a0\u00a0\u00a0\u00a0\u00a0\u00a0\u00a0\u00a0 A banca examinadora foi presidida pela Dra. Ros\u00e2ngela Sim\u00e3o Bianchini (IBt) e os membros externos Dra. Andr\u00e9a Onofre de Ara\u00fajo (UFABC) e<br \/>\nDra. Priscila Porto Alegre Ferreira (UFRGS).<\/p>\n<p style=\"text-align: justify\">Este trabalho trata-se de estudos taxon\u00f4micos do g\u00eanero <em>Jacquemontia<\/em>, pertencente \u00e0 fam\u00edlia Convolvulaceae, no Estado de S\u00e3o Paulo, assim como tamb\u00e9m s\u00e3o apresentadas contribui\u00e7\u00f5es para as esp\u00e9cies que ocorrem em outros Estados brasileiros. A disserta\u00e7\u00e3o \u00e9 parte integrante da Monografia de Convolvulaceae do projeto \u201cFlora Fanerog\u00e2mica do Estado de S\u00e3o Paulo\u201d, que tem grande import\u00e2ncia para o conhecimento e conserva\u00e7\u00e3o da flora.<br \/>\nO Estado de S\u00e3o Paulo \u00e9 formado pela rica biodiversidade dos biomas da Mata Atl\u00e2ntica e Cerrado, por\u00e9m sua vegeta\u00e7\u00e3o tem sofrido muito com as intensas atividades econ\u00f4micas. Portanto \u00e9 de grande valor os estudos taxon\u00f4micos e conhecimento em geral da flora para aplica\u00e7\u00e3o nos planos de manejo das Unidades de Conserva\u00e7\u00e3o, assim como em iniciativas p\u00fablicas de \u00e1reas n\u00e3o protegidas que devem ser inclu\u00eddas em pol\u00edticas de conserva\u00e7\u00e3o.<\/p>\n<hr align=\"center\" noshade=\"noshade\" size=\"1\" width=\"100%\" \/>\n<h3 style=\"text-align: center\">O g\u00eanero\u00a0<em>Jacquemontia<\/em>\u00a0Choisy (Convolvulaceae) no Estado de S\u00e3o Paulo, Brasil<\/h3>\n<hr align=\"center\" noshade=\"noshade\" size=\"1\" width=\"100%\" \/>\n<h4 style=\"text-align: center\"><strong>RESUMO<\/strong><\/h4>\n<p style=\"text-align: justify\"><em>Jacquemontia <\/em>apresenta cerca de 120 esp\u00e9cies, a maioria ocorre na zona Neotropical e poucas esp\u00e9cies na \u00c1frica, \u00c1sia e Oceania. O g\u00eanero \u00e9 reconhecido pelos tricomas estrelados, raramente forcados, glandulares ou simples, ov\u00e1rio glabro, estilete \u00fanico com dois estigmas elipsoides achatados dorsiventralmente, c\u00e1psulas 8-valvar e sementes glabras em geral com margens curtamente aladas. O presente trabalho teve como principal objetivo realizar estudos taxon\u00f4micos das esp\u00e9cies de <em>Jacquemontia <\/em>para o projeto \u201cFlora Fanerog\u00e2mica do Estado de S\u00e3o Paulo\u201d, contribuindo para uma melhor delimita\u00e7\u00e3o taxon\u00f4mica e conserva\u00e7\u00e3o da diversidade flor\u00edstica. Para o tratamento taxon\u00f4mico foram examinadas as cole\u00e7\u00f5es de 14 herb\u00e1rios, totalizando 347 esp\u00e9cimes para a \u00e1rea de estudo, as viagens de coletas foram realizadas em 30 munic\u00edpios. Foram elaborados chave de identifica\u00e7\u00e3o, descri\u00e7\u00f5es para o g\u00eanero e esp\u00e9cies, distribui\u00e7\u00e3o geogr\u00e1fica, fenologia, estado de conserva\u00e7\u00e3o, e coment\u00e1rios taxon\u00f4micos. Foram preparadas pranchas de ilustra\u00e7\u00f5es e de fotografias; al\u00e9m de imagens obtidas atrav\u00e9s de microscopia eletr\u00f4nica de varredura para a visualiza\u00e7\u00e3o dos tricomas, gr\u00e3os de p\u00f3len e sementes. O g\u00eanero est\u00e1 representado por 14 esp\u00e9cies e duas variedades, diferenciadas principalmente pelo h\u00e1bito, tipo de tricomas, infloresc\u00eancias e s\u00e9palas. As esp\u00e9cies foram encontradas em vegeta\u00e7\u00e3o de Cerrado e Mata Atl\u00e2ntica, crescendo em campos abertos, borda de mata ou como ruderais. Oito lect\u00f3tipos est\u00e3o sendo propostos, quatro novas ocorr\u00eancias foram registradas para o estado de S\u00e3o Paulo e duas esp\u00e9cies se enquadraram como quase amea\u00e7adas de extin\u00e7\u00e3o.<\/p>\n<p style=\"text-align: justify\"><strong>Palavras-chave:<\/strong> Convolvulaceae, Flora, Solanales, Taxonomia.<\/p>\n<hr align=\"center\" noshade=\"noshade\" size=\"1\" width=\"100%\" \/>\n<p style=\"text-align: center\"><a href=\"https:\/\/smastr16.blob.core.windows.net\/pgibt\/2013\/09\/pdf_grande.gif\"><img decoding=\"async\" loading=\"lazy\" class=\"aligncenter size-full wp-image-2313\" style=\"border: 0px\" alt=\"pdf_grande\" src=\"https:\/\/smastr16.blob.core.windows.net\/pgibt\/2013\/09\/pdf_grande.gif\" width=\"60\" height=\"60\" \/><\/a><a href=\"https:\/\/smastr16.blob.core.windows.net\/pgibt\/2015\/02\/Mayara_Pastore_MS.pdf\" target=\"_blank\">Mayara Pastore<br \/>\nO g\u00eanero\u00a0<em>Jacquemontia<\/em>\u00a0Choisy (Convolvulaceae) no Estado de S\u00e3o Paulo, Brasil<\/a><\/p>\n<hr align=\"center\" noshade=\"noshade\" size=\"1\" width=\"100%\" \/>\n<p style=\"text-align: center\"><strong>\u00a0<a href=\"https:\/\/www.infraestruturameioambiente.sp.gov.br\/pgibt\/dissertacoesteses\/\">VOLTAR AS DISSERTA\u00c7\u00d5ES E TESES<\/a><\/strong><\/p>\n<hr align=\"center\" noshade=\"noshade\" size=\"1\" width=\"100%\" \/>\n","protected":false},"excerpt":{"rendered":"<p>Mayara Pastore Em 13 de mar\u00e7o de 2014, no anfiteatro do Instituto de Bot\u00e2nica, Mayara Pastore, aluna de mestrado do Programa de P\u00f3s-gradua\u00e7\u00e3o em Biodiversidade Vegetal e Meio Ambiente e bolsista da Coordena\u00e7\u00e3o de Aperfei\u00e7oamento de Pessoal de N\u00edvel Superior (CAPES), defendeu a sua disserta\u00e7\u00e3o intitulada: \u201cO g\u00eanero Jacquemontia Choisy (Convolvulaceae) no Estado de S\u00e3o [&hellip;]<\/p>\n","protected":false},"author":1,"featured_media":0,"parent":249,"menu_order":0,"comment_status":"closed","ping_status":"open","template":"fullpage.php","meta":[],"_links":{"self":[{"href":"https:\/\/www.infraestruturameioambiente.sp.gov.br\/pgibt\/wp-json\/wp\/v2\/pages\/4353"}],"collection":[{"href":"https:\/\/www.infraestruturameioambiente.sp.gov.br\/pgibt\/wp-json\/wp\/v2\/pages"}],"about":[{"href":"https:\/\/www.infraestruturameioambiente.sp.gov.br\/pgibt\/wp-json\/wp\/v2\/types\/page"}],"author":[{"embeddable":true,"href":"https:\/\/www.infraestruturameioambiente.sp.gov.br\/pgibt\/wp-json\/wp\/v2\/users\/1"}],"replies":[{"embeddable":true,"href":"https:\/\/www.infraestruturameioambiente.sp.gov.br\/pgibt\/wp-json\/wp\/v2\/comments?post=4353"}],"version-history":[{"count":0,"href":"https:\/\/www.infraestruturameioambiente.sp.gov.br\/pgibt\/wp-json\/wp\/v2\/pages\/4353\/revisions"}],"up":[{"embeddable":true,"href":"https:\/\/www.infraestruturameioambiente.sp.gov.br\/pgibt\/wp-json\/wp\/v2\/pages\/249"}],"wp:attachment":[{"href":"https:\/\/www.infraestruturameioambiente.sp.gov.br\/pgibt\/wp-json\/wp\/v2\/media?parent=4353"}],"curies":[{"name":"wp","href":"https:\/\/api.w.org\/{rel}","templated":true}]}}