{"id":4314,"date":"2015-02-05T19:37:49","date_gmt":"2015-02-05T21:37:49","guid":{"rendered":"https:\/\/www.infraestruturameioambiente.sp.gov.br\/pgibt\/?page_id=4314"},"modified":"2015-02-05T19:37:49","modified_gmt":"2015-02-05T21:37:49","slug":"2014-naiana-pereira-lunelli","status":"publish","type":"page","link":"https:\/\/www.infraestruturameioambiente.sp.gov.br\/pgibt\/dissertacoesteses\/2014-naiana-pereira-lunelli\/","title":{"rendered":"Naiana Pereira Lunelli MS"},"content":{"rendered":"<h2 style=\"text-align: center\"><a href=\"https:\/\/smastr16.blob.core.windows.net\/pgibt\/2015\/02\/faixapos6.jpg\"><img decoding=\"async\" loading=\"lazy\" class=\"aligncenter size-full wp-image-3777\" style=\"border: 0px\" alt=\"faixapos6\" src=\"https:\/\/smastr16.blob.core.windows.net\/pgibt\/2015\/02\/faixapos6.jpg\" width=\"950\" height=\"163\" srcset=\"https:\/\/smastr16.blob.core.windows.net\/pgibt\/2015\/02\/faixapos6.jpg 950w, https:\/\/smastr16.blob.core.windows.net\/pgibt\/2015\/02\/faixapos6-768x131.jpg 768w\" sizes=\"(max-width: 950px) 100vw, 950px\" \/><\/a><\/h2>\n<hr align=\"center\" noshade=\"noshade\" size=\"1\" width=\"100%\" \/>\n<h2 style=\"text-align: center\"><span style=\"color: #003300\">Naiana Pereira Lunelli\u00a0<\/span><\/h2>\n<hr align=\"center\" noshade=\"noshade\" size=\"1\" width=\"100%\" \/>\n<p style=\"text-align: center\">No dia 09 de maio de 2014, a aluna Naiana Pereira Lunelli (bolsista CAPES) do Programa de P\u00f3s Gradua\u00e7\u00e3o em Biodiversidade Vegetal e Meio Ambiente defendeu sua disserta\u00e7\u00e3o de mestrado intitulada \u201cConhecimento e uso de esp\u00e9cies arb\u00f3reas por agricultores do Vale do Ribeira\u201d.<\/p>\n<p style=\"text-align: center\"><a href=\"https:\/\/smastr16.blob.core.windows.net\/pgibt\/2015\/02\/naiana.jpg\"><img decoding=\"async\" loading=\"lazy\" class=\"aligncenter size-full wp-image-4315\" alt=\"naiana\" src=\"https:\/\/smastr16.blob.core.windows.net\/pgibt\/2015\/02\/naiana.jpg\" width=\"567\" height=\"302\" srcset=\"https:\/\/smastr16.blob.core.windows.net\/pgibt\/2015\/02\/naiana.jpg 567w, https:\/\/smastr16.blob.core.windows.net\/pgibt\/2015\/02\/naiana-768x409.jpg 768w\" sizes=\"(max-width: 567px) 100vw, 567px\" \/><\/a><\/p>\n<p style=\"text-align: center\">A banca examinadora foi composta (na foto da direita para esquerda) pelo orientador, Dr. Clovis Jos\u00e9 Fernandes de Oliveira J\u00fanior (N\u00facleo de Pesquisa em Plantas Ornamentais \u2013 Instituto de Bot\u00e2nica, IBt), pelo Dr. Fernando Silveira Franco (Depto. Ci\u00eancias Ambientais \u2013 Universidade Federal de S\u00e3o Carlos, UFScar) e pela<br \/>\nDra. Cristina Adams (Escola de Artes, Ci\u00eancias e Humanidades &#8211; Universidade de S\u00e3o Paulo, USP).<\/p>\n<hr align=\"center\" noshade=\"noshade\" size=\"1\" width=\"100%\" \/>\n<h3 style=\"text-align: center\">Conhecimento e uso de esp\u00e9cies arb\u00f3reas por agricultores do Vale do Ribeira<\/h3>\n<hr align=\"center\" noshade=\"noshade\" size=\"1\" width=\"100%\" \/>\n<h4 style=\"text-align: center\"><strong>RESUMO<\/strong><\/h4>\n<p style=\"text-align: justify\">As \u00e1rvores constituem uma importante fonte de recursos para as popula\u00e7\u00f5es humanas, al\u00e9m de representarem o principal componente estrutural de \u00e1reas florestais. Um melhor entendimento do conhecimento local sobre esp\u00e9cies arb\u00f3reas pode contribuir com o planejamento mais adequado das agroflorestas. As pessoas s\u00e3o capazes de interagir com o ambiente ou mesmo modific\u00e1-lo como forma de garantir sua sobreviv\u00eancia. O conhecimento constru\u00eddo nessa rela\u00e7\u00e3o pode ser influenciado por diversos aspectos sociais, econ\u00f4micos e ambientais. Com base nisso, o presente trabalho visou analisar o conhecimento e uso de esp\u00e9cies arb\u00f3reas por agricultores associados \u00e0 Cooperafloresta (Associa\u00e7\u00e3o de Agricultores Agroflorestais de Barra do Turvo e Adrian\u00f3polis), Vale do Ribeira, Brasil. O estudo foi conduzido por meio de entrevista semi-estruturada, complementadas por turn\u00ea guiada, di\u00e1rio de campo, coleta e identifica\u00e7\u00e3o de material bot\u00e2nico. Foram entrevistados 40 agricultores, distribu\u00eddos em 23 unidades familiares cuja principal fonte de renda decorre da produ\u00e7\u00e3o agroflorestal. Foram mencionadas 220 etnoesp\u00e9cies e identificadas 186 esp\u00e9cies, pertencentes a 54 fam\u00edlias bot\u00e2nicas. Os usos citados remeteram a dez categorias: alimenta\u00e7\u00e3o humana (82 spp.), mat\u00e9ria org\u00e2nica (81 spp.), constru\u00e7\u00e3o (81 spp.), combust\u00edvel (66 spp.), medicinal (63 spp.), alimenta\u00e7\u00e3o animal (59 spp.), tecnologia (53 spp.), mel (43 spp.) e outros (45 spp.). Diferen\u00e7as significativas foram encontradas entre a riqueza de esp\u00e9cies nativas (136 spp.) e ex\u00f3ticas (50 spp.) conhecidas, inclusive nas categorias de uso com exce\u00e7\u00e3o ao uso aliment\u00edcio. As \u00e1reas com influ\u00eancia humana foram os ambientes com o maior n\u00famero de plantas citadas (77 spp.). Observou-se que o conhecimento entre homens e mulheres \u00e9 homog\u00eaneo (<i>X<sup>2<\/sup><\/i> = 1.94, p = 0.18) e a idade mostrou-se ser um fator diferencial \u00e0 medida que os jovens mencionaram um menor n\u00famero de esp\u00e9cies. Os resultados obtidos demostraram que o conhecimento constru\u00eddo empiricamente por estes agricultores durante o conv\u00edvio com a vegeta\u00e7\u00e3o pode contribuir com novas iniciativas para o uso econ\u00f4mico da biodiversidade. O resgate do conhecimento ainda pode contribuir com o fortalecimento da identidade e respeito aos modos de vida dos agricultores.<\/p>\n<p style=\"text-align: justify\"><strong>Palavras-chave: <\/strong>etnobot\u00e2nica, varia\u00e7\u00e3o intracultural, agroflorestal, Mata Atl\u00e2ntica, Cooperafloresta.<\/p>\n<hr align=\"center\" noshade=\"noshade\" size=\"1\" width=\"100%\" \/>\n<p style=\"text-align: center\"><a href=\"https:\/\/smastr16.blob.core.windows.net\/pgibt\/2013\/09\/pdf_grande.gif\"><img decoding=\"async\" loading=\"lazy\" class=\"aligncenter size-full wp-image-2313\" style=\"border: 0px\" alt=\"pdf_grande\" src=\"https:\/\/smastr16.blob.core.windows.net\/pgibt\/2013\/09\/pdf_grande.gif\" width=\"60\" height=\"60\" \/><\/a><a href=\"https:\/\/smastr16.blob.core.windows.net\/pgibt\/2015\/02\/Naiana_Pereira_Lunelli_MS.pdf\" target=\"_blank\">Naiana Pereira Lunelli<br \/>\nConhecimento e uso de esp\u00e9cies arb\u00f3reas por agricultores do Vale do Ribeira<\/a><\/p>\n<hr align=\"center\" noshade=\"noshade\" size=\"1\" width=\"100%\" \/>\n<p style=\"text-align: center\"><strong>\u00a0<a href=\"https:\/\/www.infraestruturameioambiente.sp.gov.br\/pgibt\/dissertacoesteses\/\">VOLTAR AS DISSERTA\u00c7\u00d5ES E TESES<\/a><\/strong><\/p>\n<hr align=\"center\" noshade=\"noshade\" size=\"1\" width=\"100%\" \/>\n","protected":false},"excerpt":{"rendered":"<p>Naiana Pereira Lunelli\u00a0 No dia 09 de maio de 2014, a aluna Naiana Pereira Lunelli (bolsista CAPES) do Programa de P\u00f3s Gradua\u00e7\u00e3o em Biodiversidade Vegetal e Meio Ambiente defendeu sua disserta\u00e7\u00e3o de mestrado intitulada \u201cConhecimento e uso de esp\u00e9cies arb\u00f3reas por agricultores do Vale do Ribeira\u201d. A banca examinadora foi composta (na foto da direita [&hellip;]<\/p>\n","protected":false},"author":1,"featured_media":0,"parent":249,"menu_order":0,"comment_status":"closed","ping_status":"open","template":"fullpage.php","meta":[],"_links":{"self":[{"href":"https:\/\/www.infraestruturameioambiente.sp.gov.br\/pgibt\/wp-json\/wp\/v2\/pages\/4314"}],"collection":[{"href":"https:\/\/www.infraestruturameioambiente.sp.gov.br\/pgibt\/wp-json\/wp\/v2\/pages"}],"about":[{"href":"https:\/\/www.infraestruturameioambiente.sp.gov.br\/pgibt\/wp-json\/wp\/v2\/types\/page"}],"author":[{"embeddable":true,"href":"https:\/\/www.infraestruturameioambiente.sp.gov.br\/pgibt\/wp-json\/wp\/v2\/users\/1"}],"replies":[{"embeddable":true,"href":"https:\/\/www.infraestruturameioambiente.sp.gov.br\/pgibt\/wp-json\/wp\/v2\/comments?post=4314"}],"version-history":[{"count":0,"href":"https:\/\/www.infraestruturameioambiente.sp.gov.br\/pgibt\/wp-json\/wp\/v2\/pages\/4314\/revisions"}],"up":[{"embeddable":true,"href":"https:\/\/www.infraestruturameioambiente.sp.gov.br\/pgibt\/wp-json\/wp\/v2\/pages\/249"}],"wp:attachment":[{"href":"https:\/\/www.infraestruturameioambiente.sp.gov.br\/pgibt\/wp-json\/wp\/v2\/media?parent=4314"}],"curies":[{"name":"wp","href":"https:\/\/api.w.org\/{rel}","templated":true}]}}