{"id":4307,"date":"2015-02-05T19:17:13","date_gmt":"2015-02-05T21:17:13","guid":{"rendered":"https:\/\/www.infraestruturameioambiente.sp.gov.br\/pgibt\/?page_id=4307"},"modified":"2015-02-05T19:17:13","modified_gmt":"2015-02-05T21:17:13","slug":"2014-monique-cristine-rodrigues-abrao","status":"publish","type":"page","link":"https:\/\/www.infraestruturameioambiente.sp.gov.br\/pgibt\/dissertacoesteses\/2014-monique-cristine-rodrigues-abrao\/","title":{"rendered":"Monique Cristine Rodrigues Abr\u00e3o MS"},"content":{"rendered":"<h2 style=\"text-align: center\"><a href=\"https:\/\/smastr16.blob.core.windows.net\/pgibt\/2015\/02\/faixapos6.jpg\"><img decoding=\"async\" loading=\"lazy\" class=\"aligncenter size-full wp-image-3777\" style=\"border: 0px\" alt=\"faixapos6\" src=\"https:\/\/smastr16.blob.core.windows.net\/pgibt\/2015\/02\/faixapos6.jpg\" width=\"950\" height=\"163\" srcset=\"https:\/\/smastr16.blob.core.windows.net\/pgibt\/2015\/02\/faixapos6.jpg 950w, https:\/\/smastr16.blob.core.windows.net\/pgibt\/2015\/02\/faixapos6-768x131.jpg 768w\" sizes=\"(max-width: 950px) 100vw, 950px\" \/><\/a><\/h2>\n<hr align=\"center\" noshade=\"noshade\" size=\"1\" width=\"100%\" \/>\n<h2 style=\"text-align: center\"><span style=\"color: #003300\">Monique Cristine Rodrigues Abr\u00e3o<\/span><\/h2>\n<hr align=\"center\" noshade=\"noshade\" size=\"1\" width=\"100%\" \/>\n<p style=\"text-align: center\">No dia 29 de abril ocorreu a defesa de mestrado de Monique Cristine Rodrigues Abr\u00e3o, intitulada<br \/>\n\u201cGermina\u00e7\u00e3o de sementes e desenvolvimento <em>in vitro<\/em> de <em>Cattleya xanthina<\/em> Lindley (Orchidaceae) em diferentes meios de cultura, com base em nutri\u00e7\u00e3o nitrogenada\u201d; sob orienta\u00e7\u00e3o do Dr. Rog\u00e9rio Mamoru Suzuki.<\/p>\n<p style=\"text-align: center\">A banca contou com a participa\u00e7\u00e3o do Dr. Gilberto Barbante Kerbauy do Departamento de Bot\u00e2nica, da Universidade de S\u00e3o Paulo (USP) e da<br \/>\nDr. V\u00edvian Tamaki do Centro de Pesquisas em Plantas Ornamentais, do Instituto de Bot\u00e2nica (IBT). Concluindo com aprova\u00e7\u00e3o da disserta\u00e7\u00e3o.<\/p>\n<hr align=\"center\" noshade=\"noshade\" size=\"1\" width=\"100%\" \/>\n<h3 style=\"text-align: center\">Germina\u00e7\u00e3o de sementes e desenvolvimento\u00a0<em>in vitro<\/em>\u00a0de\u00a0<em>Cattleya xanthina<\/em>\u00a0Lindley (Orchidaceae)<br \/>\nem diferentes meios de cultura, com base em nutri\u00e7\u00e3o nitrogenada<\/h3>\n<hr align=\"center\" noshade=\"noshade\" size=\"1\" width=\"100%\" \/>\n<h4 style=\"text-align: center\"><strong>RESUMO<\/strong><\/h4>\n<p style=\"text-align: justify\"><em>Cattleya xanthina <\/em>Lindl. \u00e9 uma orqu\u00eddea neotropical end\u00eamica do Brasil, com alto risco de desaparecimento da natureza em um futuro pr\u00f3ximo. O presente estudo analisou a influ\u00eancia de diferentes concentra\u00e7\u00f5es e formas de nitrog\u00eanio fornecido por diferentes meios de cultura no desenvolvimento in vitro de <em>Cattleya xanthina<\/em>. Foi analisado o desenvolvimento das pl\u00e2ntulas, desde a germina\u00e7\u00e3o at\u00e9 plantas com 540 dias de cultivo. Para a germina\u00e7\u00e3o e o desenvolvimento de pl\u00e2ntulas foram utilizados os meios Knudson C (KC), Vacin &amp; Went (VW), Murashige &amp; Skoog (MS), e o meio MS com metade da concentra\u00e7\u00e3o de nutrientes (MS\/2) com ou sem a adi\u00e7\u00e3o de citocinina. Ap\u00f3s 360 dias de cultivo as plantas foram transferidas ao meio MS com diferentes balan\u00e7os de auxina e citocinina. Ap\u00f3s 180 dias em cada tratamento, foram avaliados os par\u00e2metros biom\u00e9tricos, quantificados os pigmentos fotossint\u00e9ticos, Prote\u00edna total, nitrato (NO<sub>3<\/sub><sup>&#8211;<\/sup>) e am\u00f4nio (NH<sub>4<\/sub><sup>+<\/sup>). Os meios de cultura KC e VW, que possuem em sua composi\u00e7\u00e3o a maior rela\u00e7\u00e3o NH<sub>4<\/sub><sup>+<\/sup>\/NO<sub>3<\/sub><sup>&#8211; <\/sup>mostraram ser os mais eficazes para o desenvolvimento de <em>Cattleya xanthina<\/em>, pois apresentaram pl\u00e2ntulas com desenvolvimento inicial mais r\u00e1pido, al\u00e9m de maior produ\u00e7\u00e3o de pigmentos fotossint\u00e9ticos e Prote\u00edna total. Tais resultados poderiam ser decorrentes do fato de o am\u00f4nio ser absorvido primeiramente, sendo o nitrato utilizado posteriormente no cultivo <em>in vitro<\/em>, promovendo o desenvolvimento precoce das plantas.<\/p>\n<p style=\"text-align: justify\"><strong>Palavras-chave: <\/strong>Cultivo <em>in vitro<\/em>, fitorm\u00f4nios, nitrog\u00eanio, orqu\u00eddea.<\/p>\n<hr align=\"center\" noshade=\"noshade\" size=\"1\" width=\"100%\" \/>\n<p style=\"text-align: center\"><a href=\"https:\/\/smastr16.blob.core.windows.net\/pgibt\/2013\/09\/pdf_grande.gif\"><img decoding=\"async\" loading=\"lazy\" class=\"aligncenter size-full wp-image-2313\" style=\"border: 0px\" alt=\"pdf_grande\" src=\"https:\/\/smastr16.blob.core.windows.net\/pgibt\/2013\/09\/pdf_grande.gif\" width=\"60\" height=\"60\" \/><\/a><a href=\"https:\/\/smastr16.blob.core.windows.net\/pgibt\/2015\/02\/Monique_Cristine_Rodrigues_Abrao_MS.pdf\" target=\"_blank\">Monique Cristine Rodrigues Abr\u00e3o<br \/>\nGermina\u00e7\u00e3o de sementes e desenvolvimento\u00a0<em>in vitro<\/em>\u00a0de\u00a0<em>Cattleya xanthina\u00a0<\/em>Lindley (Orchidaceae)<br \/>\nem diferentes meios de cultura, com base em nutri\u00e7\u00e3o nitrogenada<\/a><\/p>\n<hr align=\"center\" noshade=\"noshade\" size=\"1\" width=\"100%\" \/>\n<p style=\"text-align: center\"><strong>\u00a0<a href=\"https:\/\/www.infraestruturameioambiente.sp.gov.br\/pgibt\/dissertacoesteses\/\">VOLTAR AS DISSERTA\u00c7\u00d5ES E TESES<\/a><\/strong><\/p>\n<hr align=\"center\" noshade=\"noshade\" size=\"1\" width=\"100%\" \/>\n","protected":false},"excerpt":{"rendered":"<p>Monique Cristine Rodrigues Abr\u00e3o No dia 29 de abril ocorreu a defesa de mestrado de Monique Cristine Rodrigues Abr\u00e3o, intitulada \u201cGermina\u00e7\u00e3o de sementes e desenvolvimento in vitro de Cattleya xanthina Lindley (Orchidaceae) em diferentes meios de cultura, com base em nutri\u00e7\u00e3o nitrogenada\u201d; sob orienta\u00e7\u00e3o do Dr. Rog\u00e9rio Mamoru Suzuki. A banca contou com a participa\u00e7\u00e3o [&hellip;]<\/p>\n","protected":false},"author":1,"featured_media":0,"parent":249,"menu_order":0,"comment_status":"closed","ping_status":"open","template":"fullpage.php","meta":[],"_links":{"self":[{"href":"https:\/\/www.infraestruturameioambiente.sp.gov.br\/pgibt\/wp-json\/wp\/v2\/pages\/4307"}],"collection":[{"href":"https:\/\/www.infraestruturameioambiente.sp.gov.br\/pgibt\/wp-json\/wp\/v2\/pages"}],"about":[{"href":"https:\/\/www.infraestruturameioambiente.sp.gov.br\/pgibt\/wp-json\/wp\/v2\/types\/page"}],"author":[{"embeddable":true,"href":"https:\/\/www.infraestruturameioambiente.sp.gov.br\/pgibt\/wp-json\/wp\/v2\/users\/1"}],"replies":[{"embeddable":true,"href":"https:\/\/www.infraestruturameioambiente.sp.gov.br\/pgibt\/wp-json\/wp\/v2\/comments?post=4307"}],"version-history":[{"count":0,"href":"https:\/\/www.infraestruturameioambiente.sp.gov.br\/pgibt\/wp-json\/wp\/v2\/pages\/4307\/revisions"}],"up":[{"embeddable":true,"href":"https:\/\/www.infraestruturameioambiente.sp.gov.br\/pgibt\/wp-json\/wp\/v2\/pages\/249"}],"wp:attachment":[{"href":"https:\/\/www.infraestruturameioambiente.sp.gov.br\/pgibt\/wp-json\/wp\/v2\/media?parent=4307"}],"curies":[{"name":"wp","href":"https:\/\/api.w.org\/{rel}","templated":true}]}}