{"id":4302,"date":"2015-02-05T19:10:53","date_gmt":"2015-02-05T21:10:53","guid":{"rendered":"https:\/\/www.infraestruturameioambiente.sp.gov.br\/pgibt\/?page_id=4302"},"modified":"2015-02-05T19:10:53","modified_gmt":"2015-02-05T21:10:53","slug":"2014-ricardo-keiichi-nakazato","status":"publish","type":"page","link":"https:\/\/www.infraestruturameioambiente.sp.gov.br\/pgibt\/dissertacoesteses\/2014-ricardo-keiichi-nakazato\/","title":{"rendered":"Ricardo Keiichi Nakazato DR"},"content":{"rendered":"<h2 style=\"text-align: center\"><a href=\"https:\/\/smastr16.blob.core.windows.net\/pgibt\/2015\/02\/faixapos6.jpg\"><img decoding=\"async\" loading=\"lazy\" class=\"aligncenter size-full wp-image-3777\" style=\"border: 0px\" alt=\"faixapos6\" src=\"https:\/\/smastr16.blob.core.windows.net\/pgibt\/2015\/02\/faixapos6.jpg\" width=\"950\" height=\"163\" srcset=\"https:\/\/smastr16.blob.core.windows.net\/pgibt\/2015\/02\/faixapos6.jpg 950w, https:\/\/smastr16.blob.core.windows.net\/pgibt\/2015\/02\/faixapos6-768x131.jpg 768w\" sizes=\"(max-width: 950px) 100vw, 950px\" \/><\/a><\/h2>\n<hr align=\"center\" noshade=\"noshade\" size=\"1\" width=\"100%\" \/>\n<h2 style=\"text-align: center\"><span style=\"color: #003300\">Ricardo Keiichi Nakazato\u00a0<\/span><\/h2>\n<hr align=\"center\" noshade=\"noshade\" size=\"1\" width=\"100%\" \/>\n<p style=\"text-align: center\">No dia 29 de julho de 2014, o aluno Ricardo Keiichi Nakazato defendeu sua tese de doutorado intitulada:\u00a0<strong><\/strong><\/p>\n<p style=\"text-align: center\">Caracteriza\u00e7\u00e3o de riscos \u00e0 Floresta Atl\u00e2ntica associados \u00e0 contamina\u00e7\u00e3o atmosf\u00e9rica por elementos t\u00f3xicos,<br \/>\nno entorno de uma refinaria de petr\u00f3leo, em Cubat\u00e3o\/S\u00e3o Paulo, com plantas acumuladoras.<\/p>\n<p style=\"text-align: center\">A Banca examinadora foi composta pela Dra. Marisa Domingos (Orientadora e Presidente\/IBt), Dra. Regina Maria de Moraes (N\u00facleo de Pesquisa em Ecologia\/IBt), Dra. Mitiko Saiki (IPEN\/USP),\u00a0Dra. Maria de F\u00e1tima Andrade (IAG-USP) e Dr. Jo\u00e3o Vicente de Assun\u00e7\u00e3o (FSP\/USP).<\/p>\n<p style=\"text-align: center\"><a href=\"https:\/\/smastr16.blob.core.windows.net\/pgibt\/2015\/02\/Ricardo_Keiichi.jpg\"><img decoding=\"async\" loading=\"lazy\" class=\"aligncenter size-full wp-image-4303\" alt=\"Ricardo_Keiichi\" src=\"https:\/\/smastr16.blob.core.windows.net\/pgibt\/2015\/02\/Ricardo_Keiichi.jpg\" width=\"487\" height=\"327\" \/><\/a><\/p>\n<p style=\"text-align: center\">Ricardo Keiichi Nakazato, Dr. Jo\u00e3o Vicente de Assun\u00e7\u00e3o, Dra. Regina Maria de Moraes,<br \/>\nDra. Mitiko Saiki, Dra. Marisa Domingos e Dra. Maria de F\u00e1tima Andrade.<\/p>\n<hr align=\"center\" noshade=\"noshade\" size=\"1\" width=\"100%\" \/>\n<h3 style=\"text-align: center\"><strong>Caracteriza\u00e7\u00e3o de riscos \u00e0 Floresta Atl\u00e2ntica associados \u00e0 contamina\u00e7\u00e3o atmosf\u00e9rica por elementos t\u00f3xicos,<br \/>\nno entorno de uma refinaria de petr\u00f3leo, em Cubat\u00e3o\/S\u00e3o Paulo, com plantas acumuladoras.<\/strong><\/h3>\n<hr align=\"center\" noshade=\"noshade\" size=\"1\" width=\"100%\" \/>\n<h4 style=\"text-align: center\"><strong>RESUMO<\/strong><\/h4>\n<div>\n<p style=\"text-align: justify\">A contamina\u00e7\u00e3o atmosf\u00e9rica por poluentes a\u00e9reos ao redor de uma refinaria de petr\u00f3leo localizada em um complexo industrial na Cidade de Cubat\u00e3o (S\u00e3o Paulo \u2013 Brasil) mudou em consequ\u00eancia de uma moderniza\u00e7\u00e3o em seu modelo de gera\u00e7\u00e3o de energia. Esta refinaria \u00e9 uma das principais fontes de emiss\u00e3o de poluentes atmosf\u00e9ricos da regi\u00e3o e o seu antigo modelo de gera\u00e7\u00e3o de energia era respons\u00e1vel estimativamente por 59%, 88% e 79% das emiss\u00f5es de SO<sub>2<\/sub>, NOx e MP respectivamente. Este sistema alimentado por \u00f3leo combust\u00edvel foi substitu\u00eddo por outro movido a g\u00e1s natural, sendo assim, foi esperado uma melhora na qualidade do ar e um decr\u00e9scimo nos riscos impostos \u00e0 Floresta Atl\u00e2ntica que est\u00e1 situada pr\u00f3xima a refinaria. Partimos do pressuposto de que essa mudan\u00e7a poderia ser detectada por uma gram\u00ednea padronizada para o biomonitoramento (<em>Lolium multiflorum<\/em> ssp. <em>Italicum<\/em> &#8221; Lema &#8220;), avaliando o ac\u00famulo foliar de elementos t\u00f3xicos em plantas expostas ao longo de tr\u00eas per\u00edodos (antes, durante a transi\u00e7\u00e3o e ap\u00f3s a instala\u00e7\u00e3o do novo fonte de energia). De abril\/2009 a dezembro\/2012, plantas foram expostas repetidamente em seis locais, tr\u00eas deles ao lado da floresta, sendo diretamente influenciados pelas emiss\u00f5es da refinaria e tr\u00eas afetadas por emiss\u00f5es urbanas e industriais. Al, Co, Cr, Cu, K, N, N, S, V e Zn foram considerados marcadores potenciais do novo perfil de contamina\u00e7\u00e3o do ar associado com a tecnologia moderna. Com exce\u00e7\u00e3o de V, os teores foliares desses elementos aumentaram significativamente entre as fases de pr\u00e9-opera\u00e7\u00e3o e p\u00f3s-opera\u00e7\u00e3o (Al, Co, N, K, S), ou apenas durante a fase de transi\u00e7\u00e3o (Zn, Cu, Cr, Ni), retornando aos n\u00edveis anteriores ap\u00f3s o desligamento total do sistema antigo. Sendo assim, pode-se concluir que n\u00e3o houve o ganho ambiental esperado com a instala\u00e7\u00e3o da nova tecnologia. Al\u00e9m disso, a fim de selecionar uma esp\u00e9cie tropical para uso em biomonitoramento de contamina\u00e7\u00e3o atmosf\u00e9rica por metais em regi\u00f5es tropicais, verificou-se o ac\u00famulo foliar e o fator de enriquecimento em <em>L. multiflorum<\/em>, <em>Psidium guajava<\/em> L. \u2018Paluma\u2019 e <em>Tibouchina pulchra<\/em> Cogn. expostas ao redor da cidade de Cubat\u00e3o\/SP, entre dezembro de 2009 e abril de 2011. Exposi\u00e7\u00f5es sob ar filtrado, em c\u00e2maras de topo aberto, foram realizadas para determinar as concentra\u00e7\u00f5es foliares basais de todos os elementos qu\u00edmicos analisados nas plantas das tr\u00eas esp\u00e9cies inclu\u00eddas neste estudo. Plantas de <em>L. multiflorum <\/em>foram enriquecidas pelos principais elementos que caracterizam as fontes de emiss\u00f5es da \u00e1rea e indicaram melhor as varia\u00e7\u00f5es espaciais. Plantas de <em>P. guajava <\/em>foram enriquecidas por elementos importantes que caracterizam a \u00e1rea industrial de Cubat\u00e3o. Um biomonitoramento incluindo <em>L. multiflorum <\/em>e <em>T. pulchra <\/em>pode ser considerado como o melhor modelo, j\u00e1 que ambas as plantas juntas puderam avaliar uma variedade maior de elementos t\u00f3xicos relevantes. Entre as duas esp\u00e9cies tropicais estudadas, <em>P. guajava <\/em>pareceu ser a melhor op\u00e7\u00e3o, j\u00e1 que ela \u00e9 capaz de acumular em maiores n\u00edveis uma maior quantidade de elementos t\u00f3xicos que <em>T. pulchra.<\/em><\/p>\n<\/div>\n<p><strong>Palavras chave:<\/strong> Polui\u00e7\u00e3o atmosf\u00e9rica, Biomonitoramento, Metais Pesados, Floresta Atl\u00e2ntica, Cubat\u00e3o \u2013 SP.<\/p>\n<hr align=\"center\" noshade=\"noshade\" size=\"1\" width=\"100%\" \/>\n<p style=\"text-align: center\"><a href=\"https:\/\/smastr16.blob.core.windows.net\/pgibt\/2013\/09\/pdf_grande.gif\"><img decoding=\"async\" loading=\"lazy\" class=\"aligncenter size-full wp-image-2313\" style=\"border: 0px\" alt=\"pdf_grande\" src=\"https:\/\/smastr16.blob.core.windows.net\/pgibt\/2013\/09\/pdf_grande.gif\" width=\"60\" height=\"60\" \/><\/a><a href=\"https:\/\/smastr16.blob.core.windows.net\/pgibt\/2015\/02\/Ricardo_Keiichi_Nakazato_DR.pdf\" target=\"_blank\">Ricardo Keiichi Nakazato<br \/>\nCaracteriza\u00e7\u00e3o de riscos \u00e0 Floresta Atl\u00e2ntica associados \u00e0 contamina\u00e7\u00e3o atmosf\u00e9rica por elementos t\u00f3xicos,<br \/>\nno entorno de uma refinaria de petr\u00f3leo, em Cubat\u00e3o\/S\u00e3o Paulo, com plantas acumuladoras.<\/a><\/p>\n<hr align=\"center\" noshade=\"noshade\" size=\"1\" width=\"100%\" \/>\n<p style=\"text-align: center\"><strong>\u00a0<a href=\"https:\/\/www.infraestruturameioambiente.sp.gov.br\/pgibt\/dissertacoesteses\/\">VOLTAR AS DISSERTA\u00c7\u00d5ES E TESES<\/a><\/strong><\/p>\n<hr align=\"center\" noshade=\"noshade\" size=\"1\" width=\"100%\" \/>\n","protected":false},"excerpt":{"rendered":"<p>Ricardo Keiichi Nakazato\u00a0 No dia 29 de julho de 2014, o aluno Ricardo Keiichi Nakazato defendeu sua tese de doutorado intitulada:\u00a0 Caracteriza\u00e7\u00e3o de riscos \u00e0 Floresta Atl\u00e2ntica associados \u00e0 contamina\u00e7\u00e3o atmosf\u00e9rica por elementos t\u00f3xicos, no entorno de uma refinaria de petr\u00f3leo, em Cubat\u00e3o\/S\u00e3o Paulo, com plantas acumuladoras. A Banca examinadora foi composta pela Dra. Marisa [&hellip;]<\/p>\n","protected":false},"author":1,"featured_media":0,"parent":249,"menu_order":0,"comment_status":"closed","ping_status":"open","template":"fullpage.php","meta":[],"_links":{"self":[{"href":"https:\/\/www.infraestruturameioambiente.sp.gov.br\/pgibt\/wp-json\/wp\/v2\/pages\/4302"}],"collection":[{"href":"https:\/\/www.infraestruturameioambiente.sp.gov.br\/pgibt\/wp-json\/wp\/v2\/pages"}],"about":[{"href":"https:\/\/www.infraestruturameioambiente.sp.gov.br\/pgibt\/wp-json\/wp\/v2\/types\/page"}],"author":[{"embeddable":true,"href":"https:\/\/www.infraestruturameioambiente.sp.gov.br\/pgibt\/wp-json\/wp\/v2\/users\/1"}],"replies":[{"embeddable":true,"href":"https:\/\/www.infraestruturameioambiente.sp.gov.br\/pgibt\/wp-json\/wp\/v2\/comments?post=4302"}],"version-history":[{"count":0,"href":"https:\/\/www.infraestruturameioambiente.sp.gov.br\/pgibt\/wp-json\/wp\/v2\/pages\/4302\/revisions"}],"up":[{"embeddable":true,"href":"https:\/\/www.infraestruturameioambiente.sp.gov.br\/pgibt\/wp-json\/wp\/v2\/pages\/249"}],"wp:attachment":[{"href":"https:\/\/www.infraestruturameioambiente.sp.gov.br\/pgibt\/wp-json\/wp\/v2\/media?parent=4302"}],"curies":[{"name":"wp","href":"https:\/\/api.w.org\/{rel}","templated":true}]}}