{"id":4281,"date":"2015-02-05T18:31:34","date_gmt":"2015-02-05T20:31:34","guid":{"rendered":"https:\/\/www.infraestruturameioambiente.sp.gov.br\/pgibt\/?page_id=4281"},"modified":"2015-02-05T18:31:34","modified_gmt":"2015-02-05T20:31:34","slug":"2014-pedro-ivo-lembo-silveira-de-assis","status":"publish","type":"page","link":"https:\/\/www.infraestruturameioambiente.sp.gov.br\/pgibt\/dissertacoesteses\/2014-pedro-ivo-lembo-silveira-de-assis\/","title":{"rendered":"Pedro Ivo Lembo Silveira de Assis MS"},"content":{"rendered":"<h2 style=\"text-align: center\"><a href=\"https:\/\/smastr16.blob.core.windows.net\/pgibt\/2015\/02\/faixapos6.jpg\"><img decoding=\"async\" loading=\"lazy\" class=\"aligncenter size-full wp-image-3777\" style=\"border: 0px\" alt=\"faixapos6\" src=\"https:\/\/smastr16.blob.core.windows.net\/pgibt\/2015\/02\/faixapos6.jpg\" width=\"950\" height=\"163\" srcset=\"https:\/\/smastr16.blob.core.windows.net\/pgibt\/2015\/02\/faixapos6.jpg 950w, https:\/\/smastr16.blob.core.windows.net\/pgibt\/2015\/02\/faixapos6-768x131.jpg 768w\" sizes=\"(max-width: 950px) 100vw, 950px\" \/><\/a><\/h2>\n<hr align=\"center\" noshade=\"noshade\" size=\"1\" width=\"100%\" \/>\n<h2 style=\"text-align: center\"><span style=\"color: #003300\">Pedro Ivo Lembo Silveira de Assis<\/span><\/h2>\n<hr align=\"center\" noshade=\"noshade\" size=\"1\" width=\"100%\" \/>\n<p style=\"text-align: center\">No dia 24 de abril de 2014, no anfiteatro do Instituto de Bot\u00e2nica de S\u00e3o Paulo (IBt), o aluno de mestrado Pedro Ivo Lembo Silveira de Assis, bolsista CNPq, do Programa de P\u00f3s-Gradua\u00e7\u00e3o em Biodiversidade Vegetal e Meio Ambiente defendeu sua Disserta\u00e7\u00e3o de Mestrado intitulada:<br \/>\n\u201cFluxo estom\u00e1tico de oz\u00f4nio e sintomas foliares vis\u00edveis em<em> Psidium guajava<\/em> L. \u2018Paluma\u2019\u201d,<br \/>\nsob orienta\u00e7\u00e3o da Dra. Regina Maria de Moraes, do N\u00facleo de Pesquisa em Ecologia do Instituto de Bot\u00e2nica de S\u00e3o Paulo.<\/p>\n<p style=\"text-align: center\">A banca examinadora foi presidida pela Dra. Regina Maria de Moraes e contou com a participa\u00e7\u00e3o da Dra. Cl\u00e1udia Maria Furlan (IB-USP) e do Dr. S\u00e9rgio Tadeu Meirelles (Departamento de Ecologia da Universidade de S\u00e3o Paulo \/ USP)<\/p>\n<p style=\"text-align: center\"><a href=\"https:\/\/smastr16.blob.core.windows.net\/pgibt\/2015\/02\/Pedro_Ivo.jpg\"><img decoding=\"async\" loading=\"lazy\" class=\"aligncenter size-full wp-image-4282\" alt=\"Pedro_Ivo\" src=\"https:\/\/smastr16.blob.core.windows.net\/pgibt\/2015\/02\/Pedro_Ivo.jpg\" width=\"425\" height=\"363\" \/><\/a><\/p>\n<p align=\"center\">Membros da banca examinadora: Dra. Regina Maria de Moraes, o aluno Pedro Ivo Lembo Silveira de Assis,<br \/>\na Dra. Cl\u00e1udia Maria Furlan e o Dr. S\u00e9rgio Tadeu Meirelles.<\/p>\n<p style=\"text-align: center\">No Brasil, este estudo foi pioneiro e tem muito a acrescentar \u00e0 \u00e1rea acad\u00eamica, al\u00e9m de contribuir com futuras diretrizes adotadas com rela\u00e7\u00e3o a \u00edndices de prote\u00e7\u00e3o \u00e0 vegeta\u00e7\u00e3o contra os efeitos induzidos pelo oz\u00f4nio, atualmente inexistente no pa\u00eds. Os resultados permitiram observar que considerar fatores ambientais que modulam a resposta estom\u00e1tica e, consequentemente, a absor\u00e7\u00e3o do poluente pela planta,<br \/>\nauxiliam na melhor compreens\u00e3o da varia\u00e7\u00e3o dos sintomas foliares vis\u00edveis da esp\u00e9cie <em>Psidium guajava<\/em> \u2018Paluma\u2019.<\/p>\n<hr align=\"center\" noshade=\"noshade\" size=\"1\" width=\"100%\" \/>\n<h3 style=\"text-align: center\">Fluxo estom\u00e1tico de oz\u00f4nio e sintomas foliares vis\u00edveis em<em>\u00a0Psidium guajava<\/em>\u00a0L. \u2018Paluma\u2019<\/h3>\n<hr align=\"center\" noshade=\"noshade\" size=\"1\" width=\"100%\" \/>\n<h4 style=\"text-align: center\"><strong>RESUMO<\/strong><\/h4>\n<p style=\"text-align: justify\">As concentra\u00e7\u00f5es de oz\u00f4nio (O<sub>3<\/sub>) t\u00eam aumentado anualmente na Regi\u00e3o Metropolitana de S\u00e3o Paulo (RMSP). O O<sub>3<\/sub> pode induzir danos \u00e0s esp\u00e9cies vegetais, comunidades e ecossistemas. Recentemente, n\u00edveis cr\u00edticos baseados no fluxo de oz\u00f4nio para o interior da folha atrav\u00e9s dos est\u00f4matos t\u00eam sido adotados para algumas esp\u00e9cies do hemisf\u00e9rio norte, visando a prote\u00e7\u00e3o destas. O fluxo de oz\u00f4nio tem explicado melhor a varia\u00e7\u00e3o das respostas da planta do que a exposi\u00e7\u00e3o acumulada de oz\u00f4nio acima de 40 ppb (EAO40), que \u00e9 o n\u00edvel cr\u00edtico mais empregado. No Brasil, entretanto, n\u00e3o existe nenhum \u00edndice ou n\u00edvel cr\u00edtico para a prote\u00e7\u00e3o da vegeta\u00e7\u00e3o. O objetivo deste estudo foi avaliar o modelo de fluxo estom\u00e1tico acumulado de O<sub>3 <\/sub>(DO<sub>3<\/sub>SE) para <em>Psidium guajava<\/em> L. \u2018Paluma\u2019, esp\u00e9cie arb\u00f3rea de clima tropical e sens\u00edvel ao O<sub>3<\/sub>, sob as condi\u00e7\u00f5es ambientais da RMSP e compar\u00e1-lo \u00e0 EAO40 quanto \u00e0 sua capacidade preditiva. Al\u00e9m disso, procurou-se saber qual vari\u00e1vel-resposta seria mais adequada. Foram realizadas 5 exposi\u00e7\u00f5es com dura\u00e7\u00e3o de tr\u00eas meses cada de maio\/2012 a agosto\/2013. Medidas de condut\u00e2ncia estom\u00e1tica (g<sub>s<\/sub>) foram feitas semanalmente. Como parte central do modelo, foi feita a parametriza\u00e7\u00e3o desta para \u2018Paluma\u2019, obtendo-se sua condut\u00e2cia m\u00e1xima (g<sub>max<\/sub>) e m\u00ednima (\u0192<sub>min<\/sub>) e sua rela\u00e7\u00e3o com a temperatura (\u0192temp), a radia\u00e7\u00e3o fotossinteticamente ativa (\u0192RFA), o d\u00e9ficit de press\u00e3o de vapor (\u0192DPV), a umidade do solo (\u0192US) e os dias do ano (\u0192DA). Em seguida, a for\u00e7a do modelo de g<sub>s<\/sub> foi avaliada pela rela\u00e7\u00e3o entre a g<sub>s<\/sub> medida e a modelada pelos par\u00e2metros mencionados. Analisaram-se sintomas foliares e crescimento ao longo do estudo, os quais foram relacionados com o fluxo acumulado de O<sub>3<\/sub> (FAO<sub>3<\/sub>) e a EAO40. O modelo de g<sub>s<\/sub> foi considerado satisfat\u00f3rio e significativo (R\u00b2 = 0,56; P &lt; 0,0001), al\u00e9m de ter uma boa precis\u00e3o (RQME = 116). Apesar do maior FAO<sub>3<\/sub> nem sempre corresponder a mais sintomas, este apresentou uma capacidade preditiva maior do que a EAO40.\u00a0 A rela\u00e7\u00e3o entre os par\u00e2metros de crescimento com o O<sub>3<\/sub> n\u00e3o foi significativa. Por fim, concluiu-se que o modelo DO<sub>3<\/sub>SE \u00e9 aplic\u00e1vel para \u2018Paluma\u2019 na RMSP. Os sintomas foliares foram a vari\u00e1vel-resposta melhor explicada pelo fluxo e, portanto, \u00e9 a mais adequada. Apesar dos resultados promissores, o modelo pode ser melhorado ao incluir novas fun\u00e7\u00f5es que representem, por exemplo, os efeitos da concentra\u00e7\u00e3o de O<sub>3 <\/sub>e da hora do dia sobre g<sub>s<\/sub>. Al\u00e9m disso, tamb\u00e9m se devem testar diferentes doses absorvidas para a verifica\u00e7\u00e3o da exist\u00eancia de um fluxo limite a partir do qual os sintomas foliares surgiriam. A partir disso, a proposi\u00e7\u00e3o de um \u00edndice para a prote\u00e7\u00e3o da vegeta\u00e7\u00e3o estar\u00e1 mais pr\u00f3xima.<\/p>\n<p style=\"text-align: justify\"><strong>Palavras-chave: <\/strong>Modelo DO<sub>3<\/sub>SE; Fluxo estom\u00e1tico de oz\u00f4nio; sintomas foliares induzidos por oz\u00f4nio; esp\u00e9cie tropical; <em>Psidium guajava<\/em> \u2018Paluma\u2019.<b><\/b><\/p>\n<hr align=\"center\" noshade=\"noshade\" size=\"1\" width=\"100%\" \/>\n<p style=\"text-align: center\"><a href=\"https:\/\/smastr16.blob.core.windows.net\/pgibt\/2013\/09\/pdf_grande.gif\"><img decoding=\"async\" loading=\"lazy\" class=\"aligncenter size-full wp-image-2313\" style=\"border: 0px\" alt=\"pdf_grande\" src=\"https:\/\/smastr16.blob.core.windows.net\/pgibt\/2013\/09\/pdf_grande.gif\" width=\"60\" height=\"60\" \/><\/a><a href=\"https:\/\/smastr16.blob.core.windows.net\/pgibt\/2015\/02\/Pedro_Ivo_Lembo_Silveira_de_Assis_MS.pdf\" target=\"_blank\">Pedro Ivo Lembo Silveira de Assis<br \/>\nFluxo estom\u00e1tico de oz\u00f4nio e sintomas foliares vis\u00edveis em<em>\u00a0Psidium guajava<\/em>\u00a0L. \u2018Paluma\u2019<\/a><\/p>\n<hr align=\"center\" noshade=\"noshade\" size=\"1\" width=\"100%\" \/>\n<p style=\"text-align: center\"><strong>\u00a0<a href=\"https:\/\/www.infraestruturameioambiente.sp.gov.br\/pgibt\/dissertacoesteses\/\">VOLTAR AS DISSERTA\u00c7\u00d5ES E TESES<\/a><\/strong><\/p>\n<hr align=\"center\" noshade=\"noshade\" size=\"1\" width=\"100%\" \/>\n","protected":false},"excerpt":{"rendered":"<p>Pedro Ivo Lembo Silveira de Assis No dia 24 de abril de 2014, no anfiteatro do Instituto de Bot\u00e2nica de S\u00e3o Paulo (IBt), o aluno de mestrado Pedro Ivo Lembo Silveira de Assis, bolsista CNPq, do Programa de P\u00f3s-Gradua\u00e7\u00e3o em Biodiversidade Vegetal e Meio Ambiente defendeu sua Disserta\u00e7\u00e3o de Mestrado intitulada: \u201cFluxo estom\u00e1tico de oz\u00f4nio [&hellip;]<\/p>\n","protected":false},"author":1,"featured_media":0,"parent":249,"menu_order":0,"comment_status":"closed","ping_status":"open","template":"fullpage.php","meta":[],"_links":{"self":[{"href":"https:\/\/www.infraestruturameioambiente.sp.gov.br\/pgibt\/wp-json\/wp\/v2\/pages\/4281"}],"collection":[{"href":"https:\/\/www.infraestruturameioambiente.sp.gov.br\/pgibt\/wp-json\/wp\/v2\/pages"}],"about":[{"href":"https:\/\/www.infraestruturameioambiente.sp.gov.br\/pgibt\/wp-json\/wp\/v2\/types\/page"}],"author":[{"embeddable":true,"href":"https:\/\/www.infraestruturameioambiente.sp.gov.br\/pgibt\/wp-json\/wp\/v2\/users\/1"}],"replies":[{"embeddable":true,"href":"https:\/\/www.infraestruturameioambiente.sp.gov.br\/pgibt\/wp-json\/wp\/v2\/comments?post=4281"}],"version-history":[{"count":0,"href":"https:\/\/www.infraestruturameioambiente.sp.gov.br\/pgibt\/wp-json\/wp\/v2\/pages\/4281\/revisions"}],"up":[{"embeddable":true,"href":"https:\/\/www.infraestruturameioambiente.sp.gov.br\/pgibt\/wp-json\/wp\/v2\/pages\/249"}],"wp:attachment":[{"href":"https:\/\/www.infraestruturameioambiente.sp.gov.br\/pgibt\/wp-json\/wp\/v2\/media?parent=4281"}],"curies":[{"name":"wp","href":"https:\/\/api.w.org\/{rel}","templated":true}]}}