{"id":4272,"date":"2015-02-05T18:22:47","date_gmt":"2015-02-05T20:22:47","guid":{"rendered":"https:\/\/www.infraestruturameioambiente.sp.gov.br\/pgibt\/?page_id=4272"},"modified":"2015-02-05T18:22:47","modified_gmt":"2015-02-05T20:22:47","slug":"2014-denise-amazonas-pires","status":"publish","type":"page","link":"https:\/\/www.infraestruturameioambiente.sp.gov.br\/pgibt\/dissertacoesteses\/2014-denise-amazonas-pires\/","title":{"rendered":"Denise Amazonas Pires MS"},"content":{"rendered":"<h2 style=\"text-align: center\"><a href=\"https:\/\/smastr16.blob.core.windows.net\/pgibt\/2015\/02\/faixapos6.jpg\"><img decoding=\"async\" loading=\"lazy\" class=\"aligncenter size-full wp-image-3777\" style=\"border: 0px\" alt=\"faixapos6\" src=\"https:\/\/smastr16.blob.core.windows.net\/pgibt\/2015\/02\/faixapos6.jpg\" width=\"950\" height=\"163\" srcset=\"https:\/\/smastr16.blob.core.windows.net\/pgibt\/2015\/02\/faixapos6.jpg 950w, https:\/\/smastr16.blob.core.windows.net\/pgibt\/2015\/02\/faixapos6-768x131.jpg 768w\" sizes=\"(max-width: 950px) 100vw, 950px\" \/><\/a><\/h2>\n<hr align=\"center\" noshade=\"noshade\" size=\"1\" width=\"100%\" \/>\n<h2 style=\"text-align: center\"><span style=\"color: #003300\">Denise Amazonas Pires<\/span><\/h2>\n<hr align=\"center\" noshade=\"noshade\" size=\"1\" width=\"100%\" \/>\n<p align=\"center\">No dia 25 de abril de 2014, aluna da P\u00f3s-gradua\u00e7\u00e3o em Biodiversidade Vegetal e Meio Ambiente do Instituto de Bot\u00e2nica de S\u00e3o Paulo, Denise Amazonas Pires, defendeu sua disserta\u00e7\u00e3o de Mestrado intitulada<br \/>\n\u201cDiversidade (alfa, beta e gama) da comunidade fitoplanct\u00f4nica de quatro reservat\u00f3rios do Alto Tiet\u00ea, Estado de S\u00e3o Paulo, com diferentes graus de trofia\u201d.<\/p>\n<p align=\"center\">O estudo foi orientado pela Dra. Andr\u00e9a Tucci do N\u00facleo de Pesquisa em Ficologia.<\/p>\n<p align=\"center\"><a href=\"https:\/\/smastr16.blob.core.windows.net\/pgibt\/2015\/02\/denise.jpg\"><img decoding=\"async\" loading=\"lazy\" class=\"aligncenter size-full wp-image-4273\" alt=\"denise\" src=\"https:\/\/smastr16.blob.core.windows.net\/pgibt\/2015\/02\/denise.jpg\" width=\"268\" height=\"186\" srcset=\"https:\/\/smastr16.blob.core.windows.net\/pgibt\/2015\/02\/denise.jpg 268w, https:\/\/smastr16.blob.core.windows.net\/pgibt\/2015\/02\/denise-235x164.jpg 235w, https:\/\/smastr16.blob.core.windows.net\/pgibt\/2015\/02\/denise-768x533.jpg 768w\" sizes=\"(max-width: 268px) 100vw, 268px\" \/><\/a><\/p>\n<p style=\"text-align: center\">A banca examinadora foi composta pela Dra. Andr\u00e9a Tucci (orientadora\/IBt), Dra. Marta Cond\u00e9 Lamparelli (CETESB) e Dra. Carla Ferragut (IBt).<\/p>\n<p style=\"text-align: center\">\u00a0O estudo teve como objetivo estimar a riqueza de esp\u00e9cies dos quatro reservat\u00f3rios (diversidade alfa), entre reservat\u00f3rios com graus de trofia diferentes (diversidade gama) e as mudan\u00e7as nas composi\u00e7\u00f5es do fitopl\u00e2ncton entre esses sistemas (beta diversidade).<br \/>\nO trabalho tamb\u00e9m descreve algumas vari\u00e1veis limnol\u00f3gicas dos locais de estudo.<\/p>\n<hr align=\"center\" noshade=\"noshade\" size=\"1\" width=\"100%\" \/>\n<h3 style=\"text-align: center\">Diversidade (alfa, beta e gama) da comunidade fitoplanct\u00f4nica de quatro reservat\u00f3rios do Alto Tiet\u00ea,<br \/>\nEstado de S\u00e3o Paulo, com diferentes graus de trofia<\/h3>\n<hr align=\"center\" noshade=\"noshade\" size=\"1\" width=\"100%\" \/>\n<h4 style=\"text-align: center\"><strong>RESUMO<\/strong><\/h4>\n<p style=\"text-align: justify\">As diversidades alfa, beta e gama s\u00e3o componentes da diversidade de esp\u00e9cies, que fornecem informa\u00e7\u00f5es importantes para a sele\u00e7\u00e3o de \u00e1reas para conserva\u00e7\u00e3o e manejo. A diversidade de esp\u00e9cies \u00e9 comumente utilizada com outros grupos taxon\u00f4micos e, mais raramente, com a comunidade fitoplanct\u00f4nica. O trabalho descreve a composi\u00e7\u00e3o, atributos e componentes da diversidade fitoplanct\u00f4nica, al\u00e9m dos resultados de alguns par\u00e2metros limnol\u00f3gicos de quatro reservat\u00f3rios (Billings, Guarapiranga, Jundia\u00ed e Paiva Castro) da bacia do Alto Tiet\u00ea, S\u00e3o Paulo, Brasil, com diferentes graus de trofia. O objetivo deste estudo foi estimar a riqueza de esp\u00e9cies de cada reservat\u00f3rio (diversidade alfa), entre reservat\u00f3rios com graus de trofia diferentes (diversidade gama) e as mudan\u00e7as nas composi\u00e7\u00f5es fitoplanct\u00f4nicas entre esses sistemas (beta diversidade). As coletas foram realizadas na sub superf\u00edcie entre outubro de 2011 e setembro de 2012,\u00a0 nos compartimentos pel\u00e1gicos em cada reservat\u00f3rio. A diversidade gama, quando considerado o n\u00famero total de t\u00e1xons fitoplanct\u00f4nicos dos quatro sistemas de estudo, foi de 282 t\u00e1xons, e o extrapolador de riqueza Sjack1 indicou uma sufici\u00eancia amostral de cerca de 75%. Os reservat\u00f3rios Billings e Paiva Castro, que s\u00e3o classificados como eutr\u00f3fico e oligotr\u00f3fico, respectivamente, apresentaram as menores diversidades alfa quando comparados aos demais reservat\u00f3rios. Quanto \u00e0 complexidade flor\u00edstica, contribui\u00e7\u00f5es significativamente maiores de esp\u00e9cies das classes Chlorophyceae e Cyanobacteria foram observadas nos quatro reservat\u00f3rios estudados. Os maiores valores de diversidade beta foram encontrados entre os reservat\u00f3rios com graus de trofia lim\u00edtrofes, e os menores entre os reservat\u00f3rios eutr\u00f3ficos. Al\u00e9m das diferen\u00e7as no grau de trofia, os resultados sugerem que o tempo de resid\u00eancia da \u00e1gua tenha papel importante na estrutura do fitopl\u00e2ncton, por interferir principalmente no estabelecimento dessa comunidade. Al\u00e9m disso, a maior similaridade entre os sistemas eutr\u00f3ficos parece ter sido influenciada pela conectividade entre os dois reservat\u00f3rios.<\/p>\n<p style=\"text-align: justify\"><strong>Palavras \u2013 chave<\/strong>: biodiversidade, Cyanobacteria, fitopl\u00e2ncton, \u00edndices de diversidade, riqueza de esp\u00e9cies.<\/p>\n<hr align=\"center\" noshade=\"noshade\" size=\"1\" width=\"100%\" \/>\n<p style=\"text-align: center\"><a href=\"https:\/\/smastr16.blob.core.windows.net\/pgibt\/2013\/09\/pdf_grande.gif\"><img decoding=\"async\" loading=\"lazy\" class=\"aligncenter size-full wp-image-2313\" style=\"border: 0px\" alt=\"pdf_grande\" src=\"https:\/\/smastr16.blob.core.windows.net\/pgibt\/2013\/09\/pdf_grande.gif\" width=\"60\" height=\"60\" \/><\/a><a href=\"https:\/\/smastr16.blob.core.windows.net\/pgibt\/2015\/02\/Denise_Amazonas_Pires_MS.pdf\" target=\"_blank\">\u00a0Denise Amazonas Pires Diversidade (alfa, beta e gama) da comunidade fitoplanct\u00f4nica<br \/>\nde quatro reservat\u00f3rios do Alto Tiet\u00ea, Estado de S\u00e3o Paulo, com diferentes graus de trofia<\/a><\/p>\n<hr align=\"center\" noshade=\"noshade\" size=\"1\" width=\"100%\" \/>\n<p style=\"text-align: center\"><strong>\u00a0<a href=\"https:\/\/www.infraestruturameioambiente.sp.gov.br\/pgibt\/dissertacoesteses\/\">VOLTAR AS DISSERTA\u00c7\u00d5ES E TESES<\/a><\/strong><\/p>\n<hr align=\"center\" noshade=\"noshade\" size=\"1\" width=\"100%\" \/>\n","protected":false},"excerpt":{"rendered":"<p>Denise Amazonas Pires No dia 25 de abril de 2014, aluna da P\u00f3s-gradua\u00e7\u00e3o em Biodiversidade Vegetal e Meio Ambiente do Instituto de Bot\u00e2nica de S\u00e3o Paulo, Denise Amazonas Pires, defendeu sua disserta\u00e7\u00e3o de Mestrado intitulada \u201cDiversidade (alfa, beta e gama) da comunidade fitoplanct\u00f4nica de quatro reservat\u00f3rios do Alto Tiet\u00ea, Estado de S\u00e3o Paulo, com diferentes [&hellip;]<\/p>\n","protected":false},"author":1,"featured_media":0,"parent":249,"menu_order":0,"comment_status":"closed","ping_status":"open","template":"fullpage.php","meta":[],"_links":{"self":[{"href":"https:\/\/www.infraestruturameioambiente.sp.gov.br\/pgibt\/wp-json\/wp\/v2\/pages\/4272"}],"collection":[{"href":"https:\/\/www.infraestruturameioambiente.sp.gov.br\/pgibt\/wp-json\/wp\/v2\/pages"}],"about":[{"href":"https:\/\/www.infraestruturameioambiente.sp.gov.br\/pgibt\/wp-json\/wp\/v2\/types\/page"}],"author":[{"embeddable":true,"href":"https:\/\/www.infraestruturameioambiente.sp.gov.br\/pgibt\/wp-json\/wp\/v2\/users\/1"}],"replies":[{"embeddable":true,"href":"https:\/\/www.infraestruturameioambiente.sp.gov.br\/pgibt\/wp-json\/wp\/v2\/comments?post=4272"}],"version-history":[{"count":0,"href":"https:\/\/www.infraestruturameioambiente.sp.gov.br\/pgibt\/wp-json\/wp\/v2\/pages\/4272\/revisions"}],"up":[{"embeddable":true,"href":"https:\/\/www.infraestruturameioambiente.sp.gov.br\/pgibt\/wp-json\/wp\/v2\/pages\/249"}],"wp:attachment":[{"href":"https:\/\/www.infraestruturameioambiente.sp.gov.br\/pgibt\/wp-json\/wp\/v2\/media?parent=4272"}],"curies":[{"name":"wp","href":"https:\/\/api.w.org\/{rel}","templated":true}]}}