{"id":427,"date":"2013-09-13T11:31:42","date_gmt":"2013-09-13T14:31:42","guid":{"rendered":"https:\/\/www.infraestruturameioambiente.sp.gov.br\/pgibt\/?page_id=427"},"modified":"2013-09-13T11:31:42","modified_gmt":"2013-09-13T14:31:42","slug":"2013-eriane-justo-luiz-savoia-dr","status":"publish","type":"page","link":"https:\/\/www.infraestruturameioambiente.sp.gov.br\/pgibt\/dissertacoesteses\/2013-eriane-justo-luiz-savoia-dr\/","title":{"rendered":"Eriane Justo Luiz Sav\u00f3ia DR"},"content":{"rendered":"<h2 style=\"text-align: center\"><a href=\"https:\/\/smastr16.blob.core.windows.net\/pgibt\/2015\/02\/faixapos6.jpg\"><img decoding=\"async\" loading=\"lazy\" class=\"aligncenter size-full wp-image-3777\" style=\"border: 0px\" alt=\"faixapos6\" src=\"https:\/\/smastr16.blob.core.windows.net\/pgibt\/2015\/02\/faixapos6.jpg\" width=\"950\" height=\"163\" srcset=\"https:\/\/smastr16.blob.core.windows.net\/pgibt\/2015\/02\/faixapos6.jpg 950w, https:\/\/smastr16.blob.core.windows.net\/pgibt\/2015\/02\/faixapos6-768x131.jpg 768w\" sizes=\"(max-width: 950px) 100vw, 950px\" \/><\/a><\/h2>\n<hr align=\"center\" noshade=\"noshade\" size=\"1\" width=\"100%\" \/>\n<h2 style=\"text-align: center\">Eriane Justo Luiz Sav\u00f3ia<\/h2>\n<hr align=\"center\" noshade=\"noshade\" size=\"1\" width=\"100%\" \/>\n<p style=\"text-align: center\">No dia 26 de fevereiro de 2013, a aluna Eriane Justo Luiz Sav\u00f3ia defendeu sua tese de doutorado intitulada:<br \/>\nPotencial de\u00a0<em>Tradescantia pallida<\/em>\u00a0cv. Purpurea para acumular metais pesados oriundos da polui\u00e7\u00e3o atmosf\u00e9rica<br \/>\nparticulada da regi\u00e3o do grande ABC paulista.<\/p>\n<p style=\"text-align: center\">A Banca examinadora foi composta pela Dra. Marisa Domingos (Orientadora e Presidente\/IBt), Dra. Regina Maria de Moraes (N\u00facleo de Pesquisa em Ecologia\/IBt), Dra. Mirian Cilene Spasiani Rinaldi (N\u00facleo de Pesquisa em Ecologia\/IBt),<br \/>\nDra. Ana Maria Graciano Figueiredo ( IPEN\/USP) e Dra. Regiani Carvalho de Oliveira (Faculdade de Medicina\/USP).<\/p>\n<div id=\"attachment_428\" style=\"width: 435px\" class=\"wp-caption aligncenter\"><a href=\"https:\/\/smastr16.blob.core.windows.net\/pgibt\/2013\/09\/Eriane.jpg\"><img aria-describedby=\"caption-attachment-428\" decoding=\"async\" loading=\"lazy\" class=\"size-full wp-image-428\" alt=\"Dra. Regiani Carvalho de Oliveira ( FMUSP), Dra. Marisa Domingos ( IBt), aluna Eriane Sav\u00f3ia,  Dra. Regina Maria de Moraes ( IBt), Dra. Mirian Rinaldi (IBt) e Dra. Ana Maria Graciano Figueiredo\" src=\"https:\/\/smastr16.blob.core.windows.net\/pgibt\/2013\/09\/Eriane.jpg\" width=\"425\" height=\"332\" \/><\/a><p id=\"caption-attachment-428\" class=\"wp-caption-text\">Dra. Regiani Carvalho de Oliveira ( FMUSP), Dra. Marisa Domingos ( IBt), aluna Eriane Sav\u00f3ia, Dra. Regina Maria de Moraes ( IBt), Dra. Mirian Rinaldi (IBt) e Dra. Ana Maria Graciano Figueiredo<\/p><\/div>\n<hr align=\"center\" noshade=\"noshade\" size=\"1\" width=\"100%\" \/>\n<h3 style=\"text-align: center\">Potencial de\u00a0<em>Tradescantia pallida<\/em>\u00a0cv. Purpurea para acumular metais pesados oriundos da polui\u00e7\u00e3o\u00a0atmosf\u00e9rica particulada da regi\u00e3o do grande ABC paulista.<\/h3>\n<hr align=\"center\" noshade=\"noshade\" size=\"1\" width=\"100%\" \/>\n<h4 style=\"text-align: center\"><strong>RESUMO<\/strong><\/h4>\n<p style=\"text-align: justify\" align=\"justify\">A atmosfera das \u00e1reas urbanas tem causado grandes inc\u00f4modos ao meio ambiente e \u00e0 sa\u00fade humana, principalmente quando nos referimos \u00e0 polui\u00e7\u00e3o particulada associada aos metais pesados. Desta forma, o presente estudo foi desenvolvido na regi\u00e3o do ABC paulista, com os objetivos de determinar as varia\u00e7\u00f5es temporais e espaciais nas concentra\u00e7\u00f5es de metais pesados presentes no material particulado em folhas de\u00a0<em>Tradescantia pallida<\/em>\u00a0cv. Purpurea e nos filtros de PTS, verificar se essa cultivar \u00e9 capaz de acumular os referidos metais em suas folhas e \u00a0determinar sua efici\u00eancia para caracteriza\u00e7\u00e3o \u00a0do material particulado emitido na regi\u00e3o do ABC. Nas amostras foliares e nos filtros de PTS \u00a0foram analisados 22 metais pesados.<br \/>\n<em>Tradescantia pallida<\/em>\u00a0cv. Purpurea acumulou metais pesados e discriminou fontes de emiss\u00e3o da polui\u00e7\u00e3o atmosf\u00e9rica particulada a partir de medi\u00e7\u00f5es da concentra\u00e7\u00e3o foliar de determinados metais pesados, em associa\u00e7\u00e3o a medi\u00e7\u00f5es de outras vari\u00e1veis biol\u00f3gicas, como \u00e1rea e biomassa foliares e de vari\u00e1veis clim\u00e1ticas, umidade relativa do ar e pluviosidade. A planta tamb\u00e9m foi capaz de estimar a concentra\u00e7\u00e3o de Ba adsorvido ao material particulado, por meio da determina\u00e7\u00e3o das concentra\u00e7\u00f5es foliares, desde que outras vari\u00e1veis sejam monitoradas em paralelo, como \u00e1rea e biomassa foliares e temperaturas m\u00e1ximas e m\u00ednima, umidade relativa e precipita\u00e7\u00e3o.<\/p>\n<p style=\"text-align: justify\"><strong>Palavras-Chave<\/strong>: Metais pesados, material particulado,\u00a0<em>Tradescantia pallida<\/em><\/p>\n<hr align=\"center\" noshade=\"noshade\" size=\"1\" width=\"100%\" \/>\n<p style=\"text-align: center\"><a href=\"https:\/\/smastr16.blob.core.windows.net\/pgibt\/2013\/09\/pdf_grande.gif\"><img decoding=\"async\" loading=\"lazy\" class=\"aligncenter size-full wp-image-2313\" style=\"border: 0px\" alt=\"pdf_grande\" src=\"https:\/\/smastr16.blob.core.windows.net\/pgibt\/2013\/09\/pdf_grande.gif\" width=\"60\" height=\"60\" \/><\/a><a href=\"https:\/\/smastr16.blob.core.windows.net\/pgibt\/2013\/09\/Eriane_Justo_Luiz_Savoia_DR.pdf\" target=\"_blank\">Eriane Justo Luiz Sav\u00f3ia<br \/>\nPotencial de<em> Tradescantia pallida<\/em> cv. Purpurea para acumular metais pesados oriundos da<br \/>\npolui\u00e7\u00e3o atmosf\u00e9rica particulada da regi\u00e3o do grande ABC paulista.<\/a><\/p>\n<hr align=\"center\" noshade=\"noshade\" size=\"1\" width=\"100%\" \/>\n<p style=\"text-align: center\"><strong>\u00a0<a href=\"https:\/\/www.infraestruturameioambiente.sp.gov.br\/pgibt\/dissertacoesteses\/\">VOLTAR AS DISSERTA\u00c7\u00d5ES E TESES<\/a><\/strong><\/p>\n<hr align=\"center\" noshade=\"noshade\" size=\"1\" width=\"100%\" \/>\n<h1 style=\"text-align: center\"><\/h1>\n","protected":false},"excerpt":{"rendered":"<p>Eriane Justo Luiz Sav\u00f3ia No dia 26 de fevereiro de 2013, a aluna Eriane Justo Luiz Sav\u00f3ia defendeu sua tese de doutorado intitulada: Potencial de\u00a0Tradescantia pallida\u00a0cv. Purpurea para acumular metais pesados oriundos da polui\u00e7\u00e3o atmosf\u00e9rica particulada da regi\u00e3o do grande ABC paulista. A Banca examinadora foi composta pela Dra. Marisa Domingos (Orientadora e Presidente\/IBt), Dra. [&hellip;]<\/p>\n","protected":false},"author":1,"featured_media":0,"parent":249,"menu_order":0,"comment_status":"closed","ping_status":"closed","template":"fullpage.php","meta":[],"_links":{"self":[{"href":"https:\/\/www.infraestruturameioambiente.sp.gov.br\/pgibt\/wp-json\/wp\/v2\/pages\/427"}],"collection":[{"href":"https:\/\/www.infraestruturameioambiente.sp.gov.br\/pgibt\/wp-json\/wp\/v2\/pages"}],"about":[{"href":"https:\/\/www.infraestruturameioambiente.sp.gov.br\/pgibt\/wp-json\/wp\/v2\/types\/page"}],"author":[{"embeddable":true,"href":"https:\/\/www.infraestruturameioambiente.sp.gov.br\/pgibt\/wp-json\/wp\/v2\/users\/1"}],"replies":[{"embeddable":true,"href":"https:\/\/www.infraestruturameioambiente.sp.gov.br\/pgibt\/wp-json\/wp\/v2\/comments?post=427"}],"version-history":[{"count":0,"href":"https:\/\/www.infraestruturameioambiente.sp.gov.br\/pgibt\/wp-json\/wp\/v2\/pages\/427\/revisions"}],"up":[{"embeddable":true,"href":"https:\/\/www.infraestruturameioambiente.sp.gov.br\/pgibt\/wp-json\/wp\/v2\/pages\/249"}],"wp:attachment":[{"href":"https:\/\/www.infraestruturameioambiente.sp.gov.br\/pgibt\/wp-json\/wp\/v2\/media?parent=427"}],"curies":[{"name":"wp","href":"https:\/\/api.w.org\/{rel}","templated":true}]}}