{"id":4266,"date":"2015-02-05T18:13:11","date_gmt":"2015-02-05T20:13:11","guid":{"rendered":"https:\/\/www.infraestruturameioambiente.sp.gov.br\/pgibt\/?page_id=4266"},"modified":"2015-02-05T18:13:11","modified_gmt":"2015-02-05T20:13:11","slug":"2014-poliana-ramos-cardoso","status":"publish","type":"page","link":"https:\/\/www.infraestruturameioambiente.sp.gov.br\/pgibt\/dissertacoesteses\/2014-poliana-ramos-cardoso\/","title":{"rendered":"Poliana Ramos Cardoso DR"},"content":{"rendered":"<h2 style=\"text-align: center\"><a href=\"https:\/\/smastr16.blob.core.windows.net\/pgibt\/2015\/02\/faixapos6.jpg\"><img decoding=\"async\" loading=\"lazy\" class=\"aligncenter size-full wp-image-3777\" style=\"border: 0px\" alt=\"faixapos6\" src=\"https:\/\/smastr16.blob.core.windows.net\/pgibt\/2015\/02\/faixapos6.jpg\" width=\"950\" height=\"163\" srcset=\"https:\/\/smastr16.blob.core.windows.net\/pgibt\/2015\/02\/faixapos6.jpg 950w, https:\/\/smastr16.blob.core.windows.net\/pgibt\/2015\/02\/faixapos6-768x131.jpg 768w\" sizes=\"(max-width: 950px) 100vw, 950px\" \/><\/a><\/h2>\n<hr align=\"center\" noshade=\"noshade\" size=\"1\" width=\"100%\" \/>\n<h2 style=\"text-align: center\">Poliana Ramos Cardoso<\/h2>\n<hr align=\"center\" noshade=\"noshade\" size=\"1\" width=\"100%\" \/>\n<p style=\"text-align: justify\">Nesta tese, buscou-se levantar caracteres anat\u00f4micos que auxiliassem na melhor compreens\u00e3o das rela\u00e7\u00f5es evolutivas entre as esp\u00e9cies de Pleurothallidinae, orqu\u00eddeas ep\u00edfitas que apresentam flores diminutas, muitas vezes emissoras de odores desagrad\u00e1veis que atraem moscas para poliniza-las. Aqui descrevemos o desenvolvimento e a vasculariza\u00e7\u00e3o floral, al\u00e9m da morfologia, anatomia e os aspectos ultra-estruturais das gl\u00e2ndulas florais em busca de homologias. Para tanto, efetuamos as an\u00e1lises das flores em microscopia de luz, microscopia eletr\u00f4nica de varredura e transmiss\u00e3o, e microscopia confocal. Realizamos, adicionalmente, a an\u00e1lise qu\u00edmica dos vol\u00e1teis emitidos pelas flores em CG\/MS. As esp\u00e9cies contempladas neste estudo pertencem aos g\u00eaneros <em>Octomeria, Echinosepala, Acianthera, Anathallis, Zootrophion<\/em> e <em>Phloeophila<\/em>, todas ocorrentes no Brasil, escolhidas de modo a representar um clado basal (<em>Octomeria-Brachionidium<\/em>, irm\u00e3o do restante de Pleurothallidinae) e clados derivados (<em>Echinosepala-Barbosella, Acianthera<\/em> e <em>Zootrophion -Trichosalpinx<\/em>), de acordo com a filogenia molecular vigente. Os principais resultados obtidos referem-se \u00e0 natureza anat\u00f4mica de alguns aspectos morfol\u00f3gicos das flores, a compara\u00e7\u00e3o entre o desenvolvimento e a vasculariza\u00e7\u00e3o floral, a identifica\u00e7\u00e3o e descri\u00e7\u00e3o detalhada das gl\u00e2ndulas florais, incluindo a descri\u00e7\u00e3o de uma nova gl\u00e2ndula de secre\u00e7\u00e3o heterog\u00eanea. Foram propostas uma nova interpreta\u00e7\u00e3o para o sistema secretor constituinte do estigma, que explica sua din\u00e2mica de secre\u00e7\u00e3o, e as tend\u00eancias evolutivas de col\u00e9teres e osm\u00f3foros. Finalmente, caracteres relacionados \u00e0 vasculariza\u00e7\u00e3o e aos compostos vol\u00e1teis permitiram hipotetizar duas novas sinapomorfias para a subtribo.<\/p>\n<p style=\"text-align: center\"><a href=\"https:\/\/smastr16.blob.core.windows.net\/pgibt\/2015\/02\/Poliana_Ramos.jpg\"><img decoding=\"async\" loading=\"lazy\" class=\"aligncenter size-full wp-image-4267\" alt=\"Poliana_Ramos\" src=\"https:\/\/smastr16.blob.core.windows.net\/pgibt\/2015\/02\/Poliana_Ramos.jpg\" width=\"425\" height=\"293\" \/><\/a><\/p>\n<p style=\"text-align: center\">Foto da banca: Dra. Maria das Gracas Sajo, Dr. Diego Demarco, Dra. Poliana Cardoso,<br \/>\nDr. Fabio de Barros, Dra. Aline Oriani e Dra. Adriana Hissae Hayashi.<\/p>\n<hr align=\"center\" noshade=\"noshade\" size=\"1\" width=\"100%\" \/>\n<h3 style=\"text-align: center\"><b>Desenvolvimento floral em esp<\/b>\u00e9<b>cies de Pleurothallidinae (Orchidaceae) com <\/b>\u00ea<b>nfase nas estruturas secretoras<\/b><\/h3>\n<hr align=\"center\" noshade=\"noshade\" size=\"1\" width=\"100%\" \/>\n<h4 style=\"text-align: center\"><strong>RESUMO<\/strong><\/h4>\n<p style=\"text-align: justify\">Pleurothallidinae \u00e9 reconhecida como a maior subtribo de orqu\u00eddeas polinizadas por Diptera, e t\u00eam sido foco de estudos filogen\u00e9ticos devido \u00e0 natureza poli e parafil\u00e9tica de alguns g\u00eaneros. Estudos recentes acerca da biologia floral e sistemas de reprodu\u00e7\u00e3o de representantes da subtribo baseiam a proposta de divis\u00e3o da atual circunscri\u00e7\u00e3o de Pleurothallidinae em duas subtribos, uma que recupera sua antiga delimita\u00e7\u00e3o e a cria\u00e7\u00e3o de outra contendo o pequeno clado composto por g\u00eaneros polinizados por aves, incorporado \u00e0s Pleurothallidinae de acordo com a filogenia molecular vigente. O principal objetivo desta tese foi o levantamento de resultados que auxiliem no esclarecimento de homologias e nas interpreta\u00e7\u00f5es filogen\u00e9ticas de Pleurothallidinae, e que tamb\u00e9m possam ser aplicados no entendimento dos eventos de poliniza\u00e7\u00e3o. Aqui descrevemos o desenvolvimento e a vasculariza\u00e7\u00e3o floral, al\u00e9m da morfologia, anatomia e os aspectos ultra-estruturais das gl\u00e2ndulas florais em busca de homologias. Para tanto, efetuamos as an\u00e1lises das flores em microscopia de luz, microscopia eletr\u00f4nica de varredura e transmiss\u00e3o, e microscopia confocal. Realizamos, adicionalmente, a an\u00e1lise qu\u00edmica dos vol\u00e1teis emitidos pelas flores em CG\/MS. As esp\u00e9cies contempladas neste estudo pertencem aos g\u00eaneros <em>Octomeria, Echinosepala, Acianthera, Anathallis, Zootrophion<\/em> e <em>Phloeophila<\/em>, todas ocorrentes no Brasil, escolhidas de modo a representar um clado basal (<em>Octomeria-Brachionidium<\/em>, irm\u00e3o do restante de Pleurothallidinae) e clados derivados (<em>Echinosepala-Barbosella<\/em>, <em>Acianthera<\/em> e <em>Zootrophion -Trichosalpinx<\/em>), de acordo com a filogenia molecular vigente. Os principais resultados obtidos referem-se \u00e0 natureza anat\u00f4mica de alguns aspectos morfol\u00f3gicos das flores, a compara\u00e7\u00e3o entre o desenvolvimento e a vasculariza\u00e7\u00e3o floral, a identifica\u00e7\u00e3o e descri\u00e7\u00e3o detalhada das gl\u00e2ndulas florais, incluindo a descri\u00e7\u00e3o de uma nova gl\u00e2ndula de secre\u00e7\u00e3o heterog\u00eanea. Foram propostas uma nova interpreta\u00e7\u00e3o para o sistema secretor constituinte do estigma, que explica sua din\u00e2mica de secre\u00e7\u00e3o, e as tend\u00eancias evolutivas de col\u00e9teres e osm\u00f3foros. Finalmente, caracteres relacionados \u00e0 vasculariza\u00e7\u00e3o e aos compostos vol\u00e1teis permitiram hipotetizar duas novas sinapomorfias para a subtribo.<\/p>\n<p style=\"text-align: justify\"><strong>Palavras-chave: <\/strong>col\u00e9teres, nectarios florais, ontog\u00eanese floral, osmoforos, tecido transmissor, vasculariza\u00e7\u00e3o floral.<\/p>\n<hr align=\"center\" noshade=\"noshade\" size=\"1\" width=\"100%\" \/>\n<p style=\"text-align: center\"><a href=\"https:\/\/smastr16.blob.core.windows.net\/pgibt\/2013\/09\/pdf_grande.gif\"><img decoding=\"async\" loading=\"lazy\" class=\"aligncenter size-full wp-image-2313\" style=\"border: 0px\" alt=\"pdf_grande\" src=\"https:\/\/smastr16.blob.core.windows.net\/pgibt\/2013\/09\/pdf_grande.gif\" width=\"60\" height=\"60\" \/><\/a><a href=\"https:\/\/smastr16.blob.core.windows.net\/pgibt\/2015\/02\/Poliana_Ramos_Cardoso_DR.pdf\" target=\"_blank\">Poliana Ramos Cardoso<br \/>\nDesenvolvimento floral em esp\u00e9cies de Pleurothallidinae (Orchidaceae) com \u00eanfase nas estruturas secretoras<\/a><\/p>\n<hr align=\"center\" noshade=\"noshade\" size=\"1\" width=\"100%\" \/>\n<p style=\"text-align: center\"><strong>\u00a0<a href=\"https:\/\/www.infraestruturameioambiente.sp.gov.br\/pgibt\/dissertacoesteses\/\">VOLTAR AS DISSERTA\u00c7\u00d5ES E TESES<\/a><\/strong><\/p>\n<hr align=\"center\" noshade=\"noshade\" size=\"1\" width=\"100%\" \/>\n","protected":false},"excerpt":{"rendered":"<p>Poliana Ramos Cardoso Nesta tese, buscou-se levantar caracteres anat\u00f4micos que auxiliassem na melhor compreens\u00e3o das rela\u00e7\u00f5es evolutivas entre as esp\u00e9cies de Pleurothallidinae, orqu\u00eddeas ep\u00edfitas que apresentam flores diminutas, muitas vezes emissoras de odores desagrad\u00e1veis que atraem moscas para poliniza-las. Aqui descrevemos o desenvolvimento e a vasculariza\u00e7\u00e3o floral, al\u00e9m da morfologia, anatomia e os aspectos ultra-estruturais [&hellip;]<\/p>\n","protected":false},"author":1,"featured_media":0,"parent":249,"menu_order":0,"comment_status":"closed","ping_status":"open","template":"fullpage.php","meta":[],"_links":{"self":[{"href":"https:\/\/www.infraestruturameioambiente.sp.gov.br\/pgibt\/wp-json\/wp\/v2\/pages\/4266"}],"collection":[{"href":"https:\/\/www.infraestruturameioambiente.sp.gov.br\/pgibt\/wp-json\/wp\/v2\/pages"}],"about":[{"href":"https:\/\/www.infraestruturameioambiente.sp.gov.br\/pgibt\/wp-json\/wp\/v2\/types\/page"}],"author":[{"embeddable":true,"href":"https:\/\/www.infraestruturameioambiente.sp.gov.br\/pgibt\/wp-json\/wp\/v2\/users\/1"}],"replies":[{"embeddable":true,"href":"https:\/\/www.infraestruturameioambiente.sp.gov.br\/pgibt\/wp-json\/wp\/v2\/comments?post=4266"}],"version-history":[{"count":0,"href":"https:\/\/www.infraestruturameioambiente.sp.gov.br\/pgibt\/wp-json\/wp\/v2\/pages\/4266\/revisions"}],"up":[{"embeddable":true,"href":"https:\/\/www.infraestruturameioambiente.sp.gov.br\/pgibt\/wp-json\/wp\/v2\/pages\/249"}],"wp:attachment":[{"href":"https:\/\/www.infraestruturameioambiente.sp.gov.br\/pgibt\/wp-json\/wp\/v2\/media?parent=4266"}],"curies":[{"name":"wp","href":"https:\/\/api.w.org\/{rel}","templated":true}]}}