{"id":4256,"date":"2015-02-05T17:58:11","date_gmt":"2015-02-05T19:58:11","guid":{"rendered":"https:\/\/www.infraestruturameioambiente.sp.gov.br\/pgibt\/?page_id=4256"},"modified":"2015-02-05T17:58:11","modified_gmt":"2015-02-05T19:58:11","slug":"2014-aline-forgatti-hell","status":"publish","type":"page","link":"https:\/\/www.infraestruturameioambiente.sp.gov.br\/pgibt\/dissertacoesteses\/2014-aline-forgatti-hell\/","title":{"rendered":"Aline Forgatti Hell MS"},"content":{"rendered":"<h2 style=\"text-align: center\"><a href=\"https:\/\/smastr16.blob.core.windows.net\/pgibt\/2015\/02\/faixapos6.jpg\"><img decoding=\"async\" loading=\"lazy\" class=\"aligncenter size-full wp-image-3777\" style=\"border: 0px\" alt=\"faixapos6\" src=\"https:\/\/smastr16.blob.core.windows.net\/pgibt\/2015\/02\/faixapos6.jpg\" width=\"950\" height=\"163\" srcset=\"https:\/\/smastr16.blob.core.windows.net\/pgibt\/2015\/02\/faixapos6.jpg 950w, https:\/\/smastr16.blob.core.windows.net\/pgibt\/2015\/02\/faixapos6-768x131.jpg 768w\" sizes=\"(max-width: 950px) 100vw, 950px\" \/><\/a><\/h2>\n<hr align=\"center\" noshade=\"noshade\" size=\"1\" width=\"100%\" \/>\n<h2 style=\"text-align: center\"><span style=\"color: #003300\">Aline Forgatti Hell<\/span><\/h2>\n<hr align=\"center\" noshade=\"noshade\" size=\"1\" width=\"100%\" \/>\n<p align=\"center\">Em 10 de setembro de 2014, Aline Forgatti Hell, aluna de mestrado do programa de P\u00f3s-Gradua\u00e7\u00e3o em Biodiversidade Vegetal e Meio Ambiente do Instituto de Bot\u00e2nica,\u00a0bolsista CAPES, defendeu sua Disserta\u00e7\u00e3o de Mestrado intitulada,<br \/>\n\u201cAltera\u00e7\u00f5es metab\u00f3licas em fun\u00e7\u00e3o de vari\u00e1veis ambientais e sua contribui\u00e7\u00e3o para a toler\u00e2ncia \u00e0 perda de \u00e1gua em sementes de <em>Eugenia pyriformis<\/em> Cambess.\u201d,<\/p>\n<p align=\"center\"><a href=\"https:\/\/smastr16.blob.core.windows.net\/pgibt\/2015\/02\/Aline_Hell.jpg\"><img decoding=\"async\" loading=\"lazy\" class=\"aligncenter size-full wp-image-4257\" alt=\"Aline_Hell\" src=\"https:\/\/smastr16.blob.core.windows.net\/pgibt\/2015\/02\/Aline_Hell.jpg\" width=\"425\" height=\"289\" \/><\/a><\/p>\n<p align=\"center\">A banca examinadora foi presidida pelo seu orientador, Prof. Dr. Danilo da Cruz Centeno (UFABC) e composta pelo Prof. Dr. Gustavo Maia Souza (UNOESTE) e pelo pesquisador Dr. Claudio Jos\u00e9 Barbedo (N\u00facleo de Pesquisa em Sementes &#8211; IBt\/SP).<\/p>\n<p align=\"center\">O projeto desenvolvido buscou avaliar a contribui\u00e7\u00e3o das altera\u00e7\u00f5es bioqu\u00edmicas e fisiol\u00f3gicas para a toler\u00e2ncia a perda de \u00e1gua em sementes de <em>Eugenia pyriformis <\/em>Cambess e suas rela\u00e7\u00f5es com vari\u00e1veis ambientais. Para tanto, foram estudados aspectos fisiol\u00f3gicos e bioqu\u00edmicos de sementes de <em>E. pyriformis<\/em> provenientes de diferentes origens. Foi verificado o aumento de sacarose e poli\u00f3is ao longo da secagem, sendo as sementes mais tolerantes \u00e0 perda de \u00e1gua aquelas que apresentaram quantidades superiores desses compostos protetores.<\/p>\n<hr align=\"center\" noshade=\"noshade\" size=\"1\" width=\"100%\" \/>\n<h3 style=\"text-align: center\">Altera\u00e7\u00f5es metab\u00f3licas em fun\u00e7\u00e3o de vari\u00e1veis ambientais e sua contribui\u00e7\u00e3o para a toler\u00e2ncia \u00e0 perda de \u00e1gua em sementes de\u00a0<em>Eugenia pyriformis<\/em>\u00a0Cambess.<\/h3>\n<hr align=\"center\" noshade=\"noshade\" size=\"1\" width=\"100%\" \/>\n<h4 style=\"text-align: center\"><strong>RESUMO<\/strong><\/h4>\n<p style=\"text-align: justify\">Sementes recalcitrantes de esp\u00e9cies nativas representam um grande desafio \u00e0queles que necessitam armazen\u00e1-las com o prop\u00f3sito de conserva\u00e7\u00e3o do germoplasma. Desta maneira, torna-se importante entender os mecanismos envolvidos na sensibilidade de sementes \u00e0 desseca\u00e7\u00e3o. <em>Eugenia pyriformis <\/em>Cambess., esp\u00e9cie\u00a0 arb\u00f3rea\u00a0 nativa\u00a0 do\u00a0 Brasil,\u00a0 apresenta\u00a0 sementes dif\u00edceis\u00a0 de\u00a0 serem\u00a0 armazenadas,\u00a0 devido\u00a0 \u00e0 sensibilidade\u00a0 \u00e0\u00a0 desseca\u00e7\u00e3o\u00a0 e\u00a0 \u00e0s\u00a0 baixas\u00a0 temperaturas. Assim, torna-se de extrema import\u00e2ncia o conhecimento de aspectos biol\u00f3gicos, que possibilitem maior compreens\u00e3o sobre a toler\u00e2ncia \u00e0 perda de \u00e1gua dessa esp\u00e9cie. Neste estudo avaliaram-se as altera\u00e7\u00f5es no metabolismo relacionadas ao comportamento recalcitrante de sementes de <em>E. pyriformis<\/em>, bem como a influ\u00eancia das condi\u00e7\u00f5es h\u00eddricas e t\u00e9rmicas, para este processo. Para isso foram coletadas sementes de <em>E. pyriformis<\/em> nos munic\u00edpios de Ribeir\u00e3o Preto (SP), Lavras (MG), Campinas (SP), S\u00e3o Paulo (SP), Pariquera-a\u00e7u (SP) e Jumirim (SP). Os resultados sugerem que sementes rec\u00e9m dispersas de <em>E. pyriformis<\/em> oriundas de diferentes regi\u00f5es, apresentam o metabolismo distinto e corroboram com a hip\u00f3tese de que varia\u00e7\u00f5es ambientais contribuem para diferen\u00e7as fenot\u00edpicas, sendo o somat\u00f3rio de graus-dia, temperatura m\u00e1xima e a chuva acumulada, dentre as vari\u00e1veis analisadas, importantes fatores de contribui\u00e7\u00e3o para o desenvolvimento de sementes de <em>E. pyriformis<\/em>. Entretanto, estas varia\u00e7\u00f5es n\u00e3o afetaram, em geral, as taxas de germina\u00e7\u00e3o e produ\u00e7\u00e3o de pl\u00e2ntulas normais, tampouco o vigor de sementes de <em>E. pyriformis<\/em> rec\u00e9m dispersas. No entanto, quando submetidas aos tratamentos de secagem os resultados demonstraram varia\u00e7\u00f5es no grau de toler\u00e2ncia \u00e0 perda de \u00e1gua entre sementes de diferentes origens. A an\u00e1lise de perfil metab\u00f3lico demonstrou haver o aumento de sacarose e poli\u00f3is ao longo da secagem, sendo as sementes mais tolerantes \u00e0 perda de \u00e1gua aquelas que apresentaram quantidades superiores desses compostos protetores. Acredita-se que as sementes que toleraram mais a perda de \u00e1gua tenham avan\u00e7ado mais no per\u00edodo de matura\u00e7\u00e3o.<\/p>\n<p style=\"text-align: justify\"><strong>Palavras-chave:<\/strong> Myrtaceae, sementes, desseca\u00e7\u00e3o, perfil metab\u00f3lico<\/p>\n<hr align=\"center\" noshade=\"noshade\" size=\"1\" width=\"100%\" \/>\n<p style=\"text-align: center\"><a href=\"https:\/\/smastr16.blob.core.windows.net\/pgibt\/2013\/09\/pdf_grande.gif\"><img decoding=\"async\" loading=\"lazy\" class=\"aligncenter size-full wp-image-2313\" style=\"border: 0px\" alt=\"pdf_grande\" src=\"https:\/\/smastr16.blob.core.windows.net\/pgibt\/2013\/09\/pdf_grande.gif\" width=\"60\" height=\"60\" \/><\/a><a href=\"https:\/\/smastr16.blob.core.windows.net\/pgibt\/2015\/02\/Aline_Forgatti_Hell_MS.pdf\" target=\"_blank\">Aline Forgatti Hell<br \/>\nAltera\u00e7\u00f5es metab\u00f3licas em fun\u00e7\u00e3o de vari\u00e1veis ambientais e sua contribui\u00e7\u00e3o<br \/>\npara a toler\u00e2ncia \u00e0 perda de \u00e1gua em sementes de\u00a0<em>Eugenia pyriformis\u00a0<\/em>Cambess.<\/a><\/p>\n<hr align=\"center\" noshade=\"noshade\" size=\"1\" width=\"100%\" \/>\n<p style=\"text-align: center\"><strong>\u00a0<a href=\"https:\/\/www.infraestruturameioambiente.sp.gov.br\/pgibt\/dissertacoesteses\/\">VOLTAR AS DISSERTA\u00c7\u00d5ES E TESES<\/a><\/strong><\/p>\n<hr align=\"center\" noshade=\"noshade\" size=\"1\" width=\"100%\" \/>\n","protected":false},"excerpt":{"rendered":"<p>Aline Forgatti Hell Em 10 de setembro de 2014, Aline Forgatti Hell, aluna de mestrado do programa de P\u00f3s-Gradua\u00e7\u00e3o em Biodiversidade Vegetal e Meio Ambiente do Instituto de Bot\u00e2nica,\u00a0bolsista CAPES, defendeu sua Disserta\u00e7\u00e3o de Mestrado intitulada, \u201cAltera\u00e7\u00f5es metab\u00f3licas em fun\u00e7\u00e3o de vari\u00e1veis ambientais e sua contribui\u00e7\u00e3o para a toler\u00e2ncia \u00e0 perda de \u00e1gua em sementes [&hellip;]<\/p>\n","protected":false},"author":1,"featured_media":0,"parent":249,"menu_order":0,"comment_status":"closed","ping_status":"open","template":"fullpage.php","meta":[],"_links":{"self":[{"href":"https:\/\/www.infraestruturameioambiente.sp.gov.br\/pgibt\/wp-json\/wp\/v2\/pages\/4256"}],"collection":[{"href":"https:\/\/www.infraestruturameioambiente.sp.gov.br\/pgibt\/wp-json\/wp\/v2\/pages"}],"about":[{"href":"https:\/\/www.infraestruturameioambiente.sp.gov.br\/pgibt\/wp-json\/wp\/v2\/types\/page"}],"author":[{"embeddable":true,"href":"https:\/\/www.infraestruturameioambiente.sp.gov.br\/pgibt\/wp-json\/wp\/v2\/users\/1"}],"replies":[{"embeddable":true,"href":"https:\/\/www.infraestruturameioambiente.sp.gov.br\/pgibt\/wp-json\/wp\/v2\/comments?post=4256"}],"version-history":[{"count":0,"href":"https:\/\/www.infraestruturameioambiente.sp.gov.br\/pgibt\/wp-json\/wp\/v2\/pages\/4256\/revisions"}],"up":[{"embeddable":true,"href":"https:\/\/www.infraestruturameioambiente.sp.gov.br\/pgibt\/wp-json\/wp\/v2\/pages\/249"}],"wp:attachment":[{"href":"https:\/\/www.infraestruturameioambiente.sp.gov.br\/pgibt\/wp-json\/wp\/v2\/media?parent=4256"}],"curies":[{"name":"wp","href":"https:\/\/api.w.org\/{rel}","templated":true}]}}