{"id":4246,"date":"2015-02-05T17:36:59","date_gmt":"2015-02-05T19:36:59","guid":{"rendered":"https:\/\/www.infraestruturameioambiente.sp.gov.br\/pgibt\/?page_id=4246"},"modified":"2015-02-05T17:36:59","modified_gmt":"2015-02-05T19:36:59","slug":"2014-tiago-manuel-zanfra-de-melo-e-gouveia","status":"publish","type":"page","link":"https:\/\/www.infraestruturameioambiente.sp.gov.br\/pgibt\/dissertacoesteses\/2014-tiago-manuel-zanfra-de-melo-e-gouveia\/","title":{"rendered":"Tiago Manuel Zanfra de Melo e Gouveia MS"},"content":{"rendered":"<h2 style=\"text-align: center\"><a href=\"https:\/\/smastr16.blob.core.windows.net\/pgibt\/2015\/02\/faixapos6.jpg\"><img decoding=\"async\" loading=\"lazy\" class=\"aligncenter size-full wp-image-3777\" style=\"border: 0px\" alt=\"faixapos6\" src=\"https:\/\/smastr16.blob.core.windows.net\/pgibt\/2015\/02\/faixapos6.jpg\" width=\"950\" height=\"163\" srcset=\"https:\/\/smastr16.blob.core.windows.net\/pgibt\/2015\/02\/faixapos6.jpg 950w, https:\/\/smastr16.blob.core.windows.net\/pgibt\/2015\/02\/faixapos6-768x131.jpg 768w\" sizes=\"(max-width: 950px) 100vw, 950px\" \/><\/a><\/h2>\n<hr align=\"center\" noshade=\"noshade\" size=\"1\" width=\"100%\" \/>\n<h2 style=\"text-align: center\"><span style=\"color: #003300\">Tiago Manuel Zanfra de Melo e Gouveia<\/span><\/h2>\n<hr align=\"center\" noshade=\"noshade\" size=\"1\" width=\"100%\" \/>\n<p style=\"text-align: center\">Em 07 de abril de 2014, no anfiteatro do Instituto de Bot\u00e2nica de S\u00e3o Paulo (IBt), Tiago Manuel Zanfra de Melo e Gouveia,\u00a0aluno de mestrado do programa de P\u00f3s-Gradua\u00e7\u00e3o em Biodiversidade Vegetal e Meio Ambiente do Instituto de Bot\u00e2nica,\u00a0defendeu sua Disserta\u00e7\u00e3o de Mestrado intitulada<br \/>\n\u201cHibrida\u00e7\u00e3o e isolamento reprodutivo entre <em>Epidendrum secundum<\/em> Jacq e <em>E. xanthinum <\/em>Lindl (Orchidaceae) na Serra dos \u00d3rg\u00e3os \u2013 RJ\u201d.<\/p>\n<p style=\"text-align: center\"><a href=\"https:\/\/smastr16.blob.core.windows.net\/pgibt\/2015\/02\/Tiago_MZM_Gouveia.jpg\"><img decoding=\"async\" loading=\"lazy\" class=\"aligncenter  wp-image-4248\" alt=\"Tiago_MZM_Gouveia\" src=\"https:\/\/smastr16.blob.core.windows.net\/pgibt\/2015\/02\/Tiago_MZM_Gouveia.jpg\" width=\"479\" height=\"246\" \/><\/a><\/p>\n<p style=\"text-align: center\">A banca examinadora foi presidida pelo Dr. F\u00e1bio Pinheiro, Pesquisador do N\u00facleo de Pesquisa do Orquid\u00e1rio do Estado de S\u00e3o Paulo (IBt)<br \/>\ne\u00a0contou com a participa\u00e7\u00e3o do Dr. Evandro Marsola de Moraes e do<br \/>\nDr. Fernando de Faria Franco do ambos do Departamento de Biologia da Universidade Federal de S\u00e3o Carlos (UFSCAR) campus Sorocaba.<\/p>\n<hr align=\"center\" noshade=\"noshade\" size=\"1\" width=\"100%\" \/>\n<h3 style=\"text-align: center\">Hibrida\u00e7\u00e3o e isolamento reprodutivo entre\u00a0<em>Epidendrum secundum<\/em>\u00a0Jacq e\u00a0<em>E. xanthinum\u00a0<\/em>Lindl (Orchidaceae)<br \/>\nna Serra dos \u00d3rg\u00e3os \u2013 RJ<\/h3>\n<hr align=\"center\" noshade=\"noshade\" size=\"1\" width=\"100%\" \/>\n<h4 style=\"text-align: center\"><strong>RESUMO<\/strong><\/h4>\n<p style=\"text-align: justify\">Zonas de hibrida\u00e7\u00e3o natural tem sido alvo de estudos para melhor compreender os fen\u00f4menos de especia\u00e7\u00e3o, hibrida\u00e7\u00e3o e introgress\u00e3o. Diversas esp\u00e9cies da fam\u00edlia Orchidaceae apresentam fracas barreiras reprodutivas pr\u00e9-cruzamento, especialmente quando realizam poliniza\u00e7\u00e3o por engodo alimentar. A baixa especificidade do polinizador permite transfer\u00eancia de p\u00f3len entre esp\u00e9cies diferentes, o que leva a forma\u00e7\u00e3o de h\u00edbridos. Neste contexto, o isolamento reprodutivo entre esp\u00e9cies distintas envolve diversas barreiras, que atuam em diferentes etapas da reprodu\u00e7\u00e3o. A intensidade de tais barreiras \u00e9 muito vari\u00e1vel de grupo para grupo, podendo nenhuma delas ser completa, mas o conjunto delas pode determinar um grau de isolamento reprodutivo suficiente para garantir a coes\u00e3o das esp\u00e9cies. Em muitos casos a exist\u00eancia de h\u00edbridos n\u00e3o significa que exista fluxo g\u00eanico entre as esp\u00e9cies, porque outras barreiras podem atuar mantendo a coes\u00e3o das esp\u00e9cies parentais. Marcadores moleculares de regi\u00f5es neutras do DNA nuclear e plastidial t\u00eam sido frequentemente empregados para caracterizar a estrutura gen\u00e9tica e padr\u00f5es de diversidade em zonas de hibrida\u00e7\u00e3o natural. Neste estudo, uma extensa zona de hibrida\u00e7\u00e3o natural entre duas esp\u00e9cies de orqu\u00eddeas, <em>Epidendrum secundum<\/em> e <em>E. xanthinum<\/em> foi investigada, localizada na Serra dos \u00d3rg\u00e3os, regi\u00e3o serrana do Rio de Janeiro. Indiv\u00edduos de ambas as esp\u00e9cies parentais e supostos indiv\u00edduos h\u00edbridos foram analisados utilizando marcadores microssat\u00e9lites nucleares e plastidiais, e cruzamentos rec\u00edprocos foram conduzidos com esp\u00e9cimes em cultivo. Foi observada uma grande viabilidade nos cruzamentos interespec\u00edficos utilizando indiv\u00edduos de <em>E. secundum<\/em> e <em>E. xanthinum<\/em>. Por\u00e9m, a presen\u00e7a de barreiras pr\u00e9-zig\u00f3ticas (aus\u00eancia de forma\u00e7\u00e3o de frutos) e p\u00f3s-zig\u00f3ticas (inviabilidade de sementes) foi observada nos cruzamentos envolvendo apenas h\u00edbridos, e entre esp\u00e9cimes parentais e h\u00edbridos. O teste de atribui\u00e7\u00e3o Bayesiana do programa STRUCTURE revelou a natureza h\u00edbrida dos indiv\u00edduos com caracteres intermedi\u00e1rios e tamb\u00e9m de alguns indiv\u00edduos classificados morfologicamente como pertencentes \u00e0s esp\u00e9cies parentais. Foram identificados 42 h\u00edbridos com hapl\u00f3tipos do DNA plastidial tanto de <em>E. secundum <\/em>quanto de <em>E. xanthinum<\/em>, indicando que a hibrida\u00e7\u00e3o \u00e9 bastante comum e ocorre de forma bidirecional. A aus\u00eancia de compartilhamento de hapl\u00f3tipos entre as esp\u00e9cies parentais, e a baixa fertilidade dos cruzamentos envolvendo h\u00edbridos sugere que a hibrida\u00e7\u00e3o entre <em>E. secundum<\/em> e <em>E. xanthinum<\/em> se restringe a forma\u00e7\u00e3o de indiv\u00edduos F<sub>1<\/sub>, e que a introgress\u00e3o entre as esp\u00e9cies \u00e9 pouco prov\u00e1vel. Isto indica que barreiras reprodutivas p\u00f3s-zig\u00f3ticas de a\u00e7\u00e3o tardia, podem desempenhar um papel importante na coes\u00e3o destas esp\u00e9cies.<\/p>\n<p style=\"text-align: justify\"><strong>Palavras-chave: <\/strong>Orchidaceae, microssat\u00e9lites, biologia reprodutiva, zona de hibrida\u00e7\u00e3o.<\/p>\n<p style=\"text-align: justify\"><a href=\"https:\/\/smastr16.blob.core.windows.net\/pgibt\/2015\/02\/Tiago_Gouveia_Epidendrum_varieties.jpg\"><img decoding=\"async\" loading=\"lazy\" class=\"aligncenter size-full wp-image-4247\" alt=\"Tiago_Gouveia_Epidendrum_varieties\" src=\"https:\/\/smastr16.blob.core.windows.net\/pgibt\/2015\/02\/Tiago_Gouveia_Epidendrum_varieties.jpg\" width=\"425\" height=\"211\" \/><\/a><\/p>\n<p style=\"text-align: center\"><em>Epidendrum varieties<\/em><\/p>\n<hr align=\"center\" noshade=\"noshade\" size=\"1\" width=\"100%\" \/>\n<p style=\"text-align: center\"><a href=\"https:\/\/smastr16.blob.core.windows.net\/pgibt\/2013\/09\/pdf_grande.gif\"><img decoding=\"async\" loading=\"lazy\" class=\"aligncenter size-full wp-image-2313\" style=\"border: 0px\" alt=\"pdf_grande\" src=\"https:\/\/smastr16.blob.core.windows.net\/pgibt\/2013\/09\/pdf_grande.gif\" width=\"60\" height=\"60\" \/><\/a><a href=\"https:\/\/smastr16.blob.core.windows.net\/pgibt\/2015\/02\/Tiago_MZM_Gouveia_MS.pdf\" target=\"_blank\">Tiago Manuel Zanfra de Melo e Gouveia<br \/>\nHibrida\u00e7\u00e3o e isolamento reprodutivo entre\u00a0<em>Epidendrum secundum<\/em>\u00a0Jacq e\u00a0<em>E. xanthinum\u00a0<\/em>Lindl (Orchidaceae) na Serra dos \u00d3rg\u00e3os \u2013 RJ.<\/a><\/p>\n<hr align=\"center\" noshade=\"noshade\" size=\"1\" width=\"100%\" \/>\n<p style=\"text-align: center\"><strong>\u00a0<a href=\"https:\/\/www.infraestruturameioambiente.sp.gov.br\/pgibt\/dissertacoesteses\/\">VOLTAR AS DISSERTA\u00c7\u00d5ES E TESES<\/a><\/strong><\/p>\n<hr align=\"center\" noshade=\"noshade\" size=\"1\" width=\"100%\" \/>\n","protected":false},"excerpt":{"rendered":"<p>Tiago Manuel Zanfra de Melo e Gouveia Em 07 de abril de 2014, no anfiteatro do Instituto de Bot\u00e2nica de S\u00e3o Paulo (IBt), Tiago Manuel Zanfra de Melo e Gouveia,\u00a0aluno de mestrado do programa de P\u00f3s-Gradua\u00e7\u00e3o em Biodiversidade Vegetal e Meio Ambiente do Instituto de Bot\u00e2nica,\u00a0defendeu sua Disserta\u00e7\u00e3o de Mestrado intitulada \u201cHibrida\u00e7\u00e3o e isolamento reprodutivo [&hellip;]<\/p>\n","protected":false},"author":1,"featured_media":0,"parent":249,"menu_order":0,"comment_status":"closed","ping_status":"open","template":"fullpage.php","meta":[],"_links":{"self":[{"href":"https:\/\/www.infraestruturameioambiente.sp.gov.br\/pgibt\/wp-json\/wp\/v2\/pages\/4246"}],"collection":[{"href":"https:\/\/www.infraestruturameioambiente.sp.gov.br\/pgibt\/wp-json\/wp\/v2\/pages"}],"about":[{"href":"https:\/\/www.infraestruturameioambiente.sp.gov.br\/pgibt\/wp-json\/wp\/v2\/types\/page"}],"author":[{"embeddable":true,"href":"https:\/\/www.infraestruturameioambiente.sp.gov.br\/pgibt\/wp-json\/wp\/v2\/users\/1"}],"replies":[{"embeddable":true,"href":"https:\/\/www.infraestruturameioambiente.sp.gov.br\/pgibt\/wp-json\/wp\/v2\/comments?post=4246"}],"version-history":[{"count":0,"href":"https:\/\/www.infraestruturameioambiente.sp.gov.br\/pgibt\/wp-json\/wp\/v2\/pages\/4246\/revisions"}],"up":[{"embeddable":true,"href":"https:\/\/www.infraestruturameioambiente.sp.gov.br\/pgibt\/wp-json\/wp\/v2\/pages\/249"}],"wp:attachment":[{"href":"https:\/\/www.infraestruturameioambiente.sp.gov.br\/pgibt\/wp-json\/wp\/v2\/media?parent=4246"}],"curies":[{"name":"wp","href":"https:\/\/api.w.org\/{rel}","templated":true}]}}