{"id":4226,"date":"2015-02-05T17:06:54","date_gmt":"2015-02-05T19:06:54","guid":{"rendered":"https:\/\/www.infraestruturameioambiente.sp.gov.br\/pgibt\/?page_id=4226"},"modified":"2015-02-05T17:06:54","modified_gmt":"2015-02-05T19:06:54","slug":"2014-andressa-ribeiro-dos-santos","status":"publish","type":"page","link":"https:\/\/www.infraestruturameioambiente.sp.gov.br\/pgibt\/dissertacoesteses\/2014-andressa-ribeiro-dos-santos\/","title":{"rendered":"Andressa Ribeiro dos Santos MS"},"content":{"rendered":"<h2 style=\"text-align: center\"><a href=\"https:\/\/smastr16.blob.core.windows.net\/pgibt\/2015\/02\/faixapos6.jpg\"><img decoding=\"async\" loading=\"lazy\" class=\"aligncenter size-full wp-image-3777\" style=\"border: 0px\" alt=\"faixapos6\" src=\"https:\/\/smastr16.blob.core.windows.net\/pgibt\/2015\/02\/faixapos6.jpg\" width=\"950\" height=\"163\" srcset=\"https:\/\/smastr16.blob.core.windows.net\/pgibt\/2015\/02\/faixapos6.jpg 950w, https:\/\/smastr16.blob.core.windows.net\/pgibt\/2015\/02\/faixapos6-768x131.jpg 768w\" sizes=\"(max-width: 950px) 100vw, 950px\" \/><\/a><\/h2>\n<hr align=\"center\" noshade=\"noshade\" size=\"1\" width=\"100%\" \/>\n<h2 style=\"text-align: center\"><span style=\"color: #003300\">Andressa Ribeiro dos Santos<\/span><\/h2>\n<hr align=\"center\" noshade=\"noshade\" size=\"1\" width=\"100%\" \/>\n<p style=\"text-align: center\">No dia 24 de abril de 2014, a aluna da P\u00f3s-gradua\u00e7\u00e3o em Biodiversidade Vegetal e Meio Ambiente do Instituto de Bot\u00e2nica de S\u00e3o Paulo (IBt),<br \/>\nAndressa Ribeiro dos Santos,\u00a0 defendeu sua disserta\u00e7\u00e3o de Mestrado intitulada:<br \/>\n\u201cProdu\u00e7\u00e3o, estoque e nutrientes da serapilheira em Floresta Ombr\u00f3fila Densa do Parque Estadual das Fontes do Ipiranga, S\u00e3o Paulo, Brasil\u201d.<\/p>\n<p style=\"text-align: center\">A banca examinadora foi composta pela orientadora Dra. M\u00e1rcia In\u00eas Martin Silveira Lopes do N\u00facleo de Pesquisas em Ecologia (IBt), pelo Dr. Ant\u00f4nio Carlos da Gama-Rodrigues do Laborat\u00f3rio de Solos (UENF) e pelo Dr. Marcos Vinicius Winckler Caldeira do Departamento de Ci\u00eancias Florestais e da Madeira (UFES).<\/p>\n<p style=\"text-align: center\"><a href=\"https:\/\/smastr16.blob.core.windows.net\/pgibt\/2015\/02\/andressa.jpg\"><img decoding=\"async\" loading=\"lazy\" class=\"aligncenter size-full wp-image-4227\" alt=\"andressa\" src=\"https:\/\/smastr16.blob.core.windows.net\/pgibt\/2015\/02\/andressa.jpg\" width=\"354\" height=\"261\" srcset=\"https:\/\/smastr16.blob.core.windows.net\/pgibt\/2015\/02\/andressa.jpg 354w, https:\/\/smastr16.blob.core.windows.net\/pgibt\/2015\/02\/andressa-768x566.jpg 768w\" sizes=\"(max-width: 354px) 100vw, 354px\" \/><\/a><\/p>\n<p style=\"text-align: center\">Componentes da banca avaliadora da defesa de mestrado.<br \/>\nDa esquerda para direita, o professor Dr. Ant\u00f4nio Carlos da Gama-Rodrigues, a aluna Andressa Ribeiro dos Santos,<br \/>\na orientadora Dra. M\u00e1rcia In\u00eas Martin Silveira Lopes e o professor Dr. Marcos Vinicius Winckler Caldeira.<\/p>\n<p style=\"text-align: justify\">A pesquisa desenvolvida vem contribuir para o estudo da ciclagem de nutrientes pela serapilheira em floresta urbana ocupada por bambus. Ressalta-se, al\u00e9m disso, que o trabalho desenvolvido \u00e9 um estudo de longa dura\u00e7\u00e3o (2008-2012). O Parque Estadual das Fontes do Ipiranga, local onde foi localizado o estudo, \u00e9 um remanescente preservado de Mata Atl\u00e2ntica inserido totalmente na \u00e1rea urbana, sendo a terceira maior Unidade de Conserva\u00e7\u00e3o do munic\u00edpio de S\u00e3o Paulo. O conhecimento acerca da din\u00e2mica da serapilheira em \u00e1reas com diferentes graus de ocupa\u00e7\u00e3o pelos bambus torna-se fonte b\u00e1sica de informa\u00e7\u00e3o sobre os impactos na funcionalidade desta floresta e de outras \u00e1reas que estejam em situa\u00e7\u00e3o semelhante.<\/p>\n<p style=\"text-align: justify\"><a href=\"https:\/\/smastr16.blob.core.windows.net\/pgibt\/2015\/02\/andressa1.jpg\"><img decoding=\"async\" loading=\"lazy\" class=\"aligncenter size-full wp-image-4228\" alt=\"andressa1\" src=\"https:\/\/smastr16.blob.core.windows.net\/pgibt\/2015\/02\/andressa1.jpg\" width=\"228\" height=\"261\" srcset=\"https:\/\/smastr16.blob.core.windows.net\/pgibt\/2015\/02\/andressa1.jpg 228w, https:\/\/smastr16.blob.core.windows.net\/pgibt\/2015\/02\/andressa1-768x879.jpg 768w\" sizes=\"(max-width: 228px) 100vw, 228px\" \/><\/a><\/p>\n<hr align=\"center\" noshade=\"noshade\" size=\"1\" width=\"100%\" \/>\n<h3 style=\"text-align: center\">Produ\u00e7\u00e3o, estoque e nutrientes da serapilheira em Floresta Ombr\u00f3fila Densa do<br \/>\nParque Estadual das Fontes do Ipiranga, S\u00e3o Paulo, Brasil<\/h3>\n<hr align=\"center\" noshade=\"noshade\" size=\"1\" width=\"100%\" \/>\n<h4 style=\"text-align: center\"><strong>RESUMO<\/strong><\/h4>\n<p style=\"text-align: justify\">A produ\u00e7\u00e3o de serapilheira \u00e9 considerada a principal via de transfer\u00eancia de mat\u00e9ria org\u00e2nica e nutrientes no sistema solo-planta. Este material acumulado sobre o solo representa um importante estoque de minerais que s\u00f3 podem ser reutilizados pelas comunidades vegetais ap\u00f3s ser decomposto. Desta forma, a avalia\u00e7\u00e3o destes compartimentos \u00e9 de fundamental import\u00e2ncia para o entendimento da ciclagem de nutrientes, podendo, tamb\u00e9m, indicar os impactos antr\u00f3picos e\/ou naturais e a funcionalidade do ecossistema. Quando as florestas sofrem algum tipo de perturba\u00e7\u00e3o o processo de regenera\u00e7\u00e3o de suas clareiras pode ser dominado por esp\u00e9cies de bambus. As influ\u00eancias do florescimento e morte do bambu na din\u00e2mica florestal s\u00e3o pouco entendidos devido \u00e0 raridade destes eventos, uma vez que a esp\u00e9cie apresenta um longo crescimento vegetativo.\u00a0 Assim, este estudo teve como objetivo estimar, durante o per\u00edodo de quatro anos (2008-2012), a produ\u00e7\u00e3o e o ac\u00famulo de serapilheira, bem como o retorno de nutrientes ao solo da Floresta Ombr\u00f3fila Densa do Parque Estadual das Fontes do Ipiranga (PEFI) em dois trechos, sendo um com subosque dominado pelo bambu <em>Aulonemia aristulata<\/em> e outro mais preservado. A quest\u00e3o principal foi avaliar como a domin\u00e2ncia do subosque pelo bambu <em>A. aristulata<\/em>, ap\u00f3s o evento de sua flora\u00e7\u00e3o e morte ocorrido entre 2007 e 2008, afetou a produ\u00e7\u00e3o e o ac\u00famulo de serapilheira, bem como a ciclagem de elementos minerais nessa floresta. A produ\u00e7\u00e3o de serapilheira na floresta do PEFI variou significativamente entre os locais estudados, sendo maior no trecho mais preservado (8315 \u00b1 1495 kg ha<sup>-1 <\/sup>ano<sup>-1<\/sup>) do que naquele dominado pelo bambu (6770 \u00b1 1122 kg ha<sup>-1 <\/sup>ano<sup>-1<\/sup>), devido \u00e0 contribui\u00e7\u00e3o das fra\u00e7\u00f5es foliar e lenhosa, principalmente. A deposi\u00e7\u00e3o foi cont\u00ednua ao longo de todo o per\u00edodo estudado, com maior queda de folhas entre novembro e dezembro; de partes lenhosas entre janeiro e fevereiro e de flores, frutos e sementes entre outubro e fevereiro. O estoque de serapilheira acumulado sobre o solo foi tamb\u00e9m maior no trecho mais preservado (10338 \u00b1 349 kg ha<sup>-1<\/sup>) do que naquele com domin\u00e2ncia de bambu no subosque (7090 \u00b1 236 kg ha<sup>-1<\/sup>), indicando maior taxa de renova\u00e7\u00e3o e de ciclagem do material org\u00e2nico em locais mais perturbados (K = 0,96) do que nos mais preservados (K = 0,80). Os picos de maior e menor queda de serapilheira coincidiram com os estoques acumulados no solo, sendo estes maiores no per\u00edodo \u00famido (janeiro-mar\u00e7o). Os teores de nutrientes na serapilheira produzida pela floresta do PEFI foram vari\u00e1veis, sendo que a \u00e1rea com domin\u00e2ncia de bambu no subosque apresentou maiores concentra\u00e7\u00f5es de nitrog\u00eanio, f\u00f3sforo, magn\u00e9sio e mangan\u00eas, enquanto a mais preservada de c\u00e1lcio, boro, cobre, ferro, e zinco. Por outro lado, na serapilheira acumulada, apenas o mangan\u00eas manteve os maiores teores no trecho com domin\u00e2ncia de bambu, enquanto o nitrog\u00eanio, o c\u00e1lcio, o enxofre, o boro e o zinco foram mais altos no trecho mais preservado. O retorno anual de nutrientes ao solo pela serapilheira produzida na floresta do PEFI variou, em kg ha<sup>-1<\/sup>, de 117-130 para nitrog\u00eanio, 58-81 para c\u00e1lcio, 17-23 para pot\u00e1ssio, 12-13 para mangan\u00eas, 11-13 para magn\u00e9sio, 9-13 para enxofre, 3-4 para f\u00f3sforo e ferro, 0,5-0,8 para zinco, 0,3-0,5 para boro e 0,1-0,2 pra cobre, sendo, na maioria dos casos, maior no trecho sem dom\u00ednio do bambu. Os reservat\u00f3rios de nutrientes na serapilheira acumulada foram, tamb\u00e9m, superiores na \u00e1rea mais preservada. O florescimento e morte massiva do bambu <em>A. aristulata<\/em> na floresta do PEFI n\u00e3o influenciaram a produ\u00e7\u00e3o de serapilheira, bem como seus fluxos e estoques de nutrientes. A ciclagem de nutrientes e a din\u00e2mica da serapilheira na \u00e1rea dominada pelo bambu, portanto, est\u00e1 mais relacionada ao hist\u00f3rico de ocupa\u00e7\u00e3o da floresta pela esp\u00e9cie do que ao impacto acarretado pelo seu florescimento e morte massiva.<\/p>\n<p style=\"text-align: justify\"><strong>Palavras-chave:<\/strong> Mata Atl\u00e2ntica, floresta urbana, bambu.<\/p>\n<hr align=\"center\" noshade=\"noshade\" size=\"1\" width=\"100%\" \/>\n<p style=\"text-align: center\"><a href=\"https:\/\/smastr16.blob.core.windows.net\/pgibt\/2013\/09\/pdf_grande.gif\"><img decoding=\"async\" loading=\"lazy\" class=\"aligncenter size-full wp-image-2313\" style=\"border: 0px\" alt=\"pdf_grande\" src=\"https:\/\/smastr16.blob.core.windows.net\/pgibt\/2013\/09\/pdf_grande.gif\" width=\"60\" height=\"60\" \/><\/a><a href=\"https:\/\/smastr16.blob.core.windows.net\/pgibt\/2015\/02\/Andressa_Ribeiro_dos_Santos_MS.pdf\" target=\"_blank\">Andressa Ribeiro dos Santos<br \/>\nProdu\u00e7\u00e3o, estoque e nutrientes da serapilheira em Floresta Ombr\u00f3fila Densa do Parque Estadual das Fontes do Ipiranga, S\u00e3o Paulo, Brasil<br \/>\n<\/a><\/p>\n<hr align=\"center\" noshade=\"noshade\" size=\"1\" width=\"100%\" \/>\n<p style=\"text-align: center\"><strong>\u00a0<a href=\"https:\/\/www.infraestruturameioambiente.sp.gov.br\/pgibt\/dissertacoesteses\/\">VOLTAR AS DISSERTA\u00c7\u00d5ES E TESES<\/a><\/strong><\/p>\n<hr align=\"center\" noshade=\"noshade\" size=\"1\" width=\"100%\" \/>\n","protected":false},"excerpt":{"rendered":"<p>Andressa Ribeiro dos Santos No dia 24 de abril de 2014, a aluna da P\u00f3s-gradua\u00e7\u00e3o em Biodiversidade Vegetal e Meio Ambiente do Instituto de Bot\u00e2nica de S\u00e3o Paulo (IBt), Andressa Ribeiro dos Santos,\u00a0 defendeu sua disserta\u00e7\u00e3o de Mestrado intitulada: \u201cProdu\u00e7\u00e3o, estoque e nutrientes da serapilheira em Floresta Ombr\u00f3fila Densa do Parque Estadual das Fontes do [&hellip;]<\/p>\n","protected":false},"author":1,"featured_media":0,"parent":249,"menu_order":0,"comment_status":"closed","ping_status":"open","template":"fullpage.php","meta":[],"_links":{"self":[{"href":"https:\/\/www.infraestruturameioambiente.sp.gov.br\/pgibt\/wp-json\/wp\/v2\/pages\/4226"}],"collection":[{"href":"https:\/\/www.infraestruturameioambiente.sp.gov.br\/pgibt\/wp-json\/wp\/v2\/pages"}],"about":[{"href":"https:\/\/www.infraestruturameioambiente.sp.gov.br\/pgibt\/wp-json\/wp\/v2\/types\/page"}],"author":[{"embeddable":true,"href":"https:\/\/www.infraestruturameioambiente.sp.gov.br\/pgibt\/wp-json\/wp\/v2\/users\/1"}],"replies":[{"embeddable":true,"href":"https:\/\/www.infraestruturameioambiente.sp.gov.br\/pgibt\/wp-json\/wp\/v2\/comments?post=4226"}],"version-history":[{"count":0,"href":"https:\/\/www.infraestruturameioambiente.sp.gov.br\/pgibt\/wp-json\/wp\/v2\/pages\/4226\/revisions"}],"up":[{"embeddable":true,"href":"https:\/\/www.infraestruturameioambiente.sp.gov.br\/pgibt\/wp-json\/wp\/v2\/pages\/249"}],"wp:attachment":[{"href":"https:\/\/www.infraestruturameioambiente.sp.gov.br\/pgibt\/wp-json\/wp\/v2\/media?parent=4226"}],"curies":[{"name":"wp","href":"https:\/\/api.w.org\/{rel}","templated":true}]}}