{"id":4219,"date":"2015-02-05T16:46:20","date_gmt":"2015-02-05T18:46:20","guid":{"rendered":"https:\/\/www.infraestruturameioambiente.sp.gov.br\/pgibt\/?page_id=4219"},"modified":"2015-02-05T16:46:20","modified_gmt":"2015-02-05T18:46:20","slug":"2014-athos-poli-rigui-da-silva","status":"publish","type":"page","link":"https:\/\/www.infraestruturameioambiente.sp.gov.br\/pgibt\/dissertacoesteses\/2014-athos-poli-rigui-da-silva\/","title":{"rendered":"Athos Poli Rigui da Silva MS"},"content":{"rendered":"<h2 style=\"text-align: center\"><a href=\"https:\/\/smastr16.blob.core.windows.net\/pgibt\/2015\/02\/faixapos6.jpg\"><img decoding=\"async\" loading=\"lazy\" class=\"aligncenter size-full wp-image-3777\" style=\"border: 0px\" alt=\"faixapos6\" src=\"https:\/\/smastr16.blob.core.windows.net\/pgibt\/2015\/02\/faixapos6.jpg\" width=\"950\" height=\"163\" srcset=\"https:\/\/smastr16.blob.core.windows.net\/pgibt\/2015\/02\/faixapos6.jpg 950w, https:\/\/smastr16.blob.core.windows.net\/pgibt\/2015\/02\/faixapos6-768x131.jpg 768w\" sizes=\"(max-width: 950px) 100vw, 950px\" \/><\/a><\/h2>\n<hr align=\"center\" noshade=\"noshade\" size=\"1\" width=\"100%\" \/>\n<h2 style=\"text-align: center\"><span style=\"color: #003300\">Athos Poli Rigui da Silva<\/span><\/h2>\n<hr align=\"center\" noshade=\"noshade\" size=\"1\" width=\"100%\" \/>\n<p style=\"text-align: center\">O bi\u00f3logo Athos Poli Rigui da Silva (bolsista PNADB\/CAPES), aluno do Programa de P\u00f3s-gradua\u00e7\u00e3o em Biodiversidade Vegetal e Meio Ambiente do Instituto de Bot\u00e2nica, defendeu sua disserta\u00e7\u00e3o de mestrado intitulada<br \/>\n\u201cN\u00edveis end\u00f3genos de \u00e1cido absc\u00edsico e \u00e1cido indol-3-ac\u00e9tico e sua rela\u00e7\u00e3o com o metabolismo de frutanos em<em>\u00a0Vernonia herbacea\u00a0(<\/em>Vell.) Rusby\u201d<br \/>\nno dia 17 de abril de 2014, no Centro de Estudos em Biodiversidade Vegetal e Meio Ambiente do Instituto de Bot\u00e2nica.<\/p>\n<p style=\"text-align: center\"><a href=\"https:\/\/smastr16.blob.core.windows.net\/pgibt\/2015\/02\/athos.jpg\"><img decoding=\"async\" loading=\"lazy\" class=\"aligncenter size-full wp-image-4220\" alt=\"athos\" src=\"https:\/\/smastr16.blob.core.windows.net\/pgibt\/2015\/02\/athos.jpg\" width=\"425\" height=\"344\" srcset=\"https:\/\/smastr16.blob.core.windows.net\/pgibt\/2015\/02\/athos.jpg 425w, https:\/\/smastr16.blob.core.windows.net\/pgibt\/2015\/02\/athos-768x621.jpg 768w\" sizes=\"(max-width: 425px) 100vw, 425px\" \/><\/a><\/p>\n<p style=\"text-align: center\">\u00a0\u00a0\u00a0\u00a0\u00a0\u00a0\u00a0\u00a0\u00a0\u00a0\u00a0 A banca examinadora foi presidida pela sua orientadora, Dra. Maria Angela Machado de Carvalho (N\u00facleo de Fisiologia e Bioqu\u00edmica \u2013 IBt) e composta pelo Prof. Dr. Jo\u00e3o Paulo Fabi (Departamento de Alimentos e Nutri\u00e7\u00e3o Experimental, FCF-USP) e Prof. Dr. Luciano Freschi (Departamento de Bot\u00e2nica, IB-USP).<\/p>\n<hr align=\"center\" noshade=\"noshade\" size=\"1\" width=\"100%\" \/>\n<h3 style=\"text-align: center\">N\u00edveis end\u00f3genos de \u00e1cido absc\u00edsico e \u00e1cido indol-3-ac\u00e9tico e sua rela\u00e7\u00e3o<br \/>\ncom o metabolismo de frutanos em<em>\u00a0Vernonia herbacea\u00a0(<\/em>Vell.) Rusby<\/h3>\n<hr align=\"center\" noshade=\"noshade\" size=\"1\" width=\"100%\" \/>\n<h4 style=\"text-align: center\"><strong>RESUMO<\/strong><\/h4>\n<p style=\"text-align: justify\">Frutanos s\u00e3o oligo- e polissacar\u00eddeos de frutose, originados da sacarose, que, al\u00e9m da fun\u00e7\u00e3o de reserva em plantas, contribuem para a toler\u00e2ncia \u00e0 seca e \u00e0s baixas temperaturas que ocorrem no Cerrado. <i>Vernonia herbacea<\/i>, Asteraceae do Cerrado, apresenta crescimento sazonal , e acumula frutanos do tipo inulina em seus \u00f3rg\u00e3os subterr\u00e2neos de reserva, os riz\u00f3foros. A s\u00edntese destes carboidratos ocorre predominantemente nos segmentos mais jovens dos riz\u00f3foros (segmentos distais) e se d\u00e1 pela a\u00e7\u00e3o de duas enzimas: sacarose:sacarose 1-frutosiltransferase (1-SST), que catalisa a s\u00edntese do trissacar\u00eddeo 1-cestose e, frutano:frutano 1-frutosiltransferase (1-FFT) que promove tanto o alongamento como a diminui\u00e7\u00e3o das cadeias. A sua despolimeriza\u00e7\u00e3o ocorre principalmente nos segmentos pr\u00f3ximos a inser\u00e7\u00e3o dos ramos a\u00e9reos (segmentos proximais) pela atua\u00e7\u00e3o da frutano 1-exohidrolases (1-FEH). O presente trabalho foi realizado com o objetivo de se estudar as rela\u00e7\u00f5es, j\u00e1 descritas para outras esp\u00e9cies, entre os reguladores hormonais \u00e1cido absc\u00edsico (ABA) e \u00e1cido indol-3-ac\u00e9tico (AIA) e o metabolismo de frutanos, em plantas de <em>V. herbacea<\/em> nos per\u00edodos de transi\u00e7\u00e3o para a dorm\u00eancia (outono e inverno) e para a brota\u00e7\u00e3o (inverno e primavera). As plantas foram coletadas em \u00e1rea de Cerrado na Reserva Biol\u00f3gica e Esta\u00e7\u00e3o Experimental de Mogi-Gua\u00e7u (SP) em diferentes fases de desenvolvimento para an\u00e1lises de frutanos, da atividade e express\u00e3o g\u00eanica das enzimas do seu metabolismo, do teor end\u00f3geno de ABA e AIA nos riz\u00f3foros e parte a\u00e9rea, al\u00e9m das medidas do teor de \u00e1gua nas plantas e umidade do solo. Correla\u00e7\u00f5es positivas entre o aumento de temperatura, de ABA e teor de \u00e1gua na parte a\u00e9rea das plantas, sugere uma estrat\u00e9gia para a manuten\u00e7\u00e3o do status h\u00eddrico. O aumento da taxa de precipita\u00e7\u00e3o nos meses de primavera e ver\u00e3o (per\u00edodo vegetativo) foi concomitante ao aumento da atividade e express\u00e3o do gene da 1-SST nos segmentos distais dos riz\u00f3foros. Neste mesmo per\u00edodo a atividade e express\u00e3o da 1-FEH foi reduzida, enquanto sua maior atividade e express\u00e3o ocorreu na brota\u00e7\u00e3o e, especialmente nos segmentos proximais. O aumento da 1-FEH foi acompanhado de n\u00edveis pr\u00f3ximos de zero de ABA nos segmentos proximais e distais dos riz\u00f3foros, o que deixa claro a associa\u00e7\u00e3o com a mobiliza\u00e7\u00e3o de carboidratos para a emiss\u00e3o e crescimento de novos ramos. A emiss\u00e3o dos primeiros ramos na brota\u00e7\u00e3o foi acompanhada de altos n\u00edveis end\u00f3genos de AIA na parte a\u00e9rea e aumento do teor de fruto-oligossacar\u00eddeos nos segmentos distais dos riz\u00f3foros, mostrando a atua\u00e7\u00e3o deste horm\u00f4nio no desenvolvimento e alogamento dos novos tecidos e favorecimento da s\u00edntese de reservas. O status h\u00eddrico das plantas n\u00e3o mostrou evid\u00eancias de estresse h\u00eddrico nos per\u00edodos analisados, apontando que outros sinalizadores do ambiente podem estar associados \u00e0 entrada das plantas em dorm\u00eancia e na brota\u00e7\u00e3o.<\/p>\n<p style=\"text-align: justify\"><strong>Palavras-chave:<\/strong> Asteraceae, carboidratos de reserva, Cerrado, inulina, \u00f3rg\u00e3os de reserva.<\/p>\n<hr align=\"center\" noshade=\"noshade\" size=\"1\" width=\"100%\" \/>\n<p style=\"text-align: center\"><a href=\"https:\/\/smastr16.blob.core.windows.net\/pgibt\/2013\/09\/pdf_grande.gif\"><img decoding=\"async\" loading=\"lazy\" class=\"aligncenter size-full wp-image-2313\" style=\"border: 0px\" alt=\"pdf_grande\" src=\"https:\/\/smastr16.blob.core.windows.net\/pgibt\/2013\/09\/pdf_grande.gif\" width=\"60\" height=\"60\" \/><\/a><a href=\"https:\/\/smastr16.blob.core.windows.net\/pgibt\/2015\/02\/Athos_Poli_Rigui_MS.pdf\" target=\"_blank\">Athos Poli Rigui da Silva<br \/>\nN\u00edveis end\u00f3genos de \u00e1cido absc\u00edsico e \u00e1cido indol-3-ac\u00e9tico e sua rela\u00e7\u00e3o<br \/>\ncom o metabolismo de frutanos em<em>\u00a0Vernonia herbacea\u00a0(<\/em>Vell.) Rusby<\/a><\/p>\n<hr align=\"center\" noshade=\"noshade\" size=\"1\" width=\"100%\" \/>\n<p style=\"text-align: center\"><strong>\u00a0<a href=\"https:\/\/www.infraestruturameioambiente.sp.gov.br\/pgibt\/dissertacoesteses\/\">VOLTAR AS DISSERTA\u00c7\u00d5ES E TESES<\/a><\/strong><\/p>\n<hr align=\"center\" noshade=\"noshade\" size=\"1\" width=\"100%\" \/>\n","protected":false},"excerpt":{"rendered":"<p>Athos Poli Rigui da Silva O bi\u00f3logo Athos Poli Rigui da Silva (bolsista PNADB\/CAPES), aluno do Programa de P\u00f3s-gradua\u00e7\u00e3o em Biodiversidade Vegetal e Meio Ambiente do Instituto de Bot\u00e2nica, defendeu sua disserta\u00e7\u00e3o de mestrado intitulada \u201cN\u00edveis end\u00f3genos de \u00e1cido absc\u00edsico e \u00e1cido indol-3-ac\u00e9tico e sua rela\u00e7\u00e3o com o metabolismo de frutanos em\u00a0Vernonia herbacea\u00a0(Vell.) Rusby\u201d no [&hellip;]<\/p>\n","protected":false},"author":1,"featured_media":0,"parent":249,"menu_order":0,"comment_status":"closed","ping_status":"open","template":"fullpage.php","meta":[],"_links":{"self":[{"href":"https:\/\/www.infraestruturameioambiente.sp.gov.br\/pgibt\/wp-json\/wp\/v2\/pages\/4219"}],"collection":[{"href":"https:\/\/www.infraestruturameioambiente.sp.gov.br\/pgibt\/wp-json\/wp\/v2\/pages"}],"about":[{"href":"https:\/\/www.infraestruturameioambiente.sp.gov.br\/pgibt\/wp-json\/wp\/v2\/types\/page"}],"author":[{"embeddable":true,"href":"https:\/\/www.infraestruturameioambiente.sp.gov.br\/pgibt\/wp-json\/wp\/v2\/users\/1"}],"replies":[{"embeddable":true,"href":"https:\/\/www.infraestruturameioambiente.sp.gov.br\/pgibt\/wp-json\/wp\/v2\/comments?post=4219"}],"version-history":[{"count":0,"href":"https:\/\/www.infraestruturameioambiente.sp.gov.br\/pgibt\/wp-json\/wp\/v2\/pages\/4219\/revisions"}],"up":[{"embeddable":true,"href":"https:\/\/www.infraestruturameioambiente.sp.gov.br\/pgibt\/wp-json\/wp\/v2\/pages\/249"}],"wp:attachment":[{"href":"https:\/\/www.infraestruturameioambiente.sp.gov.br\/pgibt\/wp-json\/wp\/v2\/media?parent=4219"}],"curies":[{"name":"wp","href":"https:\/\/api.w.org\/{rel}","templated":true}]}}