{"id":4208,"date":"2015-02-05T16:20:00","date_gmt":"2015-02-05T18:20:00","guid":{"rendered":"https:\/\/www.infraestruturameioambiente.sp.gov.br\/pgibt\/?page_id=4208"},"modified":"2015-02-05T16:20:00","modified_gmt":"2015-02-05T18:20:00","slug":"2013-viviana-motato-vasquez","status":"publish","type":"page","link":"https:\/\/www.infraestruturameioambiente.sp.gov.br\/pgibt\/dissertacoesteses\/2013-viviana-motato-vasquez\/","title":{"rendered":"Viviana Motato V\u00e1squez MS"},"content":{"rendered":"<h2 style=\"text-align: center\"><a href=\"https:\/\/smastr16.blob.core.windows.net\/pgibt\/2015\/02\/faixapos6.jpg\"><img decoding=\"async\" loading=\"lazy\" class=\"aligncenter size-full wp-image-3777\" style=\"border: 0px\" alt=\"faixapos6\" src=\"https:\/\/smastr16.blob.core.windows.net\/pgibt\/2015\/02\/faixapos6.jpg\" width=\"950\" height=\"163\" srcset=\"https:\/\/smastr16.blob.core.windows.net\/pgibt\/2015\/02\/faixapos6.jpg 950w, https:\/\/smastr16.blob.core.windows.net\/pgibt\/2015\/02\/faixapos6-768x131.jpg 768w\" sizes=\"(max-width: 950px) 100vw, 950px\" \/><\/a><\/h2>\n<hr align=\"center\" noshade=\"noshade\" size=\"1\" width=\"100%\" \/>\n<h2 style=\"text-align: center\">Viviana Motato V\u00e1squez<\/h2>\n<hr align=\"center\" noshade=\"noshade\" size=\"1\" width=\"100%\" \/>\n<p style=\"text-align: center\">Em 23 de agosto de 2013, no Instituto de Bot\u00e2nica de S\u00e3o Paulo (IBt), Viviana Motato-V\u00e1squez, aluna do programa de P\u00f3s-Gradua\u00e7\u00e3o em Biodiversidade Vegetal e Meio Ambiente do Instituto de Bot\u00e2nica, bolsista CNPq, defendeu sua disserta\u00e7\u00e3o de Mestrado intitulada<br \/>\n\u201cFungos com poros (Hymenochaetales e Polyporales) do Parque Estadual da Cantareira (PEC), S\u00e3o Paulo, SP, Brasil\u201d.<\/p>\n<p style=\"text-align: center\">A banca examinadora foi presidida pela orientadora, Dra. Adriana de Mello Gugliotta, do N\u00facleo de Pesquisa em Micologia (IBt)<br \/>\ne contou com a participa\u00e7\u00e3o da Dra. Vera Lucia Ramos Bononi e da Dra. Agostina Marano.<\/p>\n<p style=\"text-align: center\"><a href=\"https:\/\/smastr16.blob.core.windows.net\/pgibt\/2015\/02\/Viviana.jpg\"><img decoding=\"async\" loading=\"lazy\" class=\"aligncenter  wp-image-4209\" alt=\"Viviana\" src=\"https:\/\/smastr16.blob.core.windows.net\/pgibt\/2015\/02\/Viviana.jpg\" width=\"397\" height=\"364\" \/><\/a><\/p>\n<p style=\"text-align: center\">Dra. Vera Lucia Ramos Bononi, M. Sc. Viviana Motato-V\u00e1squez, Dra. Adriana de Mello Gugliotta e Dra. Agostina Marano.<\/p>\n<hr align=\"center\" noshade=\"noshade\" size=\"1\" width=\"100%\" \/>\n<h3 style=\"text-align: center\">Fungos com poros (Hymenochaetales e Polyporales) do Parque Estadual da Cantareira (PEC), S\u00e3o Paulo, SP, Brasil<\/h3>\n<hr align=\"center\" noshade=\"noshade\" size=\"1\" width=\"100%\" \/>\n<h4 style=\"text-align: center\"><strong>RESUMO<\/strong><\/h4>\n<p style=\"text-align: justify\">Com o prop\u00f3sito de ampliar o conhecimento dos fungos com poros no estado de S\u00e3o Paulo e no Brasil, foi realizado um levantamento no Parque Estadual da Cantareira &#8211; PEC (N\u00facleo Engordador), que abriga uma parcela significativa de Mata Atl\u00e2ntica, considerado um dos biomas mais ricos e amea\u00e7ados do planeta. As coletas foram realizadas entre Setembro de 2011 e Agosto de 2012 e a identifica\u00e7\u00e3o das esp\u00e9cies foi baseada em caracteres macro e microsc\u00f3picos do basidioma. Foram analisados 215 esp\u00e9cimes das ordens Hymenochaetales e Polyporales os quais foram classificados em 70 esp\u00e9cies, 40 g\u00eaneros e nove fam\u00edlias. Das esp\u00e9cies identificadas, quatro s\u00e3o potencialmente novas para a ci\u00eancia, <em>Phellinus setulosus<\/em> (Lloyd.) Imazeki \u00e9 um novo registro para o Brasil, <em>Abundisporus subflexibilis <\/em>(Berk. &amp; M.A. Curtis) Parmasto<i>, <\/i><em>Amauroderma praetervisum<\/em> (Pat.) Torrend<i>, Antrodia malicola <\/i>(Berk. &amp; M.A. Curtis) Donk<i>, <\/i><em>Antrodiella semisupina<\/em> (Berk. &amp; M.A. Curtis) Ryvarden<i>, <\/i><em>Echinoporia inermis<\/em> G. Coelho<i>, <\/i><em>Flabellophora<\/em><i> parva <\/i>Corner<i>, <\/i><em>Microporellus dealbatus<\/em> (Berk. &amp; M.A. Curtis) Murrill<i>, <\/i><em>Phellinus cesatii<\/em> (Bres.) Ryvarden<i>, <\/i><em>Phylloporia spathulata<\/em> (Hook.) Ryvarden<i>, <\/i><em>Rigidoporus undatus<\/em> (Pers.) Donk<i>, <\/i><em>Skeletocutis roseola<\/em> (Rick ex Theiss.) Rajchenb.<i>, <\/i><em>Trametes membranacea<\/em> (Sw.) Kreisel<i>, <\/i>e <em>Tyromces atroalbus<\/em> (Rick) Rajchenb., s\u00e3o novos registros para o estado de S\u00e3o Paulo, enquanro 39 s\u00e3o novos registros para a localidade de estudo. Todas as esp\u00e9cies foram descritas e ilustradas e uma chave de identifica\u00e7\u00e3o para estas \u00e9 proposta. Ainda com o intuito de contribuir para a conserva\u00e7\u00e3o <i>ex situ<\/i> e subsidiar estudos adicionais de taxonomia, filogenia e fisiologia, foram obtidas 15 culturas puras das esp\u00e9cies <em>A. semisupina <\/em>(Berk. &amp; M.A. Curtis) Ryvarden, <em>Coriolopsis rigida<\/em> (Berk. &amp; Mont.) Murrill, <em>Datronia caperata<\/em> (Berk.) Ryvarden, <em>Dichomitus setulosus<\/em> (Henn.) Masuka &amp; Ryvarden, <em>Fomitiporia maxonii<\/em> Murrill, <em>Ganoderma australe<\/em> (Fr.) Pat., <em>Polyporus tenuiculus<\/em> (P. Beauv.) Fr., <em>Pycnoporus sanguineus<\/em> (L.) Murrill, <em>Rigidoporus lineatus<\/em> (Pers.) Ryvarden, <em>R. undatus<\/em> (Pers.) Donk, <em>Schizopora flavipora<\/em> (Berk. &amp; M.A. Curtis ex Cooke) Ryvarden, <em>Tinctoporellus epimiltinus<\/em> (Berk. &amp; Broome) Ryvarden, <em>Trametes elegans<\/em> (Spreng.) Fr., <em>Trametes villosa<\/em> (Sw.) Kreisel e <em>T. atroalbus <\/em>(Rick) Rajchenb. Os isolados foram descritos atrav\u00e9s do m\u00e9todo de Nobles e uma chave de identifica\u00e7\u00e3o foi proposta. <em>Rigidoporus undatus<\/em> foi estudado pela primeira vez no m\u00e9todo de Nobles. A produ\u00e7\u00e3o de enzimas extracelulares tamb\u00e9m foi avaliada qualitativamente e todas as esp\u00e9cies apresentaram produ\u00e7\u00e3o de lacases e peroxidases, exceto <em>S. flavipora<\/em>. A produ\u00e7\u00e3o de celulases somente foi registrada em <em>A. semisupina, D. setulosus, F. maxonii, R. lineatus, R. undatus <\/em>e <em>T. elegans<\/em>. Os isolados tamb\u00e9m foram avaliados na sua capacidade para degradar compostos poluentes como o corante Rhemazol Brilliant Blue-R (RBBR), 13 esp\u00e9cies conseguiram degradar este composto exceto <em>A. semisupina<\/em> e <em>S. flavipora<\/em>. Para a detec\u00e7\u00e3o da produ\u00e7\u00e3o de sider\u00f3foros, os isolados foram testados atrav\u00e9s da modifica\u00e7\u00e3o do \u00e1gar Chrome Azurol-S (CAS), somente <em>C. rigida, P. sanguineus, R. undatus, T. epimiltinus, T. elegans, T. villosa<\/em> e <em>T. atroalbus<\/em> apresentaram resultados positivos.<\/p>\n<p style=\"text-align: justify\"><strong>Palavras-chave: <\/strong>Agaricomycetes, diversidade f\u00fangica, Mata Atl\u00e2ntica, micobiota Neotropical, testes enzim\u00e1ticos.<b><\/b><\/p>\n<hr align=\"center\" noshade=\"noshade\" size=\"1\" width=\"100%\" \/>\n<p style=\"text-align: center\"><a href=\"https:\/\/smastr16.blob.core.windows.net\/pgibt\/2013\/09\/pdf_grande.gif\"><img decoding=\"async\" loading=\"lazy\" class=\"aligncenter size-full wp-image-2313\" style=\"border: 0px\" alt=\"pdf_grande\" src=\"https:\/\/smastr16.blob.core.windows.net\/pgibt\/2013\/09\/pdf_grande.gif\" width=\"60\" height=\"60\" \/><\/a><a href=\"https:\/\/smastr16.blob.core.windows.net\/pgibt\/2015\/02\/Viviana_Motato_Vazquez_MS.pdf\" target=\"_blank\">VIviana Motato-V\u00e1squez<br \/>\nFungos com poros (Hymenochaetales e Polyporales) do Parque Estadual da Cantareira (PEC), S\u00e3o Paulo, SP, Brasil<\/a><\/p>\n<hr align=\"center\" noshade=\"noshade\" size=\"1\" width=\"100%\" \/>\n<p style=\"text-align: center\"><strong>\u00a0<a href=\"https:\/\/www.infraestruturameioambiente.sp.gov.br\/pgibt\/dissertacoesteses\/\">VOLTAR AS DISSERTA\u00c7\u00d5ES E TESES<\/a><\/strong><\/p>\n<hr align=\"center\" noshade=\"noshade\" size=\"1\" width=\"100%\" \/>\n","protected":false},"excerpt":{"rendered":"<p>Viviana Motato V\u00e1squez Em 23 de agosto de 2013, no Instituto de Bot\u00e2nica de S\u00e3o Paulo (IBt), Viviana Motato-V\u00e1squez, aluna do programa de P\u00f3s-Gradua\u00e7\u00e3o em Biodiversidade Vegetal e Meio Ambiente do Instituto de Bot\u00e2nica, bolsista CNPq, defendeu sua disserta\u00e7\u00e3o de Mestrado intitulada \u201cFungos com poros (Hymenochaetales e Polyporales) do Parque Estadual da Cantareira (PEC), S\u00e3o [&hellip;]<\/p>\n","protected":false},"author":1,"featured_media":0,"parent":249,"menu_order":0,"comment_status":"closed","ping_status":"open","template":"fullpage.php","meta":[],"_links":{"self":[{"href":"https:\/\/www.infraestruturameioambiente.sp.gov.br\/pgibt\/wp-json\/wp\/v2\/pages\/4208"}],"collection":[{"href":"https:\/\/www.infraestruturameioambiente.sp.gov.br\/pgibt\/wp-json\/wp\/v2\/pages"}],"about":[{"href":"https:\/\/www.infraestruturameioambiente.sp.gov.br\/pgibt\/wp-json\/wp\/v2\/types\/page"}],"author":[{"embeddable":true,"href":"https:\/\/www.infraestruturameioambiente.sp.gov.br\/pgibt\/wp-json\/wp\/v2\/users\/1"}],"replies":[{"embeddable":true,"href":"https:\/\/www.infraestruturameioambiente.sp.gov.br\/pgibt\/wp-json\/wp\/v2\/comments?post=4208"}],"version-history":[{"count":0,"href":"https:\/\/www.infraestruturameioambiente.sp.gov.br\/pgibt\/wp-json\/wp\/v2\/pages\/4208\/revisions"}],"up":[{"embeddable":true,"href":"https:\/\/www.infraestruturameioambiente.sp.gov.br\/pgibt\/wp-json\/wp\/v2\/pages\/249"}],"wp:attachment":[{"href":"https:\/\/www.infraestruturameioambiente.sp.gov.br\/pgibt\/wp-json\/wp\/v2\/media?parent=4208"}],"curies":[{"name":"wp","href":"https:\/\/api.w.org\/{rel}","templated":true}]}}