{"id":4187,"date":"2015-02-04T16:40:45","date_gmt":"2015-02-04T18:40:45","guid":{"rendered":"https:\/\/www.infraestruturameioambiente.sp.gov.br\/pgibt\/?page_id=4187"},"modified":"2015-02-04T16:40:45","modified_gmt":"2015-02-04T18:40:45","slug":"2014-gustavo-henrique-jeronimo","status":"publish","type":"page","link":"https:\/\/www.infraestruturameioambiente.sp.gov.br\/pgibt\/dissertacoesteses\/2014-gustavo-henrique-jeronimo\/","title":{"rendered":"Gustavo Henrique Jer\u00f4nimo MS"},"content":{"rendered":"<h2 style=\"text-align: center\"><a href=\"https:\/\/smastr16.blob.core.windows.net\/pgibt\/2015\/02\/faixapos6.jpg\"><img decoding=\"async\" loading=\"lazy\" class=\"aligncenter size-full wp-image-3777\" style=\"border: 0px\" alt=\"faixapos6\" src=\"https:\/\/smastr16.blob.core.windows.net\/pgibt\/2015\/02\/faixapos6.jpg\" width=\"950\" height=\"163\" srcset=\"https:\/\/smastr16.blob.core.windows.net\/pgibt\/2015\/02\/faixapos6.jpg 950w, https:\/\/smastr16.blob.core.windows.net\/pgibt\/2015\/02\/faixapos6-768x131.jpg 768w\" sizes=\"(max-width: 950px) 100vw, 950px\" \/><\/a><\/h2>\n<hr align=\"center\" noshade=\"noshade\" size=\"1\" width=\"100%\" \/>\n<h2 style=\"text-align: center\"><span style=\"color: #003300\">Gustavo Henrique Jer\u00f4nimo<\/span><\/h2>\n<hr align=\"center\" noshade=\"noshade\" size=\"1\" width=\"100%\" \/>\n<p style=\"text-align: center\">Em 23 de abril de 2014, no anfiteatro do Instituto de Bot\u00e2nica de S\u00e3o Paulo (IBt), o aluno da P\u00f3s-Gradua\u00e7\u00e3o em Biodiversidade Vegetal e Meio Ambiente do Instituto de Bot\u00e2nica de S\u00e3o Paulo (IBt), Gustavo Henrique Jer\u00f4nimo (Bolsista CAPES\/PNADB), defendeu a sua disserta\u00e7\u00e3o de Mestrado intitulada<br \/>\n\u201cAvalia\u00e7\u00e3o da diversidade de Blastocladiomycota e Chytridiomycota do Parque Estadual da Ilha do Cardoso (PEIC), Canan\u00e9ia, estado de S\u00e3o Paulo, Brasil\u201d.<\/p>\n<p style=\"text-align: center\">A banca examinadora foi composta pela Dra. Carmen Lidia Amorim Pires-Zottarelli (orientadora\/IBt),<br \/>\nDra. Cristiane de Almeida Nascimento (UFPI) e Dra. Rosely Piccolo Grandi (IBt).<\/p>\n<p style=\"text-align: center\"><a href=\"https:\/\/smastr16.blob.core.windows.net\/pgibt\/2015\/02\/gustavo_jeronimo.jpg\"><img decoding=\"async\" loading=\"lazy\" class=\"aligncenter size-full wp-image-4190\" alt=\"gustavo_jeronimo\" src=\"https:\/\/smastr16.blob.core.windows.net\/pgibt\/2015\/02\/gustavo_jeronimo.jpg\" width=\"478\" height=\"338\" srcset=\"https:\/\/smastr16.blob.core.windows.net\/pgibt\/2015\/02\/gustavo_jeronimo.jpg 478w, https:\/\/smastr16.blob.core.windows.net\/pgibt\/2015\/02\/gustavo_jeronimo-768x543.jpg 768w\" sizes=\"(max-width: 478px) 100vw, 478px\" \/><\/a><\/p>\n<p style=\"text-align: center\">A Dra. Cristiane de Almeida Nascimento (UFPI), o aluno Gustavo Henrique Jer\u00f4nimo,<br \/>\na Dra. Carmen Lidia Amorim Pires-Zottarelli (orientadora\/IBt) e a Dra. Rosely Piccolo Grandi<\/p>\n<hr align=\"center\" noshade=\"noshade\" size=\"1\" width=\"100%\" \/>\n<h3 style=\"text-align: center\">Avalia\u00e7\u00e3o da diversidade de Blastocladiomycota e Chytridiomycota do Parque Estadual da Ilha do Cardoso (PEIC), Canan\u00e9ia, estado de S\u00e3o Paulo, Brasil<\/h3>\n<hr align=\"center\" noshade=\"noshade\" size=\"1\" width=\"100%\" \/>\n<h4 style=\"text-align: center\"><strong>RESUMO<\/strong><\/h4>\n<p style=\"text-align: justify\"><b style=\"line-height: 1.5em\">\u00a0<\/b><span style=\"line-height: 1.5em\">O Parque Estadual da Ilha do Cardoso (PEIC), localizado no munic\u00edpio de Canan\u00e9ia, litoral Sul do Estado de S\u00e3o Paulo, constitui um importante fragmento preservado de Mata Atl\u00e2ntica, que representa uma amostra em escala reduzida da diversidade de fitofisionomias presentes na costa Atl\u00e2ntica do Brasil. Embora diversos estudos tenham sido realizados em \u00e1reas de Mata Atl\u00e2ntica do Estado de S\u00e3o Paulo, a diversidade dos fungos zoosp\u00f3ricos dos filos Blastocladiomycota e Chytridiomycota nunca havia sido investigada no PEIC. Sendo assim, o presente estudo teve como objetivo analisar e comparar a riqueza e a diversidade de representantes destes filos nos ecossistemas aqu\u00e1ticos e terrestres do parque. Para isto, de Agosto\/2012 a Junho\/2013, foram realizadas quatro coletas em corpos d\u00b4\u00e1gua doce e solo, em diferentes locais, a fim de se isolar o maior n\u00famero de esp\u00e9cimes. Em laborat\u00f3rio, al\u00edquotas destas amostras foram colocadas em placas de Petri e processadas mediante a t\u00e9cnica de iscagem m\u00faltipla. Para caracteriza\u00e7\u00e3o dos locais de coleta, foram mensurados o pH da \u00e1gua e do solo, o oxig\u00eanio dissolvido na \u00e1gua, a condutividade el\u00e9trica da \u00e1gua, a temperatura da \u00e1gua e do solo, bem como a umidade do solo. De um total de 256 isolamentos, 112 na \u00e1gua e 144 no solo, 34 t\u00e1xons foram identificados, sendo todas primeiras cita\u00e7\u00f5es para o PEIC. Dentre estes, <\/span><em>Chytriomyces lucidus <\/em><span style=\"line-height: 1.5em\">Karling \u00e9 citado pela primeira vez para o Brasil e <\/span><em>Entophlycis lobata <\/em><span style=\"line-height: 1.5em\">Willoughby &amp; Towley e <\/span><em>Phlyctochytriummucronatum<\/em> <span style=\"line-height: 1.5em\">Canter para o Estado de S\u00e3o Paulo. Os valores dos \u00edndices de diversidade de Shannon (H\u2019), domin\u00e2ncia de Simpson (D) e equitatividade (E), bem como o \u00edndice de similaridade de S\u00f8rensen, indicaram uma micota diversa, com poucos t\u00e1xons dominantes, estando a maioria dos t\u00e1xons presentes\u00a0 nas amostras de \u00e1gua e de solo. Os substratos celul\u00f3sicos, utilizados como iscas, foram os que apresentaram maior diversidade, provavelmente reflexo da maior disponibilidade no ambiente e\/ou presen\u00e7a de mecanismos especializados para a degrada\u00e7\u00e3o de compostos celul\u00f3sicos. Oito t\u00e1xons (<\/span><em>Allomyces<\/em> <span style=\"line-height: 1.5em\">sp.1, <\/span><em>Allomyces <\/em><span style=\"line-height: 1.5em\">sp.2, <\/span><em>Cladochytrium replicatum<\/em> <span style=\"line-height: 1.5em\">Karling, <\/span><em>C. tenue <\/em><span style=\"line-height: 1.5em\">Nowakowski, <\/span><em>Entophlyctis luteolus<\/em> <span style=\"line-height: 1.5em\">Longcore, <\/span><em>Nowakowskiella multispora<\/em> <span style=\"line-height: 1.5em\">Karling, <\/span><em>Polychytrium aggregatum <\/em><span style=\"line-height: 1.5em\">Ajello e <\/span><em>Rhizophydium sphaerotheca<\/em> <span style=\"line-height: 1.5em\">Zopf)<\/span><i style=\"line-height: 1.5em\"> <\/i><span style=\"line-height: 1.5em\">foram obtidos em culturas puras, representando aproximadamente 24% do total de t\u00e1xons identificados. As sequ\u00eancias g\u00eanicas destas esp\u00e9cies foram disponibilizadas no GenBank e an\u00e1lises filogen\u00e9ticas preliminares para as regi\u00f5es 18S, ITS e 28S do rDNA foram realizadas utilizando-se os m\u00e9todos de M\u00e1xima Verossimilhan\u00e7a e An\u00e1lise Bayesiana. <\/span><em>Cladochytrium tenue <\/em><span style=\"line-height: 1.5em\">e <\/span><em>N. multispora <\/em><span style=\"line-height: 1.5em\">foram inclu\u00eddas pela primeira vez em an\u00e1lises filogen\u00e9ticas. <\/span><em>C. tenue<\/em><span style=\"line-height: 1.5em\">, esp\u00e9cie tipo do g\u00eanero <\/span><em>Cladochytrium<\/em><span style=\"line-height: 1.5em\">, formalmente classificado entre os representantes da ordem Cladochytriales, apresentou altos valores de suporte\u00a0 com outros dois t\u00e1xons do g\u00eanero <\/span><em>Cladochytrium<\/em><span style=\"line-height: 1.5em\"> (<\/span><em>polystomum<\/em><span style=\"line-height: 1.5em\"> e sp. NBRC) dentro da ordem Chytridiales. Esse posicionamento traz importantes implica\u00e7\u00f5es sobre a nomenclatura e morfologia do g\u00eanero <\/span><em>Cladochytrium<\/em><span style=\"line-height: 1.5em\"> e consequentemente na fam\u00edlia Cladochytriaceae e ordem Cladochytriales. \u00a0<\/span><\/p>\n<p style=\"text-align: justify\"><strong>Palavras Chaves:<\/strong> biodiversidade, filogenia, fungos zoosp\u00f3ricos, Mata Atl\u00e2ntica<\/p>\n<div id=\"attachment_4191\" style=\"width: 402px\" class=\"wp-caption aligncenter\"><a href=\"https:\/\/smastr16.blob.core.windows.net\/pgibt\/2015\/02\/gustavo_jeronimo1.jpg\"><img aria-describedby=\"caption-attachment-4191\" decoding=\"async\" loading=\"lazy\" class=\"size-full wp-image-4191\" alt=\"gustavo_jeronimo1\" src=\"https:\/\/smastr16.blob.core.windows.net\/pgibt\/2015\/02\/gustavo_jeronimo1.jpg\" width=\"392\" height=\"165\" srcset=\"https:\/\/smastr16.blob.core.windows.net\/pgibt\/2015\/02\/gustavo_jeronimo1.jpg 392w, https:\/\/smastr16.blob.core.windows.net\/pgibt\/2015\/02\/gustavo_jeronimo1-768x323.jpg 768w\" sizes=\"(max-width: 392px) 100vw, 392px\" \/><\/a><p id=\"caption-attachment-4191\" class=\"wp-caption-text\">A)<em> Phlyctochytrium furcatum<\/em> Sparrow e B) <em>Entophlyctis lobata<\/em> Willoughby &amp; Towley<\/p><\/div>\n<hr align=\"center\" noshade=\"noshade\" size=\"1\" width=\"100%\" \/>\n<p style=\"text-align: center\"><a href=\"https:\/\/smastr16.blob.core.windows.net\/pgibt\/2013\/09\/pdf_grande.gif\"><img decoding=\"async\" loading=\"lazy\" class=\"aligncenter size-full wp-image-2313\" style=\"border: 0px\" alt=\"pdf_grande\" src=\"https:\/\/smastr16.blob.core.windows.net\/pgibt\/2013\/09\/pdf_grande.gif\" width=\"60\" height=\"60\" \/><\/a><a href=\"https:\/\/smastr16.blob.core.windows.net\/pgibt\/2015\/02\/Gustavo_Henrique_Jeronimo_MS.pdf\" target=\"_blank\">Gustavo Henrique Jer\u00f4nimo<br \/>\nAvalia\u00e7\u00e3o da diversidade de Blastocladiomycota e Chytridiomycota do Parque Estadual da Ilha do Cardoso (PEIC), Canan\u00e9ia, estado de S\u00e3o Paulo, Brasil<\/a><\/p>\n<hr align=\"center\" noshade=\"noshade\" size=\"1\" width=\"100%\" \/>\n<p style=\"text-align: center\"><strong>\u00a0<a href=\"https:\/\/www.infraestruturameioambiente.sp.gov.br\/pgibt\/dissertacoesteses\/\">VOLTAR AS DISSERTA\u00c7\u00d5ES E TESES<\/a><\/strong><\/p>\n<hr align=\"center\" noshade=\"noshade\" size=\"1\" width=\"100%\" \/>\n","protected":false},"excerpt":{"rendered":"<p>Gustavo Henrique Jer\u00f4nimo Em 23 de abril de 2014, no anfiteatro do Instituto de Bot\u00e2nica de S\u00e3o Paulo (IBt), o aluno da P\u00f3s-Gradua\u00e7\u00e3o em Biodiversidade Vegetal e Meio Ambiente do Instituto de Bot\u00e2nica de S\u00e3o Paulo (IBt), Gustavo Henrique Jer\u00f4nimo (Bolsista CAPES\/PNADB), defendeu a sua disserta\u00e7\u00e3o de Mestrado intitulada \u201cAvalia\u00e7\u00e3o da diversidade de Blastocladiomycota e [&hellip;]<\/p>\n","protected":false},"author":1,"featured_media":0,"parent":249,"menu_order":0,"comment_status":"closed","ping_status":"open","template":"fullpage.php","meta":[],"_links":{"self":[{"href":"https:\/\/www.infraestruturameioambiente.sp.gov.br\/pgibt\/wp-json\/wp\/v2\/pages\/4187"}],"collection":[{"href":"https:\/\/www.infraestruturameioambiente.sp.gov.br\/pgibt\/wp-json\/wp\/v2\/pages"}],"about":[{"href":"https:\/\/www.infraestruturameioambiente.sp.gov.br\/pgibt\/wp-json\/wp\/v2\/types\/page"}],"author":[{"embeddable":true,"href":"https:\/\/www.infraestruturameioambiente.sp.gov.br\/pgibt\/wp-json\/wp\/v2\/users\/1"}],"replies":[{"embeddable":true,"href":"https:\/\/www.infraestruturameioambiente.sp.gov.br\/pgibt\/wp-json\/wp\/v2\/comments?post=4187"}],"version-history":[{"count":0,"href":"https:\/\/www.infraestruturameioambiente.sp.gov.br\/pgibt\/wp-json\/wp\/v2\/pages\/4187\/revisions"}],"up":[{"embeddable":true,"href":"https:\/\/www.infraestruturameioambiente.sp.gov.br\/pgibt\/wp-json\/wp\/v2\/pages\/249"}],"wp:attachment":[{"href":"https:\/\/www.infraestruturameioambiente.sp.gov.br\/pgibt\/wp-json\/wp\/v2\/media?parent=4187"}],"curies":[{"name":"wp","href":"https:\/\/api.w.org\/{rel}","templated":true}]}}