{"id":418,"date":"2013-09-13T11:33:49","date_gmt":"2013-09-13T14:33:49","guid":{"rendered":"https:\/\/www.infraestruturameioambiente.sp.gov.br\/pgibt\/?page_id=418"},"modified":"2013-09-13T11:33:49","modified_gmt":"2013-09-13T14:33:49","slug":"2005-denise-soares","status":"publish","type":"page","link":"https:\/\/www.infraestruturameioambiente.sp.gov.br\/pgibt\/dissertacoesteses\/2005-denise-soares\/","title":{"rendered":"Denise Soares Bacci MS"},"content":{"rendered":"<h2 style=\"text-align: center\"><a href=\"https:\/\/smastr16.blob.core.windows.net\/pgibt\/2015\/02\/faixapos6.jpg\"><img decoding=\"async\" loading=\"lazy\" class=\"aligncenter size-full wp-image-3777\" style=\"border: 0px\" alt=\"faixapos6\" src=\"https:\/\/smastr16.blob.core.windows.net\/pgibt\/2015\/02\/faixapos6.jpg\" width=\"950\" height=\"163\" srcset=\"https:\/\/smastr16.blob.core.windows.net\/pgibt\/2015\/02\/faixapos6.jpg 950w, https:\/\/smastr16.blob.core.windows.net\/pgibt\/2015\/02\/faixapos6-768x131.jpg 768w\" sizes=\"(max-width: 950px) 100vw, 950px\" \/><\/a><\/h2>\n<hr align=\"center\" noshade=\"noshade\" size=\"1\" width=\"100%\" \/>\n<h2 style=\"text-align: center\">Denise Soares Bacci<\/h2>\n<hr align=\"center\" noshade=\"noshade\" size=\"1\" width=\"100%\" \/>\n<p style=\"text-align: center\">No dia 13 de maio de 2005, Denise Soares Bacci a aluna de P\u00f3s-gradua\u00e7\u00e3o em Biodiversidade Vegetal e Meio Ambiente do Instituto de Bot\u00e2nica de S\u00e3o Paulo<br \/>\ne bolsista da CAPES, defendeu sua Disserta\u00e7\u00e3o de mestrado intitulada:<\/p>\n<p style=\"text-align: center\">&#8220;Estudos taxon\u00f4micos do g\u00eanero<em> Chondria<\/em> (Ceramiales,\u00a0Rhodophyta) no litoral dos estados de\u00a0S\u00e3o Paulo e Esp\u00edrito Santo, Brasil&#8221;,<br \/>\nsob a orienta\u00e7\u00e3o da Dra. Mutue Toyota Fujii.<\/p>\n<p style=\"text-align: center\">A avalia\u00e7\u00e3o foi realizada por banca composta pela Dra. Yocie Yoneshigue &#8211; Valentin (Universidade Federal do Rio de Janeiro)<br \/>\ne da Dra. Dicl\u00e1 Pupo Santos (Instituto de Bot\u00e2nica de S\u00e3o Paulo).<\/p>\n<h2><a href=\"https:\/\/smastr16.blob.core.windows.net\/pgibt\/2013\/09\/denise1.jpg\"><img decoding=\"async\" loading=\"lazy\" class=\"aligncenter\" alt=\"Denise\" src=\"https:\/\/smastr16.blob.core.windows.net\/pgibt\/2013\/09\/denise1.jpg\" width=\"237\" height=\"178\" \/><\/a><\/h2>\n<hr align=\"center\" noshade=\"noshade\" size=\"1\" width=\"100%\" \/>\n<h3 style=\"text-align: center\"><strong>Estudos taxon\u00f4micos do g\u00eanero\u00a0<em>Chondria (<\/em>Ceramiales, Rhodophyta)<br \/>\nno litoral dos estados de\u00a0<\/strong><strong>S\u00e3o Paulo e Esp\u00edrito Santo, Brasil<\/strong><\/h3>\n<hr align=\"center\" noshade=\"noshade\" size=\"1\" width=\"100%\" \/>\n<h4 style=\"text-align: center\"><strong>RESUMO<\/strong><\/h4>\n<p style=\"text-align: justify\"><em>Chondria C. Agardh<\/em>\u00a0est\u00e1 amplamente distribu\u00edda nos oceanos das regi\u00f5es tropicais e temperados do mundo, com cerca de 75 esp\u00e9cies reconhecidas, a maioria ocorrendo no hemisf\u00e9rio sul, especialmente do sul da Austr\u00e1lia, onde estudos mais detalhados foram realizados. No litoral brasileiro, as esp\u00e9cies s\u00e3o freq\u00fcentes na regi\u00e3o entremar\u00e9s, formando popula\u00e7\u00f5es densas, crescendo fixas \u00e0s rochas ou como ep\u00edfitas de algas maiores. Considerando-se a import\u00e2ncia e a representatividade do g\u00eanero no Brasil e o reduzido n\u00famero de trabalhos realizados neste g\u00eanero, foram estudadas as esp\u00e9cies de\u00a0<em>Chondria<\/em>\u00a0que ocorrem no litoral do estado de S\u00e3o Paulo, com coletas realizadas dentro do projeto &#8220;Flora Ficol\u00f3gica do Estado de S\u00e3o Paulo&#8221; (Programa Biotasp\/FAPESP) e do Esp\u00edrito Santo, regi\u00e3o sudeste do pa\u00eds. O g\u00eanero \u00e9 caracterizado pelo talo polissif\u00f4nico, constitu\u00eddo por cinco c\u00e9lulas periaxiais grandes, coberto por extensa cortica\u00e7\u00e3o e c\u00e9lula apical sempre emersa, em maior ou menor grau, dependendo do tipo de \u00e1pice, se agudo ou obtuso, com ou sem depress\u00e3o apical. O material para estudo foi coletado nas regi\u00f5es entremar\u00e9s e eventualmente no infralitoral, e tamb\u00e9m atrav\u00e9s de exsicatas dos herb\u00e1rios do Instituto de Bot\u00e2nica (SP) e do Instituto de Bioci\u00eancias da USP (SPF). A identifica\u00e7\u00e3o das esp\u00e9cies foi baseada nos caracteres vegetativos e reprodutivos como: h\u00e1bito ereto ou prostrado, dimens\u00e3o do talo, tipo de ramifica\u00e7\u00e3o, forma de fixa\u00e7\u00e3o dos talos ao substrato, forma do \u00e1pice (agudo\/ obtuso), presen\u00e7a ou aus\u00eancia de depress\u00e3o apical, de constri\u00e7\u00e3o na base de ramos e r\u00e2mulos, de espessamentos lenticulares nas paredes das c\u00e9lulas medulares, forma das c\u00e9lulas corticais em vista superficial e das c\u00e9lulas est\u00e9reis marginais dos corpos espermatangiais e as caracter\u00edsticas do cistocarpo. Com base em dados morfol\u00f3gicos e moleculares foram identificados 11 t\u00e1xons:\u00a0<em>C. atropurpurea, C. floridana, C. littoralis, C. platyramea, C. polyrhiza,<\/em>\u00a0sendo\u00a0<em>C. arcuata, C. collinsiana<\/em>\u00a0e\u00a0<em>C. dangeardii<\/em>, primeiras refer\u00eancias para o litoral brasileiro.\u00a0<em>C. sedifolia<\/em>\u00a0nova refer\u00eancia para o estado do Esp\u00edrito Santo e\u00a0<em>C. capillaris<\/em>, para o estado de S\u00e3o Paulo e\u00a0<em>Chondria sp<\/em>. que poder\u00e1 vir a ser uma nova adi\u00e7\u00e3o \u00e0 flora ficol\u00f3gica brasileira ou mesmo uma esp\u00e9cie nova para a ci\u00eancia. Al\u00e9m dos estudos taxon\u00f4micos cl\u00e1ssicos foi realizada an\u00e1lise molecular por meio de compara\u00e7\u00e3o das seq\u00fc\u00eancias do gene rbcL, nas esp\u00e9cies:\u00a0<em>C. atropurpurea, C. capillaris, C. littoralis\u00a0<\/em>e<em>\u00a0Chondria sp<\/em>. Os resultados filogen\u00e9ticos n\u00e3o foram conclusivos entre as esp\u00e9cies analisadas no Brasil, mas indicaram ser de grande valia se inclu\u00eddas amostragens mais amplas em outras regi\u00f5es geogr\u00e1ficas. Forneceram tamb\u00e9m informa\u00e7\u00f5es que subsidiaram a tomada de decis\u00e3o sobre a posi\u00e7\u00e3o taxon\u00f4mica de\u00a0<em>Chondria sp.<\/em><\/p>\n<p><a href=\"https:\/\/smastr16.blob.core.windows.net\/pgibt\/2013\/09\/denise2.jpg\"><img decoding=\"async\" loading=\"lazy\" class=\"alignleft\" alt=\"Denise\" src=\"https:\/\/smastr16.blob.core.windows.net\/pgibt\/2013\/09\/denise2.jpg\" width=\"150\" height=\"200\" \/><\/a><a href=\"https:\/\/smastr16.blob.core.windows.net\/pgibt\/2013\/09\/denise3.jpg\"><img decoding=\"async\" loading=\"lazy\" class=\"alignnone\" alt=\"Denise\" src=\"https:\/\/smastr16.blob.core.windows.net\/pgibt\/2013\/09\/denise3.jpg\" width=\"164\" height=\"200\" \/><\/a><a href=\"https:\/\/smastr16.blob.core.windows.net\/pgibt\/2013\/09\/denise4.jpg\"><img decoding=\"async\" loading=\"lazy\" class=\"alignleft\" alt=\"Denise\" src=\"https:\/\/smastr16.blob.core.windows.net\/pgibt\/2013\/09\/denise4.jpg\" width=\"181\" height=\"200\" \/><\/a><a href=\"https:\/\/smastr16.blob.core.windows.net\/pgibt\/2013\/09\/denise5.jpg\"><img decoding=\"async\" loading=\"lazy\" alt=\"Denise\" src=\"https:\/\/smastr16.blob.core.windows.net\/pgibt\/2013\/09\/denise5.jpg\" width=\"282\" height=\"200\" \/><\/a><\/p>\n<hr align=\"center\" noshade=\"noshade\" size=\"1\" width=\"100%\" \/>\n<p><a href=\"https:\/\/smastr16.blob.core.windows.net\/pgibt\/2013\/09\/pdf_grande.gif\"><img decoding=\"async\" loading=\"lazy\" class=\"aligncenter size-full wp-image-2313\" style=\"border: 0px\" alt=\"pdf_grande\" src=\"https:\/\/smastr16.blob.core.windows.net\/pgibt\/2013\/09\/pdf_grande.gif\" width=\"60\" height=\"60\" \/><\/a><\/p>\n<p style=\"text-align: center\"><a href=\"https:\/\/smastr16.blob.core.windows.net\/pgibt\/2013\/09\/Denise_Soares_Bacci_MS.pdf\" target=\"_blank\">Denise Soares Bacci<br \/>\n<\/a><a href=\"https:\/\/smastr16.blob.core.windows.net\/pgibt\/2013\/09\/Denise_Soares_Bacci_MS.pdf\" target=\"_blank\">Estudos taxon\u00f4micos do g\u00eanero <em>Chondria<\/em> (Ceramiales, Rhodophyta) no litoral dos estados de S\u00e3o Paulo e Esp\u00edrito Santo, Brasil<\/a><\/p>\n<hr align=\"center\" noshade=\"noshade\" size=\"1\" width=\"100%\" \/>\n<p style=\"text-align: center\"><strong>\u00a0<a href=\"https:\/\/www.infraestruturameioambiente.sp.gov.br\/pgibt\/dissertacoesteses\/\">VOLTAR AS DISSERTA\u00c7\u00d5ES E TESES<\/a><\/strong><\/p>\n<hr align=\"center\" noshade=\"noshade\" size=\"1\" width=\"100%\" \/>\n<h1 style=\"text-align: center\"><\/h1>\n<h1 style=\"text-align: center\"><\/h1>\n<h2 style=\"text-align: center\"><span style=\"font-size: 14px;line-height: 1.5em\">\u00a0 \u00a0<\/span><\/h2>\n","protected":false},"excerpt":{"rendered":"<p>Denise Soares Bacci No dia 13 de maio de 2005, Denise Soares Bacci a aluna de P\u00f3s-gradua\u00e7\u00e3o em Biodiversidade Vegetal e Meio Ambiente do Instituto de Bot\u00e2nica de S\u00e3o Paulo e bolsista da CAPES, defendeu sua Disserta\u00e7\u00e3o de mestrado intitulada: &#8220;Estudos taxon\u00f4micos do g\u00eanero Chondria (Ceramiales,\u00a0Rhodophyta) no litoral dos estados de\u00a0S\u00e3o Paulo e Esp\u00edrito Santo, [&hellip;]<\/p>\n","protected":false},"author":1,"featured_media":0,"parent":249,"menu_order":0,"comment_status":"closed","ping_status":"open","template":"fullpage.php","meta":[],"_links":{"self":[{"href":"https:\/\/www.infraestruturameioambiente.sp.gov.br\/pgibt\/wp-json\/wp\/v2\/pages\/418"}],"collection":[{"href":"https:\/\/www.infraestruturameioambiente.sp.gov.br\/pgibt\/wp-json\/wp\/v2\/pages"}],"about":[{"href":"https:\/\/www.infraestruturameioambiente.sp.gov.br\/pgibt\/wp-json\/wp\/v2\/types\/page"}],"author":[{"embeddable":true,"href":"https:\/\/www.infraestruturameioambiente.sp.gov.br\/pgibt\/wp-json\/wp\/v2\/users\/1"}],"replies":[{"embeddable":true,"href":"https:\/\/www.infraestruturameioambiente.sp.gov.br\/pgibt\/wp-json\/wp\/v2\/comments?post=418"}],"version-history":[{"count":0,"href":"https:\/\/www.infraestruturameioambiente.sp.gov.br\/pgibt\/wp-json\/wp\/v2\/pages\/418\/revisions"}],"up":[{"embeddable":true,"href":"https:\/\/www.infraestruturameioambiente.sp.gov.br\/pgibt\/wp-json\/wp\/v2\/pages\/249"}],"wp:attachment":[{"href":"https:\/\/www.infraestruturameioambiente.sp.gov.br\/pgibt\/wp-json\/wp\/v2\/media?parent=418"}],"curies":[{"name":"wp","href":"https:\/\/api.w.org\/{rel}","templated":true}]}}