{"id":4165,"date":"2015-02-04T10:16:31","date_gmt":"2015-02-04T12:16:31","guid":{"rendered":"https:\/\/www.infraestruturameioambiente.sp.gov.br\/pgibt\/?page_id=4165"},"modified":"2015-02-04T10:16:31","modified_gmt":"2015-02-04T12:16:31","slug":"2014-marcelo-augusto-meratti-de-oliveira","status":"publish","type":"page","link":"https:\/\/www.infraestruturameioambiente.sp.gov.br\/pgibt\/dissertacoesteses\/2014-marcelo-augusto-meratti-de-oliveira\/","title":{"rendered":"Marcelo Augusto Meratti de Oliveira MS"},"content":{"rendered":"<h2 style=\"text-align: center\"><a href=\"https:\/\/smastr16.blob.core.windows.net\/pgibt\/2015\/02\/faixapos6.jpg\"><img decoding=\"async\" loading=\"lazy\" class=\"aligncenter size-full wp-image-3777\" style=\"border: 0px\" alt=\"faixapos6\" src=\"https:\/\/smastr16.blob.core.windows.net\/pgibt\/2015\/02\/faixapos6.jpg\" width=\"950\" height=\"163\" srcset=\"https:\/\/smastr16.blob.core.windows.net\/pgibt\/2015\/02\/faixapos6.jpg 950w, https:\/\/smastr16.blob.core.windows.net\/pgibt\/2015\/02\/faixapos6-768x131.jpg 768w\" sizes=\"(max-width: 950px) 100vw, 950px\" \/><\/a><\/h2>\n<hr align=\"center\" noshade=\"noshade\" size=\"1\" width=\"100%\" \/>\n<h2 style=\"text-align: center\">Marcelo Augusto Meratti de Oliveira<\/h2>\n<hr align=\"center\" noshade=\"noshade\" size=\"1\" width=\"100%\" \/>\n<p align=\"center\">Em 11 de abril de 2014, no anfiteatro do Instituto de Bot\u00e2nica (IBt-SP), Marcelo Augusto Meratti de Oliveira, aluno de mestrado do Programa de P\u00f3s-gradua\u00e7\u00e3o em Biodiversidade Vegetal e Meio Ambiente e bolsista do Conselho Nacional de Desenvolvimento Cient\u00edfico e Tecnol\u00f3gico (CNPq), defendeu a sua disserta\u00e7\u00e3o intitulada: \u201cPotencial de regenera\u00e7\u00e3o de um fragmento de Floresta Baixa de Restinga, em Ilha Comprida, SP, degradado para cultivo agr\u00edcola\u201d.<\/p>\n<p align=\"center\">A banca examinadora foi presidida pelo Dr. Nelson Augusto dos Santos-Junior (IBt-SP), e contou com a participa\u00e7\u00e3o do Prof. Dr. Pablo Garcia Carrasco (Universidade S\u00e3o Judas Tadeu) e do Dr. Jos\u00e9 Marcos Barbosa (IBt-SP).<\/p>\n<p align=\"center\"><a href=\"https:\/\/smastr16.blob.core.windows.net\/pgibt\/2015\/02\/Marcelo_Meratti.jpg\"><img decoding=\"async\" loading=\"lazy\" class=\"aligncenter size-full wp-image-4166\" alt=\"Marcelo_Meratti\" src=\"https:\/\/smastr16.blob.core.windows.net\/pgibt\/2015\/02\/Marcelo_Meratti.jpg\" width=\"425\" height=\"379\" \/><\/a><\/p>\n<p align=\"center\">Dr. Pablo Garcia Carrasco (Universidade S\u00e3o Judas Tadeu), Dr. Jos\u00e9 Marcos Barbosa (IBt-SP), o aluno Marcelo Augusto Meratti de Oliveira e o<br \/>\nDr. Nelson Augusto dos Santos-Junior (IBt-SP)<\/p>\n<hr align=\"center\" noshade=\"noshade\" size=\"1\" width=\"100%\" \/>\n<h3 style=\"text-align: center\">Potencial de regenera\u00e7\u00e3o de um fragmento de Floresta Baixa de Restinga, em Ilha Comprida, SP,<br \/>\ndegradado para cultivo agr\u00edcola<\/h3>\n<hr align=\"center\" noshade=\"noshade\" size=\"1\" width=\"100%\" \/>\n<h4 style=\"text-align: center\"><strong>RESUMO<\/strong><\/h4>\n<p style=\"text-align: justify\">O principal meio de regenera\u00e7\u00e3o das esp\u00e9cies arb\u00f3reas tropicais d\u00e1-se por interm\u00e9dio da chuva de sementes, do banco de sementes do solo e por meio do banco de pl\u00e2ntulas que se estabelece no ch\u00e3o da floresta. Neste sentido, compreender a din\u00e2mica da vegeta\u00e7\u00e3o \u00e9 essencial na defini\u00e7\u00e3o de estrat\u00e9gias de restaura\u00e7\u00e3o e de conserva\u00e7\u00e3o ambiental. O objetivo deste estudo foi caracterizar a composi\u00e7\u00e3o da chuva e do banco de sementes de uma floresta baixa de restinga que foi degradada para fins agr\u00edcolas, no intuito de verificar o aporte e o estabelecimento dos di\u00e1sporos na \u00e1rea para avaliar sua regenera\u00e7\u00e3o natural e contribui\u00e7\u00e3o de remanescentes pr\u00f3ximos para o processo. As amostragens foram realizadas ao longo de um ano na APA de Ilha Comprida, em um trecho de floresta baixa de restinga degradada em 2001. Para as coletas mensais da chuva de sementes, foram instalados dez coletores (1m\u00b2 cada) e para as coletas trimestrais do banco de sementes utilizou-se um gabarito (0,25m\u00b2), amostrando-se 10m\u00b2 de solo. Para o estudo fitossociol\u00f3gico, foram avaliados 250m\u00b2, subdivididos em parcelas onde amostrou-se indiv\u00edduos arb\u00f3reos com PAP \u22659cm. Na chuva e no banco de sementes foram amostrados 1627 e 2986 di\u00e1sporos respectivamente, e 361 indiv\u00edduos arb\u00f3reos no estudo fitossociol\u00f3gico (11 fam\u00edlias, 15 g\u00eaneros e 24 esp\u00e9cies). Dentre estas, seis esp\u00e9cies foram as mais abundantes sendo que <i>E<\/i><em>rythroxylum amplifolium, Maytenus robusta <\/em>e <em>Myrcia ilheosensis <\/em>contribu\u00edram com a chuva de sementes e <em>E. amplifolium <\/em>e <em>M. ilheoensis <\/em>com o banco de sementes. Na chuva de sementes, foi verificado o predom\u00ednio de esp\u00e9cies pioneiras, arbustivas e com s\u00edndrome zooc\u00f3rica, e, no banco de sementes, novamente o predom\u00ednio de esp\u00e9cies pioneiras, por\u00e9m com predom\u00ednio do porte herb\u00e1ceo e s\u00edndrome de dispers\u00e3o anemoc\u00f3rica.\u00a0 A composi\u00e7\u00e3o da chuva e do banco de sementes encontrados neste estudo indica que, apesar da degrada\u00e7\u00e3o da \u00e1rea, a mesma possui potencial para se regenerar naturalmente e al\u00e9m disso, o fragmento adjacente contribuiu de forma positiva para ambos os processos.<\/p>\n<p style=\"text-align: justify\"><strong>Palavras-chave:<\/strong> Semente, Dispers\u00e3o, Din\u00e2mica.<\/p>\n<hr align=\"center\" noshade=\"noshade\" size=\"1\" width=\"100%\" \/>\n<p style=\"text-align: center\"><a href=\"https:\/\/smastr16.blob.core.windows.net\/pgibt\/2013\/09\/pdf_grande.gif\"><img decoding=\"async\" loading=\"lazy\" class=\"aligncenter size-full wp-image-2313\" style=\"border: 0px\" alt=\"pdf_grande\" src=\"https:\/\/smastr16.blob.core.windows.net\/pgibt\/2013\/09\/pdf_grande.gif\" width=\"60\" height=\"60\" \/><\/a><a href=\"https:\/\/smastr16.blob.core.windows.net\/pgibt\/2015\/02\/Marcelo_Augusto_Meratti_de_Oliveira_MS.pdf\" target=\"_blank\">Marcelo Augusto Meratti de Oliveira<br \/>\nPotencial de regenera\u00e7\u00e3o de um fragmento de Floresta Baixa de Restinga, em Ilha Comprida, SP,<br \/>\ndegradado para cultivo agr\u00edcola<\/a><\/p>\n<hr align=\"center\" noshade=\"noshade\" size=\"1\" width=\"100%\" \/>\n<p style=\"text-align: center\"><strong>\u00a0<a href=\"https:\/\/www.infraestruturameioambiente.sp.gov.br\/pgibt\/dissertacoesteses\/\">VOLTAR AS DISSERTA\u00c7\u00d5ES E TESES<\/a><\/strong><\/p>\n<hr align=\"center\" noshade=\"noshade\" size=\"1\" width=\"100%\" \/>\n","protected":false},"excerpt":{"rendered":"<p>Marcelo Augusto Meratti de Oliveira Em 11 de abril de 2014, no anfiteatro do Instituto de Bot\u00e2nica (IBt-SP), Marcelo Augusto Meratti de Oliveira, aluno de mestrado do Programa de P\u00f3s-gradua\u00e7\u00e3o em Biodiversidade Vegetal e Meio Ambiente e bolsista do Conselho Nacional de Desenvolvimento Cient\u00edfico e Tecnol\u00f3gico (CNPq), defendeu a sua disserta\u00e7\u00e3o intitulada: \u201cPotencial de regenera\u00e7\u00e3o [&hellip;]<\/p>\n","protected":false},"author":1,"featured_media":0,"parent":249,"menu_order":0,"comment_status":"closed","ping_status":"open","template":"fullpage.php","meta":[],"_links":{"self":[{"href":"https:\/\/www.infraestruturameioambiente.sp.gov.br\/pgibt\/wp-json\/wp\/v2\/pages\/4165"}],"collection":[{"href":"https:\/\/www.infraestruturameioambiente.sp.gov.br\/pgibt\/wp-json\/wp\/v2\/pages"}],"about":[{"href":"https:\/\/www.infraestruturameioambiente.sp.gov.br\/pgibt\/wp-json\/wp\/v2\/types\/page"}],"author":[{"embeddable":true,"href":"https:\/\/www.infraestruturameioambiente.sp.gov.br\/pgibt\/wp-json\/wp\/v2\/users\/1"}],"replies":[{"embeddable":true,"href":"https:\/\/www.infraestruturameioambiente.sp.gov.br\/pgibt\/wp-json\/wp\/v2\/comments?post=4165"}],"version-history":[{"count":0,"href":"https:\/\/www.infraestruturameioambiente.sp.gov.br\/pgibt\/wp-json\/wp\/v2\/pages\/4165\/revisions"}],"up":[{"embeddable":true,"href":"https:\/\/www.infraestruturameioambiente.sp.gov.br\/pgibt\/wp-json\/wp\/v2\/pages\/249"}],"wp:attachment":[{"href":"https:\/\/www.infraestruturameioambiente.sp.gov.br\/pgibt\/wp-json\/wp\/v2\/media?parent=4165"}],"curies":[{"name":"wp","href":"https:\/\/api.w.org\/{rel}","templated":true}]}}