{"id":4158,"date":"2015-02-04T10:03:49","date_gmt":"2015-02-04T12:03:49","guid":{"rendered":"https:\/\/www.infraestruturameioambiente.sp.gov.br\/pgibt\/?page_id=4158"},"modified":"2015-02-04T10:03:49","modified_gmt":"2015-02-04T12:03:49","slug":"2014-filomena-henrique-da-silva","status":"publish","type":"page","link":"https:\/\/www.infraestruturameioambiente.sp.gov.br\/pgibt\/dissertacoesteses\/2014-filomena-henrique-da-silva\/","title":{"rendered":"Filomena Henrique da Silva MS"},"content":{"rendered":"<h2 style=\"text-align: center\"><a href=\"https:\/\/smastr16.blob.core.windows.net\/pgibt\/2015\/02\/faixapos6.jpg\"><img decoding=\"async\" loading=\"lazy\" class=\"aligncenter size-full wp-image-3777\" style=\"border: 0px\" alt=\"faixapos6\" src=\"https:\/\/smastr16.blob.core.windows.net\/pgibt\/2015\/02\/faixapos6.jpg\" width=\"950\" height=\"163\" srcset=\"https:\/\/smastr16.blob.core.windows.net\/pgibt\/2015\/02\/faixapos6.jpg 950w, https:\/\/smastr16.blob.core.windows.net\/pgibt\/2015\/02\/faixapos6-768x131.jpg 768w\" sizes=\"(max-width: 950px) 100vw, 950px\" \/><\/a><\/h2>\n<hr align=\"center\" noshade=\"noshade\" size=\"1\" width=\"100%\" \/>\n<h2 style=\"text-align: center\">Filomena Henrique da Silva<\/h2>\n<hr align=\"center\" noshade=\"noshade\" size=\"1\" width=\"100%\" \/>\n<p style=\"text-align: center\" align=\"center\">Em 23 de abril de 2014, Filomena Henrique da Silva,\u00a0aluna de mestrado do programa de P\u00f3s-Gradua\u00e7\u00e3o em Biodiversidade Vegetal e Meio Ambiente do Instituto de Bot\u00e2nica,\u00a0bolsista CNPq, defendeu sua Disserta\u00e7\u00e3o de Mestrado intitulada<br \/>\n\u201cFlor\u00edstica e estrutura do estrato inferior de floresta em \u00e1reas adjacentes \u00e0s trilhas do Parque Estadual das Fontes do Ipiranga, S\u00e3o Paulo, SP, Brasil\u201d.<\/p>\n<p style=\"text-align: center\">A banca examinadora foi presidida pelo Dr\u00aa. Maria Margarida da Rocha Fiuza de Melo, do N\u00facleo de Pesquisa Curadoria do Herb\u00e1rio (IBt) e\u00a0contou com a participa\u00e7\u00e3o do Dr. Eduardo Pereira Cabral Gomes (IBt) e da Dr\u00aa Nat\u00e1lia Macedo Ivanauskas (IF).<\/p>\n<hr align=\"center\" noshade=\"noshade\" size=\"1\" width=\"100%\" \/>\n<h3 style=\"text-align: center\"><b>Flor\u00edstica e estrutura do estrato inferior de floresta em \u00e1reas adjacentes \u00e0s trilhas do<br \/>\nParque Estadual das Fontes do Ipiranga, S\u00e3o Paulo, SP, Brasil<\/b><\/h3>\n<hr align=\"center\" noshade=\"noshade\" size=\"1\" width=\"100%\" \/>\n<h4 style=\"text-align: center\"><strong>RESUMO<\/strong><\/h4>\n<p style=\"text-align: justify\">O estrato inferior da floresta compreende variadas formas de vida que podem residir neste estrato durante todo o seu ciclo de vida ou que o habitam temporariamente, participando da forma\u00e7\u00e3o dos estratos superiores. Realizou-se o estudo flor\u00edstico e fitossociol\u00f3gico do estrato inferior em trecho de Floresta Ombr\u00f3fila Densa que margeia trilhas no Parque Estadual Fontes do Ipiranga (PEFI), SP, Brasil, durante o per\u00edodo de mar\u00e7o de 2012 a mar\u00e7o de 2013. As \u00e1reas amostrais foram instaladas em fragmentos florestais adjacentes \u00e0s trilhas Terra Batida (TTB), Nascente (TN) e Reserva Biol\u00f3gica (TRB), as quais foram classificadas de acordo com o seu grau de impacto, respectivamente, em alto, m\u00e9dio e baixo. O crit\u00e9rio de inclus\u00e3o dos esp\u00e9cimes coletados foi estabelecido de acordo com as alturas, estabelecendo-se como m\u00ednima 10 cm e m\u00e1xima 150 cm. Tal crit\u00e9rio possibilitou a amostragem de diferentes formas de crescimento (Arb\u00f3rea, Arbustiva, Hemiep\u00edfita, Herb\u00e1cea, Holoep\u00edfita, Palmeira, Pterid\u00f3fita, Trepadeira e Indeterminada). O estudo da composi\u00e7\u00e3o de esp\u00e9cies amostrou 287 t\u00e1xons, dos quais 176 foram identificados em n\u00edvel de esp\u00e9cie, 25 em fam\u00edlias ou divis\u00e3o, 47 em g\u00eaneros e 39 morfoesp\u00e9cies. As fam\u00edlias com maior riqueza em esp\u00e9cies foram Rubiaceae (14), Myrtaceae (11), Sapindaceae (9), Poaceae e Fabaceae (7 cada). Para a an\u00e1lise quantitativa foram amostrados 120 m\u00b2, distribu\u00eddos em 40 parcelas de 1 m\u00b2 em cada trilha e em cada esta\u00e7\u00e3o \u2013 seca e \u00famida, tendo sido amostrados 2.192 indiv\u00edduos. A TTB apresentou a maior abund\u00e2ncia (971 indiv\u00edduos) e maior riqueza (178 t\u00e1xons); seguida pela TN com 686 indiv\u00edduos, em 103 t\u00e1xons; e TRB com menor grau de impacto, apresentando 535 indiv\u00edduos em 133 t\u00e1xons. Em rela\u00e7\u00e3o \u00e0s formas de crescimento encontradas no estrato inferior da floresta, as mais representativas foram Palmeira, Arb\u00f3rea e Herb\u00e1cea em rela\u00e7\u00e3o ao n\u00famero de indiv\u00edduos. O \u00edndice de diversidade de Shannon (H\u2019) para as unidades amostrais das tr\u00eas trilhas estudadas foi 4,056 nats ind-1 e a equabilidade (J) foi 0,717, o que mostra a alta diversidade encontrada. O conjunto dos resultados aponta que, para o estrato inferior em \u00e1reas florestais adjacentes a trilhas, o fator mais relevante parece ser o hist\u00f3rico de uso da \u00e1rea e a incid\u00eancia da luz que chega at\u00e9 o ch\u00e3o da floresta; o grau de perturba\u00e7\u00e3o provocado pelo uso da trilha n\u00e3o afeta diretamente a composi\u00e7\u00e3o de esp\u00e9cies e estrutura desse estrato.<\/p>\n<p style=\"text-align: justify\"><strong>Palavras chave:<\/strong> esta\u00e7\u00e3o clim\u00e1tica, floresta urbana, formas de crescimento, Mata Atl\u00e2ntica, pl\u00e2ntulas<\/p>\n<hr align=\"center\" noshade=\"noshade\" size=\"1\" width=\"100%\" \/>\n<p style=\"text-align: center\"><a href=\"https:\/\/smastr16.blob.core.windows.net\/pgibt\/2013\/09\/pdf_grande.gif\"><img decoding=\"async\" loading=\"lazy\" class=\"aligncenter size-full wp-image-2313\" style=\"border: 0px\" alt=\"pdf_grande\" src=\"https:\/\/smastr16.blob.core.windows.net\/pgibt\/2013\/09\/pdf_grande.gif\" width=\"60\" height=\"60\" \/><\/a><a href=\"https:\/\/smastr16.blob.core.windows.net\/pgibt\/2015\/02\/Filomena_Henrique_da_Silva_MS.pdf\" target=\"_blank\">Filomena Henrique da Silva<br \/>\nFlor\u00edstica e estrutura do estrato inferior de floresta em \u00e1reas adjacentes \u00e0s trilhas do Parque Estadual das Fontes do Ipiranga, S\u00e3o Paulo, SP, Brasil<\/a><\/p>\n<hr align=\"center\" noshade=\"noshade\" size=\"1\" width=\"100%\" \/>\n<p style=\"text-align: center\"><strong>\u00a0<a href=\"https:\/\/www.infraestruturameioambiente.sp.gov.br\/pgibt\/dissertacoesteses\/\">VOLTAR AS DISSERTA\u00c7\u00d5ES E TESES<\/a><\/strong><\/p>\n<hr align=\"center\" noshade=\"noshade\" size=\"1\" width=\"100%\" \/>\n","protected":false},"excerpt":{"rendered":"<p>Filomena Henrique da Silva Em 23 de abril de 2014, Filomena Henrique da Silva,\u00a0aluna de mestrado do programa de P\u00f3s-Gradua\u00e7\u00e3o em Biodiversidade Vegetal e Meio Ambiente do Instituto de Bot\u00e2nica,\u00a0bolsista CNPq, defendeu sua Disserta\u00e7\u00e3o de Mestrado intitulada \u201cFlor\u00edstica e estrutura do estrato inferior de floresta em \u00e1reas adjacentes \u00e0s trilhas do Parque Estadual das Fontes [&hellip;]<\/p>\n","protected":false},"author":1,"featured_media":0,"parent":249,"menu_order":0,"comment_status":"closed","ping_status":"open","template":"fullpage.php","meta":[],"_links":{"self":[{"href":"https:\/\/www.infraestruturameioambiente.sp.gov.br\/pgibt\/wp-json\/wp\/v2\/pages\/4158"}],"collection":[{"href":"https:\/\/www.infraestruturameioambiente.sp.gov.br\/pgibt\/wp-json\/wp\/v2\/pages"}],"about":[{"href":"https:\/\/www.infraestruturameioambiente.sp.gov.br\/pgibt\/wp-json\/wp\/v2\/types\/page"}],"author":[{"embeddable":true,"href":"https:\/\/www.infraestruturameioambiente.sp.gov.br\/pgibt\/wp-json\/wp\/v2\/users\/1"}],"replies":[{"embeddable":true,"href":"https:\/\/www.infraestruturameioambiente.sp.gov.br\/pgibt\/wp-json\/wp\/v2\/comments?post=4158"}],"version-history":[{"count":0,"href":"https:\/\/www.infraestruturameioambiente.sp.gov.br\/pgibt\/wp-json\/wp\/v2\/pages\/4158\/revisions"}],"up":[{"embeddable":true,"href":"https:\/\/www.infraestruturameioambiente.sp.gov.br\/pgibt\/wp-json\/wp\/v2\/pages\/249"}],"wp:attachment":[{"href":"https:\/\/www.infraestruturameioambiente.sp.gov.br\/pgibt\/wp-json\/wp\/v2\/media?parent=4158"}],"curies":[{"name":"wp","href":"https:\/\/api.w.org\/{rel}","templated":true}]}}