{"id":4153,"date":"2015-02-04T09:54:13","date_gmt":"2015-02-04T11:54:13","guid":{"rendered":"https:\/\/www.infraestruturameioambiente.sp.gov.br\/pgibt\/?page_id=4153"},"modified":"2015-02-04T09:54:13","modified_gmt":"2015-02-04T11:54:13","slug":"2013-rafael-felipe-de-almeida","status":"publish","type":"page","link":"https:\/\/www.infraestruturameioambiente.sp.gov.br\/pgibt\/dissertacoesteses\/2013-rafael-felipe-de-almeida\/","title":{"rendered":"Rafael Felipe de Almeida MS"},"content":{"rendered":"<h2 style=\"text-align: center\"><a href=\"https:\/\/smastr16.blob.core.windows.net\/pgibt\/2015\/02\/faixapos6.jpg\"><img decoding=\"async\" loading=\"lazy\" class=\"aligncenter size-full wp-image-3777\" style=\"border: 0px\" alt=\"faixapos6\" src=\"https:\/\/smastr16.blob.core.windows.net\/pgibt\/2015\/02\/faixapos6.jpg\" width=\"950\" height=\"163\" srcset=\"https:\/\/smastr16.blob.core.windows.net\/pgibt\/2015\/02\/faixapos6.jpg 950w, https:\/\/smastr16.blob.core.windows.net\/pgibt\/2015\/02\/faixapos6-768x131.jpg 768w\" sizes=\"(max-width: 950px) 100vw, 950px\" \/><\/a><\/h2>\n<hr align=\"center\" noshade=\"noshade\" size=\"1\" width=\"100%\" \/>\n<h2 style=\"text-align: center\">Rafael Felipe de Almeida<\/h2>\n<hr align=\"center\" noshade=\"noshade\" size=\"1\" width=\"100%\" \/>\n<p style=\"text-align: center\">No dia 14 de mar\u00e7o de 2013, o aluno Rafael Felipe de Almeida (bolsista CNPq), do Programa de P\u00f3s Gradua\u00e7\u00e3o em Biodiversidade Vegetal e Meio Ambiente defendeu sua disserta\u00e7\u00e3o de mestrado intitulada<br \/>\n\u201cEstudos Taxon\u00f4micos em Malpighiaceae A.Juss. no Estado do Esp\u00edrito Santo, Brasil\u201d<br \/>\nA banca examinadora foi composta pela Profa. Dr. Maria Candida Henrique Mamede (N\u00facleo de Pesquisa Curadoria do Herb\u00e1rio SP\/IBt),<br \/>\nProfa. Dra. L\u00facia Rossi (N\u00facleo de Pesquisa Curadoria do Herb\u00e1rio SP\/IBt) e o Prof. Dr. Andr\u00e9 Marcio Araujo Amorim (Universidade Estadual de Santa Cruz).<\/p>\n<hr align=\"center\" noshade=\"noshade\" size=\"1\" width=\"100%\" \/>\n<h3 style=\"text-align: center\">Estudos Taxon\u00f4micos em Malpighiaceae A.Juss. no Estado do Esp\u00edrito Santo, Brasil<\/h3>\n<hr align=\"center\" noshade=\"noshade\" size=\"1\" width=\"100%\" \/>\n<h4 style=\"text-align: center\"><strong>RESUMO<\/strong><\/h4>\n<p style=\"text-align: justify\">(Estudos Taxon\u00f4micos em Malpighiaceae no Estado do Esp\u00edrito Santo, Brasil).Malpighiaceae \u00e9 facilmente reconhecida pela presen\u00e7a de tricomas unicelulares em formato de T, Y ou V, por um par de gl\u00e2ndulas secretoras de \u00f3leo nas s\u00e9palas e por p\u00e9talas unguiculadas. \u00c9 representada por 77 g\u00eaneros e 1.300 esp\u00e9cies pantropicais, comumente encontradas em savanas e florestas dos Neotr\u00f3picos. No Brasil \u00e9 representada por 45 g\u00eaneros e 530 esp\u00e9cies ocorrendo por todos os biomas do pa\u00eds, sendo especialmente diversa em \u00e1reas priorit\u00e1rias para conserva\u00e7\u00e3o como o Cerrado e a Floresta Atl\u00e2ntica. Dentro todos os Estados brasileiros em meio \u00e0 Floresta Atl\u00e2ntica o Esp\u00edrito Santo constitui-se em um dos mais importantes devido \u00e0 alta diversidade apresentada para diversos grupos de animais e plantas, bem como pela grande diversidade de fitofisionomias, como Campos de Altitude, Floresta Ombr\u00f3fila Densa, Estacional Semidecidual e de Tabuleiros, Inselbergs, Restingas e Manguezais. Assim, os objetivos deste trabalho foram: 1 &#8211; elaborar um checklist atualizado para Malpighiaceae no Estado do Esp\u00edrito Santo, contendo categorias de amea\u00e7a para cada esp\u00e9cie e uma an\u00e1lise de esfor\u00e7o amostral para os munic\u00edpios e fitofisionomias do Estado; e 2 \u2013 elaborar a monografia do clado Stigmaphylloide para o Estado do Esp\u00edrito Santo, contendo descri\u00e7\u00f5es, coment\u00e1rios, mapas de distribui\u00e7\u00e3o e ilustra\u00e7\u00f5es. Para o checklist foram encontradas 121 esp\u00e9cies no Estado, sendo destas 64 novos registros e 99 classificadas em alguma categoria de amea\u00e7a. Tr\u00eas munic\u00edpios detiveram os maiores n\u00fameros de esp\u00e9cimes coletados e 16 n\u00e3o apresentaram cole\u00e7\u00f5es para a fam\u00edlia, refletindo o \u2018efeito bot\u00e2nico\u2019 de centros de pesquisa nos arredores dos mesmos. Para a monografia do Clado Stigmaphylloide foram encontrados seis g\u00eaneros e 30 esp\u00e9cies distribu\u00eddas em diferentes fitofisionomias:<i>Banisteriopsis adenopoda<\/i> (A.Juss.) B.Gates, <i>Banisteriopsis membranifolia<\/i> (A.Juss.) B.Gates, <i>Banisteriopsis multifoliolata<\/i> (A.Juss.) B.Gates, <i>Banisteriopsis muricata<\/i> (Cav.) Cuatrec., <i>Banisteriopsis nummifera<\/i> (A.Juss.) B.Gates, <i>Banisteriopsis scutellata<\/i> (Griseb.) B.Gates, <i>Banisteriopsis sellowiana<\/i> (A.Juss.) B.Gates, <i>Bronwenia ferruginea<\/i> (Cav.) W.R.Anderson &amp; C.C.Davis, <i>Diplopterys carvalhoi<\/i> W.R.Anderson &amp; C.C.Davis, <i>Diplopterys lutea<\/i> (Griseb.) W.R.Anderson &amp; C.C.Davis, <i>Diplopterys patula<\/i> (B.Gates) W.R.Anderson &amp; C.C.Davis, <i>Diplopterys pubipetala<\/i> (A.Juss.) W.R.Anderson &amp; C.C.Davis, <i>Janusia hexandra<\/i> (Vell.) W.R.Anderson, <i>Peixotoa hispidula<\/i> A.Juss., <i>Peixotoa reticulata<\/i> Griseb., <i>Stigmaphyllon acuminatum<\/i> A.Juss., <i>Stigmaphyllon alternifolium<\/i> A.Juss., <i>Stigmaphyllon angustilobum<\/i> A.Juss., <i>Stigmaphyllon auriculatum<\/i> A.Juss., <i>Stigmaphyllon blanchetii<\/i> C.E.Anderson, <i>Stigmaphyllon ciliatum<\/i> (Lam.) A.Juss., <i>Stigmaphyllon crenatum<\/i> C.E.Anderson, <i>Stigmaphyllon gayanum<\/i> A.Juss., <i>Stigmaphyllon glabrum<\/i> C.E.Anderson, <i>Stigmaphyllon lalandianum<\/i> A.Juss., <i>Stigmaphyllon lanceolatum<\/i> C.E.Anderson, <i>Stigmaphyllon paralias<\/i> A.Juss., <i>Stigmaphyllon salzmannii<\/i> A.Juss., <i>Stigmaphyllon saxicola<\/i> C.E.Anderson e <i>Stigmaphyllon tomentosum<\/i> A.Juss.<\/p>\n<p style=\"text-align: justify\"><b>Palavras-chave:<\/b> Malpighiaceae, Floresta Atl\u00e2ntica, Taxonomia, Conserva\u00e7\u00e3o<\/p>\n<hr align=\"center\" noshade=\"noshade\" size=\"1\" width=\"100%\" \/>\n<p style=\"text-align: center\"><a href=\"https:\/\/smastr16.blob.core.windows.net\/pgibt\/2013\/09\/pdf_grande.gif\"><img decoding=\"async\" loading=\"lazy\" class=\"aligncenter size-full wp-image-2313\" style=\"border: 0px\" alt=\"pdf_grande\" src=\"https:\/\/smastr16.blob.core.windows.net\/pgibt\/2013\/09\/pdf_grande.gif\" width=\"60\" height=\"60\" \/><\/a><a href=\"https:\/\/smastr16.blob.core.windows.net\/pgibt\/2015\/02\/Rafael_Felipe_de_Almeida_MS.pdf\" target=\"_blank\">Rafael Felipe de Almeida<br \/>\nEstudos Taxon\u00f4micos em Malpighiaceae A.Juss. no Estado do Esp\u00edrito Santo, Brasil<\/a><\/p>\n<hr align=\"center\" noshade=\"noshade\" size=\"1\" width=\"100%\" \/>\n<p style=\"text-align: center\"><strong>\u00a0<a href=\"https:\/\/www.infraestruturameioambiente.sp.gov.br\/pgibt\/dissertacoesteses\/\">VOLTAR AS DISSERTA\u00c7\u00d5ES E TESES<\/a><\/strong><\/p>\n<hr align=\"center\" noshade=\"noshade\" size=\"1\" width=\"100%\" \/>\n","protected":false},"excerpt":{"rendered":"<p>Rafael Felipe de Almeida No dia 14 de mar\u00e7o de 2013, o aluno Rafael Felipe de Almeida (bolsista CNPq), do Programa de P\u00f3s Gradua\u00e7\u00e3o em Biodiversidade Vegetal e Meio Ambiente defendeu sua disserta\u00e7\u00e3o de mestrado intitulada \u201cEstudos Taxon\u00f4micos em Malpighiaceae A.Juss. no Estado do Esp\u00edrito Santo, Brasil\u201d A banca examinadora foi composta pela Profa. Dr. [&hellip;]<\/p>\n","protected":false},"author":1,"featured_media":0,"parent":249,"menu_order":0,"comment_status":"closed","ping_status":"open","template":"fullpage.php","meta":[],"_links":{"self":[{"href":"https:\/\/www.infraestruturameioambiente.sp.gov.br\/pgibt\/wp-json\/wp\/v2\/pages\/4153"}],"collection":[{"href":"https:\/\/www.infraestruturameioambiente.sp.gov.br\/pgibt\/wp-json\/wp\/v2\/pages"}],"about":[{"href":"https:\/\/www.infraestruturameioambiente.sp.gov.br\/pgibt\/wp-json\/wp\/v2\/types\/page"}],"author":[{"embeddable":true,"href":"https:\/\/www.infraestruturameioambiente.sp.gov.br\/pgibt\/wp-json\/wp\/v2\/users\/1"}],"replies":[{"embeddable":true,"href":"https:\/\/www.infraestruturameioambiente.sp.gov.br\/pgibt\/wp-json\/wp\/v2\/comments?post=4153"}],"version-history":[{"count":0,"href":"https:\/\/www.infraestruturameioambiente.sp.gov.br\/pgibt\/wp-json\/wp\/v2\/pages\/4153\/revisions"}],"up":[{"embeddable":true,"href":"https:\/\/www.infraestruturameioambiente.sp.gov.br\/pgibt\/wp-json\/wp\/v2\/pages\/249"}],"wp:attachment":[{"href":"https:\/\/www.infraestruturameioambiente.sp.gov.br\/pgibt\/wp-json\/wp\/v2\/media?parent=4153"}],"curies":[{"name":"wp","href":"https:\/\/api.w.org\/{rel}","templated":true}]}}