{"id":415,"date":"2013-09-13T11:02:52","date_gmt":"2013-09-13T14:02:52","guid":{"rendered":"https:\/\/www.infraestruturameioambiente.sp.gov.br\/pgibt\/?page_id=415"},"modified":"2013-09-13T11:02:52","modified_gmt":"2013-09-13T14:02:52","slug":"2013-cintia-vieira-da-silva-dr","status":"publish","type":"page","link":"https:\/\/www.infraestruturameioambiente.sp.gov.br\/pgibt\/dissertacoesteses\/2013-cintia-vieira-da-silva-dr\/","title":{"rendered":"Cintia Vieira da Silva DR"},"content":{"rendered":"<h2 style=\"text-align: center\"><a href=\"https:\/\/smastr16.blob.core.windows.net\/pgibt\/2015\/02\/faixapos6.jpg\"><img decoding=\"async\" loading=\"lazy\" class=\"aligncenter size-full wp-image-3777\" style=\"border: 0px\" alt=\"faixapos6\" src=\"https:\/\/smastr16.blob.core.windows.net\/pgibt\/2015\/02\/faixapos6.jpg\" width=\"950\" height=\"163\" srcset=\"https:\/\/smastr16.blob.core.windows.net\/pgibt\/2015\/02\/faixapos6.jpg 950w, https:\/\/smastr16.blob.core.windows.net\/pgibt\/2015\/02\/faixapos6-768x131.jpg 768w\" sizes=\"(max-width: 950px) 100vw, 950px\" \/><\/a><\/h2>\n<hr align=\"center\" noshade=\"noshade\" size=\"1\" width=\"100%\" \/>\n<h2 style=\"text-align: center\">Cintia Vieira da Silva<\/h2>\n<hr align=\"center\" noshade=\"noshade\" size=\"1\" width=\"100%\" \/>\n<p style=\"text-align: center\">No dia 22 de fevereiro de 2013, a aluna de Doutorado do Programa de Biodiversidade Vegetal e Meio Ambiente, Cintia Vieira da Silva, defendeu sua Tese intitulada \u201cRevis\u00e3o taxon\u00f4mica de <em>Evolvulus<\/em> L. &#8211; Se\u00e7\u00e3o <em>Phyllostachyi<\/em> Meisn. (Convolvulaceae)\u201d,<br \/>\nsob orienta\u00e7\u00e3o da Dra. Rosangela Sim\u00e3o Bianchini.\u00a0A banca examinadora foi composta pela Dra. Renata Sebastiani, Dr. Eduardo Cust\u00f3dio Gasparino,<br \/>\nDra. Taciana Barbosa Cavalcanti e Maria Beatriz Rossi Caruzo.<\/p>\n<hr align=\"center\" noshade=\"noshade\" size=\"1\" width=\"100%\" \/>\n<h3 style=\"text-align: center\">Revis\u00e3o taxon\u00f4mica de\u00a0<em>Evolvulus\u00a0<\/em>L. &#8211; Se\u00e7\u00e3o\u00a0<em>Phyllostachyi\u00a0<\/em>Meisn. (Convolvulaceae)<\/h3>\n<hr align=\"center\" noshade=\"noshade\" size=\"1\" width=\"100%\" \/>\n<h4 style=\"text-align: center\"><strong>RESUMO<\/strong><\/h4>\n<p style=\"text-align: justify\"><em>Evolvulus<\/em>\u00a0L. \u00e9 um g\u00eanero composto por cerca de 100 esp\u00e9cies, das quais 68 ocorrem no Brasil, concentrando-se nos biomas Cerrado e Caatinga. S\u00e3o ervas, subarbustos, raro arbustos, com flores dialiss\u00e9palas e gamop\u00e9talas de corola azul, lil\u00e1s ou branca, com estrias mesop\u00e9talas muito evidentes. A mais recente monografia foi realizada em 1934 por Van Ooststroom, que dividiu o g\u00eanero em sete se\u00e7\u00f5es, baseadas na infloresc\u00eancia, desde ent\u00e3o poucas modifica\u00e7\u00f5es ocorreram. O principal objetivo do presente trabalho \u00e9 o tratamento taxon\u00f4mico das esp\u00e9cies pertencentes \u00e0\u00a0<em>Evolvulus<\/em>\u00a0se\u00e7\u00e3o\u00a0<em>Phyllostachyi<\/em>. Foram reconhecidas 16 esp\u00e9cies e 2 variedades:<em>Evolvulus alopecuroides<\/em>\u00a0Mart.,\u00a0<em>E. chamaepitys<\/em>\u00a0Mart.,\u00a0<em>E. chapadensis\u00a0<\/em>Glaz. ex Ooststr.,\u00a0<em>E. comosus\u00a0<\/em>Ooststr.,\u00a0<em>E. delicatus\u00a0<\/em>C.V. Silva &amp; Sim.-Bianch.,\u00a0<em>E. echioides<\/em>\u00a0Moric.,\u00a0<em>E. fuscus<\/em>\u00a0Meisn.,\u00a0<em>E. glaziovii\u00a0<\/em>Dammer,\u00a0<em>E. goyasensis\u00a0<\/em>Dammer,\u00a0<em>E. harleyi\u00a0<\/em>Sim.-Bianch. &amp; C.V. Silva,\u00a0<em>E. helichrysoides\u00a0<\/em>Moric.,\u00a0<em>E. hypocrateriflorus<\/em>\u00a0Dammer,\u00a0<em>E. kramerioides<\/em>\u00a0Mart.,<em>lithospermoides<\/em>,\u00a0<em>E. lithospermoides\u00a0<\/em>Mart. var.\u00a0<em>martii<\/em>\u00a0(Meisn.) Sim.-Bianch.\u00a0<em>E. rufus\u00a0<\/em>A. St.-Hil. e\u00a0<em>E. tomentosus<\/em>\u00a0(Meisn.) Ooststr. Duas esp\u00e9cies ainda s\u00e3o novas para a ci\u00eancia, ambas end\u00eamicas da Bahia. Tipifica\u00e7\u00f5es, aspectos morfol\u00f3gicos, distribui\u00e7\u00e3o geogr\u00e1fica, coment\u00e1rios e chave de identifica\u00e7\u00e3o de cada esp\u00e9cie s\u00e3o fornecidos.<\/p>\n<p style=\"text-align: justify\"><strong>Palavras chave:<\/strong>\u00a0Cerrado, Caatinga, Taxonomia.<\/p>\n<hr align=\"center\" noshade=\"noshade\" size=\"1\" width=\"100%\" \/>\n<p style=\"text-align: center\"><a href=\"https:\/\/smastr16.blob.core.windows.net\/pgibt\/2013\/09\/pdf_grande.gif\"><img decoding=\"async\" loading=\"lazy\" class=\"aligncenter size-full wp-image-2313\" style=\"border: 0px\" alt=\"pdf_grande\" src=\"https:\/\/smastr16.blob.core.windows.net\/pgibt\/2013\/09\/pdf_grande.gif\" width=\"60\" height=\"60\" \/><\/a><a href=\"https:\/\/smastr16.blob.core.windows.net\/pgibt\/2013\/09\/Cintia_Vieira_da_Silva_DR.pdf\" target=\"_blank\">Cintia Vieira da Silva<br \/>\nRevis\u00e3o taxon\u00f4mica de <em>Evolvulus<\/em> L. &#8211; Se\u00e7\u00e3o <em>Phyllostachyi<\/em> Meisn. (Convolvulaceae)<\/a><\/p>\n<hr align=\"center\" noshade=\"noshade\" size=\"1\" width=\"100%\" \/>\n<p style=\"text-align: center\"><strong>\u00a0<a href=\"https:\/\/www.infraestruturameioambiente.sp.gov.br\/pgibt\/dissertacoesteses\/\">VOLTAR AS DISSERTA\u00c7\u00d5ES E TESES<\/a><\/strong><\/p>\n<hr align=\"center\" noshade=\"noshade\" size=\"1\" width=\"100%\" \/>\n<h1 style=\"text-align: center\"><\/h1>\n<p>&nbsp;<\/p>\n","protected":false},"excerpt":{"rendered":"<p>Cintia Vieira da Silva No dia 22 de fevereiro de 2013, a aluna de Doutorado do Programa de Biodiversidade Vegetal e Meio Ambiente, Cintia Vieira da Silva, defendeu sua Tese intitulada \u201cRevis\u00e3o taxon\u00f4mica de Evolvulus L. &#8211; Se\u00e7\u00e3o Phyllostachyi Meisn. (Convolvulaceae)\u201d, sob orienta\u00e7\u00e3o da Dra. Rosangela Sim\u00e3o Bianchini.\u00a0A banca examinadora foi composta pela Dra. Renata [&hellip;]<\/p>\n","protected":false},"author":1,"featured_media":0,"parent":249,"menu_order":0,"comment_status":"closed","ping_status":"closed","template":"fullpage.php","meta":[],"_links":{"self":[{"href":"https:\/\/www.infraestruturameioambiente.sp.gov.br\/pgibt\/wp-json\/wp\/v2\/pages\/415"}],"collection":[{"href":"https:\/\/www.infraestruturameioambiente.sp.gov.br\/pgibt\/wp-json\/wp\/v2\/pages"}],"about":[{"href":"https:\/\/www.infraestruturameioambiente.sp.gov.br\/pgibt\/wp-json\/wp\/v2\/types\/page"}],"author":[{"embeddable":true,"href":"https:\/\/www.infraestruturameioambiente.sp.gov.br\/pgibt\/wp-json\/wp\/v2\/users\/1"}],"replies":[{"embeddable":true,"href":"https:\/\/www.infraestruturameioambiente.sp.gov.br\/pgibt\/wp-json\/wp\/v2\/comments?post=415"}],"version-history":[{"count":0,"href":"https:\/\/www.infraestruturameioambiente.sp.gov.br\/pgibt\/wp-json\/wp\/v2\/pages\/415\/revisions"}],"up":[{"embeddable":true,"href":"https:\/\/www.infraestruturameioambiente.sp.gov.br\/pgibt\/wp-json\/wp\/v2\/pages\/249"}],"wp:attachment":[{"href":"https:\/\/www.infraestruturameioambiente.sp.gov.br\/pgibt\/wp-json\/wp\/v2\/media?parent=415"}],"curies":[{"name":"wp","href":"https:\/\/api.w.org\/{rel}","templated":true}]}}