{"id":413,"date":"2013-09-13T10:55:01","date_gmt":"2013-09-13T13:55:01","guid":{"rendered":"https:\/\/www.infraestruturameioambiente.sp.gov.br\/pgibt\/?page_id=413"},"modified":"2013-09-13T10:55:01","modified_gmt":"2013-09-13T13:55:01","slug":"2005-denilson-fernandes","status":"publish","type":"page","link":"https:\/\/www.infraestruturameioambiente.sp.gov.br\/pgibt\/dissertacoesteses\/2005-denilson-fernandes\/","title":{"rendered":"Denilson Fernandes Peralta MS"},"content":{"rendered":"<h2 style=\"text-align: center\"><a href=\"https:\/\/smastr16.blob.core.windows.net\/pgibt\/2015\/02\/faixapos6.jpg\"><img decoding=\"async\" loading=\"lazy\" class=\"aligncenter size-full wp-image-3777\" style=\"border: 0px\" alt=\"faixapos6\" src=\"https:\/\/smastr16.blob.core.windows.net\/pgibt\/2015\/02\/faixapos6.jpg\" width=\"950\" height=\"163\" srcset=\"https:\/\/smastr16.blob.core.windows.net\/pgibt\/2015\/02\/faixapos6.jpg 950w, https:\/\/smastr16.blob.core.windows.net\/pgibt\/2015\/02\/faixapos6-768x131.jpg 768w\" sizes=\"(max-width: 950px) 100vw, 950px\" \/><\/a><\/h2>\n<hr align=\"center\" noshade=\"noshade\" size=\"1\" width=\"100%\" \/>\n<h2 style=\"text-align: center\">Denilson Fernandes Peralta<\/h2>\n<hr align=\"center\" noshade=\"noshade\" size=\"1\" width=\"100%\" \/>\n<p style=\"text-align: center\">A disserta\u00e7\u00e3o de mestrado sobre&#8221;Musgos (<em>Bryophyta<\/em>) do Parque Estadual da Ilha Anchieta (PEIA), S\u00e3o Paulo, Brasil&#8221;,\u00a0do aluno do programa de P\u00f3s-Gradua\u00e7\u00e3o em Biodiversidade Vegetal e Meio Ambiente do Instituto de Bot\u00e2nica de S\u00e3o Paulo,<br \/>\nDenilson Fernandes Peralta, com orienta\u00e7\u00e3o da pesquisadora do instituto, Dra. Olga Yano,<br \/>\nfoi aprovada em 25 de fevereiro de 2005 sob a avalia\u00e7\u00e3o da banca composta pelos pesquisadores:<br \/>\nDra. Denise Pinheiro da Costa, Jardim Bot\u00e2nico do Rio de Janeiro, RJ;<br \/>\nDra. Silvia Maria B. Guimar\u00e3es, Se\u00e7\u00e3o de Ficologia-IBt\/SP e\u00a0Dra. Olga Yano, Se\u00e7\u00e3o de Briologia-IBt\/SP.<\/p>\n<hr align=\"center\" noshade=\"noshade\" size=\"1\" width=\"100%\" \/>\n<h3 style=\"text-align: center\"><strong>Musgos (BRYOPHYTA) do Parque Estadual da Ilha da Anchieta (PEIA), S\u00e3o Paulo, Brasil<\/strong><\/h3>\n<hr align=\"center\" noshade=\"noshade\" size=\"1\" width=\"100%\" \/>\n<h4 style=\"text-align: center\"><strong>RESUMO<\/strong><strong><br \/>\n<\/strong><\/h4>\n<p style=\"text-align: justify\">Os resultados foram apresentados na forma de disserta\u00e7\u00e3o:<\/p>\n<ul style=\"text-align: justify\">\n<li>As fam\u00edlias que apresentaram maior riqueza foram <em>Pilotrichaceae<\/em> (8 gen., 12 sp.), <em>Fissidentaceae<\/em> (1 gen., 11sp., 2 f.), <em>Dicranaceae<\/em> (5 gen., 11 sp., 1 var.), <em>Sematophyllaceae<\/em> (5 gen., 11 sp.), <em>Calymperaceae<\/em> (2 gen., 10 sp.) e 14 fam\u00edlias apresentaram apenas um t\u00e1xon.<\/li>\n<li>A grande maioria dos t\u00e1xons encontrados apresenta distribui\u00e7\u00e3o geogr\u00e1fica ampla. Dos t\u00e1xons encontrados tr\u00eas s\u00e3o novas ocorr\u00eancias para o Brasil: <em>Lepidopilidium portoricense (C. M\u00fcll.<\/em>) <em>Crum &amp; Steere, Macromitrium contextum Hampe<\/em> e <em>Rhynchostegium riparioides (Hedw.) Card<\/em>.; e 22 s\u00e3o novas ocorr\u00eancias para o estado de S\u00e3o Paulo: <em>Brachymenium exile (Dozy &amp; Molk.) Bosch &amp; Lac., Calymperes erosum C. M\u00fcll., Campylopus flexuosus (Hedw.) Brid., Entodontopsis nitens (Mitt.) Buck &amp; Irel., Groutiella tumidula (Mitt.) Vitt, Homaliodendron piniforme (Brid.) Enroth, Hookeriopsis heterophyla Sehnem, Lepidopilum pringlei Card., L. scabrisetum (Schw\u00e4gr.) Steere, L. surinamense C. M\u00fcll., Macrocoma frigidum (C. M\u00fcll.) Vitt, Philonotis elongata (Dism.) Crum &amp; Steere, P. hastata (Duby) Wijk &amp; Marg., Plagiothecium lucidum (Hook. f. &amp; Wils.) Par., Rhacopilopsis trinitensis (C. M\u00fcll.) Britt. &amp; Dix., Sematophyllum adnatum (Michaux) Britt., S. cuspidiferum Mitt., Squamidium nigricans (Hook.) Broth<\/em>. e <em>Thuidium tomentosum Besch<\/em>.<\/li>\n<li>A compara\u00e7\u00e3o flor\u00edstica entre os trabalhos insulares brasileiros mostra que a Ilha Anchieta (129 t\u00e1xons) juntamente com a Ilha Grande (119 t\u00e1xons) e Maraj\u00f3 (63 t\u00e1xons) apresentaram maior riqueza de esp\u00e9cies.<\/li>\n<li>A distribui\u00e7\u00e3o dos t\u00e1xons dentro das forma\u00e7\u00f5es vegetais existentes na Ilha Anchieta apresentou predomin\u00e2ncia na Floresta Atl\u00e2ntica e Restinga e maior ocorr\u00eancia como rup\u00edcola e cortic\u00edcola. Os t\u00e1xons <em>pleuroc\u00e1rpicos<\/em> foram predominantes em rela\u00e7\u00e3o aos <em>acroc\u00e1picos<\/em>.<\/li>\n<\/ul>\n<p><a href=\"https:\/\/smastr16.blob.core.windows.net\/pgibt\/2013\/09\/denilson.jpg\"><img decoding=\"async\" loading=\"lazy\" class=\"size-full wp-image-414 aligncenter\" alt=\"Denilson\" src=\"https:\/\/smastr16.blob.core.windows.net\/pgibt\/2013\/09\/denilson.jpg\" width=\"240\" height=\"623\" srcset=\"https:\/\/smastr16.blob.core.windows.net\/pgibt\/2013\/09\/denilson.jpg 240w, https:\/\/smastr16.blob.core.windows.net\/pgibt\/2013\/09\/denilson-768x1993.jpg 768w\" sizes=\"(max-width: 240px) 100vw, 240px\" \/><\/a><\/p>\n<hr align=\"center\" noshade=\"noshade\" size=\"1\" width=\"100%\" \/>\n<p style=\"text-align: center\"><a href=\"https:\/\/smastr16.blob.core.windows.net\/pgibt\/2013\/09\/pdf_grande.gif\"><img decoding=\"async\" loading=\"lazy\" class=\"aligncenter size-full wp-image-2313\" style=\"border: 0px\" alt=\"pdf_grande\" src=\"https:\/\/smastr16.blob.core.windows.net\/pgibt\/2013\/09\/pdf_grande.gif\" width=\"60\" height=\"60\" \/><\/a><\/p>\n<p style=\"text-align: center\"><a href=\"https:\/\/smastr16.blob.core.windows.net\/pgibt\/2013\/09\/Denilson_Fernandes_Peralta_MS.pdf\" target=\"_blank\"> Denilson Fernades Peralta<br \/>\nMusgos (BRYOPHYTA) do Parque Estadual da Ilha da Anchieta (PEIA), S\u00e3o Paulo, Brasil<\/a><\/p>\n<hr align=\"center\" noshade=\"noshade\" size=\"1\" width=\"100%\" \/>\n<p style=\"text-align: center\"><strong>\u00a0<a href=\"https:\/\/www.infraestruturameioambiente.sp.gov.br\/pgibt\/dissertacoesteses\/\">VOLTAR AS DISSERTA\u00c7\u00d5ES E TESES<\/a><\/strong><\/p>\n<hr align=\"center\" noshade=\"noshade\" size=\"1\" width=\"100%\" \/>\n","protected":false},"excerpt":{"rendered":"<p>Denilson Fernandes Peralta A disserta\u00e7\u00e3o de mestrado sobre&#8221;Musgos (Bryophyta) do Parque Estadual da Ilha Anchieta (PEIA), S\u00e3o Paulo, Brasil&#8221;,\u00a0do aluno do programa de P\u00f3s-Gradua\u00e7\u00e3o em Biodiversidade Vegetal e Meio Ambiente do Instituto de Bot\u00e2nica de S\u00e3o Paulo, Denilson Fernandes Peralta, com orienta\u00e7\u00e3o da pesquisadora do instituto, Dra. Olga Yano, foi aprovada em 25 de fevereiro [&hellip;]<\/p>\n","protected":false},"author":1,"featured_media":0,"parent":249,"menu_order":0,"comment_status":"closed","ping_status":"open","template":"fullpage.php","meta":[],"_links":{"self":[{"href":"https:\/\/www.infraestruturameioambiente.sp.gov.br\/pgibt\/wp-json\/wp\/v2\/pages\/413"}],"collection":[{"href":"https:\/\/www.infraestruturameioambiente.sp.gov.br\/pgibt\/wp-json\/wp\/v2\/pages"}],"about":[{"href":"https:\/\/www.infraestruturameioambiente.sp.gov.br\/pgibt\/wp-json\/wp\/v2\/types\/page"}],"author":[{"embeddable":true,"href":"https:\/\/www.infraestruturameioambiente.sp.gov.br\/pgibt\/wp-json\/wp\/v2\/users\/1"}],"replies":[{"embeddable":true,"href":"https:\/\/www.infraestruturameioambiente.sp.gov.br\/pgibt\/wp-json\/wp\/v2\/comments?post=413"}],"version-history":[{"count":0,"href":"https:\/\/www.infraestruturameioambiente.sp.gov.br\/pgibt\/wp-json\/wp\/v2\/pages\/413\/revisions"}],"up":[{"embeddable":true,"href":"https:\/\/www.infraestruturameioambiente.sp.gov.br\/pgibt\/wp-json\/wp\/v2\/pages\/249"}],"wp:attachment":[{"href":"https:\/\/www.infraestruturameioambiente.sp.gov.br\/pgibt\/wp-json\/wp\/v2\/media?parent=413"}],"curies":[{"name":"wp","href":"https:\/\/api.w.org\/{rel}","templated":true}]}}