{"id":4123,"date":"2015-02-03T11:21:05","date_gmt":"2015-02-03T13:21:05","guid":{"rendered":"https:\/\/www.infraestruturameioambiente.sp.gov.br\/pgibt\/?page_id=4123"},"modified":"2015-02-03T11:21:05","modified_gmt":"2015-02-03T13:21:05","slug":"2013-sabrina-vanessa-de-andrade","status":"publish","type":"page","link":"https:\/\/www.infraestruturameioambiente.sp.gov.br\/pgibt\/dissertacoesteses\/2013-sabrina-vanessa-de-andrade\/","title":{"rendered":"Sabrina Vanessa de Andrade MS"},"content":{"rendered":"<h2 style=\"text-align: center\"><a href=\"https:\/\/smastr16.blob.core.windows.net\/pgibt\/2015\/02\/faixapos6.jpg\"><img decoding=\"async\" loading=\"lazy\" class=\"aligncenter size-full wp-image-3777\" style=\"border: 0px\" alt=\"faixapos6\" src=\"https:\/\/smastr16.blob.core.windows.net\/pgibt\/2015\/02\/faixapos6.jpg\" width=\"950\" height=\"163\" srcset=\"https:\/\/smastr16.blob.core.windows.net\/pgibt\/2015\/02\/faixapos6.jpg 950w, https:\/\/smastr16.blob.core.windows.net\/pgibt\/2015\/02\/faixapos6-768x131.jpg 768w\" sizes=\"(max-width: 950px) 100vw, 950px\" \/><\/a><\/h2>\n<hr align=\"center\" noshade=\"noshade\" size=\"1\" width=\"100%\" \/>\n<h2 style=\"text-align: center\">Sabrina Vanessa de Andrade<\/h2>\n<hr align=\"center\" noshade=\"noshade\" size=\"1\" width=\"100%\" \/>\n<p style=\"text-align: center\">Sabrina Vanessa de Andrade, aluna de p\u00f3s-gradua\u00e7\u00e3o em Biodiversidade Vegetal e Meio Ambiente, do Instituto de Bot\u00e2nica de S\u00e3o Paulo (IBt),<br \/>\ndefendeu no dia 20 \u00a0de setembro \u00a0de 2013 sua disserta\u00e7\u00e3o de Mestrado intitulada:<br \/>\n&#8220;Crescimento<em>\u00a0in vitro<\/em>\u00a0da brom\u00e9lia amea\u00e7ada de extin\u00e7\u00e3o\u00a0Nidularium minutum\u00a0Mez<br \/>\nem diferentes concentra\u00e7\u00f5es de nitrog\u00eanio, f\u00f3sforo, pot\u00e1ssio e c\u00e1lcio&#8221;.<\/p>\n<p style=\"text-align: center\"><a href=\"https:\/\/smastr16.blob.core.windows.net\/pgibt\/2015\/02\/Sabrina_Vanessa.jpg\"><img decoding=\"async\" loading=\"lazy\" class=\"aligncenter  wp-image-4130\" alt=\"Sabrina_Vanessa\" src=\"https:\/\/smastr16.blob.core.windows.net\/pgibt\/2015\/02\/Sabrina_Vanessa.jpg\" width=\"524\" height=\"384\" \/><\/a><\/p>\n<hr align=\"center\" noshade=\"noshade\" size=\"1\" width=\"100%\" \/>\n<h3 style=\"text-align: center\">Crescimento <em>in vitro<\/em> da brom\u00e9lia amea\u00e7ada de extin\u00e7\u00e3o <em>Nidularium minutum <\/em>Mez<br \/>\nem diferentes concentra\u00e7\u00f5es de nitrog\u00eanio, f\u00f3sforo, pot\u00e1ssio e c\u00e1lcio<\/h3>\n<hr align=\"center\" noshade=\"noshade\" size=\"1\" width=\"100%\" \/>\n<h4 style=\"text-align: center\"><strong>RESUMO<\/strong><\/h4>\n<p style=\"text-align: justify\">As brom\u00e9lias s\u00e3o de grande import\u00e2ncia ecol\u00f3gica e possuem um alto valor comercial. Devido \u00e0s infloresc\u00eancias vistosas e por serem de f\u00e1cil adapta\u00e7\u00e3o, s\u00e3o muito utilizadas no paisagismo. O interesse comercial associado ao desmatamento coloca algumas esp\u00e9cies em risco de extin\u00e7\u00e3o, como \u00e9 o caso da brom\u00e9lia ornamental de h\u00e1bito terr\u00edcola Nidularium minutum Mez, planta end\u00eamica da Mata Atl\u00e2ntica localizada na regi\u00e3o de Paranapiacaba\/ SP. Uma forma de se preservar \u00e9 com o uso do cultivo <i>in vitro, <\/i>ferramenta que possibilita o crescimento de grande quantidade de plantas em um curto per\u00edodo de tempo, al\u00e9m de favorecer os estudos nutricionais.<i> <\/i>O presente trabalho teve como objetivo estudar o crescimento de plantas de <em>N. minutum<\/em> cultivadas <i>in vitro, <\/i>em diferentes concentra\u00e7\u00f5es de nitrog\u00eanio, f\u00f3sforo, pot\u00e1ssio e c\u00e1lcio, visando \u00e0 elabora\u00e7\u00e3o de um meio ideal para o crescimento desta planta. Neste estudo, pl\u00e2ntulas germinadas em meio de cultura contendo \u00e1gua, sacarose e \u00e1gar, foram transferidas para frascos de 250 mL, contendo 40 mL de meio Murashige &amp; Skoog (MS) modificado com diferentes concentra\u00e7\u00f5es de nitrog\u00eanio (0, 3,75, 7,50, 15,00, 30,00, 60,00, 120,00 e 175,00 mM), f\u00f3sforo (0, 0,30, 0,60, 1,25, 2,50, 5,00 e 10,00 mM), pot\u00e1ssio (0, 1,88, 2,50, 5,00, 10,00, 20,00 e 40,00 mM) ou c\u00e1lcio (0, 0,75, 1,50, 3,00, 4,50 e 6,00). As concentra\u00e7\u00f5es de micronutrientes, tiamina, mioinositol e sacarose permaneceram as mesmas do MS completo. As plantas permaneceram em sala de cultura com fotoper\u00edodo de 12 horas, radia\u00e7\u00e3o fotossinteticamente ativa de 30 \u00b5mol.m<sup>-2<\/sup>.s<sup>-1 <\/sup>e a temperatura de 26\u00b12 \u00b0C durante 180 dias. Os par\u00e2metros analisados foram n\u00famero de folhas, comprimentos dos eixos caulinares e radiculares, teores de massas fresca e seca das partes a\u00e9rea e radicular, al\u00e9m da quantidade de pigmentos fotossint\u00e9ticos (clorofila a, b e carotenoides).<i> <\/i>Os resultados foram favor\u00e1veis ao crescimento das plantas nos tratamentos contendo 60 mM de N, 0,60 e 1,25 mM de P, 10 mM de K e 1,5 mM de Ca e a partir desses resultados foi poss\u00edvel elaborar dois meio de cultura denominados T1 e T2. O crescimento das plantas mantidas nestes tratamentos foi comparado ao meio MS completo e algumas dilui\u00e7\u00f5es dos macronutrientes (1\/2, 1\/5, 1\/10 e 1\/20). Os resultados mostraram que as altera\u00e7\u00f5es no meio MS favorecem o crescimento das plantas de <em>N. minutum.<\/em><\/p>\n<p style=\"text-align: justify\"><strong>Palavras-chave:<\/strong> Bromeliaceae, propaga\u00e7\u00e3o <i>in vitro<\/i>, nutri\u00e7\u00e3o mineral, conserva\u00e7\u00e3o<\/p>\n<hr align=\"center\" noshade=\"noshade\" size=\"1\" width=\"100%\" \/>\n<p style=\"text-align: center\"><a href=\"https:\/\/smastr16.blob.core.windows.net\/pgibt\/2013\/09\/pdf_grande.gif\"><img decoding=\"async\" loading=\"lazy\" class=\"aligncenter size-full wp-image-2313\" style=\"border: 0px\" alt=\"pdf_grande\" src=\"https:\/\/smastr16.blob.core.windows.net\/pgibt\/2013\/09\/pdf_grande.gif\" width=\"60\" height=\"60\" \/><\/a><a href=\"https:\/\/smastr16.blob.core.windows.net\/pgibt\/2015\/02\/Sabrina_Vanessa_de_Andrade_MS.pdf\" target=\"_blank\">Sabrina Vanessa de Andrade<br \/>\nCrescimento<em>\u00a0in vitro<\/em>\u00a0da brom\u00e9lia amea\u00e7ada de extin\u00e7\u00e3o\u00a0<em>Nidularium minutum\u00a0<\/em>Mez<br \/>\nem diferentes concentra\u00e7\u00f5es de nitrog\u00eanio, f\u00f3sforo, pot\u00e1ssio e c\u00e1lcio<\/a><\/p>\n<hr align=\"center\" noshade=\"noshade\" size=\"1\" width=\"100%\" \/>\n<p style=\"text-align: center\"><strong>\u00a0<a href=\"https:\/\/www.infraestruturameioambiente.sp.gov.br\/pgibt\/dissertacoesteses\/\">VOLTAR AS DISSERTA\u00c7\u00d5ES E TESES<\/a><\/strong><\/p>\n<hr align=\"center\" noshade=\"noshade\" size=\"1\" width=\"100%\" \/>\n","protected":false},"excerpt":{"rendered":"<p>Sabrina Vanessa de Andrade Sabrina Vanessa de Andrade, aluna de p\u00f3s-gradua\u00e7\u00e3o em Biodiversidade Vegetal e Meio Ambiente, do Instituto de Bot\u00e2nica de S\u00e3o Paulo (IBt), defendeu no dia 20 \u00a0de setembro \u00a0de 2013 sua disserta\u00e7\u00e3o de Mestrado intitulada: &#8220;Crescimento\u00a0in vitro\u00a0da brom\u00e9lia amea\u00e7ada de extin\u00e7\u00e3o\u00a0Nidularium minutum\u00a0Mez em diferentes concentra\u00e7\u00f5es de nitrog\u00eanio, f\u00f3sforo, pot\u00e1ssio e c\u00e1lcio&#8221;. Crescimento [&hellip;]<\/p>\n","protected":false},"author":1,"featured_media":0,"parent":249,"menu_order":0,"comment_status":"closed","ping_status":"open","template":"fullpage.php","meta":[],"_links":{"self":[{"href":"https:\/\/www.infraestruturameioambiente.sp.gov.br\/pgibt\/wp-json\/wp\/v2\/pages\/4123"}],"collection":[{"href":"https:\/\/www.infraestruturameioambiente.sp.gov.br\/pgibt\/wp-json\/wp\/v2\/pages"}],"about":[{"href":"https:\/\/www.infraestruturameioambiente.sp.gov.br\/pgibt\/wp-json\/wp\/v2\/types\/page"}],"author":[{"embeddable":true,"href":"https:\/\/www.infraestruturameioambiente.sp.gov.br\/pgibt\/wp-json\/wp\/v2\/users\/1"}],"replies":[{"embeddable":true,"href":"https:\/\/www.infraestruturameioambiente.sp.gov.br\/pgibt\/wp-json\/wp\/v2\/comments?post=4123"}],"version-history":[{"count":0,"href":"https:\/\/www.infraestruturameioambiente.sp.gov.br\/pgibt\/wp-json\/wp\/v2\/pages\/4123\/revisions"}],"up":[{"embeddable":true,"href":"https:\/\/www.infraestruturameioambiente.sp.gov.br\/pgibt\/wp-json\/wp\/v2\/pages\/249"}],"wp:attachment":[{"href":"https:\/\/www.infraestruturameioambiente.sp.gov.br\/pgibt\/wp-json\/wp\/v2\/media?parent=4123"}],"curies":[{"name":"wp","href":"https:\/\/api.w.org\/{rel}","templated":true}]}}