{"id":4082,"date":"2015-02-03T09:38:02","date_gmt":"2015-02-03T11:38:02","guid":{"rendered":"https:\/\/www.infraestruturameioambiente.sp.gov.br\/pgibt\/?page_id=4082"},"modified":"2015-02-03T09:38:02","modified_gmt":"2015-02-03T11:38:02","slug":"2014-luciano-zandona","status":"publish","type":"page","link":"https:\/\/www.infraestruturameioambiente.sp.gov.br\/pgibt\/dissertacoesteses\/2014-luciano-zandona\/","title":{"rendered":"Luciano Zandon\u00e1 MS"},"content":{"rendered":"<h2 style=\"text-align: center\"><a href=\"https:\/\/smastr16.blob.core.windows.net\/pgibt\/2015\/02\/faixapos6.jpg\"><img decoding=\"async\" loading=\"lazy\" class=\"aligncenter size-full wp-image-3777\" style=\"border: 0px\" alt=\"faixapos6\" src=\"https:\/\/smastr16.blob.core.windows.net\/pgibt\/2015\/02\/faixapos6.jpg\" width=\"950\" height=\"163\" srcset=\"https:\/\/smastr16.blob.core.windows.net\/pgibt\/2015\/02\/faixapos6.jpg 950w, https:\/\/smastr16.blob.core.windows.net\/pgibt\/2015\/02\/faixapos6-768x131.jpg 768w\" sizes=\"(max-width: 950px) 100vw, 950px\" \/><\/a><\/h2>\n<hr align=\"center\" noshade=\"noshade\" size=\"1\" width=\"100%\" \/>\n<h2 style=\"text-align: center\">Luciano Zandon\u00e1<\/h2>\n<hr align=\"center\" noshade=\"noshade\" size=\"1\" width=\"100%\" \/>\n<p style=\"text-align: center\">O Aluno Luciano Ramos Zandon\u00e1 orientando do Dr.Eduardo Luis Martins Catharino defendeu a disserta\u00e7\u00e3o intitulada <strong>Orchidaceae no Parque Estadual da Cantareira: flor\u00edstica e conserva\u00e7\u00e3o<\/strong><\/p>\n<p style=\"text-align: center\">no dia 25 de abril de 2014, tendo como componentes da banca, o Dr.Eduardo Catharino, Dr.F\u00e1bio de Barros e Dr.Frederico Arzolla.<\/p>\n<p style=\"text-align: center\"><a href=\"https:\/\/smastr16.blob.core.windows.net\/pgibt\/2015\/02\/Luciano_Zandona1.jpg\"><img decoding=\"async\" loading=\"lazy\" class=\"aligncenter  wp-image-4085\" alt=\"Luciano_Zandona1\" src=\"https:\/\/smastr16.blob.core.windows.net\/pgibt\/2015\/02\/Luciano_Zandona1.jpg\" width=\"518\" height=\"320\" \/><\/a><\/p>\n<hr align=\"center\" noshade=\"noshade\" size=\"1\" width=\"100%\" \/>\n<h3 style=\"text-align: center\"><b>Orchidaceae no Parque Estadual da Cantareira: flor\u00edstica e conserva\u00e7\u00e3o<\/b><\/h3>\n<hr align=\"center\" noshade=\"noshade\" size=\"1\" width=\"100%\" \/>\n<h4 style=\"text-align: center\"><strong>RESUMO<\/strong><\/h4>\n<p style=\"text-align: justify\">O Parque Estadual da Cantareira, com 7.916 hectares, abriga remanescentes da Mata Atl\u00e2ntica, protegendo uma das maiores florestas urbanas do mundo, declaradas parte da Reserva da Biosfera do Cintur\u00e3o Verde de S\u00e3o Paulo. \u00c9 de conhecimento comum que a fam\u00edlia Orchidaceae tem grande apelo ornamental e econ\u00f4mico, aspecto importante para a sensibiliza\u00e7\u00e3o de todos sobre a responsabilidade em conservar nossas esp\u00e9cies nativas e seus habitats. O presente trabalho visou, sobretudo, o levantamento da fam\u00edlia Orchidaceae no PEC, n\u00facleos Pedra Grande, \u00c1guas Claras, Cabu\u00e7\u00fa, Engordador e trilha do Pinheirinho. Para tal, as coletas foram semanais, utilizando o m\u00e9todo da caminhada, sendo percorridas trilhas de visita\u00e7\u00e3o e servi\u00e7o e tamb\u00e9m caminhadas aleat\u00f3rias tendo como base o mapa de fitofisionomias do PEC. Durante os percursos efetuou-se a coleta de plantas para identifica\u00e7\u00e3o e herboriza\u00e7\u00e3o, tendo como base o resgate de plantas em \u00e1rvores e galhos ca\u00eddos e tamb\u00e9m documenta\u00e7\u00e3o fotogr\u00e1fica, todo percurso foi georeferenciado com uso do GPS. As plantas resgatadas, foram inclu\u00eddas nas cole\u00e7\u00f5es vivas do IBt-Orquid\u00e1rio Frederico Carlos Hoehne, e PEC para acompanhamento da flora\u00e7\u00e3o, herboriza\u00e7\u00e3o, documenta\u00e7\u00e3o fotogr\u00e1fica e identifica\u00e7\u00e3o. As demais plantas resgatadas foram realocadas no habitat, e junto ao centro de visitantes no PEC, e s\u00e3o utilizadas em atividades educativas. At\u00e9 o momento levantaram-se 148 esp\u00e9cies, pertencentes a 62 g\u00eaneros, dentre elas 10 esp\u00e9cies presentes em listas vermelhas, e outras dificilmente encontradas o que coloca o PEC como detentor de maior riqueza de Orchidaceae da regi\u00e3o metropolitana de S\u00e3o Paulo em compara\u00e7\u00e3o com outros levantamentos. Das 148 esp\u00e9cies registradas, 105 foram resgatadas em \u00e1rvores e galhos ca\u00eddos, totalizando 3120 indiv\u00edduos, dos quais 450 foram inclu\u00eddos em cole\u00e7\u00f5es cient\u00edficas do IBt e PEC, e o restante realocado no habitat para observa\u00e7\u00f5es e estudos futuros. Atividades com visitantes do PEC indicam que a utiliza\u00e7\u00e3o de orqu\u00eddeas como tema para educa\u00e7\u00e3o \u00e9 bastante promissor, chamando-se a aten\u00e7\u00e3o \u00e0 necessidade de se conhecer e conservar essas magn\u00edficas esp\u00e9cies bandeira, integrantes da Floresta Pluvial Atl\u00e2ntica<\/p>\n<p style=\"text-align: justify\"><b>Palavras-chave<\/b>: Mata Atl\u00e2ntica, Educa\u00e7\u00e3o Ambiental, Biodiversidade.<\/p>\n<p style=\"text-align: center\"><a href=\"https:\/\/smastr16.blob.core.windows.net\/pgibt\/2015\/02\/Luciano_Zandona2.jpg\"><img decoding=\"async\" loading=\"lazy\" class=\"aligncenter  wp-image-4086\" alt=\"Luciano_Zandona2\" src=\"https:\/\/smastr16.blob.core.windows.net\/pgibt\/2015\/02\/Luciano_Zandona2.jpg\" width=\"504\" height=\"262\" \/><\/a><\/p>\n<hr align=\"center\" noshade=\"noshade\" size=\"1\" width=\"100%\" \/>\n<p style=\"text-align: center\"><a href=\"https:\/\/smastr16.blob.core.windows.net\/pgibt\/2013\/09\/pdf_grande.gif\"><img decoding=\"async\" loading=\"lazy\" class=\"aligncenter size-full wp-image-2313\" style=\"border: 0px\" alt=\"pdf_grande\" src=\"https:\/\/smastr16.blob.core.windows.net\/pgibt\/2013\/09\/pdf_grande.gif\" width=\"60\" height=\"60\" \/><\/a><a href=\"https:\/\/smastr16.blob.core.windows.net\/pgibt\/2015\/02\/Luciano_Zandona_MS.pdf\" target=\"_blank\">Luciano Zandon\u00e1<br \/>\nOrchidaceae no Parque Estadual da Cantareira: flor\u00edstica e conserva\u00e7\u00e3o<\/a><\/p>\n<hr align=\"center\" noshade=\"noshade\" size=\"1\" width=\"100%\" \/>\n<p style=\"text-align: center\"><strong>\u00a0<a href=\"https:\/\/www.infraestruturameioambiente.sp.gov.br\/pgibt\/dissertacoesteses\/\">VOLTAR AS DISSERTA\u00c7\u00d5ES E TESES<\/a><\/strong><\/p>\n<hr align=\"center\" noshade=\"noshade\" size=\"1\" width=\"100%\" \/>\n","protected":false},"excerpt":{"rendered":"<p>Luciano Zandon\u00e1 O Aluno Luciano Ramos Zandon\u00e1 orientando do Dr.Eduardo Luis Martins Catharino defendeu a disserta\u00e7\u00e3o intitulada Orchidaceae no Parque Estadual da Cantareira: flor\u00edstica e conserva\u00e7\u00e3o no dia 25 de abril de 2014, tendo como componentes da banca, o Dr.Eduardo Catharino, Dr.F\u00e1bio de Barros e Dr.Frederico Arzolla. Orchidaceae no Parque Estadual da Cantareira: flor\u00edstica e [&hellip;]<\/p>\n","protected":false},"author":1,"featured_media":0,"parent":249,"menu_order":0,"comment_status":"closed","ping_status":"open","template":"fullpage.php","meta":[],"_links":{"self":[{"href":"https:\/\/www.infraestruturameioambiente.sp.gov.br\/pgibt\/wp-json\/wp\/v2\/pages\/4082"}],"collection":[{"href":"https:\/\/www.infraestruturameioambiente.sp.gov.br\/pgibt\/wp-json\/wp\/v2\/pages"}],"about":[{"href":"https:\/\/www.infraestruturameioambiente.sp.gov.br\/pgibt\/wp-json\/wp\/v2\/types\/page"}],"author":[{"embeddable":true,"href":"https:\/\/www.infraestruturameioambiente.sp.gov.br\/pgibt\/wp-json\/wp\/v2\/users\/1"}],"replies":[{"embeddable":true,"href":"https:\/\/www.infraestruturameioambiente.sp.gov.br\/pgibt\/wp-json\/wp\/v2\/comments?post=4082"}],"version-history":[{"count":0,"href":"https:\/\/www.infraestruturameioambiente.sp.gov.br\/pgibt\/wp-json\/wp\/v2\/pages\/4082\/revisions"}],"up":[{"embeddable":true,"href":"https:\/\/www.infraestruturameioambiente.sp.gov.br\/pgibt\/wp-json\/wp\/v2\/pages\/249"}],"wp:attachment":[{"href":"https:\/\/www.infraestruturameioambiente.sp.gov.br\/pgibt\/wp-json\/wp\/v2\/media?parent=4082"}],"curies":[{"name":"wp","href":"https:\/\/api.w.org\/{rel}","templated":true}]}}