{"id":401,"date":"2013-09-13T10:38:35","date_gmt":"2013-09-13T13:38:35","guid":{"rendered":"https:\/\/www.infraestruturameioambiente.sp.gov.br\/pgibt\/?page_id=401"},"modified":"2013-09-13T10:38:35","modified_gmt":"2013-09-13T13:38:35","slug":"2013-barbara-baesso-moura","status":"publish","type":"page","link":"https:\/\/www.infraestruturameioambiente.sp.gov.br\/pgibt\/dissertacoesteses\/2013-barbara-baesso-moura\/","title":{"rendered":"B\u00e1rbara Ba\u00easso Moura DR"},"content":{"rendered":"<h2 style=\"text-align: center\"><a href=\"https:\/\/smastr16.blob.core.windows.net\/pgibt\/2015\/02\/faixapos6.jpg\"><img decoding=\"async\" loading=\"lazy\" class=\"aligncenter size-full wp-image-3777\" style=\"border: 0px\" alt=\"faixapos6\" src=\"https:\/\/smastr16.blob.core.windows.net\/pgibt\/2015\/02\/faixapos6.jpg\" width=\"950\" height=\"163\" srcset=\"https:\/\/smastr16.blob.core.windows.net\/pgibt\/2015\/02\/faixapos6.jpg 950w, https:\/\/smastr16.blob.core.windows.net\/pgibt\/2015\/02\/faixapos6-768x131.jpg 768w\" sizes=\"(max-width: 950px) 100vw, 950px\" \/><\/a><\/h2>\n<hr align=\"center\" noshade=\"noshade\" size=\"1\" width=\"100%\" \/>\n<h2 align=\"center\">B\u00e1rbara Ba\u00easso Moura<\/h2>\n<hr align=\"center\" noshade=\"noshade\" size=\"1\" width=\"100%\" \/>\n<p align=\"center\">Em 27 de fevereiro de 2013, no Instituto de Bot\u00e2nica de S\u00e3o Paulo (IBt), B\u00e1rbara Ba\u00easso Moura, aluna do programa de P\u00f3s-Gradua\u00e7\u00e3o em Biodiversidade Vegetal e Meio Ambiente do Instituto de Bot\u00e2nica, bolsista FAPESP, defendeu sua Tese de Doutorado intitulada<br \/>\n\u201cAn\u00e1lises estruturais e ultraestruturais em folhas de esp\u00e9cies nativas sob influ\u00eancia de poluentes a\u00e9reos\u201d.<\/p>\n<p style=\"text-align: center\">A banca examinadora foi presidida pela orientadora, Dra. Edenise Segala Alves, do N\u00facleo de Pesquisa em Anatomia Vegetal (IBt) e contou com a participa\u00e7\u00e3o da Dra. Luzimar Campos da Silva (UFV), do Dr. Diego de Marco (USP), da Dra Adriana Hissae Hayashi (IBt) e\u00a0da Dra. Marisa Domingos (IBt).<\/p>\n<p style=\"text-align: center\" align=\"center\">Os efeitos t\u00f3xicos das concentra\u00e7\u00f5es de oz\u00f4nio troposf\u00e9rico (O<sub>3<\/sub>) sobre a vegeta\u00e7\u00e3o natural s\u00e3o relatados principalmente para os ecossistemas do hemisf\u00e9rio norte que possuem clima mediterr\u00e2neo, temperado ou boreal. No hemisf\u00e9rio sul, em zonas de clima tropical, o impacto do O<sub>3<\/sub>sobre os ecossistemas naturais ainda \u00e9 desconhecido. O estudo teve como objetivo principal, investigar os efeitos oxidativos do O<sub>3<\/sub>\u00a0em tr\u00eas esp\u00e9cies arb\u00f3reas nativas (<em>Astronium graveolens<\/em>, Anacardiaceae,<em>\u00a0Piptadenia gonoacantha<\/em>, Fabaceae e\u00a0<em>Croton floribundus<\/em>, Euphorbiaceae). Utilizando condi\u00e7\u00f5es controladas, mudas das tr\u00eas esp\u00e9cies foram expostas a concentra\u00e7\u00f5es conhecidas de O<sub>3<\/sub>, para de induzir o sintoma vis\u00edvel especificamente causado pelo poluente e estabelecer marcadores microsc\u00f3picos indicativos do mesmo. Em campo, (fragmentos florestais presentes na Regi\u00e3o Metropolitana de Campinas), folhas das tr\u00eas esp\u00e9cies foram coletadas e os sintomas foram validados por meio dos marcadores estruturais diagnosticados por microscopia de luz e eletr\u00f4nica que foram estabelecidos sob a supervis\u00e3o do Dr Pierre Vollenwieder do Instituto Federal Su\u00ed\u00e7o de Pesquisa em Florestas, Neve e Paisagem (WSL, Sui\u00e7a). Al\u00e9m de verificar o impacto do O<sub>3<\/sub>\u00a0sobre as esp\u00e9cies, os resultados indicam que os m\u00e9todos e crit\u00e9rios utilizados em outras condi\u00e7\u00f5es clim\u00e1ticas s\u00e3o relevantes para os estudos em clima tropical e que a valida\u00e7\u00e3o por meio de marcadores estruturais possibilita a identifica\u00e7\u00e3o de esp\u00e9cies bioindicadoras de O<sub>3<\/sub>\u00a0em ecossistemas tropicais.<\/p>\n<hr align=\"center\" noshade=\"noshade\" size=\"1\" width=\"100%\" \/>\n<h3 style=\"text-align: center\"><strong>An\u00e1lises estruturais e ultraestruturais em folhas de esp\u00e9cies nativas sob influ\u00eancia de poluentes a\u00e9reos<\/strong><\/h3>\n<hr align=\"center\" noshade=\"noshade\" size=\"1\" width=\"100%\" \/>\n<h4 style=\"text-align: center\"><strong>RESUMO<\/strong><\/h4>\n<p align=\"justify\">Os efeitos de concentra\u00e7\u00f5es t\u00f3xicas de oz\u00f4nio troposf\u00e9rico (O<sub>3<\/sub>) sobre a vegeta\u00e7\u00e3o natural t\u00eam sido relatados, principalmente para os ecossistemas do hemisf\u00e9rio norte com clima mediterr\u00e2nico temperado ou boreal. No\u00a0hemisf\u00e9rio sul, em especial nosecossistemas tropicais, os efeitos do\u00a0O<sub>3<\/sub>\u00a0continuam pouco conhecidos, enquanto os n\u00edveis de polui\u00e7\u00e3o do ar est\u00e3o aumentando em consequ\u00eancia do crescimento das economias emergentes. A Regi\u00e3o Metropolitana de Campinas (RMC), em S\u00e3o Paulo, Brasil, experimenta altos n\u00edveis de\u00a0O<sub>3\u00a0<\/sub>troposf\u00e9rico que podem ser prejudiciais para a vegeta\u00e7\u00e3o local. O objetivo deste estudo foi investigar os efeitos das concentra\u00e7\u00f5es de O<sub>3<\/sub>\u00a0em tr\u00eas esp\u00e9cies de \u00e1rvores nativas:\u00a0<em>Astronium graveolens<\/em>, Anacardiaceae,\u00a0<em>Piptadenia gonoacantha<\/em>, Fabaceae e\u00a0<em>Croton floribundus<\/em>, Euphorbiaceae ocorrentes em fragmentos de floresta semidecidual, localizados na RMC. Experimentos controlados para induzir a forma\u00e7\u00e3o de sintomas visuais espec\u00edficos foram realizados, nos quais mudas foram expostas ao ar enriquecido com O<sub>3<\/sub>, em c\u00e2maras fechadas.\u00a0<em>A. graveolens<\/em>\u00a0e\u00a0<em>P. gonoachanta<\/em>\u00a0desenvolveram \u201cstippling\u201d e pontua\u00e7\u00f5es, respectivamente, como rea\u00e7\u00f5es espec\u00edficas quando expostas ao O<sub>3<\/sub>,<sub>\u00a0<\/sub>enquanto que\u00a0<em>C. floribundus<\/em>\u00a0n\u00e3o apresentou nenhuma rea\u00e7\u00e3o espec\u00edfica. Marcadores microsc\u00f3picos validaram os sintomas encontrados em amostras coletadas nos fragmentos florestais da RMC. Assim como no hemisf\u00e9rio norte, a vegeta\u00e7\u00e3o de ambientes tropicais do sudeste do Brasil tamb\u00e9m esta sendo afetada por concentra\u00e7\u00f5es t\u00f3xicas de O<sub>3<\/sub>, que contribuem para a degrada\u00e7\u00e3o destes poucos fragmentos florestais que possuem alta biodiversidade.<\/p>\n<p align=\"justify\"><strong>Palavras-chave:<\/strong>\u00a0Oz\u00f4nio, sintomas vis\u00edveis, marcadores estruturais, valida\u00e7\u00e3o.<\/p>\n<h2 align=\"center\"><\/h2>\n<div id=\"attachment_403\" style=\"width: 435px\" class=\"wp-caption aligncenter\"><a href=\"https:\/\/smastr16.blob.core.windows.net\/pgibt\/2013\/09\/barbara.jpg\"><img aria-describedby=\"caption-attachment-403\" decoding=\"async\" loading=\"lazy\" class=\"size-full wp-image-403\" alt=\"B\u00e1rbara Ba\u00easso Moura\" src=\"https:\/\/smastr16.blob.core.windows.net\/pgibt\/2013\/09\/barbara.jpg\" width=\"425\" height=\"319\" srcset=\"https:\/\/smastr16.blob.core.windows.net\/pgibt\/2013\/09\/barbara.jpg 425w, https:\/\/smastr16.blob.core.windows.net\/pgibt\/2013\/09\/barbara-768x576.jpg 768w\" sizes=\"(max-width: 425px) 100vw, 425px\" \/><\/a><p id=\"caption-attachment-403\" class=\"wp-caption-text\">B\u00e1rbara Ba\u00easso Moura<\/p><\/div>\n<hr align=\"center\" noshade=\"noshade\" size=\"1\" width=\"100%\" \/>\n<p><a href=\"https:\/\/smastr16.blob.core.windows.net\/pgibt\/2013\/09\/pdf_grande.gif\"><img decoding=\"async\" loading=\"lazy\" class=\"aligncenter size-full wp-image-2313\" style=\"border: 0px\" alt=\"pdf_grande\" src=\"https:\/\/smastr16.blob.core.windows.net\/pgibt\/2013\/09\/pdf_grande.gif\" width=\"60\" height=\"60\" \/><\/a><\/p>\n<p style=\"text-align: center\"><a href=\"https:\/\/smastr16.blob.core.windows.net\/pgibt\/2013\/09\/Barbara_Baesso_Moura_DR.pdf\" target=\"_blank\">B\u00e1rbara Ba\u00easso Moura<br \/>\nAn\u00e1lises estruturais e ultraestruturais em folhas de esp\u00e9cies nativas sob influ\u00eancia de poluentes a\u00e9reos<\/a><\/p>\n<hr align=\"center\" noshade=\"noshade\" size=\"1\" width=\"100%\" \/>\n<p style=\"text-align: center\"><strong>\u00a0<a href=\"https:\/\/www.infraestruturameioambiente.sp.gov.br\/pgibt\/dissertacoesteses\/\">VOLTAR AS DISSERTA\u00c7\u00d5ES E TESES<\/a><\/strong><\/p>\n<hr align=\"center\" noshade=\"noshade\" size=\"1\" width=\"100%\" \/>\n<h1 style=\"text-align: center\"><\/h1>\n","protected":false},"excerpt":{"rendered":"<p>B\u00e1rbara Ba\u00easso Moura Em 27 de fevereiro de 2013, no Instituto de Bot\u00e2nica de S\u00e3o Paulo (IBt), B\u00e1rbara Ba\u00easso Moura, aluna do programa de P\u00f3s-Gradua\u00e7\u00e3o em Biodiversidade Vegetal e Meio Ambiente do Instituto de Bot\u00e2nica, bolsista FAPESP, defendeu sua Tese de Doutorado intitulada \u201cAn\u00e1lises estruturais e ultraestruturais em folhas de esp\u00e9cies nativas sob influ\u00eancia de [&hellip;]<\/p>\n","protected":false},"author":1,"featured_media":0,"parent":249,"menu_order":0,"comment_status":"closed","ping_status":"closed","template":"fullpage.php","meta":[],"_links":{"self":[{"href":"https:\/\/www.infraestruturameioambiente.sp.gov.br\/pgibt\/wp-json\/wp\/v2\/pages\/401"}],"collection":[{"href":"https:\/\/www.infraestruturameioambiente.sp.gov.br\/pgibt\/wp-json\/wp\/v2\/pages"}],"about":[{"href":"https:\/\/www.infraestruturameioambiente.sp.gov.br\/pgibt\/wp-json\/wp\/v2\/types\/page"}],"author":[{"embeddable":true,"href":"https:\/\/www.infraestruturameioambiente.sp.gov.br\/pgibt\/wp-json\/wp\/v2\/users\/1"}],"replies":[{"embeddable":true,"href":"https:\/\/www.infraestruturameioambiente.sp.gov.br\/pgibt\/wp-json\/wp\/v2\/comments?post=401"}],"version-history":[{"count":0,"href":"https:\/\/www.infraestruturameioambiente.sp.gov.br\/pgibt\/wp-json\/wp\/v2\/pages\/401\/revisions"}],"up":[{"embeddable":true,"href":"https:\/\/www.infraestruturameioambiente.sp.gov.br\/pgibt\/wp-json\/wp\/v2\/pages\/249"}],"wp:attachment":[{"href":"https:\/\/www.infraestruturameioambiente.sp.gov.br\/pgibt\/wp-json\/wp\/v2\/media?parent=401"}],"curies":[{"name":"wp","href":"https:\/\/api.w.org\/{rel}","templated":true}]}}